{"id":15343,"date":"2024-04-10T09:51:00","date_gmt":"2024-04-10T07:51:00","guid":{"rendered":"https:\/\/geobionatura.com\/producto\/car-rayex\/"},"modified":"2024-08-22T08:31:15","modified_gmt":"2024-08-22T06:31:15","slug":"car-rayex","status":"publish","type":"product","link":"https:\/\/geobionatura.com\/pt-pt\/producto\/car-rayex\/","title":{"rendered":"Car-Rayex"},"content":{"rendered":"<ul>\n<li>O Car-Rayex \u00e9 um equipamento de prote\u00e7\u00e3o port\u00e1til contra a polui\u00e7\u00e3o eletromagn\u00e9tica ideal para o uso no seu carro. Quando nos deslocamos no carro estamos expostos \u00e0s fontes de polui\u00e7\u00e3o externa como as antenas das redes UMTS\/3G\/4G ou LTE, \u00e0s linhas de m\u00e9dia e alta tens\u00e3o assim como as pr\u00f3prias do interior do carro como o Bluetooth. O Car-Rayex combina a prote\u00e7\u00e3o contra baixas frequ\u00eancias as altas frequ\u00eancias e o Bluetooth. Com um di\u00e2metro de a\u00e7\u00e3o 2 metros coloque-o no porta-luvas, sob os assentos ou prenda-o no para-sol do motorista ou do passageiro. Tamanho do equipamento 238 x 43 x 12 mm, peso 228 g. Cont\u00e9m 6 antenas dipolo que emitem 6 frequ\u00eancias harmonizadoras que cobrem:<\/li>\n<\/ul>\n<p>&nbsp;<\/p>\n<ul>\n<li>1 frequ\u00eancia para a polui\u00e7\u00e3o eletromagn\u00e9tica de baixa frequ\u00eancia +<\/li>\n<li>3 frequ\u00eancias para polui\u00e7\u00e3o eletromagn\u00e9tica de alta frequ\u00eancia +<\/li>\n<li>1 frequ\u00eancia contra o efeito do Bluetooth +<\/li>\n<li>1 frequ\u00eancia para estimular a vitalidade celular<\/li>\n<\/ul>\n","protected":false},"excerpt":{"rendered":"<p>Prote\u00e7\u00e3o de bolso para o seu carro<\/p>\n","protected":false},"featured_media":16603,"template":"","meta":{"_acf_changed":false,"_joinchat":[]},"product_brand":[],"product_cat":[262],"product_tag":[282,340,346,349],"class_list":{"0":"post-15343","1":"product","2":"type-product","3":"status-publish","4":"has-post-thumbnail","6":"product_cat-equipamentos-protecao","7":"product_tag-biorressonancia","8":"product_tag-equipamentos-de-protecao","9":"product_tag-poluicao-eletromagnetica","10":"product_tag-rayex-pt-pt","12":"first","13":"instock","14":"taxable","15":"shipping-taxable","16":"purchasable","17":"product-type-simple"},"acf":[],"yoast_head":"<!-- This site is optimized with the Yoast SEO plugin v27.3 - https:\/\/yoast.com\/product\/yoast-seo-wordpress\/ -->\n<title>Equipamentos prote\u00e7\u00e3o eletromagn\u00e9tica | Car-Rayex | Geobionatura<\/title>\n<meta name=\"description\" content=\"Prote\u00e7\u00e3o port\u00e1til contra a polui\u00e7\u00e3o eletromagn\u00e9tica especial para o carro: baixa frequ\u00eancia + telefonia m\u00f3vel + Bluetooth + vitalidade. Cuide da sua sa\u00fade!\" \/>\n<meta name=\"robots\" content=\"index, follow, max-snippet:-1, max-image-preview:large, max-video-preview:-1\" \/>\n<link rel=\"canonical\" href=\"https:\/\/geobionatura.com\/pt-pt\/producto\/car-rayex\/\" \/>\n<meta property=\"og:locale\" content=\"pt_PT\" \/>\n<meta property=\"og:type\" content=\"article\" \/>\n<meta property=\"og:title\" content=\"Equipamentos prote\u00e7\u00e3o eletromagn\u00e9tica | Car-Rayex | Geobionatura\" \/>\n<meta property=\"og:description\" content=\"Prote\u00e7\u00e3o port\u00e1til contra a polui\u00e7\u00e3o eletromagn\u00e9tica especial para o carro: baixa frequ\u00eancia + telefonia m\u00f3vel + Bluetooth + vitalidade. Cuide da sua sa\u00fade!\" \/>\n<meta property=\"og:url\" content=\"https:\/\/geobionatura.com\/pt-pt\/producto\/car-rayex\/\" \/>\n<meta property=\"og:site_name\" content=\"Geobionatura\" \/>\n<meta property=\"article:publisher\" content=\"https:\/\/www.facebook.com\/Geobionatura\/\" \/>\n<meta property=\"article:modified_time\" content=\"2024-08-22T06:31:15+00:00\" \/>\n<meta property=\"og:image\" content=\"https:\/\/geobionatura.com\/wp-content\/uploads\/2024\/03\/8-Car-Rayex-0-1-2-1024x549.jpg\" \/>\n\t<meta property=\"og:image:width\" content=\"1024\" \/>\n\t<meta property=\"og:image:height\" content=\"549\" \/>\n\t<meta property=\"og:image:type\" content=\"image\/jpeg\" \/>\n<meta name=\"twitter:card\" content=\"summary_large_image\" \/>\n<meta name=\"twitter:label1\" content=\"Tempo estimado de leitura\" \/>\n\t<meta name=\"twitter:data1\" content=\"1 minuto\" \/>\n<script type=\"application\/ld+json\" class=\"yoast-schema-graph\">{\"@context\":\"https:\\\/\\\/schema.org\",\"@graph\":[{\"@type\":\"WebPage\",\"@id\":\"https:\\\/\\\/geobionatura.com\\\/pt-pt\\\/producto\\\/car-rayex\\\/\",\"url\":\"https:\\\/\\\/geobionatura.com\\\/pt-pt\\\/producto\\\/car-rayex\\\/\",\"name\":\"Equipamentos prote\u00e7\u00e3o eletromagn\u00e9tica | Car-Rayex | Geobionatura\",\"isPartOf\":{\"@id\":\"https:\\\/\\\/geobionatura.com\\\/pt-pt\\\/#website\"},\"primaryImageOfPage\":{\"@id\":\"https:\\\/\\\/geobionatura.com\\\/pt-pt\\\/producto\\\/car-rayex\\\/#primaryimage\"},\"image\":{\"@id\":\"https:\\\/\\\/geobionatura.com\\\/pt-pt\\\/producto\\\/car-rayex\\\/#primaryimage\"},\"thumbnailUrl\":\"https:\\\/\\\/geobionatura.com\\\/wp-content\\\/uploads\\\/2024\\\/03\\\/8-Car-Rayex-0-1-2.jpg\",\"datePublished\":\"2024-04-10T07:51:00+00:00\",\"dateModified\":\"2024-08-22T06:31:15+00:00\",\"description\":\"Prote\u00e7\u00e3o port\u00e1til contra a polui\u00e7\u00e3o eletromagn\u00e9tica especial para o carro: baixa frequ\u00eancia + telefonia m\u00f3vel + Bluetooth + vitalidade. Cuide da sua sa\u00fade!\",\"breadcrumb\":{\"@id\":\"https:\\\/\\\/geobionatura.com\\\/pt-pt\\\/producto\\\/car-rayex\\\/#breadcrumb\"},\"inLanguage\":\"pt-PT\",\"potentialAction\":[{\"@type\":\"ReadAction\",\"target\":[\"https:\\\/\\\/geobionatura.com\\\/pt-pt\\\/producto\\\/car-rayex\\\/\"]}]},{\"@type\":\"ImageObject\",\"inLanguage\":\"pt-PT\",\"@id\":\"https:\\\/\\\/geobionatura.com\\\/pt-pt\\\/producto\\\/car-rayex\\\/#primaryimage\",\"url\":\"https:\\\/\\\/geobionatura.com\\\/wp-content\\\/uploads\\\/2024\\\/03\\\/8-Car-Rayex-0-1-2.jpg\",\"contentUrl\":\"https:\\\/\\\/geobionatura.com\\\/wp-content\\\/uploads\\\/2024\\\/03\\\/8-Car-Rayex-0-1-2.jpg\",\"width\":2316,\"height\":1241},{\"@type\":\"BreadcrumbList\",\"@id\":\"https:\\\/\\\/geobionatura.com\\\/pt-pt\\\/producto\\\/car-rayex\\\/#breadcrumb\",\"itemListElement\":[{\"@type\":\"ListItem\",\"position\":1,\"name\":\"Portada\",\"item\":\"https:\\\/\\\/geobionatura.com\\\/\"},{\"@type\":\"ListItem\",\"position\":2,\"name\":\"Loja\",\"item\":\"https:\\\/\\\/geobionatura.com\\\/tienda\\\/\"},{\"@type\":\"ListItem\",\"position\":3,\"name\":\"Car-Rayex\"}]},{\"@type\":\"WebSite\",\"@id\":\"https:\\\/\\\/geobionatura.com\\\/pt-pt\\\/#website\",\"url\":\"https:\\\/\\\/geobionatura.com\\\/pt-pt\\\/\",\"name\":\"geobionatura\",\"description\":\"Tu tienda Online\",\"publisher\":{\"@id\":\"https:\\\/\\\/geobionatura.com\\\/pt-pt\\\/#organization\"},\"potentialAction\":[{\"@type\":\"SearchAction\",\"target\":{\"@type\":\"EntryPoint\",\"urlTemplate\":\"https:\\\/\\\/geobionatura.com\\\/pt-pt\\\/?s={search_term_string}\"},\"query-input\":{\"@type\":\"PropertyValueSpecification\",\"valueRequired\":true,\"valueName\":\"search_term_string\"}}],\"inLanguage\":\"pt-PT\"},{\"@type\":\"Organization\",\"@id\":\"https:\\\/\\\/geobionatura.com\\\/pt-pt\\\/#organization\",\"name\":\"geobionatura\",\"url\":\"https:\\\/\\\/geobionatura.com\\\/pt-pt\\\/\",\"logo\":{\"@type\":\"ImageObject\",\"inLanguage\":\"pt-PT\",\"@id\":\"https:\\\/\\\/geobionatura.com\\\/pt-pt\\\/#\\\/schema\\\/logo\\\/image\\\/\",\"url\":\"https:\\\/\\\/geobionatura.com\\\/wp-content\\\/uploads\\\/2024\\\/02\\\/logo-biogeonatura.png\",\"contentUrl\":\"https:\\\/\\\/geobionatura.com\\\/wp-content\\\/uploads\\\/2024\\\/02\\\/logo-biogeonatura.png\",\"width\":256,\"height\":183,\"caption\":\"geobionatura\"},\"image\":{\"@id\":\"https:\\\/\\\/geobionatura.com\\\/pt-pt\\\/#\\\/schema\\\/logo\\\/image\\\/\"},\"sameAs\":[\"https:\\\/\\\/www.facebook.com\\\/Geobionatura\\\/\",\"https:\\\/\\\/www.linkedin.com\\\/company\\\/geobionatura\\\/\",\"https:\\\/\\\/www.youtube.com\\\/user\\\/Geobionatura\"]}]}<\/script>\n<!-- \/ Yoast SEO plugin. -->","yoast_head_json":{"title":"Equipamentos prote\u00e7\u00e3o eletromagn\u00e9tica | Car-Rayex | Geobionatura","description":"Prote\u00e7\u00e3o port\u00e1til contra a polui\u00e7\u00e3o eletromagn\u00e9tica especial para o carro: baixa frequ\u00eancia + telefonia m\u00f3vel + Bluetooth + vitalidade. Cuide da sua sa\u00fade!","robots":{"index":"index","follow":"follow","max-snippet":"max-snippet:-1","max-image-preview":"max-image-preview:large","max-video-preview":"max-video-preview:-1"},"canonical":"https:\/\/geobionatura.com\/pt-pt\/producto\/car-rayex\/","og_locale":"pt_PT","og_type":"article","og_title":"Equipamentos prote\u00e7\u00e3o eletromagn\u00e9tica | Car-Rayex | Geobionatura","og_description":"Prote\u00e7\u00e3o port\u00e1til contra a polui\u00e7\u00e3o eletromagn\u00e9tica especial para o carro: baixa frequ\u00eancia + telefonia m\u00f3vel + Bluetooth + vitalidade. Cuide da sua sa\u00fade!","og_url":"https:\/\/geobionatura.com\/pt-pt\/producto\/car-rayex\/","og_site_name":"Geobionatura","article_publisher":"https:\/\/www.facebook.com\/Geobionatura\/","article_modified_time":"2024-08-22T06:31:15+00:00","og_image":[{"width":1024,"height":549,"url":"https:\/\/geobionatura.com\/wp-content\/uploads\/2024\/03\/8-Car-Rayex-0-1-2-1024x549.jpg","type":"image\/jpeg"}],"twitter_card":"summary_large_image","twitter_misc":{"Tempo estimado de leitura":"1 minuto"},"schema":{"@context":"https:\/\/schema.org","@graph":[{"@type":"WebPage","@id":"https:\/\/geobionatura.com\/pt-pt\/producto\/car-rayex\/","url":"https:\/\/geobionatura.com\/pt-pt\/producto\/car-rayex\/","name":"Equipamentos prote\u00e7\u00e3o eletromagn\u00e9tica | Car-Rayex | Geobionatura","isPartOf":{"@id":"https:\/\/geobionatura.com\/pt-pt\/#website"},"primaryImageOfPage":{"@id":"https:\/\/geobionatura.com\/pt-pt\/producto\/car-rayex\/#primaryimage"},"image":{"@id":"https:\/\/geobionatura.com\/pt-pt\/producto\/car-rayex\/#primaryimage"},"thumbnailUrl":"https:\/\/geobionatura.com\/wp-content\/uploads\/2024\/03\/8-Car-Rayex-0-1-2.jpg","datePublished":"2024-04-10T07:51:00+00:00","dateModified":"2024-08-22T06:31:15+00:00","description":"Prote\u00e7\u00e3o port\u00e1til contra a polui\u00e7\u00e3o eletromagn\u00e9tica especial para o carro: baixa frequ\u00eancia + telefonia m\u00f3vel + Bluetooth + vitalidade. Cuide da sua sa\u00fade!","breadcrumb":{"@id":"https:\/\/geobionatura.com\/pt-pt\/producto\/car-rayex\/#breadcrumb"},"inLanguage":"pt-PT","potentialAction":[{"@type":"ReadAction","target":["https:\/\/geobionatura.com\/pt-pt\/producto\/car-rayex\/"]}]},{"@type":"ImageObject","inLanguage":"pt-PT","@id":"https:\/\/geobionatura.com\/pt-pt\/producto\/car-rayex\/#primaryimage","url":"https:\/\/geobionatura.com\/wp-content\/uploads\/2024\/03\/8-Car-Rayex-0-1-2.jpg","contentUrl":"https:\/\/geobionatura.com\/wp-content\/uploads\/2024\/03\/8-Car-Rayex-0-1-2.jpg","width":2316,"height":1241},{"@type":"BreadcrumbList","@id":"https:\/\/geobionatura.com\/pt-pt\/producto\/car-rayex\/#breadcrumb","itemListElement":[{"@type":"ListItem","position":1,"name":"Portada","item":"https:\/\/geobionatura.com\/"},{"@type":"ListItem","position":2,"name":"Loja","item":"https:\/\/geobionatura.com\/tienda\/"},{"@type":"ListItem","position":3,"name":"Car-Rayex"}]},{"@type":"WebSite","@id":"https:\/\/geobionatura.com\/pt-pt\/#website","url":"https:\/\/geobionatura.com\/pt-pt\/","name":"geobionatura","description":"Tu tienda Online","publisher":{"@id":"https:\/\/geobionatura.com\/pt-pt\/#organization"},"potentialAction":[{"@type":"SearchAction","target":{"@type":"EntryPoint","urlTemplate":"https:\/\/geobionatura.com\/pt-pt\/?s={search_term_string}"},"query-input":{"@type":"PropertyValueSpecification","valueRequired":true,"valueName":"search_term_string"}}],"inLanguage":"pt-PT"},{"@type":"Organization","@id":"https:\/\/geobionatura.com\/pt-pt\/#organization","name":"geobionatura","url":"https:\/\/geobionatura.com\/pt-pt\/","logo":{"@type":"ImageObject","inLanguage":"pt-PT","@id":"https:\/\/geobionatura.com\/pt-pt\/#\/schema\/logo\/image\/","url":"https:\/\/geobionatura.com\/wp-content\/uploads\/2024\/02\/logo-biogeonatura.png","contentUrl":"https:\/\/geobionatura.com\/wp-content\/uploads\/2024\/02\/logo-biogeonatura.png","width":256,"height":183,"caption":"geobionatura"},"image":{"@id":"https:\/\/geobionatura.com\/pt-pt\/#\/schema\/logo\/image\/"},"sameAs":["https:\/\/www.facebook.com\/Geobionatura\/","https:\/\/www.linkedin.com\/company\/geobionatura\/","https:\/\/www.youtube.com\/user\/Geobionatura"]}]}},"_links":{"self":[{"href":"https:\/\/geobionatura.com\/pt-pt\/wp-json\/wp\/v2\/product\/15343","targetHints":{"allow":["GET"]}}],"collection":[{"href":"https:\/\/geobionatura.com\/pt-pt\/wp-json\/wp\/v2\/product"}],"about":[{"href":"https:\/\/geobionatura.com\/pt-pt\/wp-json\/wp\/v2\/types\/product"}],"wp:featuredmedia":[{"embeddable":true,"href":"https:\/\/geobionatura.com\/pt-pt\/wp-json\/wp\/v2\/media\/16603"}],"wp:attachment":[{"href":"https:\/\/geobionatura.com\/pt-pt\/wp-json\/wp\/v2\/media?parent=15343"}],"wp:term":[{"taxonomy":"product_brand","embeddable":true,"href":"https:\/\/geobionatura.com\/pt-pt\/wp-json\/wp\/v2\/product_brand?post=15343"},{"taxonomy":"product_cat","embeddable":true,"href":"https:\/\/geobionatura.com\/pt-pt\/wp-json\/wp\/v2\/product_cat?post=15343"},{"taxonomy":"product_tag","embeddable":true,"href":"https:\/\/geobionatura.com\/pt-pt\/wp-json\/wp\/v2\/product_tag?post=15343"}],"curies":[{"name":"wp","href":"https:\/\/api.w.org\/{rel}","templated":true}]}}