{"id":14650,"date":"2024-04-10T09:51:00","date_gmt":"2024-04-10T07:51:00","guid":{"rendered":"https:\/\/geobionatura.com\/producto\/rayoguard\/"},"modified":"2024-05-29T19:09:41","modified_gmt":"2024-05-29T17:09:41","slug":"rayoguard","status":"publish","type":"product","link":"https:\/\/geobionatura.com\/pt-pt\/producto\/rayoguard\/","title":{"rendered":"RayoGuard"},"content":{"rendered":"<p>O RayoGuard \u00e9 um dispositivo de prote\u00e7\u00e3o da Rayonex Biomedical, desenvolvido com base na Biorresson\u00e2ncia de Paul Schmidt, para o refor\u00e7o das defesas naturais do organismo contra a polui\u00e7\u00e3o eletromagn\u00e9tica artificial e as infe\u00e7\u00f5es por pat\u00f3genos (bact\u00e9rias, v\u00edrus, parasitas e fungos). Dimens\u00f5es: 60 mm de di\u00e2metro e 53g de peso. Ideal para ser usado junto ao corpo no bolso, bolsa, mochila escolar ou tamb\u00e9m ao pesco\u00e7o com o colar opcional hipoalerg\u00e9nico e flex\u00edvel que pode ser adquirido separadamente. <\/p>\n","protected":false},"excerpt":{"rendered":"<p>Colar para o refor\u00e7o das defesas naturais do organismo frente contamina\u00e7\u00e3o eletromagn\u00e9tica artificial e aos pat\u00f3genos<\/p>\n","protected":false},"featured_media":775,"template":"","meta":{"_acf_changed":false,"_joinchat":[]},"product_brand":[],"product_cat":[262],"product_tag":[347,282,340,355,348],"class_list":{"0":"post-14650","1":"product","2":"type-product","3":"status-publish","4":"has-post-thumbnail","6":"product_cat-equipamentos-protecao","7":"product_tag-5g-pt-pt","8":"product_tag-biorressonancia","9":"product_tag-equipamentos-de-protecao","10":"product_tag-estimulacao-do-sistema-imunitario","11":"product_tag-rayoguard-pt-pt","13":"first","14":"instock","15":"taxable","16":"shipping-taxable","17":"purchasable","18":"product-type-simple"},"acf":[],"yoast_head":"<!-- This site is optimized with the Yoast SEO plugin v27.4 - https:\/\/yoast.com\/product\/yoast-seo-wordpress\/ -->\n<title>Equipamentos prote\u00e7\u00e3o eletromagn\u00e9tica | RayoGuard | Geobionatura<\/title>\n<meta name=\"description\" content=\"Equipamento de prote\u00e7\u00e3o que fortalece as defesas naturais do corpo contra a polui\u00e7\u00e3o eletromagn\u00e9tica e infec\u00e7\u00f5es contra pat\u00f3genos Aproveite as nossas ofertas!\" \/>\n<meta name=\"robots\" content=\"index, follow, max-snippet:-1, max-image-preview:large, max-video-preview:-1\" \/>\n<link rel=\"canonical\" href=\"https:\/\/geobionatura.com\/pt-pt\/producto\/rayoguard\/\" \/>\n<meta property=\"og:locale\" content=\"pt_PT\" \/>\n<meta property=\"og:type\" content=\"article\" \/>\n<meta property=\"og:title\" content=\"Equipamentos prote\u00e7\u00e3o eletromagn\u00e9tica | RayoGuard | Geobionatura\" \/>\n<meta property=\"og:description\" content=\"Equipamento de prote\u00e7\u00e3o que fortalece as defesas naturais do corpo contra a polui\u00e7\u00e3o eletromagn\u00e9tica e infec\u00e7\u00f5es contra pat\u00f3genos Aproveite as nossas ofertas!\" \/>\n<meta property=\"og:url\" content=\"https:\/\/geobionatura.com\/pt-pt\/producto\/rayoguard\/\" \/>\n<meta property=\"og:site_name\" content=\"Geobionatura\" \/>\n<meta property=\"article:publisher\" content=\"https:\/\/www.facebook.com\/Geobionatura\/\" \/>\n<meta property=\"article:modified_time\" content=\"2024-05-29T17:09:41+00:00\" \/>\n<meta property=\"og:image\" content=\"https:\/\/geobionatura.com\/wp-content\/uploads\/2024\/03\/4-RayoGuard-1-1.png\" \/>\n\t<meta property=\"og:image:width\" content=\"1093\" \/>\n\t<meta property=\"og:image:height\" content=\"1015\" \/>\n\t<meta property=\"og:image:type\" content=\"image\/png\" \/>\n<meta name=\"twitter:card\" content=\"summary_large_image\" \/>\n<meta name=\"twitter:label1\" content=\"Tempo estimado de leitura\" \/>\n\t<meta name=\"twitter:data1\" content=\"1 minuto\" \/>\n<script type=\"application\/ld+json\" class=\"yoast-schema-graph\">{\"@context\":\"https:\\\/\\\/schema.org\",\"@graph\":[{\"@type\":\"WebPage\",\"@id\":\"https:\\\/\\\/geobionatura.com\\\/pt-pt\\\/producto\\\/rayoguard\\\/\",\"url\":\"https:\\\/\\\/geobionatura.com\\\/pt-pt\\\/producto\\\/rayoguard\\\/\",\"name\":\"Equipamentos prote\u00e7\u00e3o eletromagn\u00e9tica | RayoGuard | Geobionatura\",\"isPartOf\":{\"@id\":\"https:\\\/\\\/geobionatura.com\\\/pt-pt\\\/#website\"},\"primaryImageOfPage\":{\"@id\":\"https:\\\/\\\/geobionatura.com\\\/pt-pt\\\/producto\\\/rayoguard\\\/#primaryimage\"},\"image\":{\"@id\":\"https:\\\/\\\/geobionatura.com\\\/pt-pt\\\/producto\\\/rayoguard\\\/#primaryimage\"},\"thumbnailUrl\":\"https:\\\/\\\/geobionatura.com\\\/wp-content\\\/uploads\\\/2024\\\/03\\\/4-RayoGuard-1-1.png\",\"datePublished\":\"2024-04-10T07:51:00+00:00\",\"dateModified\":\"2024-05-29T17:09:41+00:00\",\"description\":\"Equipamento de prote\u00e7\u00e3o que fortalece as defesas naturais do corpo contra a polui\u00e7\u00e3o eletromagn\u00e9tica e infec\u00e7\u00f5es contra pat\u00f3genos Aproveite as nossas ofertas!\",\"breadcrumb\":{\"@id\":\"https:\\\/\\\/geobionatura.com\\\/pt-pt\\\/producto\\\/rayoguard\\\/#breadcrumb\"},\"inLanguage\":\"pt-PT\",\"potentialAction\":[{\"@type\":\"ReadAction\",\"target\":[\"https:\\\/\\\/geobionatura.com\\\/pt-pt\\\/producto\\\/rayoguard\\\/\"]}]},{\"@type\":\"ImageObject\",\"inLanguage\":\"pt-PT\",\"@id\":\"https:\\\/\\\/geobionatura.com\\\/pt-pt\\\/producto\\\/rayoguard\\\/#primaryimage\",\"url\":\"https:\\\/\\\/geobionatura.com\\\/wp-content\\\/uploads\\\/2024\\\/03\\\/4-RayoGuard-1-1.png\",\"contentUrl\":\"https:\\\/\\\/geobionatura.com\\\/wp-content\\\/uploads\\\/2024\\\/03\\\/4-RayoGuard-1-1.png\",\"width\":1093,\"height\":1015},{\"@type\":\"BreadcrumbList\",\"@id\":\"https:\\\/\\\/geobionatura.com\\\/pt-pt\\\/producto\\\/rayoguard\\\/#breadcrumb\",\"itemListElement\":[{\"@type\":\"ListItem\",\"position\":1,\"name\":\"Portada\",\"item\":\"https:\\\/\\\/geobionatura.com\\\/\"},{\"@type\":\"ListItem\",\"position\":2,\"name\":\"Loja\",\"item\":\"https:\\\/\\\/geobionatura.com\\\/tienda\\\/\"},{\"@type\":\"ListItem\",\"position\":3,\"name\":\"RayoGuard\"}]},{\"@type\":\"WebSite\",\"@id\":\"https:\\\/\\\/geobionatura.com\\\/pt-pt\\\/#website\",\"url\":\"https:\\\/\\\/geobionatura.com\\\/pt-pt\\\/\",\"name\":\"geobionatura\",\"description\":\"Tu tienda Online\",\"publisher\":{\"@id\":\"https:\\\/\\\/geobionatura.com\\\/pt-pt\\\/#organization\"},\"potentialAction\":[{\"@type\":\"SearchAction\",\"target\":{\"@type\":\"EntryPoint\",\"urlTemplate\":\"https:\\\/\\\/geobionatura.com\\\/pt-pt\\\/?s={search_term_string}\"},\"query-input\":{\"@type\":\"PropertyValueSpecification\",\"valueRequired\":true,\"valueName\":\"search_term_string\"}}],\"inLanguage\":\"pt-PT\"},{\"@type\":\"Organization\",\"@id\":\"https:\\\/\\\/geobionatura.com\\\/pt-pt\\\/#organization\",\"name\":\"geobionatura\",\"url\":\"https:\\\/\\\/geobionatura.com\\\/pt-pt\\\/\",\"logo\":{\"@type\":\"ImageObject\",\"inLanguage\":\"pt-PT\",\"@id\":\"https:\\\/\\\/geobionatura.com\\\/pt-pt\\\/#\\\/schema\\\/logo\\\/image\\\/\",\"url\":\"https:\\\/\\\/geobionatura.com\\\/wp-content\\\/uploads\\\/2024\\\/02\\\/logo-biogeonatura.png\",\"contentUrl\":\"https:\\\/\\\/geobionatura.com\\\/wp-content\\\/uploads\\\/2024\\\/02\\\/logo-biogeonatura.png\",\"width\":256,\"height\":183,\"caption\":\"geobionatura\"},\"image\":{\"@id\":\"https:\\\/\\\/geobionatura.com\\\/pt-pt\\\/#\\\/schema\\\/logo\\\/image\\\/\"},\"sameAs\":[\"https:\\\/\\\/www.facebook.com\\\/Geobionatura\\\/\",\"https:\\\/\\\/www.linkedin.com\\\/company\\\/geobionatura\\\/\",\"https:\\\/\\\/www.youtube.com\\\/user\\\/Geobionatura\"]}]}<\/script>\n<!-- \/ Yoast SEO plugin. -->","yoast_head_json":{"title":"Equipamentos prote\u00e7\u00e3o eletromagn\u00e9tica | RayoGuard | Geobionatura","description":"Equipamento de prote\u00e7\u00e3o que fortalece as defesas naturais do corpo contra a polui\u00e7\u00e3o eletromagn\u00e9tica e infec\u00e7\u00f5es contra pat\u00f3genos Aproveite as nossas ofertas!","robots":{"index":"index","follow":"follow","max-snippet":"max-snippet:-1","max-image-preview":"max-image-preview:large","max-video-preview":"max-video-preview:-1"},"canonical":"https:\/\/geobionatura.com\/pt-pt\/producto\/rayoguard\/","og_locale":"pt_PT","og_type":"article","og_title":"Equipamentos prote\u00e7\u00e3o eletromagn\u00e9tica | RayoGuard | Geobionatura","og_description":"Equipamento de prote\u00e7\u00e3o que fortalece as defesas naturais do corpo contra a polui\u00e7\u00e3o eletromagn\u00e9tica e infec\u00e7\u00f5es contra pat\u00f3genos Aproveite as nossas ofertas!","og_url":"https:\/\/geobionatura.com\/pt-pt\/producto\/rayoguard\/","og_site_name":"Geobionatura","article_publisher":"https:\/\/www.facebook.com\/Geobionatura\/","article_modified_time":"2024-05-29T17:09:41+00:00","og_image":[{"width":1093,"height":1015,"url":"https:\/\/geobionatura.com\/wp-content\/uploads\/2024\/03\/4-RayoGuard-1-1.png","type":"image\/png"}],"twitter_card":"summary_large_image","twitter_misc":{"Tempo estimado de leitura":"1 minuto"},"schema":{"@context":"https:\/\/schema.org","@graph":[{"@type":"WebPage","@id":"https:\/\/geobionatura.com\/pt-pt\/producto\/rayoguard\/","url":"https:\/\/geobionatura.com\/pt-pt\/producto\/rayoguard\/","name":"Equipamentos prote\u00e7\u00e3o eletromagn\u00e9tica | RayoGuard | Geobionatura","isPartOf":{"@id":"https:\/\/geobionatura.com\/pt-pt\/#website"},"primaryImageOfPage":{"@id":"https:\/\/geobionatura.com\/pt-pt\/producto\/rayoguard\/#primaryimage"},"image":{"@id":"https:\/\/geobionatura.com\/pt-pt\/producto\/rayoguard\/#primaryimage"},"thumbnailUrl":"https:\/\/geobionatura.com\/wp-content\/uploads\/2024\/03\/4-RayoGuard-1-1.png","datePublished":"2024-04-10T07:51:00+00:00","dateModified":"2024-05-29T17:09:41+00:00","description":"Equipamento de prote\u00e7\u00e3o que fortalece as defesas naturais do corpo contra a polui\u00e7\u00e3o eletromagn\u00e9tica e infec\u00e7\u00f5es contra pat\u00f3genos Aproveite as nossas ofertas!","breadcrumb":{"@id":"https:\/\/geobionatura.com\/pt-pt\/producto\/rayoguard\/#breadcrumb"},"inLanguage":"pt-PT","potentialAction":[{"@type":"ReadAction","target":["https:\/\/geobionatura.com\/pt-pt\/producto\/rayoguard\/"]}]},{"@type":"ImageObject","inLanguage":"pt-PT","@id":"https:\/\/geobionatura.com\/pt-pt\/producto\/rayoguard\/#primaryimage","url":"https:\/\/geobionatura.com\/wp-content\/uploads\/2024\/03\/4-RayoGuard-1-1.png","contentUrl":"https:\/\/geobionatura.com\/wp-content\/uploads\/2024\/03\/4-RayoGuard-1-1.png","width":1093,"height":1015},{"@type":"BreadcrumbList","@id":"https:\/\/geobionatura.com\/pt-pt\/producto\/rayoguard\/#breadcrumb","itemListElement":[{"@type":"ListItem","position":1,"name":"Portada","item":"https:\/\/geobionatura.com\/"},{"@type":"ListItem","position":2,"name":"Loja","item":"https:\/\/geobionatura.com\/tienda\/"},{"@type":"ListItem","position":3,"name":"RayoGuard"}]},{"@type":"WebSite","@id":"https:\/\/geobionatura.com\/pt-pt\/#website","url":"https:\/\/geobionatura.com\/pt-pt\/","name":"geobionatura","description":"Tu tienda Online","publisher":{"@id":"https:\/\/geobionatura.com\/pt-pt\/#organization"},"potentialAction":[{"@type":"SearchAction","target":{"@type":"EntryPoint","urlTemplate":"https:\/\/geobionatura.com\/pt-pt\/?s={search_term_string}"},"query-input":{"@type":"PropertyValueSpecification","valueRequired":true,"valueName":"search_term_string"}}],"inLanguage":"pt-PT"},{"@type":"Organization","@id":"https:\/\/geobionatura.com\/pt-pt\/#organization","name":"geobionatura","url":"https:\/\/geobionatura.com\/pt-pt\/","logo":{"@type":"ImageObject","inLanguage":"pt-PT","@id":"https:\/\/geobionatura.com\/pt-pt\/#\/schema\/logo\/image\/","url":"https:\/\/geobionatura.com\/wp-content\/uploads\/2024\/02\/logo-biogeonatura.png","contentUrl":"https:\/\/geobionatura.com\/wp-content\/uploads\/2024\/02\/logo-biogeonatura.png","width":256,"height":183,"caption":"geobionatura"},"image":{"@id":"https:\/\/geobionatura.com\/pt-pt\/#\/schema\/logo\/image\/"},"sameAs":["https:\/\/www.facebook.com\/Geobionatura\/","https:\/\/www.linkedin.com\/company\/geobionatura\/","https:\/\/www.youtube.com\/user\/Geobionatura"]}]}},"_links":{"self":[{"href":"https:\/\/geobionatura.com\/pt-pt\/wp-json\/wp\/v2\/product\/14650","targetHints":{"allow":["GET"]}}],"collection":[{"href":"https:\/\/geobionatura.com\/pt-pt\/wp-json\/wp\/v2\/product"}],"about":[{"href":"https:\/\/geobionatura.com\/pt-pt\/wp-json\/wp\/v2\/types\/product"}],"wp:featuredmedia":[{"embeddable":true,"href":"https:\/\/geobionatura.com\/pt-pt\/wp-json\/wp\/v2\/media\/775"}],"wp:attachment":[{"href":"https:\/\/geobionatura.com\/pt-pt\/wp-json\/wp\/v2\/media?parent=14650"}],"wp:term":[{"taxonomy":"product_brand","embeddable":true,"href":"https:\/\/geobionatura.com\/pt-pt\/wp-json\/wp\/v2\/product_brand?post=14650"},{"taxonomy":"product_cat","embeddable":true,"href":"https:\/\/geobionatura.com\/pt-pt\/wp-json\/wp\/v2\/product_cat?post=14650"},{"taxonomy":"product_tag","embeddable":true,"href":"https:\/\/geobionatura.com\/pt-pt\/wp-json\/wp\/v2\/product_tag?post=14650"}],"curies":[{"name":"wp","href":"https:\/\/api.w.org\/{rel}","templated":true}]}}