{"id":14649,"date":"2024-04-10T09:51:00","date_gmt":"2024-04-10T07:51:00","guid":{"rendered":"https:\/\/geobionatura.com\/producto\/pack-de-protecao-portatil-5g\/"},"modified":"2024-05-29T19:11:57","modified_gmt":"2024-05-29T17:11:57","slug":"pack-de-protecao-portatil-5g","status":"publish","type":"product","link":"https:\/\/geobionatura.com\/pt-pt\/producto\/pack-de-protecao-portatil-5g\/","title":{"rendered":"Pack de prote\u00e7\u00e3o port\u00e1til 5G"},"content":{"rendered":"<p>&#8220;Pack combinado para prote\u00e7\u00e3o contra a polui\u00e7\u00e3o eletromagn\u00e9tica com 4 equipamentos port\u00e1teis. Os 4 produtos estrela da Rayonex Biomedical, desenvolvidos com base na Biorresson\u00e2ncia de Paul Schmidt, num pack combinado para a sua economia e conforto. Junto do seu corpo, no seu bolso ou bolsa, perto de si na mesa de cabeceira, no escrit\u00f3rio ou no local de trabalho ou no porta-luvas do seu carro\u2026 um equipamento para cada lugar! Inclui 1 5G MiniRayonex + 1 Elo Rayex + 1 HF Rayex + 1 Car Rayex:<\/p>\n<p>5G MiniRayonex: prote\u00e7\u00e3o de bolso gen\u00e9rica face \u00e0 contamina\u00e7\u00e3o eletromagn\u00e9tica, 2 frequ\u00eancias harmonizadoras para aumentar a vitaliza\u00e7\u00e3o e a regenera\u00e7\u00e3o celular e para a prote\u00e7\u00e3o contra as emiss\u00f5es 5G.<\/p>\n<p>Elo Rayex: prote\u00e7\u00e3o port\u00e1til contra a polui\u00e7\u00e3o eletromagn\u00e9tica de baixa frequ\u00eancia ou Electrosmog: eletricidade dom\u00e9stica, linhas de alta e media tens\u00e3o, caminhos de ferro eletrificados, equipamentos inform\u00e1ticos e eletrodom\u00e9sticos. 6 frequ\u00eancias harmonizadoras.<\/p>\n<p>HF Rayex: prote\u00e7\u00e3o port\u00e1til contra a polui\u00e7\u00e3o eletromagn\u00e9tica de alta frequ\u00eancia ou Hiperfrequ\u00eancias: Wi-Fi, Telem\u00f3veis, UMTS, 3G, 4G, LTE, telefones sem fios. 6 frequ\u00eancias harmonizadoras.<\/p>\n<p>Car Rayex: prote\u00e7\u00e3o port\u00e1til contra a polui\u00e7\u00e3o eletromagn\u00e9tica ideal para o uso no seu carro. 6 frequ\u00eancias harmonizadoras<\/p>\n","protected":false},"excerpt":{"rendered":"<p>1 Elo Rayex + 1 HF Rayex + 1 Car Rayex + 1 5G MiniRayonex<\/p>\n","protected":false},"featured_media":898,"template":"","meta":{"_acf_changed":false,"_joinchat":[]},"product_brand":[],"product_cat":[262],"product_tag":[282,340,346,349],"class_list":{"0":"post-14649","1":"product","2":"type-product","3":"status-publish","4":"has-post-thumbnail","6":"product_cat-equipamentos-protecao","7":"product_tag-biorressonancia","8":"product_tag-equipamentos-de-protecao","9":"product_tag-poluicao-eletromagnetica","10":"product_tag-rayex-pt-pt","12":"first","13":"instock","14":"taxable","15":"shipping-taxable","16":"purchasable","17":"product-type-simple"},"acf":[],"yoast_head":"<!-- This site is optimized with the Yoast SEO plugin v27.3 - https:\/\/yoast.com\/product\/yoast-seo-wordpress\/ -->\n<title>Equipamento prote\u00e7\u00e3o eletromagn\u00e9tica| Prote\u00e7\u00e3o 5G | Geobionatura<\/title>\n<meta name=\"description\" content=\"Proteja-se da polui\u00e7\u00e3o eletromagn\u00e9tica com este pack port\u00e1til para 5G. Aproveite todas as nossas ofertas na Geobionatura!\" \/>\n<meta name=\"robots\" content=\"index, follow, max-snippet:-1, max-image-preview:large, max-video-preview:-1\" \/>\n<link rel=\"canonical\" href=\"https:\/\/geobionatura.com\/pt-pt\/producto\/pack-de-protecao-portatil-5g\/\" \/>\n<meta property=\"og:locale\" content=\"pt_PT\" \/>\n<meta property=\"og:type\" content=\"article\" \/>\n<meta property=\"og:title\" content=\"Equipamento prote\u00e7\u00e3o eletromagn\u00e9tica| Prote\u00e7\u00e3o 5G | Geobionatura\" \/>\n<meta property=\"og:description\" content=\"Proteja-se da polui\u00e7\u00e3o eletromagn\u00e9tica com este pack port\u00e1til para 5G. Aproveite todas as nossas ofertas na Geobionatura!\" \/>\n<meta property=\"og:url\" content=\"https:\/\/geobionatura.com\/pt-pt\/producto\/pack-de-protecao-portatil-5g\/\" \/>\n<meta property=\"og:site_name\" content=\"Geobionatura\" \/>\n<meta property=\"article:publisher\" content=\"https:\/\/www.facebook.com\/Geobionatura\/\" \/>\n<meta property=\"article:modified_time\" content=\"2024-05-29T17:11:57+00:00\" \/>\n<meta property=\"og:image\" content=\"https:\/\/geobionatura.com\/wp-content\/uploads\/2024\/03\/10-Pack-Rayonex-with-5G.jpg\" \/>\n\t<meta property=\"og:image:width\" content=\"595\" \/>\n\t<meta property=\"og:image:height\" content=\"430\" \/>\n\t<meta property=\"og:image:type\" content=\"image\/jpeg\" \/>\n<meta name=\"twitter:card\" content=\"summary_large_image\" \/>\n<meta name=\"twitter:label1\" content=\"Tempo estimado de leitura\" \/>\n\t<meta name=\"twitter:data1\" content=\"2 minutos\" \/>\n<script type=\"application\/ld+json\" class=\"yoast-schema-graph\">{\"@context\":\"https:\\\/\\\/schema.org\",\"@graph\":[{\"@type\":\"WebPage\",\"@id\":\"https:\\\/\\\/geobionatura.com\\\/pt-pt\\\/producto\\\/pack-de-protecao-portatil-5g\\\/\",\"url\":\"https:\\\/\\\/geobionatura.com\\\/pt-pt\\\/producto\\\/pack-de-protecao-portatil-5g\\\/\",\"name\":\"Equipamento prote\u00e7\u00e3o eletromagn\u00e9tica| Prote\u00e7\u00e3o 5G | Geobionatura\",\"isPartOf\":{\"@id\":\"https:\\\/\\\/geobionatura.com\\\/pt-pt\\\/#website\"},\"primaryImageOfPage\":{\"@id\":\"https:\\\/\\\/geobionatura.com\\\/pt-pt\\\/producto\\\/pack-de-protecao-portatil-5g\\\/#primaryimage\"},\"image\":{\"@id\":\"https:\\\/\\\/geobionatura.com\\\/pt-pt\\\/producto\\\/pack-de-protecao-portatil-5g\\\/#primaryimage\"},\"thumbnailUrl\":\"https:\\\/\\\/geobionatura.com\\\/wp-content\\\/uploads\\\/2024\\\/03\\\/10-Pack-Rayonex-with-5G.jpg\",\"datePublished\":\"2024-04-10T07:51:00+00:00\",\"dateModified\":\"2024-05-29T17:11:57+00:00\",\"description\":\"Proteja-se da polui\u00e7\u00e3o eletromagn\u00e9tica com este pack port\u00e1til para 5G. Aproveite todas as nossas ofertas na Geobionatura!\",\"breadcrumb\":{\"@id\":\"https:\\\/\\\/geobionatura.com\\\/pt-pt\\\/producto\\\/pack-de-protecao-portatil-5g\\\/#breadcrumb\"},\"inLanguage\":\"pt-PT\",\"potentialAction\":[{\"@type\":\"ReadAction\",\"target\":[\"https:\\\/\\\/geobionatura.com\\\/pt-pt\\\/producto\\\/pack-de-protecao-portatil-5g\\\/\"]}]},{\"@type\":\"ImageObject\",\"inLanguage\":\"pt-PT\",\"@id\":\"https:\\\/\\\/geobionatura.com\\\/pt-pt\\\/producto\\\/pack-de-protecao-portatil-5g\\\/#primaryimage\",\"url\":\"https:\\\/\\\/geobionatura.com\\\/wp-content\\\/uploads\\\/2024\\\/03\\\/10-Pack-Rayonex-with-5G.jpg\",\"contentUrl\":\"https:\\\/\\\/geobionatura.com\\\/wp-content\\\/uploads\\\/2024\\\/03\\\/10-Pack-Rayonex-with-5G.jpg\",\"width\":595,\"height\":430},{\"@type\":\"BreadcrumbList\",\"@id\":\"https:\\\/\\\/geobionatura.com\\\/pt-pt\\\/producto\\\/pack-de-protecao-portatil-5g\\\/#breadcrumb\",\"itemListElement\":[{\"@type\":\"ListItem\",\"position\":1,\"name\":\"Portada\",\"item\":\"https:\\\/\\\/geobionatura.com\\\/\"},{\"@type\":\"ListItem\",\"position\":2,\"name\":\"Loja\",\"item\":\"https:\\\/\\\/geobionatura.com\\\/tienda\\\/\"},{\"@type\":\"ListItem\",\"position\":3,\"name\":\"Pack de prote\u00e7\u00e3o port\u00e1til 5G\"}]},{\"@type\":\"WebSite\",\"@id\":\"https:\\\/\\\/geobionatura.com\\\/pt-pt\\\/#website\",\"url\":\"https:\\\/\\\/geobionatura.com\\\/pt-pt\\\/\",\"name\":\"geobionatura\",\"description\":\"Tu tienda Online\",\"publisher\":{\"@id\":\"https:\\\/\\\/geobionatura.com\\\/pt-pt\\\/#organization\"},\"potentialAction\":[{\"@type\":\"SearchAction\",\"target\":{\"@type\":\"EntryPoint\",\"urlTemplate\":\"https:\\\/\\\/geobionatura.com\\\/pt-pt\\\/?s={search_term_string}\"},\"query-input\":{\"@type\":\"PropertyValueSpecification\",\"valueRequired\":true,\"valueName\":\"search_term_string\"}}],\"inLanguage\":\"pt-PT\"},{\"@type\":\"Organization\",\"@id\":\"https:\\\/\\\/geobionatura.com\\\/pt-pt\\\/#organization\",\"name\":\"geobionatura\",\"url\":\"https:\\\/\\\/geobionatura.com\\\/pt-pt\\\/\",\"logo\":{\"@type\":\"ImageObject\",\"inLanguage\":\"pt-PT\",\"@id\":\"https:\\\/\\\/geobionatura.com\\\/pt-pt\\\/#\\\/schema\\\/logo\\\/image\\\/\",\"url\":\"https:\\\/\\\/geobionatura.com\\\/wp-content\\\/uploads\\\/2024\\\/02\\\/logo-biogeonatura.png\",\"contentUrl\":\"https:\\\/\\\/geobionatura.com\\\/wp-content\\\/uploads\\\/2024\\\/02\\\/logo-biogeonatura.png\",\"width\":256,\"height\":183,\"caption\":\"geobionatura\"},\"image\":{\"@id\":\"https:\\\/\\\/geobionatura.com\\\/pt-pt\\\/#\\\/schema\\\/logo\\\/image\\\/\"},\"sameAs\":[\"https:\\\/\\\/www.facebook.com\\\/Geobionatura\\\/\",\"https:\\\/\\\/www.linkedin.com\\\/company\\\/geobionatura\\\/\",\"https:\\\/\\\/www.youtube.com\\\/user\\\/Geobionatura\"]}]}<\/script>\n<!-- \/ Yoast SEO plugin. -->","yoast_head_json":{"title":"Equipamento prote\u00e7\u00e3o eletromagn\u00e9tica| Prote\u00e7\u00e3o 5G | Geobionatura","description":"Proteja-se da polui\u00e7\u00e3o eletromagn\u00e9tica com este pack port\u00e1til para 5G. Aproveite todas as nossas ofertas na Geobionatura!","robots":{"index":"index","follow":"follow","max-snippet":"max-snippet:-1","max-image-preview":"max-image-preview:large","max-video-preview":"max-video-preview:-1"},"canonical":"https:\/\/geobionatura.com\/pt-pt\/producto\/pack-de-protecao-portatil-5g\/","og_locale":"pt_PT","og_type":"article","og_title":"Equipamento prote\u00e7\u00e3o eletromagn\u00e9tica| Prote\u00e7\u00e3o 5G | Geobionatura","og_description":"Proteja-se da polui\u00e7\u00e3o eletromagn\u00e9tica com este pack port\u00e1til para 5G. Aproveite todas as nossas ofertas na Geobionatura!","og_url":"https:\/\/geobionatura.com\/pt-pt\/producto\/pack-de-protecao-portatil-5g\/","og_site_name":"Geobionatura","article_publisher":"https:\/\/www.facebook.com\/Geobionatura\/","article_modified_time":"2024-05-29T17:11:57+00:00","og_image":[{"width":595,"height":430,"url":"https:\/\/geobionatura.com\/wp-content\/uploads\/2024\/03\/10-Pack-Rayonex-with-5G.jpg","type":"image\/jpeg"}],"twitter_card":"summary_large_image","twitter_misc":{"Tempo estimado de leitura":"2 minutos"},"schema":{"@context":"https:\/\/schema.org","@graph":[{"@type":"WebPage","@id":"https:\/\/geobionatura.com\/pt-pt\/producto\/pack-de-protecao-portatil-5g\/","url":"https:\/\/geobionatura.com\/pt-pt\/producto\/pack-de-protecao-portatil-5g\/","name":"Equipamento prote\u00e7\u00e3o eletromagn\u00e9tica| Prote\u00e7\u00e3o 5G | Geobionatura","isPartOf":{"@id":"https:\/\/geobionatura.com\/pt-pt\/#website"},"primaryImageOfPage":{"@id":"https:\/\/geobionatura.com\/pt-pt\/producto\/pack-de-protecao-portatil-5g\/#primaryimage"},"image":{"@id":"https:\/\/geobionatura.com\/pt-pt\/producto\/pack-de-protecao-portatil-5g\/#primaryimage"},"thumbnailUrl":"https:\/\/geobionatura.com\/wp-content\/uploads\/2024\/03\/10-Pack-Rayonex-with-5G.jpg","datePublished":"2024-04-10T07:51:00+00:00","dateModified":"2024-05-29T17:11:57+00:00","description":"Proteja-se da polui\u00e7\u00e3o eletromagn\u00e9tica com este pack port\u00e1til para 5G. Aproveite todas as nossas ofertas na Geobionatura!","breadcrumb":{"@id":"https:\/\/geobionatura.com\/pt-pt\/producto\/pack-de-protecao-portatil-5g\/#breadcrumb"},"inLanguage":"pt-PT","potentialAction":[{"@type":"ReadAction","target":["https:\/\/geobionatura.com\/pt-pt\/producto\/pack-de-protecao-portatil-5g\/"]}]},{"@type":"ImageObject","inLanguage":"pt-PT","@id":"https:\/\/geobionatura.com\/pt-pt\/producto\/pack-de-protecao-portatil-5g\/#primaryimage","url":"https:\/\/geobionatura.com\/wp-content\/uploads\/2024\/03\/10-Pack-Rayonex-with-5G.jpg","contentUrl":"https:\/\/geobionatura.com\/wp-content\/uploads\/2024\/03\/10-Pack-Rayonex-with-5G.jpg","width":595,"height":430},{"@type":"BreadcrumbList","@id":"https:\/\/geobionatura.com\/pt-pt\/producto\/pack-de-protecao-portatil-5g\/#breadcrumb","itemListElement":[{"@type":"ListItem","position":1,"name":"Portada","item":"https:\/\/geobionatura.com\/"},{"@type":"ListItem","position":2,"name":"Loja","item":"https:\/\/geobionatura.com\/tienda\/"},{"@type":"ListItem","position":3,"name":"Pack de prote\u00e7\u00e3o port\u00e1til 5G"}]},{"@type":"WebSite","@id":"https:\/\/geobionatura.com\/pt-pt\/#website","url":"https:\/\/geobionatura.com\/pt-pt\/","name":"geobionatura","description":"Tu tienda Online","publisher":{"@id":"https:\/\/geobionatura.com\/pt-pt\/#organization"},"potentialAction":[{"@type":"SearchAction","target":{"@type":"EntryPoint","urlTemplate":"https:\/\/geobionatura.com\/pt-pt\/?s={search_term_string}"},"query-input":{"@type":"PropertyValueSpecification","valueRequired":true,"valueName":"search_term_string"}}],"inLanguage":"pt-PT"},{"@type":"Organization","@id":"https:\/\/geobionatura.com\/pt-pt\/#organization","name":"geobionatura","url":"https:\/\/geobionatura.com\/pt-pt\/","logo":{"@type":"ImageObject","inLanguage":"pt-PT","@id":"https:\/\/geobionatura.com\/pt-pt\/#\/schema\/logo\/image\/","url":"https:\/\/geobionatura.com\/wp-content\/uploads\/2024\/02\/logo-biogeonatura.png","contentUrl":"https:\/\/geobionatura.com\/wp-content\/uploads\/2024\/02\/logo-biogeonatura.png","width":256,"height":183,"caption":"geobionatura"},"image":{"@id":"https:\/\/geobionatura.com\/pt-pt\/#\/schema\/logo\/image\/"},"sameAs":["https:\/\/www.facebook.com\/Geobionatura\/","https:\/\/www.linkedin.com\/company\/geobionatura\/","https:\/\/www.youtube.com\/user\/Geobionatura"]}]}},"_links":{"self":[{"href":"https:\/\/geobionatura.com\/pt-pt\/wp-json\/wp\/v2\/product\/14649","targetHints":{"allow":["GET"]}}],"collection":[{"href":"https:\/\/geobionatura.com\/pt-pt\/wp-json\/wp\/v2\/product"}],"about":[{"href":"https:\/\/geobionatura.com\/pt-pt\/wp-json\/wp\/v2\/types\/product"}],"wp:featuredmedia":[{"embeddable":true,"href":"https:\/\/geobionatura.com\/pt-pt\/wp-json\/wp\/v2\/media\/898"}],"wp:attachment":[{"href":"https:\/\/geobionatura.com\/pt-pt\/wp-json\/wp\/v2\/media?parent=14649"}],"wp:term":[{"taxonomy":"product_brand","embeddable":true,"href":"https:\/\/geobionatura.com\/pt-pt\/wp-json\/wp\/v2\/product_brand?post=14649"},{"taxonomy":"product_cat","embeddable":true,"href":"https:\/\/geobionatura.com\/pt-pt\/wp-json\/wp\/v2\/product_cat?post=14649"},{"taxonomy":"product_tag","embeddable":true,"href":"https:\/\/geobionatura.com\/pt-pt\/wp-json\/wp\/v2\/product_tag?post=14649"}],"curies":[{"name":"wp","href":"https:\/\/api.w.org\/{rel}","templated":true}]}}