{"id":14643,"date":"2024-04-10T09:51:00","date_gmt":"2024-04-10T07:51:00","guid":{"rendered":"https:\/\/geobionatura.com\/producto\/minirayonex-lc-long-covid\/"},"modified":"2024-05-29T19:16:20","modified_gmt":"2024-05-29T17:16:20","slug":"minirayonex-lc-long-covid","status":"publish","type":"product","link":"https:\/\/geobionatura.com\/pt-pt\/producto\/minirayonex-lc-long-covid\/","title":{"rendered":"MiniRayonex LC (Long Covid)"},"content":{"rendered":"<p>Assim como o espectro de frequ\u00eancia da luz solar regula os n\u00edveis de vitamina D, pigmenta\u00e7\u00e3o ou produ\u00e7\u00e3o de melanina, muitos outros espectros de frequ\u00eancia podem desencadear regula\u00e7\u00f5es no nosso corpo, como mostram as pesquisas da Rayonex Biomedical. Seguindo os princ\u00edpios do seu m\u00e9todo de Biorresson\u00e2ncia, o Mini-Rayonex LC inclui duas antenas dipolo que emitem: o Valor de Frequ\u00eancia Fundamental do Mini-Rayonex 12.50 (para a vitaliza\u00e7\u00e3o e regenera\u00e7\u00e3o celular), aquele correspondente a uma das frequ\u00eancias de Schumann 10.00 (onda portadora) e os correspondentes a 10 programas espec\u00edficos do software dos equipamentos de harmoniza\u00e7\u00e3o com Biorresson\u00e2ncia Biom\u00e9dica da Rayonex Biomedical associados \u00e0s altera\u00e7\u00f5es habituais dos doentes p\u00f3s-Covid 19. Estes programas s\u00e3o armazenados num chip de mem\u00f3ria sendo transferidos ao seu redor a trav\u00e9s da onda portadora. Existem estudos in vitro muito interessantes sobre o sistema de antena dipolo da Biorresson\u00e2ncia de acordo com Paul Schmidt. Para a sua aplica\u00e7\u00e3o basta colocar o Mini-Rayonex LC com a etiqueta virada para cima junto ao seu corpo (a uma dist\u00e2ncia m\u00e1xima de 2 metros) por exemplo sobre a sua mesa de cabeceira ou na sua secret\u00e1ria, de prefer\u00eancia \u00e0 noite enquanto dorme.<\/p>\n","protected":false},"excerpt":{"rendered":"<p>Recupera\u00e7\u00e3o Covid<\/p>\n","protected":false},"featured_media":982,"template":"","meta":{"_acf_changed":false,"_joinchat":[]},"product_brand":[],"product_cat":[262],"product_tag":[356,355,357,358,359],"class_list":{"0":"post-14643","1":"product","2":"type-product","3":"status-publish","4":"has-post-thumbnail","6":"product_cat-equipamentos-protecao","7":"product_tag-covid19-pt-pt","8":"product_tag-estimulacao-do-sistema-imunitario","9":"product_tag-long-covid-pt-pt","10":"product_tag-miniraxonex-lc-pt-pt","11":"product_tag-recuperacao-covid","13":"first","14":"instock","15":"taxable","16":"shipping-taxable","17":"purchasable","18":"product-type-simple"},"acf":[],"yoast_head":"<!-- This site is optimized with the Yoast SEO plugin v27.4 - https:\/\/yoast.com\/product\/yoast-seo-wordpress\/ -->\n<title>Equipamentos Biorresson\u00e2ncia| MiniRayonex LC | Geobionatura<\/title>\n<meta name=\"description\" content=\"Alivie os sintomas do Covid com o Minirayonex LC, um equipamento baseado na tecnologia de biorresson\u00e2ncia. Sem efeitos colaterais. Aproveite as nossas promo\u00e7\u00f5es!\" \/>\n<meta name=\"robots\" content=\"index, follow, max-snippet:-1, max-image-preview:large, max-video-preview:-1\" \/>\n<link rel=\"canonical\" href=\"https:\/\/geobionatura.com\/pt-pt\/producto\/minirayonex-lc-long-covid\/\" \/>\n<meta property=\"og:locale\" content=\"pt_PT\" \/>\n<meta property=\"og:type\" content=\"article\" \/>\n<meta property=\"og:title\" content=\"Equipamentos Biorresson\u00e2ncia| MiniRayonex LC | Geobionatura\" \/>\n<meta property=\"og:description\" content=\"Alivie os sintomas do Covid com o Minirayonex LC, um equipamento baseado na tecnologia de biorresson\u00e2ncia. Sem efeitos colaterais. Aproveite as nossas promo\u00e7\u00f5es!\" \/>\n<meta property=\"og:url\" content=\"https:\/\/geobionatura.com\/pt-pt\/producto\/minirayonex-lc-long-covid\/\" \/>\n<meta property=\"og:site_name\" content=\"Geobionatura\" \/>\n<meta property=\"article:publisher\" content=\"https:\/\/www.facebook.com\/Geobionatura\/\" \/>\n<meta property=\"article:modified_time\" content=\"2024-05-29T17:16:20+00:00\" \/>\n<meta property=\"og:image\" content=\"https:\/\/geobionatura.com\/wp-content\/uploads\/2024\/03\/1-MiniRayonex-LC.jpg\" \/>\n\t<meta property=\"og:image:width\" content=\"433\" \/>\n\t<meta property=\"og:image:height\" content=\"364\" \/>\n\t<meta property=\"og:image:type\" content=\"image\/jpeg\" \/>\n<meta name=\"twitter:card\" content=\"summary_large_image\" \/>\n<meta name=\"twitter:label1\" content=\"Tempo estimado de leitura\" \/>\n\t<meta name=\"twitter:data1\" content=\"2 minutos\" \/>\n<script type=\"application\/ld+json\" class=\"yoast-schema-graph\">{\"@context\":\"https:\\\/\\\/schema.org\",\"@graph\":[{\"@type\":\"WebPage\",\"@id\":\"https:\\\/\\\/geobionatura.com\\\/pt-pt\\\/producto\\\/minirayonex-lc-long-covid\\\/\",\"url\":\"https:\\\/\\\/geobionatura.com\\\/pt-pt\\\/producto\\\/minirayonex-lc-long-covid\\\/\",\"name\":\"Equipamentos Biorresson\u00e2ncia| MiniRayonex LC | Geobionatura\",\"isPartOf\":{\"@id\":\"https:\\\/\\\/geobionatura.com\\\/pt-pt\\\/#website\"},\"primaryImageOfPage\":{\"@id\":\"https:\\\/\\\/geobionatura.com\\\/pt-pt\\\/producto\\\/minirayonex-lc-long-covid\\\/#primaryimage\"},\"image\":{\"@id\":\"https:\\\/\\\/geobionatura.com\\\/pt-pt\\\/producto\\\/minirayonex-lc-long-covid\\\/#primaryimage\"},\"thumbnailUrl\":\"https:\\\/\\\/geobionatura.com\\\/wp-content\\\/uploads\\\/2024\\\/03\\\/1-MiniRayonex-LC.jpg\",\"datePublished\":\"2024-04-10T07:51:00+00:00\",\"dateModified\":\"2024-05-29T17:16:20+00:00\",\"description\":\"Alivie os sintomas do Covid com o Minirayonex LC, um equipamento baseado na tecnologia de biorresson\u00e2ncia. Sem efeitos colaterais. Aproveite as nossas promo\u00e7\u00f5es!\",\"breadcrumb\":{\"@id\":\"https:\\\/\\\/geobionatura.com\\\/pt-pt\\\/producto\\\/minirayonex-lc-long-covid\\\/#breadcrumb\"},\"inLanguage\":\"pt-PT\",\"potentialAction\":[{\"@type\":\"ReadAction\",\"target\":[\"https:\\\/\\\/geobionatura.com\\\/pt-pt\\\/producto\\\/minirayonex-lc-long-covid\\\/\"]}]},{\"@type\":\"ImageObject\",\"inLanguage\":\"pt-PT\",\"@id\":\"https:\\\/\\\/geobionatura.com\\\/pt-pt\\\/producto\\\/minirayonex-lc-long-covid\\\/#primaryimage\",\"url\":\"https:\\\/\\\/geobionatura.com\\\/wp-content\\\/uploads\\\/2024\\\/03\\\/1-MiniRayonex-LC.jpg\",\"contentUrl\":\"https:\\\/\\\/geobionatura.com\\\/wp-content\\\/uploads\\\/2024\\\/03\\\/1-MiniRayonex-LC.jpg\",\"width\":433,\"height\":364},{\"@type\":\"BreadcrumbList\",\"@id\":\"https:\\\/\\\/geobionatura.com\\\/pt-pt\\\/producto\\\/minirayonex-lc-long-covid\\\/#breadcrumb\",\"itemListElement\":[{\"@type\":\"ListItem\",\"position\":1,\"name\":\"Portada\",\"item\":\"https:\\\/\\\/geobionatura.com\\\/\"},{\"@type\":\"ListItem\",\"position\":2,\"name\":\"Loja\",\"item\":\"https:\\\/\\\/geobionatura.com\\\/tienda\\\/\"},{\"@type\":\"ListItem\",\"position\":3,\"name\":\"MiniRayonex LC (Long Covid)\"}]},{\"@type\":\"WebSite\",\"@id\":\"https:\\\/\\\/geobionatura.com\\\/pt-pt\\\/#website\",\"url\":\"https:\\\/\\\/geobionatura.com\\\/pt-pt\\\/\",\"name\":\"geobionatura\",\"description\":\"Tu tienda Online\",\"publisher\":{\"@id\":\"https:\\\/\\\/geobionatura.com\\\/pt-pt\\\/#organization\"},\"potentialAction\":[{\"@type\":\"SearchAction\",\"target\":{\"@type\":\"EntryPoint\",\"urlTemplate\":\"https:\\\/\\\/geobionatura.com\\\/pt-pt\\\/?s={search_term_string}\"},\"query-input\":{\"@type\":\"PropertyValueSpecification\",\"valueRequired\":true,\"valueName\":\"search_term_string\"}}],\"inLanguage\":\"pt-PT\"},{\"@type\":\"Organization\",\"@id\":\"https:\\\/\\\/geobionatura.com\\\/pt-pt\\\/#organization\",\"name\":\"geobionatura\",\"url\":\"https:\\\/\\\/geobionatura.com\\\/pt-pt\\\/\",\"logo\":{\"@type\":\"ImageObject\",\"inLanguage\":\"pt-PT\",\"@id\":\"https:\\\/\\\/geobionatura.com\\\/pt-pt\\\/#\\\/schema\\\/logo\\\/image\\\/\",\"url\":\"https:\\\/\\\/geobionatura.com\\\/wp-content\\\/uploads\\\/2024\\\/02\\\/logo-biogeonatura.png\",\"contentUrl\":\"https:\\\/\\\/geobionatura.com\\\/wp-content\\\/uploads\\\/2024\\\/02\\\/logo-biogeonatura.png\",\"width\":256,\"height\":183,\"caption\":\"geobionatura\"},\"image\":{\"@id\":\"https:\\\/\\\/geobionatura.com\\\/pt-pt\\\/#\\\/schema\\\/logo\\\/image\\\/\"},\"sameAs\":[\"https:\\\/\\\/www.facebook.com\\\/Geobionatura\\\/\",\"https:\\\/\\\/www.linkedin.com\\\/company\\\/geobionatura\\\/\",\"https:\\\/\\\/www.youtube.com\\\/user\\\/Geobionatura\"]}]}<\/script>\n<!-- \/ Yoast SEO plugin. -->","yoast_head_json":{"title":"Equipamentos Biorresson\u00e2ncia| MiniRayonex LC | Geobionatura","description":"Alivie os sintomas do Covid com o Minirayonex LC, um equipamento baseado na tecnologia de biorresson\u00e2ncia. Sem efeitos colaterais. Aproveite as nossas promo\u00e7\u00f5es!","robots":{"index":"index","follow":"follow","max-snippet":"max-snippet:-1","max-image-preview":"max-image-preview:large","max-video-preview":"max-video-preview:-1"},"canonical":"https:\/\/geobionatura.com\/pt-pt\/producto\/minirayonex-lc-long-covid\/","og_locale":"pt_PT","og_type":"article","og_title":"Equipamentos Biorresson\u00e2ncia| MiniRayonex LC | Geobionatura","og_description":"Alivie os sintomas do Covid com o Minirayonex LC, um equipamento baseado na tecnologia de biorresson\u00e2ncia. Sem efeitos colaterais. Aproveite as nossas promo\u00e7\u00f5es!","og_url":"https:\/\/geobionatura.com\/pt-pt\/producto\/minirayonex-lc-long-covid\/","og_site_name":"Geobionatura","article_publisher":"https:\/\/www.facebook.com\/Geobionatura\/","article_modified_time":"2024-05-29T17:16:20+00:00","og_image":[{"width":433,"height":364,"url":"https:\/\/geobionatura.com\/wp-content\/uploads\/2024\/03\/1-MiniRayonex-LC.jpg","type":"image\/jpeg"}],"twitter_card":"summary_large_image","twitter_misc":{"Tempo estimado de leitura":"2 minutos"},"schema":{"@context":"https:\/\/schema.org","@graph":[{"@type":"WebPage","@id":"https:\/\/geobionatura.com\/pt-pt\/producto\/minirayonex-lc-long-covid\/","url":"https:\/\/geobionatura.com\/pt-pt\/producto\/minirayonex-lc-long-covid\/","name":"Equipamentos Biorresson\u00e2ncia| MiniRayonex LC | Geobionatura","isPartOf":{"@id":"https:\/\/geobionatura.com\/pt-pt\/#website"},"primaryImageOfPage":{"@id":"https:\/\/geobionatura.com\/pt-pt\/producto\/minirayonex-lc-long-covid\/#primaryimage"},"image":{"@id":"https:\/\/geobionatura.com\/pt-pt\/producto\/minirayonex-lc-long-covid\/#primaryimage"},"thumbnailUrl":"https:\/\/geobionatura.com\/wp-content\/uploads\/2024\/03\/1-MiniRayonex-LC.jpg","datePublished":"2024-04-10T07:51:00+00:00","dateModified":"2024-05-29T17:16:20+00:00","description":"Alivie os sintomas do Covid com o Minirayonex LC, um equipamento baseado na tecnologia de biorresson\u00e2ncia. Sem efeitos colaterais. Aproveite as nossas promo\u00e7\u00f5es!","breadcrumb":{"@id":"https:\/\/geobionatura.com\/pt-pt\/producto\/minirayonex-lc-long-covid\/#breadcrumb"},"inLanguage":"pt-PT","potentialAction":[{"@type":"ReadAction","target":["https:\/\/geobionatura.com\/pt-pt\/producto\/minirayonex-lc-long-covid\/"]}]},{"@type":"ImageObject","inLanguage":"pt-PT","@id":"https:\/\/geobionatura.com\/pt-pt\/producto\/minirayonex-lc-long-covid\/#primaryimage","url":"https:\/\/geobionatura.com\/wp-content\/uploads\/2024\/03\/1-MiniRayonex-LC.jpg","contentUrl":"https:\/\/geobionatura.com\/wp-content\/uploads\/2024\/03\/1-MiniRayonex-LC.jpg","width":433,"height":364},{"@type":"BreadcrumbList","@id":"https:\/\/geobionatura.com\/pt-pt\/producto\/minirayonex-lc-long-covid\/#breadcrumb","itemListElement":[{"@type":"ListItem","position":1,"name":"Portada","item":"https:\/\/geobionatura.com\/"},{"@type":"ListItem","position":2,"name":"Loja","item":"https:\/\/geobionatura.com\/tienda\/"},{"@type":"ListItem","position":3,"name":"MiniRayonex LC (Long Covid)"}]},{"@type":"WebSite","@id":"https:\/\/geobionatura.com\/pt-pt\/#website","url":"https:\/\/geobionatura.com\/pt-pt\/","name":"geobionatura","description":"Tu tienda Online","publisher":{"@id":"https:\/\/geobionatura.com\/pt-pt\/#organization"},"potentialAction":[{"@type":"SearchAction","target":{"@type":"EntryPoint","urlTemplate":"https:\/\/geobionatura.com\/pt-pt\/?s={search_term_string}"},"query-input":{"@type":"PropertyValueSpecification","valueRequired":true,"valueName":"search_term_string"}}],"inLanguage":"pt-PT"},{"@type":"Organization","@id":"https:\/\/geobionatura.com\/pt-pt\/#organization","name":"geobionatura","url":"https:\/\/geobionatura.com\/pt-pt\/","logo":{"@type":"ImageObject","inLanguage":"pt-PT","@id":"https:\/\/geobionatura.com\/pt-pt\/#\/schema\/logo\/image\/","url":"https:\/\/geobionatura.com\/wp-content\/uploads\/2024\/02\/logo-biogeonatura.png","contentUrl":"https:\/\/geobionatura.com\/wp-content\/uploads\/2024\/02\/logo-biogeonatura.png","width":256,"height":183,"caption":"geobionatura"},"image":{"@id":"https:\/\/geobionatura.com\/pt-pt\/#\/schema\/logo\/image\/"},"sameAs":["https:\/\/www.facebook.com\/Geobionatura\/","https:\/\/www.linkedin.com\/company\/geobionatura\/","https:\/\/www.youtube.com\/user\/Geobionatura"]}]}},"_links":{"self":[{"href":"https:\/\/geobionatura.com\/pt-pt\/wp-json\/wp\/v2\/product\/14643","targetHints":{"allow":["GET"]}}],"collection":[{"href":"https:\/\/geobionatura.com\/pt-pt\/wp-json\/wp\/v2\/product"}],"about":[{"href":"https:\/\/geobionatura.com\/pt-pt\/wp-json\/wp\/v2\/types\/product"}],"wp:featuredmedia":[{"embeddable":true,"href":"https:\/\/geobionatura.com\/pt-pt\/wp-json\/wp\/v2\/media\/982"}],"wp:attachment":[{"href":"https:\/\/geobionatura.com\/pt-pt\/wp-json\/wp\/v2\/media?parent=14643"}],"wp:term":[{"taxonomy":"product_brand","embeddable":true,"href":"https:\/\/geobionatura.com\/pt-pt\/wp-json\/wp\/v2\/product_brand?post=14643"},{"taxonomy":"product_cat","embeddable":true,"href":"https:\/\/geobionatura.com\/pt-pt\/wp-json\/wp\/v2\/product_cat?post=14643"},{"taxonomy":"product_tag","embeddable":true,"href":"https:\/\/geobionatura.com\/pt-pt\/wp-json\/wp\/v2\/product_tag?post=14643"}],"curies":[{"name":"wp","href":"https:\/\/api.w.org\/{rel}","templated":true}]}}