{"id":14642,"date":"2024-04-10T09:51:00","date_gmt":"2024-04-10T07:51:00","guid":{"rendered":"https:\/\/geobionatura.com\/producto\/5g-mini-rayonex\/"},"modified":"2024-05-29T19:21:16","modified_gmt":"2024-05-29T17:21:16","slug":"5g-mini-rayonex","status":"publish","type":"product","link":"https:\/\/geobionatura.com\/pt-pt\/producto\/5g-mini-rayonex\/","title":{"rendered":"5G Mini Rayonex"},"content":{"rendered":"<p>O 5G Mini-Rayonex da Rayonex Biomedical \u00e9 um equipamento de prote\u00e7\u00e3o de bolso gen\u00e9rico face \u00e0 contamina\u00e7\u00e3o eletromagn\u00e9tica e as emiss\u00f5es 5G, desenvolvido com base na Biorresson\u00e2ncia de Paul Schmidt. Cont\u00e9m 2 antenas dipolo que emitem 1 valor fundamental de frequ\u00eancia 12.50, que \u00e9 uma frequ\u00eancia harmonizadora para aumentar a vitaliza\u00e7\u00e3o e a regenera\u00e7\u00e3o celular (*), mais uma frequ\u00eancia espec\u00edfica protetora contra as altera\u00e7\u00f5es devidas \u00e0 exposi\u00e7\u00e3o ao 5G. Dimens\u00f5es 66 x 100 x 20 mm, peso 127 g. Para a sua aplica\u00e7\u00e3o basta colocar o 5G Mini-Rayonex com a etiqueta virada para cima junto do seu corpo, no bolso ou na sua bolsa (a uma dist\u00e2ncia m\u00e1xima de 2 metros) ou por exemplo sobre a sua mesa de cabeceira durante a noite ou na sua secret\u00e1ria ou espa\u00e7o de trabalho. Di\u00e2metro de a\u00e7\u00e3o 2 a 2,5 metros.<\/p>\n<p>(*) Para saber mais sobre a sua efic\u00e1cia fa\u00e7a download neste mesmo site do estudo cient\u00edfico do ano 2014 do Dartsch Scientific Institute sobre o efeito in-vitro deste Gerador de Biocampos.<\/p>\n","protected":false},"excerpt":{"rendered":"<p>Prote\u00e7\u00e3o e vitaliza\u00e7\u00e3o de bolso face \u00e0 contamina\u00e7\u00e3o eletromagn\u00e9tica e o 5G<\/p>\n","protected":false},"featured_media":579,"template":"","meta":{"_acf_changed":false,"_joinchat":[]},"product_brand":[],"product_cat":[262],"product_tag":[347,282,340,353,352,354],"class_list":{"0":"post-14642","1":"product","2":"type-product","3":"status-publish","4":"has-post-thumbnail","6":"product_cat-equipamentos-protecao","7":"product_tag-5g-pt-pt","8":"product_tag-biorressonancia","9":"product_tag-equipamentos-de-protecao","10":"product_tag-minirayonex-5g-pt-pt","11":"product_tag-protecao-contaminacao-eletromagnetica","12":"product_tag-protecao5g","14":"first","15":"instock","16":"taxable","17":"shipping-taxable","18":"purchasable","19":"product-type-simple"},"acf":[],"yoast_head":"<!-- This site is optimized with the Yoast SEO plugin v27.4 - https:\/\/yoast.com\/product\/yoast-seo-wordpress\/ -->\n<title>Equipamentos prote\u00e7\u00e3o eletromagn\u00e9tica | 5G MiniRayonex | Geobionatura<\/title>\n<meta name=\"description\" content=\"Equipamento de prote\u00e7\u00e3o de bolso para proteg\u00ea-lo dos efeitos negativos da radia\u00e7\u00e3o e polui\u00e7\u00e3o eletromagn\u00e9tica 5G. Aproveite as nossas ofertas!\" \/>\n<meta name=\"robots\" content=\"index, follow, max-snippet:-1, max-image-preview:large, max-video-preview:-1\" \/>\n<link rel=\"canonical\" href=\"https:\/\/geobionatura.com\/pt-pt\/producto\/5g-mini-rayonex\/\" \/>\n<meta property=\"og:locale\" content=\"pt_PT\" \/>\n<meta property=\"og:type\" content=\"article\" \/>\n<meta property=\"og:title\" content=\"Equipamentos prote\u00e7\u00e3o eletromagn\u00e9tica | 5G MiniRayonex | Geobionatura\" \/>\n<meta property=\"og:description\" content=\"Equipamento de prote\u00e7\u00e3o de bolso para proteg\u00ea-lo dos efeitos negativos da radia\u00e7\u00e3o e polui\u00e7\u00e3o eletromagn\u00e9tica 5G. Aproveite as nossas ofertas!\" \/>\n<meta property=\"og:url\" content=\"https:\/\/geobionatura.com\/pt-pt\/producto\/5g-mini-rayonex\/\" \/>\n<meta property=\"og:site_name\" content=\"Geobionatura\" \/>\n<meta property=\"article:publisher\" content=\"https:\/\/www.facebook.com\/Geobionatura\/\" \/>\n<meta property=\"article:modified_time\" content=\"2024-05-29T17:21:16+00:00\" \/>\n<meta property=\"og:image\" content=\"https:\/\/geobionatura.com\/wp-content\/uploads\/2024\/03\/2-5G-Mini-Rayonex-1.jpg\" \/>\n\t<meta property=\"og:image:width\" content=\"1071\" \/>\n\t<meta property=\"og:image:height\" content=\"756\" \/>\n\t<meta property=\"og:image:type\" content=\"image\/jpeg\" \/>\n<meta name=\"twitter:card\" content=\"summary_large_image\" \/>\n<meta name=\"twitter:label1\" content=\"Tempo estimado de leitura\" \/>\n\t<meta name=\"twitter:data1\" content=\"1 minuto\" \/>\n<script type=\"application\/ld+json\" class=\"yoast-schema-graph\">{\"@context\":\"https:\\\/\\\/schema.org\",\"@graph\":[{\"@type\":\"WebPage\",\"@id\":\"https:\\\/\\\/geobionatura.com\\\/pt-pt\\\/producto\\\/5g-mini-rayonex\\\/\",\"url\":\"https:\\\/\\\/geobionatura.com\\\/pt-pt\\\/producto\\\/5g-mini-rayonex\\\/\",\"name\":\"Equipamentos prote\u00e7\u00e3o eletromagn\u00e9tica | 5G MiniRayonex | Geobionatura\",\"isPartOf\":{\"@id\":\"https:\\\/\\\/geobionatura.com\\\/pt-pt\\\/#website\"},\"primaryImageOfPage\":{\"@id\":\"https:\\\/\\\/geobionatura.com\\\/pt-pt\\\/producto\\\/5g-mini-rayonex\\\/#primaryimage\"},\"image\":{\"@id\":\"https:\\\/\\\/geobionatura.com\\\/pt-pt\\\/producto\\\/5g-mini-rayonex\\\/#primaryimage\"},\"thumbnailUrl\":\"https:\\\/\\\/geobionatura.com\\\/wp-content\\\/uploads\\\/2024\\\/03\\\/2-5G-Mini-Rayonex-1.jpg\",\"datePublished\":\"2024-04-10T07:51:00+00:00\",\"dateModified\":\"2024-05-29T17:21:16+00:00\",\"description\":\"Equipamento de prote\u00e7\u00e3o de bolso para proteg\u00ea-lo dos efeitos negativos da radia\u00e7\u00e3o e polui\u00e7\u00e3o eletromagn\u00e9tica 5G. Aproveite as nossas ofertas!\",\"breadcrumb\":{\"@id\":\"https:\\\/\\\/geobionatura.com\\\/pt-pt\\\/producto\\\/5g-mini-rayonex\\\/#breadcrumb\"},\"inLanguage\":\"pt-PT\",\"potentialAction\":[{\"@type\":\"ReadAction\",\"target\":[\"https:\\\/\\\/geobionatura.com\\\/pt-pt\\\/producto\\\/5g-mini-rayonex\\\/\"]}]},{\"@type\":\"ImageObject\",\"inLanguage\":\"pt-PT\",\"@id\":\"https:\\\/\\\/geobionatura.com\\\/pt-pt\\\/producto\\\/5g-mini-rayonex\\\/#primaryimage\",\"url\":\"https:\\\/\\\/geobionatura.com\\\/wp-content\\\/uploads\\\/2024\\\/03\\\/2-5G-Mini-Rayonex-1.jpg\",\"contentUrl\":\"https:\\\/\\\/geobionatura.com\\\/wp-content\\\/uploads\\\/2024\\\/03\\\/2-5G-Mini-Rayonex-1.jpg\",\"width\":1071,\"height\":756},{\"@type\":\"BreadcrumbList\",\"@id\":\"https:\\\/\\\/geobionatura.com\\\/pt-pt\\\/producto\\\/5g-mini-rayonex\\\/#breadcrumb\",\"itemListElement\":[{\"@type\":\"ListItem\",\"position\":1,\"name\":\"Portada\",\"item\":\"https:\\\/\\\/geobionatura.com\\\/\"},{\"@type\":\"ListItem\",\"position\":2,\"name\":\"Loja\",\"item\":\"https:\\\/\\\/geobionatura.com\\\/tienda\\\/\"},{\"@type\":\"ListItem\",\"position\":3,\"name\":\"5G Mini Rayonex\"}]},{\"@type\":\"WebSite\",\"@id\":\"https:\\\/\\\/geobionatura.com\\\/pt-pt\\\/#website\",\"url\":\"https:\\\/\\\/geobionatura.com\\\/pt-pt\\\/\",\"name\":\"geobionatura\",\"description\":\"Tu tienda Online\",\"publisher\":{\"@id\":\"https:\\\/\\\/geobionatura.com\\\/pt-pt\\\/#organization\"},\"potentialAction\":[{\"@type\":\"SearchAction\",\"target\":{\"@type\":\"EntryPoint\",\"urlTemplate\":\"https:\\\/\\\/geobionatura.com\\\/pt-pt\\\/?s={search_term_string}\"},\"query-input\":{\"@type\":\"PropertyValueSpecification\",\"valueRequired\":true,\"valueName\":\"search_term_string\"}}],\"inLanguage\":\"pt-PT\"},{\"@type\":\"Organization\",\"@id\":\"https:\\\/\\\/geobionatura.com\\\/pt-pt\\\/#organization\",\"name\":\"geobionatura\",\"url\":\"https:\\\/\\\/geobionatura.com\\\/pt-pt\\\/\",\"logo\":{\"@type\":\"ImageObject\",\"inLanguage\":\"pt-PT\",\"@id\":\"https:\\\/\\\/geobionatura.com\\\/pt-pt\\\/#\\\/schema\\\/logo\\\/image\\\/\",\"url\":\"https:\\\/\\\/geobionatura.com\\\/wp-content\\\/uploads\\\/2024\\\/02\\\/logo-biogeonatura.png\",\"contentUrl\":\"https:\\\/\\\/geobionatura.com\\\/wp-content\\\/uploads\\\/2024\\\/02\\\/logo-biogeonatura.png\",\"width\":256,\"height\":183,\"caption\":\"geobionatura\"},\"image\":{\"@id\":\"https:\\\/\\\/geobionatura.com\\\/pt-pt\\\/#\\\/schema\\\/logo\\\/image\\\/\"},\"sameAs\":[\"https:\\\/\\\/www.facebook.com\\\/Geobionatura\\\/\",\"https:\\\/\\\/www.linkedin.com\\\/company\\\/geobionatura\\\/\",\"https:\\\/\\\/www.youtube.com\\\/user\\\/Geobionatura\"]}]}<\/script>\n<!-- \/ Yoast SEO plugin. -->","yoast_head_json":{"title":"Equipamentos prote\u00e7\u00e3o eletromagn\u00e9tica | 5G MiniRayonex | Geobionatura","description":"Equipamento de prote\u00e7\u00e3o de bolso para proteg\u00ea-lo dos efeitos negativos da radia\u00e7\u00e3o e polui\u00e7\u00e3o eletromagn\u00e9tica 5G. Aproveite as nossas ofertas!","robots":{"index":"index","follow":"follow","max-snippet":"max-snippet:-1","max-image-preview":"max-image-preview:large","max-video-preview":"max-video-preview:-1"},"canonical":"https:\/\/geobionatura.com\/pt-pt\/producto\/5g-mini-rayonex\/","og_locale":"pt_PT","og_type":"article","og_title":"Equipamentos prote\u00e7\u00e3o eletromagn\u00e9tica | 5G MiniRayonex | Geobionatura","og_description":"Equipamento de prote\u00e7\u00e3o de bolso para proteg\u00ea-lo dos efeitos negativos da radia\u00e7\u00e3o e polui\u00e7\u00e3o eletromagn\u00e9tica 5G. Aproveite as nossas ofertas!","og_url":"https:\/\/geobionatura.com\/pt-pt\/producto\/5g-mini-rayonex\/","og_site_name":"Geobionatura","article_publisher":"https:\/\/www.facebook.com\/Geobionatura\/","article_modified_time":"2024-05-29T17:21:16+00:00","og_image":[{"width":1071,"height":756,"url":"https:\/\/geobionatura.com\/wp-content\/uploads\/2024\/03\/2-5G-Mini-Rayonex-1.jpg","type":"image\/jpeg"}],"twitter_card":"summary_large_image","twitter_misc":{"Tempo estimado de leitura":"1 minuto"},"schema":{"@context":"https:\/\/schema.org","@graph":[{"@type":"WebPage","@id":"https:\/\/geobionatura.com\/pt-pt\/producto\/5g-mini-rayonex\/","url":"https:\/\/geobionatura.com\/pt-pt\/producto\/5g-mini-rayonex\/","name":"Equipamentos prote\u00e7\u00e3o eletromagn\u00e9tica | 5G MiniRayonex | Geobionatura","isPartOf":{"@id":"https:\/\/geobionatura.com\/pt-pt\/#website"},"primaryImageOfPage":{"@id":"https:\/\/geobionatura.com\/pt-pt\/producto\/5g-mini-rayonex\/#primaryimage"},"image":{"@id":"https:\/\/geobionatura.com\/pt-pt\/producto\/5g-mini-rayonex\/#primaryimage"},"thumbnailUrl":"https:\/\/geobionatura.com\/wp-content\/uploads\/2024\/03\/2-5G-Mini-Rayonex-1.jpg","datePublished":"2024-04-10T07:51:00+00:00","dateModified":"2024-05-29T17:21:16+00:00","description":"Equipamento de prote\u00e7\u00e3o de bolso para proteg\u00ea-lo dos efeitos negativos da radia\u00e7\u00e3o e polui\u00e7\u00e3o eletromagn\u00e9tica 5G. Aproveite as nossas ofertas!","breadcrumb":{"@id":"https:\/\/geobionatura.com\/pt-pt\/producto\/5g-mini-rayonex\/#breadcrumb"},"inLanguage":"pt-PT","potentialAction":[{"@type":"ReadAction","target":["https:\/\/geobionatura.com\/pt-pt\/producto\/5g-mini-rayonex\/"]}]},{"@type":"ImageObject","inLanguage":"pt-PT","@id":"https:\/\/geobionatura.com\/pt-pt\/producto\/5g-mini-rayonex\/#primaryimage","url":"https:\/\/geobionatura.com\/wp-content\/uploads\/2024\/03\/2-5G-Mini-Rayonex-1.jpg","contentUrl":"https:\/\/geobionatura.com\/wp-content\/uploads\/2024\/03\/2-5G-Mini-Rayonex-1.jpg","width":1071,"height":756},{"@type":"BreadcrumbList","@id":"https:\/\/geobionatura.com\/pt-pt\/producto\/5g-mini-rayonex\/#breadcrumb","itemListElement":[{"@type":"ListItem","position":1,"name":"Portada","item":"https:\/\/geobionatura.com\/"},{"@type":"ListItem","position":2,"name":"Loja","item":"https:\/\/geobionatura.com\/tienda\/"},{"@type":"ListItem","position":3,"name":"5G Mini Rayonex"}]},{"@type":"WebSite","@id":"https:\/\/geobionatura.com\/pt-pt\/#website","url":"https:\/\/geobionatura.com\/pt-pt\/","name":"geobionatura","description":"Tu tienda Online","publisher":{"@id":"https:\/\/geobionatura.com\/pt-pt\/#organization"},"potentialAction":[{"@type":"SearchAction","target":{"@type":"EntryPoint","urlTemplate":"https:\/\/geobionatura.com\/pt-pt\/?s={search_term_string}"},"query-input":{"@type":"PropertyValueSpecification","valueRequired":true,"valueName":"search_term_string"}}],"inLanguage":"pt-PT"},{"@type":"Organization","@id":"https:\/\/geobionatura.com\/pt-pt\/#organization","name":"geobionatura","url":"https:\/\/geobionatura.com\/pt-pt\/","logo":{"@type":"ImageObject","inLanguage":"pt-PT","@id":"https:\/\/geobionatura.com\/pt-pt\/#\/schema\/logo\/image\/","url":"https:\/\/geobionatura.com\/wp-content\/uploads\/2024\/02\/logo-biogeonatura.png","contentUrl":"https:\/\/geobionatura.com\/wp-content\/uploads\/2024\/02\/logo-biogeonatura.png","width":256,"height":183,"caption":"geobionatura"},"image":{"@id":"https:\/\/geobionatura.com\/pt-pt\/#\/schema\/logo\/image\/"},"sameAs":["https:\/\/www.facebook.com\/Geobionatura\/","https:\/\/www.linkedin.com\/company\/geobionatura\/","https:\/\/www.youtube.com\/user\/Geobionatura"]}]}},"_links":{"self":[{"href":"https:\/\/geobionatura.com\/pt-pt\/wp-json\/wp\/v2\/product\/14642","targetHints":{"allow":["GET"]}}],"collection":[{"href":"https:\/\/geobionatura.com\/pt-pt\/wp-json\/wp\/v2\/product"}],"about":[{"href":"https:\/\/geobionatura.com\/pt-pt\/wp-json\/wp\/v2\/types\/product"}],"wp:featuredmedia":[{"embeddable":true,"href":"https:\/\/geobionatura.com\/pt-pt\/wp-json\/wp\/v2\/media\/579"}],"wp:attachment":[{"href":"https:\/\/geobionatura.com\/pt-pt\/wp-json\/wp\/v2\/media?parent=14642"}],"wp:term":[{"taxonomy":"product_brand","embeddable":true,"href":"https:\/\/geobionatura.com\/pt-pt\/wp-json\/wp\/v2\/product_brand?post=14642"},{"taxonomy":"product_cat","embeddable":true,"href":"https:\/\/geobionatura.com\/pt-pt\/wp-json\/wp\/v2\/product_cat?post=14642"},{"taxonomy":"product_tag","embeddable":true,"href":"https:\/\/geobionatura.com\/pt-pt\/wp-json\/wp\/v2\/product_tag?post=14642"}],"curies":[{"name":"wp","href":"https:\/\/api.w.org\/{rel}","templated":true}]}}