{"id":14634,"date":"2024-04-10T09:51:01","date_gmt":"2024-04-10T07:51:01","guid":{"rendered":"https:\/\/geobionatura.com\/producto\/esmog-rayonator\/"},"modified":"2024-05-29T19:00:51","modified_gmt":"2024-05-29T17:00:51","slug":"esmog-rayonator","status":"publish","type":"product","link":"https:\/\/geobionatura.com\/pt-pt\/producto\/esmog-rayonator\/","title":{"rendered":"Esmog-Rayonator"},"content":{"rendered":"<p>O Esmog-Rayonator \u00e9 um equipamento de prote\u00e7\u00e3o estacion\u00e1ria\/fixa contra a polui\u00e7\u00e3o eletromagn\u00e9tica artificial de baixa frequ\u00eancia (em geral a devida \u00e0 eletricidade dom\u00e9stica, \u00e0s linhas de alta e media tens\u00e3o, aos caminhos de ferro eletrificados, aos equipamentos electr\u00f3nicos de escrit\u00f3rio e aos eletrodom\u00e9sticos\u2026). Tem um di\u00e2metro de a\u00e7\u00e3o de 2,5 metros quando instalado individualmente ligado ao aterramento (ref. 32741) ou, alternativamente, o mesmo di\u00e2metro de a\u00e7\u00e3o do equipamento Duplex ao que estiver ligado (ref. 32740) quando se instalam conjuntamente um Rayonator e um Duplex. Cont\u00e9m 6 antenas dipolo que emitem 6 frequ\u00eancias harmonizadoras do organismo quando exposto \u00e0 polui\u00e7\u00e3o eletromagn\u00e9tica artificial de baixa frequ\u00eancia. Tamanho do equipamento 100 x 65 mm, peso 693 g. <\/p>\n","protected":false},"excerpt":{"rendered":"<p>Prote\u00e7\u00e3o estacion\u00e1ria\/fixa contra a polui\u00e7\u00e3o EM artifical de baixa frequ\u00eancia<\/p>\n","protected":false},"featured_media":901,"template":"","meta":{"_acf_changed":false,"_joinchat":[]},"product_brand":[],"product_cat":[262],"product_tag":[282,350,340,346,341],"class_list":{"0":"post-14634","1":"product","2":"type-product","3":"status-publish","4":"has-post-thumbnail","6":"product_cat-equipamentos-protecao","7":"product_tag-biorressonancia","8":"product_tag-electrosmog-pt-pt","9":"product_tag-equipamentos-de-protecao","10":"product_tag-poluicao-eletromagnetica","11":"product_tag-rayonator-pt-pt","13":"first","14":"instock","15":"taxable","16":"shipping-taxable","17":"purchasable","18":"product-type-variable"},"acf":[],"yoast_head":"<!-- This site is optimized with the Yoast SEO plugin v27.4 - https:\/\/yoast.com\/product\/yoast-seo-wordpress\/ -->\n<title>Equipamento prote\u00e7\u00e3o eletromagn\u00e9tica| EsmogRayonator| Geobionatura<\/title>\n<meta name=\"description\" content=\"Equipamento de prote\u00e7\u00e3o estacion\u00e1ria contra polui\u00e7\u00e3o eletromagn\u00e9tica artificial de baixa frequ\u00eancia, como eletricidade dom\u00e9stica, linhas de alta tens\u00e3o, ferrovias.\" \/>\n<meta name=\"robots\" content=\"index, follow, max-snippet:-1, max-image-preview:large, max-video-preview:-1\" \/>\n<link rel=\"canonical\" href=\"https:\/\/geobionatura.com\/pt-pt\/producto\/esmog-rayonator\/\" \/>\n<meta property=\"og:locale\" content=\"pt_PT\" \/>\n<meta property=\"og:type\" content=\"article\" \/>\n<meta property=\"og:title\" content=\"Equipamento prote\u00e7\u00e3o eletromagn\u00e9tica| EsmogRayonator| Geobionatura\" \/>\n<meta property=\"og:description\" content=\"Equipamento de prote\u00e7\u00e3o estacion\u00e1ria contra polui\u00e7\u00e3o eletromagn\u00e9tica artificial de baixa frequ\u00eancia, como eletricidade dom\u00e9stica, linhas de alta tens\u00e3o, ferrovias.\" \/>\n<meta property=\"og:url\" content=\"https:\/\/geobionatura.com\/pt-pt\/producto\/esmog-rayonator\/\" \/>\n<meta property=\"og:site_name\" content=\"Geobionatura\" \/>\n<meta property=\"article:publisher\" content=\"https:\/\/www.facebook.com\/Geobionatura\/\" \/>\n<meta property=\"article:modified_time\" content=\"2024-05-29T17:00:51+00:00\" \/>\n<meta property=\"og:image\" content=\"https:\/\/geobionatura.com\/wp-content\/uploads\/2024\/03\/32740-Esmog-Rayonator-prueba.jpg\" \/>\n\t<meta property=\"og:image:width\" content=\"850\" \/>\n\t<meta property=\"og:image:height\" content=\"680\" \/>\n\t<meta property=\"og:image:type\" content=\"image\/jpeg\" \/>\n<meta name=\"twitter:card\" content=\"summary_large_image\" \/>\n<meta name=\"twitter:label1\" content=\"Tempo estimado de leitura\" \/>\n\t<meta name=\"twitter:data1\" content=\"1 minuto\" \/>\n<script type=\"application\/ld+json\" class=\"yoast-schema-graph\">{\"@context\":\"https:\\\/\\\/schema.org\",\"@graph\":[{\"@type\":\"WebPage\",\"@id\":\"https:\\\/\\\/geobionatura.com\\\/pt-pt\\\/producto\\\/esmog-rayonator\\\/\",\"url\":\"https:\\\/\\\/geobionatura.com\\\/pt-pt\\\/producto\\\/esmog-rayonator\\\/\",\"name\":\"Equipamento prote\u00e7\u00e3o eletromagn\u00e9tica| EsmogRayonator| Geobionatura\",\"isPartOf\":{\"@id\":\"https:\\\/\\\/geobionatura.com\\\/pt-pt\\\/#website\"},\"primaryImageOfPage\":{\"@id\":\"https:\\\/\\\/geobionatura.com\\\/pt-pt\\\/producto\\\/esmog-rayonator\\\/#primaryimage\"},\"image\":{\"@id\":\"https:\\\/\\\/geobionatura.com\\\/pt-pt\\\/producto\\\/esmog-rayonator\\\/#primaryimage\"},\"thumbnailUrl\":\"https:\\\/\\\/geobionatura.com\\\/wp-content\\\/uploads\\\/2024\\\/03\\\/32740-Esmog-Rayonator-prueba.jpg\",\"datePublished\":\"2024-04-10T07:51:01+00:00\",\"dateModified\":\"2024-05-29T17:00:51+00:00\",\"description\":\"Equipamento de prote\u00e7\u00e3o estacion\u00e1ria contra polui\u00e7\u00e3o eletromagn\u00e9tica artificial de baixa frequ\u00eancia, como eletricidade dom\u00e9stica, linhas de alta tens\u00e3o, ferrovias.\",\"breadcrumb\":{\"@id\":\"https:\\\/\\\/geobionatura.com\\\/pt-pt\\\/producto\\\/esmog-rayonator\\\/#breadcrumb\"},\"inLanguage\":\"pt-PT\",\"potentialAction\":[{\"@type\":\"ReadAction\",\"target\":[\"https:\\\/\\\/geobionatura.com\\\/pt-pt\\\/producto\\\/esmog-rayonator\\\/\"]}]},{\"@type\":\"ImageObject\",\"inLanguage\":\"pt-PT\",\"@id\":\"https:\\\/\\\/geobionatura.com\\\/pt-pt\\\/producto\\\/esmog-rayonator\\\/#primaryimage\",\"url\":\"https:\\\/\\\/geobionatura.com\\\/wp-content\\\/uploads\\\/2024\\\/03\\\/32740-Esmog-Rayonator-prueba.jpg\",\"contentUrl\":\"https:\\\/\\\/geobionatura.com\\\/wp-content\\\/uploads\\\/2024\\\/03\\\/32740-Esmog-Rayonator-prueba.jpg\",\"width\":850,\"height\":680},{\"@type\":\"BreadcrumbList\",\"@id\":\"https:\\\/\\\/geobionatura.com\\\/pt-pt\\\/producto\\\/esmog-rayonator\\\/#breadcrumb\",\"itemListElement\":[{\"@type\":\"ListItem\",\"position\":1,\"name\":\"Portada\",\"item\":\"https:\\\/\\\/geobionatura.com\\\/\"},{\"@type\":\"ListItem\",\"position\":2,\"name\":\"Loja\",\"item\":\"https:\\\/\\\/geobionatura.com\\\/tienda\\\/\"},{\"@type\":\"ListItem\",\"position\":3,\"name\":\"Esmog-Rayonator\"}]},{\"@type\":\"WebSite\",\"@id\":\"https:\\\/\\\/geobionatura.com\\\/pt-pt\\\/#website\",\"url\":\"https:\\\/\\\/geobionatura.com\\\/pt-pt\\\/\",\"name\":\"geobionatura\",\"description\":\"Tu tienda Online\",\"publisher\":{\"@id\":\"https:\\\/\\\/geobionatura.com\\\/pt-pt\\\/#organization\"},\"potentialAction\":[{\"@type\":\"SearchAction\",\"target\":{\"@type\":\"EntryPoint\",\"urlTemplate\":\"https:\\\/\\\/geobionatura.com\\\/pt-pt\\\/?s={search_term_string}\"},\"query-input\":{\"@type\":\"PropertyValueSpecification\",\"valueRequired\":true,\"valueName\":\"search_term_string\"}}],\"inLanguage\":\"pt-PT\"},{\"@type\":\"Organization\",\"@id\":\"https:\\\/\\\/geobionatura.com\\\/pt-pt\\\/#organization\",\"name\":\"geobionatura\",\"url\":\"https:\\\/\\\/geobionatura.com\\\/pt-pt\\\/\",\"logo\":{\"@type\":\"ImageObject\",\"inLanguage\":\"pt-PT\",\"@id\":\"https:\\\/\\\/geobionatura.com\\\/pt-pt\\\/#\\\/schema\\\/logo\\\/image\\\/\",\"url\":\"https:\\\/\\\/geobionatura.com\\\/wp-content\\\/uploads\\\/2024\\\/02\\\/logo-biogeonatura.png\",\"contentUrl\":\"https:\\\/\\\/geobionatura.com\\\/wp-content\\\/uploads\\\/2024\\\/02\\\/logo-biogeonatura.png\",\"width\":256,\"height\":183,\"caption\":\"geobionatura\"},\"image\":{\"@id\":\"https:\\\/\\\/geobionatura.com\\\/pt-pt\\\/#\\\/schema\\\/logo\\\/image\\\/\"},\"sameAs\":[\"https:\\\/\\\/www.facebook.com\\\/Geobionatura\\\/\",\"https:\\\/\\\/www.linkedin.com\\\/company\\\/geobionatura\\\/\",\"https:\\\/\\\/www.youtube.com\\\/user\\\/Geobionatura\"]}]}<\/script>\n<!-- \/ Yoast SEO plugin. -->","yoast_head_json":{"title":"Equipamento prote\u00e7\u00e3o eletromagn\u00e9tica| EsmogRayonator| Geobionatura","description":"Equipamento de prote\u00e7\u00e3o estacion\u00e1ria contra polui\u00e7\u00e3o eletromagn\u00e9tica artificial de baixa frequ\u00eancia, como eletricidade dom\u00e9stica, linhas de alta tens\u00e3o, ferrovias.","robots":{"index":"index","follow":"follow","max-snippet":"max-snippet:-1","max-image-preview":"max-image-preview:large","max-video-preview":"max-video-preview:-1"},"canonical":"https:\/\/geobionatura.com\/pt-pt\/producto\/esmog-rayonator\/","og_locale":"pt_PT","og_type":"article","og_title":"Equipamento prote\u00e7\u00e3o eletromagn\u00e9tica| EsmogRayonator| Geobionatura","og_description":"Equipamento de prote\u00e7\u00e3o estacion\u00e1ria contra polui\u00e7\u00e3o eletromagn\u00e9tica artificial de baixa frequ\u00eancia, como eletricidade dom\u00e9stica, linhas de alta tens\u00e3o, ferrovias.","og_url":"https:\/\/geobionatura.com\/pt-pt\/producto\/esmog-rayonator\/","og_site_name":"Geobionatura","article_publisher":"https:\/\/www.facebook.com\/Geobionatura\/","article_modified_time":"2024-05-29T17:00:51+00:00","og_image":[{"width":850,"height":680,"url":"https:\/\/geobionatura.com\/wp-content\/uploads\/2024\/03\/32740-Esmog-Rayonator-prueba.jpg","type":"image\/jpeg"}],"twitter_card":"summary_large_image","twitter_misc":{"Tempo estimado de leitura":"1 minuto"},"schema":{"@context":"https:\/\/schema.org","@graph":[{"@type":"WebPage","@id":"https:\/\/geobionatura.com\/pt-pt\/producto\/esmog-rayonator\/","url":"https:\/\/geobionatura.com\/pt-pt\/producto\/esmog-rayonator\/","name":"Equipamento prote\u00e7\u00e3o eletromagn\u00e9tica| EsmogRayonator| Geobionatura","isPartOf":{"@id":"https:\/\/geobionatura.com\/pt-pt\/#website"},"primaryImageOfPage":{"@id":"https:\/\/geobionatura.com\/pt-pt\/producto\/esmog-rayonator\/#primaryimage"},"image":{"@id":"https:\/\/geobionatura.com\/pt-pt\/producto\/esmog-rayonator\/#primaryimage"},"thumbnailUrl":"https:\/\/geobionatura.com\/wp-content\/uploads\/2024\/03\/32740-Esmog-Rayonator-prueba.jpg","datePublished":"2024-04-10T07:51:01+00:00","dateModified":"2024-05-29T17:00:51+00:00","description":"Equipamento de prote\u00e7\u00e3o estacion\u00e1ria contra polui\u00e7\u00e3o eletromagn\u00e9tica artificial de baixa frequ\u00eancia, como eletricidade dom\u00e9stica, linhas de alta tens\u00e3o, ferrovias.","breadcrumb":{"@id":"https:\/\/geobionatura.com\/pt-pt\/producto\/esmog-rayonator\/#breadcrumb"},"inLanguage":"pt-PT","potentialAction":[{"@type":"ReadAction","target":["https:\/\/geobionatura.com\/pt-pt\/producto\/esmog-rayonator\/"]}]},{"@type":"ImageObject","inLanguage":"pt-PT","@id":"https:\/\/geobionatura.com\/pt-pt\/producto\/esmog-rayonator\/#primaryimage","url":"https:\/\/geobionatura.com\/wp-content\/uploads\/2024\/03\/32740-Esmog-Rayonator-prueba.jpg","contentUrl":"https:\/\/geobionatura.com\/wp-content\/uploads\/2024\/03\/32740-Esmog-Rayonator-prueba.jpg","width":850,"height":680},{"@type":"BreadcrumbList","@id":"https:\/\/geobionatura.com\/pt-pt\/producto\/esmog-rayonator\/#breadcrumb","itemListElement":[{"@type":"ListItem","position":1,"name":"Portada","item":"https:\/\/geobionatura.com\/"},{"@type":"ListItem","position":2,"name":"Loja","item":"https:\/\/geobionatura.com\/tienda\/"},{"@type":"ListItem","position":3,"name":"Esmog-Rayonator"}]},{"@type":"WebSite","@id":"https:\/\/geobionatura.com\/pt-pt\/#website","url":"https:\/\/geobionatura.com\/pt-pt\/","name":"geobionatura","description":"Tu tienda Online","publisher":{"@id":"https:\/\/geobionatura.com\/pt-pt\/#organization"},"potentialAction":[{"@type":"SearchAction","target":{"@type":"EntryPoint","urlTemplate":"https:\/\/geobionatura.com\/pt-pt\/?s={search_term_string}"},"query-input":{"@type":"PropertyValueSpecification","valueRequired":true,"valueName":"search_term_string"}}],"inLanguage":"pt-PT"},{"@type":"Organization","@id":"https:\/\/geobionatura.com\/pt-pt\/#organization","name":"geobionatura","url":"https:\/\/geobionatura.com\/pt-pt\/","logo":{"@type":"ImageObject","inLanguage":"pt-PT","@id":"https:\/\/geobionatura.com\/pt-pt\/#\/schema\/logo\/image\/","url":"https:\/\/geobionatura.com\/wp-content\/uploads\/2024\/02\/logo-biogeonatura.png","contentUrl":"https:\/\/geobionatura.com\/wp-content\/uploads\/2024\/02\/logo-biogeonatura.png","width":256,"height":183,"caption":"geobionatura"},"image":{"@id":"https:\/\/geobionatura.com\/pt-pt\/#\/schema\/logo\/image\/"},"sameAs":["https:\/\/www.facebook.com\/Geobionatura\/","https:\/\/www.linkedin.com\/company\/geobionatura\/","https:\/\/www.youtube.com\/user\/Geobionatura"]}]}},"_links":{"self":[{"href":"https:\/\/geobionatura.com\/pt-pt\/wp-json\/wp\/v2\/product\/14634","targetHints":{"allow":["GET"]}}],"collection":[{"href":"https:\/\/geobionatura.com\/pt-pt\/wp-json\/wp\/v2\/product"}],"about":[{"href":"https:\/\/geobionatura.com\/pt-pt\/wp-json\/wp\/v2\/types\/product"}],"wp:featuredmedia":[{"embeddable":true,"href":"https:\/\/geobionatura.com\/pt-pt\/wp-json\/wp\/v2\/media\/901"}],"wp:attachment":[{"href":"https:\/\/geobionatura.com\/pt-pt\/wp-json\/wp\/v2\/media?parent=14634"}],"wp:term":[{"taxonomy":"product_brand","embeddable":true,"href":"https:\/\/geobionatura.com\/pt-pt\/wp-json\/wp\/v2\/product_brand?post=14634"},{"taxonomy":"product_cat","embeddable":true,"href":"https:\/\/geobionatura.com\/pt-pt\/wp-json\/wp\/v2\/product_cat?post=14634"},{"taxonomy":"product_tag","embeddable":true,"href":"https:\/\/geobionatura.com\/pt-pt\/wp-json\/wp\/v2\/product_tag?post=14634"}],"curies":[{"name":"wp","href":"https:\/\/api.w.org\/{rel}","templated":true}]}}