{"id":14632,"date":"2024-04-10T09:51:01","date_gmt":"2024-04-10T07:51:01","guid":{"rendered":"https:\/\/geobionatura.com\/producto\/duplex-iv\/"},"modified":"2024-05-29T18:55:23","modified_gmt":"2024-05-29T16:55:23","slug":"duplex-iv","status":"publish","type":"product","link":"https:\/\/geobionatura.com\/pt-pt\/producto\/duplex-iv\/","title":{"rendered":"Duplex IV"},"content":{"rendered":"<p>O Duplex IV \u00e9 um equipamento fixo ou estacion\u00e1rio de prote\u00e7\u00e3o contra a contamina\u00e7\u00e3o eletromagn\u00e9tica natural: correntes de \u00e1gua subterr\u00e2neas, falhas e redes globais (as linhas e cruzamentos das redes Hartmann, Curry e Benker). Est\u00e1 fabricado em a\u00e7o inoxid\u00e1vel e n\u00e3o precisa de estar ligado ao aterramento. N\u00e3o precisa estar ligado \u00e0 corrente nem consome pilhas. Tem um di\u00e2metro de a\u00e7\u00e3o de 20 metros. Dimens\u00f5es: altura 50 cm, peso 2,7 kg. Pode ser usado individualmente ou ligado a um ou v\u00e1rios equipamentos Rayonator do mesmo fabricante, aumentando assim o di\u00e2metro de a\u00e7\u00e3o destes \u00e0quele do Duplex IV. <\/p>\n","protected":false},"excerpt":{"rendered":"<p>Prote\u00e7\u00e3o contamina\u00e7\u00e3o eletromagn\u00e9tica natural (geopat\u00edas)<\/p>\n","protected":false},"featured_media":820,"template":"","meta":{"_acf_changed":false,"_joinchat":[]},"product_brand":[],"product_cat":[262],"product_tag":[343,344,333,334,335,345],"class_list":{"0":"post-14632","1":"product","2":"type-product","3":"status-publish","4":"has-post-thumbnail","6":"product_cat-equipamentos-protecao","7":"product_tag-contaminacao-eletromagnetica-natural-pt-pt","8":"product_tag-correntes-agua-subterraneas","9":"product_tag-duplex-pt-pt","10":"product_tag-geobiologia-pt-pt","11":"product_tag-geopatias-pt-pt","12":"product_tag-redes-globais","14":"first","15":"instock","16":"taxable","17":"shipping-taxable","18":"purchasable","19":"product-type-simple"},"acf":[],"yoast_head":"<!-- This site is optimized with the Yoast SEO plugin v27.4 - https:\/\/yoast.com\/product\/yoast-seo-wordpress\/ -->\n<title>Equipamentos prote\u00e7\u00e3o eletromagn\u00e9tica | Duplex IV | Geobionatura<\/title>\n<meta name=\"description\" content=\"Equipamento de a\u00e7o inoxid\u00e1vel de prote\u00e7\u00e3o fixa contra a contamina\u00e7\u00e3o EM natural (correntes subterr\u00e2neas, falhas e redes globais). Aproveite as nossas promo\u00e7\u00f5es!\" \/>\n<meta name=\"robots\" content=\"index, follow, max-snippet:-1, max-image-preview:large, max-video-preview:-1\" \/>\n<link rel=\"canonical\" href=\"https:\/\/geobionatura.com\/pt-pt\/producto\/duplex-iv\/\" \/>\n<meta property=\"og:locale\" content=\"pt_PT\" \/>\n<meta property=\"og:type\" content=\"article\" \/>\n<meta property=\"og:title\" content=\"Equipamentos prote\u00e7\u00e3o eletromagn\u00e9tica | Duplex IV | Geobionatura\" \/>\n<meta property=\"og:description\" content=\"Equipamento de a\u00e7o inoxid\u00e1vel de prote\u00e7\u00e3o fixa contra a contamina\u00e7\u00e3o EM natural (correntes subterr\u00e2neas, falhas e redes globais). Aproveite as nossas promo\u00e7\u00f5es!\" \/>\n<meta property=\"og:url\" content=\"https:\/\/geobionatura.com\/pt-pt\/producto\/duplex-iv\/\" \/>\n<meta property=\"og:site_name\" content=\"Geobionatura\" \/>\n<meta property=\"article:publisher\" content=\"https:\/\/www.facebook.com\/Geobionatura\/\" \/>\n<meta property=\"article:modified_time\" content=\"2024-05-29T16:55:23+00:00\" \/>\n<meta property=\"og:image\" content=\"https:\/\/geobionatura.com\/wp-content\/uploads\/2024\/03\/16-Duplex-IV-2-1.jpg\" \/>\n\t<meta property=\"og:image:width\" content=\"850\" \/>\n\t<meta property=\"og:image:height\" content=\"1141\" \/>\n\t<meta property=\"og:image:type\" content=\"image\/jpeg\" \/>\n<meta name=\"twitter:card\" content=\"summary_large_image\" \/>\n<meta name=\"twitter:label1\" content=\"Tempo estimado de leitura\" \/>\n\t<meta name=\"twitter:data1\" content=\"1 minuto\" \/>\n<script type=\"application\/ld+json\" class=\"yoast-schema-graph\">{\"@context\":\"https:\\\/\\\/schema.org\",\"@graph\":[{\"@type\":\"WebPage\",\"@id\":\"https:\\\/\\\/geobionatura.com\\\/pt-pt\\\/producto\\\/duplex-iv\\\/\",\"url\":\"https:\\\/\\\/geobionatura.com\\\/pt-pt\\\/producto\\\/duplex-iv\\\/\",\"name\":\"Equipamentos prote\u00e7\u00e3o eletromagn\u00e9tica | Duplex IV | Geobionatura\",\"isPartOf\":{\"@id\":\"https:\\\/\\\/geobionatura.com\\\/pt-pt\\\/#website\"},\"primaryImageOfPage\":{\"@id\":\"https:\\\/\\\/geobionatura.com\\\/pt-pt\\\/producto\\\/duplex-iv\\\/#primaryimage\"},\"image\":{\"@id\":\"https:\\\/\\\/geobionatura.com\\\/pt-pt\\\/producto\\\/duplex-iv\\\/#primaryimage\"},\"thumbnailUrl\":\"https:\\\/\\\/geobionatura.com\\\/wp-content\\\/uploads\\\/2024\\\/03\\\/16-Duplex-IV-2-1.jpg\",\"datePublished\":\"2024-04-10T07:51:01+00:00\",\"dateModified\":\"2024-05-29T16:55:23+00:00\",\"description\":\"Equipamento de a\u00e7o inoxid\u00e1vel de prote\u00e7\u00e3o fixa contra a contamina\u00e7\u00e3o EM natural (correntes subterr\u00e2neas, falhas e redes globais). Aproveite as nossas promo\u00e7\u00f5es!\",\"breadcrumb\":{\"@id\":\"https:\\\/\\\/geobionatura.com\\\/pt-pt\\\/producto\\\/duplex-iv\\\/#breadcrumb\"},\"inLanguage\":\"pt-PT\",\"potentialAction\":[{\"@type\":\"ReadAction\",\"target\":[\"https:\\\/\\\/geobionatura.com\\\/pt-pt\\\/producto\\\/duplex-iv\\\/\"]}]},{\"@type\":\"ImageObject\",\"inLanguage\":\"pt-PT\",\"@id\":\"https:\\\/\\\/geobionatura.com\\\/pt-pt\\\/producto\\\/duplex-iv\\\/#primaryimage\",\"url\":\"https:\\\/\\\/geobionatura.com\\\/wp-content\\\/uploads\\\/2024\\\/03\\\/16-Duplex-IV-2-1.jpg\",\"contentUrl\":\"https:\\\/\\\/geobionatura.com\\\/wp-content\\\/uploads\\\/2024\\\/03\\\/16-Duplex-IV-2-1.jpg\",\"width\":850,\"height\":1141},{\"@type\":\"BreadcrumbList\",\"@id\":\"https:\\\/\\\/geobionatura.com\\\/pt-pt\\\/producto\\\/duplex-iv\\\/#breadcrumb\",\"itemListElement\":[{\"@type\":\"ListItem\",\"position\":1,\"name\":\"Portada\",\"item\":\"https:\\\/\\\/geobionatura.com\\\/\"},{\"@type\":\"ListItem\",\"position\":2,\"name\":\"Loja\",\"item\":\"https:\\\/\\\/geobionatura.com\\\/tienda\\\/\"},{\"@type\":\"ListItem\",\"position\":3,\"name\":\"Duplex IV\"}]},{\"@type\":\"WebSite\",\"@id\":\"https:\\\/\\\/geobionatura.com\\\/pt-pt\\\/#website\",\"url\":\"https:\\\/\\\/geobionatura.com\\\/pt-pt\\\/\",\"name\":\"geobionatura\",\"description\":\"Tu tienda Online\",\"publisher\":{\"@id\":\"https:\\\/\\\/geobionatura.com\\\/pt-pt\\\/#organization\"},\"potentialAction\":[{\"@type\":\"SearchAction\",\"target\":{\"@type\":\"EntryPoint\",\"urlTemplate\":\"https:\\\/\\\/geobionatura.com\\\/pt-pt\\\/?s={search_term_string}\"},\"query-input\":{\"@type\":\"PropertyValueSpecification\",\"valueRequired\":true,\"valueName\":\"search_term_string\"}}],\"inLanguage\":\"pt-PT\"},{\"@type\":\"Organization\",\"@id\":\"https:\\\/\\\/geobionatura.com\\\/pt-pt\\\/#organization\",\"name\":\"geobionatura\",\"url\":\"https:\\\/\\\/geobionatura.com\\\/pt-pt\\\/\",\"logo\":{\"@type\":\"ImageObject\",\"inLanguage\":\"pt-PT\",\"@id\":\"https:\\\/\\\/geobionatura.com\\\/pt-pt\\\/#\\\/schema\\\/logo\\\/image\\\/\",\"url\":\"https:\\\/\\\/geobionatura.com\\\/wp-content\\\/uploads\\\/2024\\\/02\\\/logo-biogeonatura.png\",\"contentUrl\":\"https:\\\/\\\/geobionatura.com\\\/wp-content\\\/uploads\\\/2024\\\/02\\\/logo-biogeonatura.png\",\"width\":256,\"height\":183,\"caption\":\"geobionatura\"},\"image\":{\"@id\":\"https:\\\/\\\/geobionatura.com\\\/pt-pt\\\/#\\\/schema\\\/logo\\\/image\\\/\"},\"sameAs\":[\"https:\\\/\\\/www.facebook.com\\\/Geobionatura\\\/\",\"https:\\\/\\\/www.linkedin.com\\\/company\\\/geobionatura\\\/\",\"https:\\\/\\\/www.youtube.com\\\/user\\\/Geobionatura\"]}]}<\/script>\n<!-- \/ Yoast SEO plugin. -->","yoast_head_json":{"title":"Equipamentos prote\u00e7\u00e3o eletromagn\u00e9tica | Duplex IV | Geobionatura","description":"Equipamento de a\u00e7o inoxid\u00e1vel de prote\u00e7\u00e3o fixa contra a contamina\u00e7\u00e3o EM natural (correntes subterr\u00e2neas, falhas e redes globais). Aproveite as nossas promo\u00e7\u00f5es!","robots":{"index":"index","follow":"follow","max-snippet":"max-snippet:-1","max-image-preview":"max-image-preview:large","max-video-preview":"max-video-preview:-1"},"canonical":"https:\/\/geobionatura.com\/pt-pt\/producto\/duplex-iv\/","og_locale":"pt_PT","og_type":"article","og_title":"Equipamentos prote\u00e7\u00e3o eletromagn\u00e9tica | Duplex IV | Geobionatura","og_description":"Equipamento de a\u00e7o inoxid\u00e1vel de prote\u00e7\u00e3o fixa contra a contamina\u00e7\u00e3o EM natural (correntes subterr\u00e2neas, falhas e redes globais). Aproveite as nossas promo\u00e7\u00f5es!","og_url":"https:\/\/geobionatura.com\/pt-pt\/producto\/duplex-iv\/","og_site_name":"Geobionatura","article_publisher":"https:\/\/www.facebook.com\/Geobionatura\/","article_modified_time":"2024-05-29T16:55:23+00:00","og_image":[{"width":850,"height":1141,"url":"https:\/\/geobionatura.com\/wp-content\/uploads\/2024\/03\/16-Duplex-IV-2-1.jpg","type":"image\/jpeg"}],"twitter_card":"summary_large_image","twitter_misc":{"Tempo estimado de leitura":"1 minuto"},"schema":{"@context":"https:\/\/schema.org","@graph":[{"@type":"WebPage","@id":"https:\/\/geobionatura.com\/pt-pt\/producto\/duplex-iv\/","url":"https:\/\/geobionatura.com\/pt-pt\/producto\/duplex-iv\/","name":"Equipamentos prote\u00e7\u00e3o eletromagn\u00e9tica | Duplex IV | Geobionatura","isPartOf":{"@id":"https:\/\/geobionatura.com\/pt-pt\/#website"},"primaryImageOfPage":{"@id":"https:\/\/geobionatura.com\/pt-pt\/producto\/duplex-iv\/#primaryimage"},"image":{"@id":"https:\/\/geobionatura.com\/pt-pt\/producto\/duplex-iv\/#primaryimage"},"thumbnailUrl":"https:\/\/geobionatura.com\/wp-content\/uploads\/2024\/03\/16-Duplex-IV-2-1.jpg","datePublished":"2024-04-10T07:51:01+00:00","dateModified":"2024-05-29T16:55:23+00:00","description":"Equipamento de a\u00e7o inoxid\u00e1vel de prote\u00e7\u00e3o fixa contra a contamina\u00e7\u00e3o EM natural (correntes subterr\u00e2neas, falhas e redes globais). Aproveite as nossas promo\u00e7\u00f5es!","breadcrumb":{"@id":"https:\/\/geobionatura.com\/pt-pt\/producto\/duplex-iv\/#breadcrumb"},"inLanguage":"pt-PT","potentialAction":[{"@type":"ReadAction","target":["https:\/\/geobionatura.com\/pt-pt\/producto\/duplex-iv\/"]}]},{"@type":"ImageObject","inLanguage":"pt-PT","@id":"https:\/\/geobionatura.com\/pt-pt\/producto\/duplex-iv\/#primaryimage","url":"https:\/\/geobionatura.com\/wp-content\/uploads\/2024\/03\/16-Duplex-IV-2-1.jpg","contentUrl":"https:\/\/geobionatura.com\/wp-content\/uploads\/2024\/03\/16-Duplex-IV-2-1.jpg","width":850,"height":1141},{"@type":"BreadcrumbList","@id":"https:\/\/geobionatura.com\/pt-pt\/producto\/duplex-iv\/#breadcrumb","itemListElement":[{"@type":"ListItem","position":1,"name":"Portada","item":"https:\/\/geobionatura.com\/"},{"@type":"ListItem","position":2,"name":"Loja","item":"https:\/\/geobionatura.com\/tienda\/"},{"@type":"ListItem","position":3,"name":"Duplex IV"}]},{"@type":"WebSite","@id":"https:\/\/geobionatura.com\/pt-pt\/#website","url":"https:\/\/geobionatura.com\/pt-pt\/","name":"geobionatura","description":"Tu tienda Online","publisher":{"@id":"https:\/\/geobionatura.com\/pt-pt\/#organization"},"potentialAction":[{"@type":"SearchAction","target":{"@type":"EntryPoint","urlTemplate":"https:\/\/geobionatura.com\/pt-pt\/?s={search_term_string}"},"query-input":{"@type":"PropertyValueSpecification","valueRequired":true,"valueName":"search_term_string"}}],"inLanguage":"pt-PT"},{"@type":"Organization","@id":"https:\/\/geobionatura.com\/pt-pt\/#organization","name":"geobionatura","url":"https:\/\/geobionatura.com\/pt-pt\/","logo":{"@type":"ImageObject","inLanguage":"pt-PT","@id":"https:\/\/geobionatura.com\/pt-pt\/#\/schema\/logo\/image\/","url":"https:\/\/geobionatura.com\/wp-content\/uploads\/2024\/02\/logo-biogeonatura.png","contentUrl":"https:\/\/geobionatura.com\/wp-content\/uploads\/2024\/02\/logo-biogeonatura.png","width":256,"height":183,"caption":"geobionatura"},"image":{"@id":"https:\/\/geobionatura.com\/pt-pt\/#\/schema\/logo\/image\/"},"sameAs":["https:\/\/www.facebook.com\/Geobionatura\/","https:\/\/www.linkedin.com\/company\/geobionatura\/","https:\/\/www.youtube.com\/user\/Geobionatura"]}]}},"_links":{"self":[{"href":"https:\/\/geobionatura.com\/pt-pt\/wp-json\/wp\/v2\/product\/14632","targetHints":{"allow":["GET"]}}],"collection":[{"href":"https:\/\/geobionatura.com\/pt-pt\/wp-json\/wp\/v2\/product"}],"about":[{"href":"https:\/\/geobionatura.com\/pt-pt\/wp-json\/wp\/v2\/types\/product"}],"wp:featuredmedia":[{"embeddable":true,"href":"https:\/\/geobionatura.com\/pt-pt\/wp-json\/wp\/v2\/media\/820"}],"wp:attachment":[{"href":"https:\/\/geobionatura.com\/pt-pt\/wp-json\/wp\/v2\/media?parent=14632"}],"wp:term":[{"taxonomy":"product_brand","embeddable":true,"href":"https:\/\/geobionatura.com\/pt-pt\/wp-json\/wp\/v2\/product_brand?post=14632"},{"taxonomy":"product_cat","embeddable":true,"href":"https:\/\/geobionatura.com\/pt-pt\/wp-json\/wp\/v2\/product_cat?post=14632"},{"taxonomy":"product_tag","embeddable":true,"href":"https:\/\/geobionatura.com\/pt-pt\/wp-json\/wp\/v2\/product_tag?post=14632"}],"curies":[{"name":"wp","href":"https:\/\/api.w.org\/{rel}","templated":true}]}}