{"id":14628,"date":"2024-04-10T09:51:25","date_gmt":"2024-04-10T07:51:25","guid":{"rendered":"https:\/\/geobionatura.com\/producto\/duplex-iv-professional\/"},"modified":"2024-05-29T17:56:59","modified_gmt":"2024-05-29T15:56:59","slug":"duplex-iv-professional","status":"publish","type":"product","link":"https:\/\/geobionatura.com\/pt-pt\/producto\/duplex-iv-professional\/","title":{"rendered":"Duplex IV Professional"},"content":{"rendered":"<p>No nosso dia a dia estamos afetados em casa, no trabalho ou em qualquer outro lugar onde passemos muito tempo por uma grande variedade de fen\u00f3menos. Estes fen\u00f3menos compreendem desde a polui\u00e7\u00e3o eletromagn\u00e9tica natural ou artificial, as toxinas ambientais, os poluentes qu\u00edmicos ou os fungos. Assim, se analisarmos um grupo de pessoas que vivem no mesmo ambiente, encontraremos mais de um tipo de altera\u00e7\u00e3o que pode ter origem em casa, no local de trabalho ou, no caso de crian\u00e7as , no pr\u00f3prio ambiente escolar.<\/p>\n<p>Como poderemos lidar com esses dist\u00farbios individuais? Personalizando um dispositivo harmonizador \u201cGerador de Biocampos\u201d! O Duplex IV Professional foi projetado especificamente para esta finalidade e \u00e9, por assim dizer, o resultado da combina\u00e7\u00e3o de um equipamento de prote\u00e7\u00e3o contra a polui\u00e7\u00e3o eletromagn\u00e9tica natural (como o Duplex IV) e de um equipamento de \u201cBiorresson\u00e2ncia personalizado\u201d. Com os equipamentos de Biorresson\u00e2ncia Rayocomp 1000 Polar 4.0 ou o Rayocomp PS 10 os profissionais avaliam as altera\u00e7\u00f5es e as frequ\u00eancias ou valores alterados transferem-se ao Duplex Professional usando um cabo espec\u00edfico j\u00e1 inclu\u00eddo.<\/p>\n<p>Pode ser usado individualmente ou ligado a um ou v\u00e1rios equipamentos Rayonator do mesmo fabricante, aumentando assim o di\u00e2metro de a\u00e7\u00e3o destes \u00e0quele do Duplex IV Professional.<\/p>\n","protected":false},"excerpt":{"rendered":"<p>Geradores de Biocampos personalizados<\/p>\n","protected":false},"featured_media":988,"template":"","meta":{"_acf_changed":false,"_joinchat":[]},"product_brand":[],"product_cat":[262],"product_tag":[336,333,338,334,335,337,339],"class_list":{"0":"post-14628","1":"product","2":"type-product","3":"status-publish","4":"has-post-thumbnail","6":"product_cat-equipamentos-protecao","7":"product_tag-contaminacao-eletromagnetica-natural","8":"product_tag-duplex-pt-pt","9":"product_tag-generadores-de-biocampos-personalizados-pt-pt","10":"product_tag-geobiologia-pt-pt","11":"product_tag-geopatias-pt-pt","12":"product_tag-poluicao-ambiental","13":"product_tag-saude-ambiental","15":"first","16":"instock","17":"taxable","18":"shipping-taxable","19":"purchasable","20":"product-type-simple"},"acf":[],"yoast_head":"<!-- This site is optimized with the Yoast SEO plugin v27.3 - https:\/\/yoast.com\/product\/yoast-seo-wordpress\/ -->\n<title>Equipamento prote\u00e7\u00e3o eletromagn\u00e9tica | DuplexIVPro | Geobionatura<\/title>\n<meta name=\"description\" content=\"Proteja o seu ambiente de qualquer polui\u00e7\u00e3o eletromagn\u00e9tica natural ou artificial, mofo ou outras toxinas com o dispositivo Duplex IV Professional.\" \/>\n<meta name=\"robots\" content=\"index, follow, max-snippet:-1, max-image-preview:large, max-video-preview:-1\" \/>\n<link rel=\"canonical\" href=\"https:\/\/geobionatura.com\/pt-pt\/producto\/duplex-iv-professional\/\" \/>\n<meta property=\"og:locale\" content=\"pt_PT\" \/>\n<meta property=\"og:type\" content=\"article\" \/>\n<meta property=\"og:title\" content=\"Equipamento prote\u00e7\u00e3o eletromagn\u00e9tica | DuplexIVPro | Geobionatura\" \/>\n<meta property=\"og:description\" content=\"Proteja o seu ambiente de qualquer polui\u00e7\u00e3o eletromagn\u00e9tica natural ou artificial, mofo ou outras toxinas com o dispositivo Duplex IV Professional.\" \/>\n<meta property=\"og:url\" content=\"https:\/\/geobionatura.com\/pt-pt\/producto\/duplex-iv-professional\/\" \/>\n<meta property=\"og:site_name\" content=\"Geobionatura\" \/>\n<meta property=\"article:publisher\" content=\"https:\/\/www.facebook.com\/Geobionatura\/\" \/>\n<meta property=\"article:modified_time\" content=\"2024-05-29T15:56:59+00:00\" \/>\n<meta property=\"og:image\" content=\"https:\/\/geobionatura.com\/wp-content\/uploads\/2024\/03\/3-Duplex-Professional.jpg\" \/>\n\t<meta property=\"og:image:width\" content=\"421\" \/>\n\t<meta property=\"og:image:height\" content=\"453\" \/>\n\t<meta property=\"og:image:type\" content=\"image\/jpeg\" \/>\n<meta name=\"twitter:card\" content=\"summary_large_image\" \/>\n<meta name=\"twitter:label1\" content=\"Tempo estimado de leitura\" \/>\n\t<meta name=\"twitter:data1\" content=\"2 minutos\" \/>\n<script type=\"application\/ld+json\" class=\"yoast-schema-graph\">{\"@context\":\"https:\\\/\\\/schema.org\",\"@graph\":[{\"@type\":\"WebPage\",\"@id\":\"https:\\\/\\\/geobionatura.com\\\/pt-pt\\\/producto\\\/duplex-iv-professional\\\/\",\"url\":\"https:\\\/\\\/geobionatura.com\\\/pt-pt\\\/producto\\\/duplex-iv-professional\\\/\",\"name\":\"Equipamento prote\u00e7\u00e3o eletromagn\u00e9tica | DuplexIVPro | Geobionatura\",\"isPartOf\":{\"@id\":\"https:\\\/\\\/geobionatura.com\\\/pt-pt\\\/#website\"},\"primaryImageOfPage\":{\"@id\":\"https:\\\/\\\/geobionatura.com\\\/pt-pt\\\/producto\\\/duplex-iv-professional\\\/#primaryimage\"},\"image\":{\"@id\":\"https:\\\/\\\/geobionatura.com\\\/pt-pt\\\/producto\\\/duplex-iv-professional\\\/#primaryimage\"},\"thumbnailUrl\":\"https:\\\/\\\/geobionatura.com\\\/wp-content\\\/uploads\\\/2024\\\/03\\\/3-Duplex-Professional.jpg\",\"datePublished\":\"2024-04-10T07:51:25+00:00\",\"dateModified\":\"2024-05-29T15:56:59+00:00\",\"description\":\"Proteja o seu ambiente de qualquer polui\u00e7\u00e3o eletromagn\u00e9tica natural ou artificial, mofo ou outras toxinas com o dispositivo Duplex IV Professional.\",\"breadcrumb\":{\"@id\":\"https:\\\/\\\/geobionatura.com\\\/pt-pt\\\/producto\\\/duplex-iv-professional\\\/#breadcrumb\"},\"inLanguage\":\"pt-PT\",\"potentialAction\":[{\"@type\":\"ReadAction\",\"target\":[\"https:\\\/\\\/geobionatura.com\\\/pt-pt\\\/producto\\\/duplex-iv-professional\\\/\"]}]},{\"@type\":\"ImageObject\",\"inLanguage\":\"pt-PT\",\"@id\":\"https:\\\/\\\/geobionatura.com\\\/pt-pt\\\/producto\\\/duplex-iv-professional\\\/#primaryimage\",\"url\":\"https:\\\/\\\/geobionatura.com\\\/wp-content\\\/uploads\\\/2024\\\/03\\\/3-Duplex-Professional.jpg\",\"contentUrl\":\"https:\\\/\\\/geobionatura.com\\\/wp-content\\\/uploads\\\/2024\\\/03\\\/3-Duplex-Professional.jpg\",\"width\":421,\"height\":453},{\"@type\":\"BreadcrumbList\",\"@id\":\"https:\\\/\\\/geobionatura.com\\\/pt-pt\\\/producto\\\/duplex-iv-professional\\\/#breadcrumb\",\"itemListElement\":[{\"@type\":\"ListItem\",\"position\":1,\"name\":\"Portada\",\"item\":\"https:\\\/\\\/geobionatura.com\\\/\"},{\"@type\":\"ListItem\",\"position\":2,\"name\":\"Loja\",\"item\":\"https:\\\/\\\/geobionatura.com\\\/tienda\\\/\"},{\"@type\":\"ListItem\",\"position\":3,\"name\":\"Duplex IV Professional\"}]},{\"@type\":\"WebSite\",\"@id\":\"https:\\\/\\\/geobionatura.com\\\/pt-pt\\\/#website\",\"url\":\"https:\\\/\\\/geobionatura.com\\\/pt-pt\\\/\",\"name\":\"geobionatura\",\"description\":\"Tu tienda Online\",\"publisher\":{\"@id\":\"https:\\\/\\\/geobionatura.com\\\/pt-pt\\\/#organization\"},\"potentialAction\":[{\"@type\":\"SearchAction\",\"target\":{\"@type\":\"EntryPoint\",\"urlTemplate\":\"https:\\\/\\\/geobionatura.com\\\/pt-pt\\\/?s={search_term_string}\"},\"query-input\":{\"@type\":\"PropertyValueSpecification\",\"valueRequired\":true,\"valueName\":\"search_term_string\"}}],\"inLanguage\":\"pt-PT\"},{\"@type\":\"Organization\",\"@id\":\"https:\\\/\\\/geobionatura.com\\\/pt-pt\\\/#organization\",\"name\":\"geobionatura\",\"url\":\"https:\\\/\\\/geobionatura.com\\\/pt-pt\\\/\",\"logo\":{\"@type\":\"ImageObject\",\"inLanguage\":\"pt-PT\",\"@id\":\"https:\\\/\\\/geobionatura.com\\\/pt-pt\\\/#\\\/schema\\\/logo\\\/image\\\/\",\"url\":\"https:\\\/\\\/geobionatura.com\\\/wp-content\\\/uploads\\\/2024\\\/02\\\/logo-biogeonatura.png\",\"contentUrl\":\"https:\\\/\\\/geobionatura.com\\\/wp-content\\\/uploads\\\/2024\\\/02\\\/logo-biogeonatura.png\",\"width\":256,\"height\":183,\"caption\":\"geobionatura\"},\"image\":{\"@id\":\"https:\\\/\\\/geobionatura.com\\\/pt-pt\\\/#\\\/schema\\\/logo\\\/image\\\/\"},\"sameAs\":[\"https:\\\/\\\/www.facebook.com\\\/Geobionatura\\\/\",\"https:\\\/\\\/www.linkedin.com\\\/company\\\/geobionatura\\\/\",\"https:\\\/\\\/www.youtube.com\\\/user\\\/Geobionatura\"]}]}<\/script>\n<!-- \/ Yoast SEO plugin. -->","yoast_head_json":{"title":"Equipamento prote\u00e7\u00e3o eletromagn\u00e9tica | DuplexIVPro | Geobionatura","description":"Proteja o seu ambiente de qualquer polui\u00e7\u00e3o eletromagn\u00e9tica natural ou artificial, mofo ou outras toxinas com o dispositivo Duplex IV Professional.","robots":{"index":"index","follow":"follow","max-snippet":"max-snippet:-1","max-image-preview":"max-image-preview:large","max-video-preview":"max-video-preview:-1"},"canonical":"https:\/\/geobionatura.com\/pt-pt\/producto\/duplex-iv-professional\/","og_locale":"pt_PT","og_type":"article","og_title":"Equipamento prote\u00e7\u00e3o eletromagn\u00e9tica | DuplexIVPro | Geobionatura","og_description":"Proteja o seu ambiente de qualquer polui\u00e7\u00e3o eletromagn\u00e9tica natural ou artificial, mofo ou outras toxinas com o dispositivo Duplex IV Professional.","og_url":"https:\/\/geobionatura.com\/pt-pt\/producto\/duplex-iv-professional\/","og_site_name":"Geobionatura","article_publisher":"https:\/\/www.facebook.com\/Geobionatura\/","article_modified_time":"2024-05-29T15:56:59+00:00","og_image":[{"width":421,"height":453,"url":"https:\/\/geobionatura.com\/wp-content\/uploads\/2024\/03\/3-Duplex-Professional.jpg","type":"image\/jpeg"}],"twitter_card":"summary_large_image","twitter_misc":{"Tempo estimado de leitura":"2 minutos"},"schema":{"@context":"https:\/\/schema.org","@graph":[{"@type":"WebPage","@id":"https:\/\/geobionatura.com\/pt-pt\/producto\/duplex-iv-professional\/","url":"https:\/\/geobionatura.com\/pt-pt\/producto\/duplex-iv-professional\/","name":"Equipamento prote\u00e7\u00e3o eletromagn\u00e9tica | DuplexIVPro | Geobionatura","isPartOf":{"@id":"https:\/\/geobionatura.com\/pt-pt\/#website"},"primaryImageOfPage":{"@id":"https:\/\/geobionatura.com\/pt-pt\/producto\/duplex-iv-professional\/#primaryimage"},"image":{"@id":"https:\/\/geobionatura.com\/pt-pt\/producto\/duplex-iv-professional\/#primaryimage"},"thumbnailUrl":"https:\/\/geobionatura.com\/wp-content\/uploads\/2024\/03\/3-Duplex-Professional.jpg","datePublished":"2024-04-10T07:51:25+00:00","dateModified":"2024-05-29T15:56:59+00:00","description":"Proteja o seu ambiente de qualquer polui\u00e7\u00e3o eletromagn\u00e9tica natural ou artificial, mofo ou outras toxinas com o dispositivo Duplex IV Professional.","breadcrumb":{"@id":"https:\/\/geobionatura.com\/pt-pt\/producto\/duplex-iv-professional\/#breadcrumb"},"inLanguage":"pt-PT","potentialAction":[{"@type":"ReadAction","target":["https:\/\/geobionatura.com\/pt-pt\/producto\/duplex-iv-professional\/"]}]},{"@type":"ImageObject","inLanguage":"pt-PT","@id":"https:\/\/geobionatura.com\/pt-pt\/producto\/duplex-iv-professional\/#primaryimage","url":"https:\/\/geobionatura.com\/wp-content\/uploads\/2024\/03\/3-Duplex-Professional.jpg","contentUrl":"https:\/\/geobionatura.com\/wp-content\/uploads\/2024\/03\/3-Duplex-Professional.jpg","width":421,"height":453},{"@type":"BreadcrumbList","@id":"https:\/\/geobionatura.com\/pt-pt\/producto\/duplex-iv-professional\/#breadcrumb","itemListElement":[{"@type":"ListItem","position":1,"name":"Portada","item":"https:\/\/geobionatura.com\/"},{"@type":"ListItem","position":2,"name":"Loja","item":"https:\/\/geobionatura.com\/tienda\/"},{"@type":"ListItem","position":3,"name":"Duplex IV Professional"}]},{"@type":"WebSite","@id":"https:\/\/geobionatura.com\/pt-pt\/#website","url":"https:\/\/geobionatura.com\/pt-pt\/","name":"geobionatura","description":"Tu tienda Online","publisher":{"@id":"https:\/\/geobionatura.com\/pt-pt\/#organization"},"potentialAction":[{"@type":"SearchAction","target":{"@type":"EntryPoint","urlTemplate":"https:\/\/geobionatura.com\/pt-pt\/?s={search_term_string}"},"query-input":{"@type":"PropertyValueSpecification","valueRequired":true,"valueName":"search_term_string"}}],"inLanguage":"pt-PT"},{"@type":"Organization","@id":"https:\/\/geobionatura.com\/pt-pt\/#organization","name":"geobionatura","url":"https:\/\/geobionatura.com\/pt-pt\/","logo":{"@type":"ImageObject","inLanguage":"pt-PT","@id":"https:\/\/geobionatura.com\/pt-pt\/#\/schema\/logo\/image\/","url":"https:\/\/geobionatura.com\/wp-content\/uploads\/2024\/02\/logo-biogeonatura.png","contentUrl":"https:\/\/geobionatura.com\/wp-content\/uploads\/2024\/02\/logo-biogeonatura.png","width":256,"height":183,"caption":"geobionatura"},"image":{"@id":"https:\/\/geobionatura.com\/pt-pt\/#\/schema\/logo\/image\/"},"sameAs":["https:\/\/www.facebook.com\/Geobionatura\/","https:\/\/www.linkedin.com\/company\/geobionatura\/","https:\/\/www.youtube.com\/user\/Geobionatura"]}]}},"_links":{"self":[{"href":"https:\/\/geobionatura.com\/pt-pt\/wp-json\/wp\/v2\/product\/14628","targetHints":{"allow":["GET"]}}],"collection":[{"href":"https:\/\/geobionatura.com\/pt-pt\/wp-json\/wp\/v2\/product"}],"about":[{"href":"https:\/\/geobionatura.com\/pt-pt\/wp-json\/wp\/v2\/types\/product"}],"wp:featuredmedia":[{"embeddable":true,"href":"https:\/\/geobionatura.com\/pt-pt\/wp-json\/wp\/v2\/media\/988"}],"wp:attachment":[{"href":"https:\/\/geobionatura.com\/pt-pt\/wp-json\/wp\/v2\/media?parent=14628"}],"wp:term":[{"taxonomy":"product_brand","embeddable":true,"href":"https:\/\/geobionatura.com\/pt-pt\/wp-json\/wp\/v2\/product_brand?post=14628"},{"taxonomy":"product_cat","embeddable":true,"href":"https:\/\/geobionatura.com\/pt-pt\/wp-json\/wp\/v2\/product_cat?post=14628"},{"taxonomy":"product_tag","embeddable":true,"href":"https:\/\/geobionatura.com\/pt-pt\/wp-json\/wp\/v2\/product_tag?post=14628"}],"curies":[{"name":"wp","href":"https:\/\/api.w.org\/{rel}","templated":true}]}}