{"id":14587,"date":"2024-04-10T09:51:02","date_gmt":"2024-04-10T07:51:02","guid":{"rendered":"https:\/\/geobionatura.com\/producto\/biorressonancia-livro-do-metodo\/"},"modified":"2024-05-29T18:46:48","modified_gmt":"2024-05-29T16:46:48","slug":"biorressonancia-livro-do-metodo","status":"publish","type":"product","link":"https:\/\/geobionatura.com\/pt-pt\/producto\/biorressonancia-livro-do-metodo\/","title":{"rendered":"Biorresson\u00e2ncia, livro do m\u00e9todo"},"content":{"rendered":"<p>Bioresonance according to Paul Schmidt. Introduction \u2013 Devices \u2013 Application. \u00c9 o livro do m\u00e9todo que resume os princ\u00edpios da Biorresson\u00e2ncia do sistema criado por Paul Schmidt e que hoje \u00e9 fabricado e comercializado pela empresa alem\u00e3 Rayonex Biomedical fundada por ele h\u00e1 mais de quarenta anos, descreve tamb\u00e9m os equipamentos dispon\u00edveis e as aplica\u00e7\u00f5es principais. A \u00faltima dispon\u00edvel \u00e9 a 5\u00aa edi\u00e7\u00e3o, junho de 2020. Editora Spurbuchverlag, 96148 Banauch (Alemanha). Cont\u00e9m 548 p\u00e1ginas. ISBN 978-3-88778-426-3. Dispon\u00edvel em ingl\u00eas, franc\u00eas e alem\u00e3o. <\/p>\n","protected":false},"excerpt":{"rendered":"<p>Biorresson\u00e2ncia, livro do m\u00e9todo Introduction &#8211; Devices &#8211; Application<\/p>\n","protected":false},"featured_media":648,"template":"","meta":{"_acf_changed":false,"_joinchat":[]},"product_brand":[],"product_cat":[263],"product_tag":[282,301,302,284],"class_list":{"0":"post-14587","1":"product","2":"type-product","3":"status-publish","4":"has-post-thumbnail","6":"product_cat-livros","7":"product_tag-biorressonancia","8":"product_tag-livros","9":"product_tag-manual","10":"product_tag-paul-schmidt-pt-pt","12":"first","13":"instock","14":"sale","15":"taxable","16":"shipping-taxable","17":"purchasable","18":"product-type-variable"},"acf":[],"yoast_head":"<!-- This site is optimized with the Yoast SEO plugin v27.5 - https:\/\/yoast.com\/product\/yoast-seo-wordpress\/ -->\n<title>Livros de Biorresson\u00e2ncia | livro do m\u00e9todo | Geobionatura<\/title>\n<meta name=\"description\" content=\"Descubra o m\u00e9todo de biorresson\u00e2ncia de Paul Schmidt e aprenda a equilibrar corpo e mente com a 5\u00aa edi\u00e7\u00e3o do livro do m\u00e9todo. N\u00e3o fique sem ele!\" \/>\n<meta name=\"robots\" content=\"index, follow, max-snippet:-1, max-image-preview:large, max-video-preview:-1\" \/>\n<link rel=\"canonical\" href=\"https:\/\/geobionatura.com\/pt-pt\/producto\/biorressonancia-livro-do-metodo\/\" \/>\n<meta property=\"og:locale\" content=\"pt_PT\" \/>\n<meta property=\"og:type\" content=\"article\" \/>\n<meta property=\"og:title\" content=\"Livros de Biorresson\u00e2ncia | livro do m\u00e9todo | Geobionatura\" \/>\n<meta property=\"og:description\" content=\"Descubra o m\u00e9todo de biorresson\u00e2ncia de Paul Schmidt e aprenda a equilibrar corpo e mente com a 5\u00aa edi\u00e7\u00e3o do livro do m\u00e9todo. N\u00e3o fique sem ele!\" \/>\n<meta property=\"og:url\" content=\"https:\/\/geobionatura.com\/pt-pt\/producto\/biorressonancia-livro-do-metodo\/\" \/>\n<meta property=\"og:site_name\" content=\"Geobionatura\" \/>\n<meta property=\"article:publisher\" content=\"https:\/\/www.facebook.com\/Geobionatura\/\" \/>\n<meta property=\"article:modified_time\" content=\"2024-05-29T16:46:48+00:00\" \/>\n<meta property=\"og:image\" content=\"https:\/\/geobionatura.com\/wp-content\/uploads\/2024\/03\/26-Biorresonancia-Libro-del-metodo-801x1024.jpg\" \/>\n\t<meta property=\"og:image:width\" content=\"801\" \/>\n\t<meta property=\"og:image:height\" content=\"1024\" \/>\n\t<meta property=\"og:image:type\" content=\"image\/jpeg\" \/>\n<meta name=\"twitter:card\" content=\"summary_large_image\" \/>\n<meta name=\"twitter:label1\" content=\"Tempo estimado de leitura\" \/>\n\t<meta name=\"twitter:data1\" content=\"1 minuto\" \/>\n<script type=\"application\/ld+json\" class=\"yoast-schema-graph\">{\"@context\":\"https:\\\/\\\/schema.org\",\"@graph\":[{\"@type\":\"WebPage\",\"@id\":\"https:\\\/\\\/geobionatura.com\\\/pt-pt\\\/producto\\\/biorressonancia-livro-do-metodo\\\/\",\"url\":\"https:\\\/\\\/geobionatura.com\\\/pt-pt\\\/producto\\\/biorressonancia-livro-do-metodo\\\/\",\"name\":\"Livros de Biorresson\u00e2ncia | livro do m\u00e9todo | Geobionatura\",\"isPartOf\":{\"@id\":\"https:\\\/\\\/geobionatura.com\\\/pt-pt\\\/#website\"},\"primaryImageOfPage\":{\"@id\":\"https:\\\/\\\/geobionatura.com\\\/pt-pt\\\/producto\\\/biorressonancia-livro-do-metodo\\\/#primaryimage\"},\"image\":{\"@id\":\"https:\\\/\\\/geobionatura.com\\\/pt-pt\\\/producto\\\/biorressonancia-livro-do-metodo\\\/#primaryimage\"},\"thumbnailUrl\":\"https:\\\/\\\/geobionatura.com\\\/wp-content\\\/uploads\\\/2024\\\/03\\\/26-Biorresonancia-Libro-del-metodo.jpg\",\"datePublished\":\"2024-04-10T07:51:02+00:00\",\"dateModified\":\"2024-05-29T16:46:48+00:00\",\"description\":\"Descubra o m\u00e9todo de biorresson\u00e2ncia de Paul Schmidt e aprenda a equilibrar corpo e mente com a 5\u00aa edi\u00e7\u00e3o do livro do m\u00e9todo. N\u00e3o fique sem ele!\",\"breadcrumb\":{\"@id\":\"https:\\\/\\\/geobionatura.com\\\/pt-pt\\\/producto\\\/biorressonancia-livro-do-metodo\\\/#breadcrumb\"},\"inLanguage\":\"pt-PT\",\"potentialAction\":[{\"@type\":\"ReadAction\",\"target\":[\"https:\\\/\\\/geobionatura.com\\\/pt-pt\\\/producto\\\/biorressonancia-livro-do-metodo\\\/\"]}]},{\"@type\":\"ImageObject\",\"inLanguage\":\"pt-PT\",\"@id\":\"https:\\\/\\\/geobionatura.com\\\/pt-pt\\\/producto\\\/biorressonancia-livro-do-metodo\\\/#primaryimage\",\"url\":\"https:\\\/\\\/geobionatura.com\\\/wp-content\\\/uploads\\\/2024\\\/03\\\/26-Biorresonancia-Libro-del-metodo.jpg\",\"contentUrl\":\"https:\\\/\\\/geobionatura.com\\\/wp-content\\\/uploads\\\/2024\\\/03\\\/26-Biorresonancia-Libro-del-metodo.jpg\",\"width\":1293,\"height\":1652},{\"@type\":\"BreadcrumbList\",\"@id\":\"https:\\\/\\\/geobionatura.com\\\/pt-pt\\\/producto\\\/biorressonancia-livro-do-metodo\\\/#breadcrumb\",\"itemListElement\":[{\"@type\":\"ListItem\",\"position\":1,\"name\":\"Portada\",\"item\":\"https:\\\/\\\/geobionatura.com\\\/\"},{\"@type\":\"ListItem\",\"position\":2,\"name\":\"Loja\",\"item\":\"https:\\\/\\\/geobionatura.com\\\/tienda\\\/\"},{\"@type\":\"ListItem\",\"position\":3,\"name\":\"Biorresson\u00e2ncia, livro do m\u00e9todo\"}]},{\"@type\":\"WebSite\",\"@id\":\"https:\\\/\\\/geobionatura.com\\\/pt-pt\\\/#website\",\"url\":\"https:\\\/\\\/geobionatura.com\\\/pt-pt\\\/\",\"name\":\"geobionatura\",\"description\":\"Tu tienda Online\",\"publisher\":{\"@id\":\"https:\\\/\\\/geobionatura.com\\\/pt-pt\\\/#organization\"},\"potentialAction\":[{\"@type\":\"SearchAction\",\"target\":{\"@type\":\"EntryPoint\",\"urlTemplate\":\"https:\\\/\\\/geobionatura.com\\\/pt-pt\\\/?s={search_term_string}\"},\"query-input\":{\"@type\":\"PropertyValueSpecification\",\"valueRequired\":true,\"valueName\":\"search_term_string\"}}],\"inLanguage\":\"pt-PT\"},{\"@type\":\"Organization\",\"@id\":\"https:\\\/\\\/geobionatura.com\\\/pt-pt\\\/#organization\",\"name\":\"geobionatura\",\"url\":\"https:\\\/\\\/geobionatura.com\\\/pt-pt\\\/\",\"logo\":{\"@type\":\"ImageObject\",\"inLanguage\":\"pt-PT\",\"@id\":\"https:\\\/\\\/geobionatura.com\\\/pt-pt\\\/#\\\/schema\\\/logo\\\/image\\\/\",\"url\":\"https:\\\/\\\/geobionatura.com\\\/wp-content\\\/uploads\\\/2024\\\/02\\\/logo-biogeonatura.png\",\"contentUrl\":\"https:\\\/\\\/geobionatura.com\\\/wp-content\\\/uploads\\\/2024\\\/02\\\/logo-biogeonatura.png\",\"width\":256,\"height\":183,\"caption\":\"geobionatura\"},\"image\":{\"@id\":\"https:\\\/\\\/geobionatura.com\\\/pt-pt\\\/#\\\/schema\\\/logo\\\/image\\\/\"},\"sameAs\":[\"https:\\\/\\\/www.facebook.com\\\/Geobionatura\\\/\",\"https:\\\/\\\/www.linkedin.com\\\/company\\\/geobionatura\\\/\",\"https:\\\/\\\/www.youtube.com\\\/user\\\/Geobionatura\"]}]}<\/script>\n<!-- \/ Yoast SEO plugin. -->","yoast_head_json":{"title":"Livros de Biorresson\u00e2ncia | livro do m\u00e9todo | Geobionatura","description":"Descubra o m\u00e9todo de biorresson\u00e2ncia de Paul Schmidt e aprenda a equilibrar corpo e mente com a 5\u00aa edi\u00e7\u00e3o do livro do m\u00e9todo. N\u00e3o fique sem ele!","robots":{"index":"index","follow":"follow","max-snippet":"max-snippet:-1","max-image-preview":"max-image-preview:large","max-video-preview":"max-video-preview:-1"},"canonical":"https:\/\/geobionatura.com\/pt-pt\/producto\/biorressonancia-livro-do-metodo\/","og_locale":"pt_PT","og_type":"article","og_title":"Livros de Biorresson\u00e2ncia | livro do m\u00e9todo | Geobionatura","og_description":"Descubra o m\u00e9todo de biorresson\u00e2ncia de Paul Schmidt e aprenda a equilibrar corpo e mente com a 5\u00aa edi\u00e7\u00e3o do livro do m\u00e9todo. N\u00e3o fique sem ele!","og_url":"https:\/\/geobionatura.com\/pt-pt\/producto\/biorressonancia-livro-do-metodo\/","og_site_name":"Geobionatura","article_publisher":"https:\/\/www.facebook.com\/Geobionatura\/","article_modified_time":"2024-05-29T16:46:48+00:00","og_image":[{"width":801,"height":1024,"url":"https:\/\/geobionatura.com\/wp-content\/uploads\/2024\/03\/26-Biorresonancia-Libro-del-metodo-801x1024.jpg","type":"image\/jpeg"}],"twitter_card":"summary_large_image","twitter_misc":{"Tempo estimado de leitura":"1 minuto"},"schema":{"@context":"https:\/\/schema.org","@graph":[{"@type":"WebPage","@id":"https:\/\/geobionatura.com\/pt-pt\/producto\/biorressonancia-livro-do-metodo\/","url":"https:\/\/geobionatura.com\/pt-pt\/producto\/biorressonancia-livro-do-metodo\/","name":"Livros de Biorresson\u00e2ncia | livro do m\u00e9todo | Geobionatura","isPartOf":{"@id":"https:\/\/geobionatura.com\/pt-pt\/#website"},"primaryImageOfPage":{"@id":"https:\/\/geobionatura.com\/pt-pt\/producto\/biorressonancia-livro-do-metodo\/#primaryimage"},"image":{"@id":"https:\/\/geobionatura.com\/pt-pt\/producto\/biorressonancia-livro-do-metodo\/#primaryimage"},"thumbnailUrl":"https:\/\/geobionatura.com\/wp-content\/uploads\/2024\/03\/26-Biorresonancia-Libro-del-metodo.jpg","datePublished":"2024-04-10T07:51:02+00:00","dateModified":"2024-05-29T16:46:48+00:00","description":"Descubra o m\u00e9todo de biorresson\u00e2ncia de Paul Schmidt e aprenda a equilibrar corpo e mente com a 5\u00aa edi\u00e7\u00e3o do livro do m\u00e9todo. N\u00e3o fique sem ele!","breadcrumb":{"@id":"https:\/\/geobionatura.com\/pt-pt\/producto\/biorressonancia-livro-do-metodo\/#breadcrumb"},"inLanguage":"pt-PT","potentialAction":[{"@type":"ReadAction","target":["https:\/\/geobionatura.com\/pt-pt\/producto\/biorressonancia-livro-do-metodo\/"]}]},{"@type":"ImageObject","inLanguage":"pt-PT","@id":"https:\/\/geobionatura.com\/pt-pt\/producto\/biorressonancia-livro-do-metodo\/#primaryimage","url":"https:\/\/geobionatura.com\/wp-content\/uploads\/2024\/03\/26-Biorresonancia-Libro-del-metodo.jpg","contentUrl":"https:\/\/geobionatura.com\/wp-content\/uploads\/2024\/03\/26-Biorresonancia-Libro-del-metodo.jpg","width":1293,"height":1652},{"@type":"BreadcrumbList","@id":"https:\/\/geobionatura.com\/pt-pt\/producto\/biorressonancia-livro-do-metodo\/#breadcrumb","itemListElement":[{"@type":"ListItem","position":1,"name":"Portada","item":"https:\/\/geobionatura.com\/"},{"@type":"ListItem","position":2,"name":"Loja","item":"https:\/\/geobionatura.com\/tienda\/"},{"@type":"ListItem","position":3,"name":"Biorresson\u00e2ncia, livro do m\u00e9todo"}]},{"@type":"WebSite","@id":"https:\/\/geobionatura.com\/pt-pt\/#website","url":"https:\/\/geobionatura.com\/pt-pt\/","name":"geobionatura","description":"Tu tienda Online","publisher":{"@id":"https:\/\/geobionatura.com\/pt-pt\/#organization"},"potentialAction":[{"@type":"SearchAction","target":{"@type":"EntryPoint","urlTemplate":"https:\/\/geobionatura.com\/pt-pt\/?s={search_term_string}"},"query-input":{"@type":"PropertyValueSpecification","valueRequired":true,"valueName":"search_term_string"}}],"inLanguage":"pt-PT"},{"@type":"Organization","@id":"https:\/\/geobionatura.com\/pt-pt\/#organization","name":"geobionatura","url":"https:\/\/geobionatura.com\/pt-pt\/","logo":{"@type":"ImageObject","inLanguage":"pt-PT","@id":"https:\/\/geobionatura.com\/pt-pt\/#\/schema\/logo\/image\/","url":"https:\/\/geobionatura.com\/wp-content\/uploads\/2024\/02\/logo-biogeonatura.png","contentUrl":"https:\/\/geobionatura.com\/wp-content\/uploads\/2024\/02\/logo-biogeonatura.png","width":256,"height":183,"caption":"geobionatura"},"image":{"@id":"https:\/\/geobionatura.com\/pt-pt\/#\/schema\/logo\/image\/"},"sameAs":["https:\/\/www.facebook.com\/Geobionatura\/","https:\/\/www.linkedin.com\/company\/geobionatura\/","https:\/\/www.youtube.com\/user\/Geobionatura"]}]}},"_links":{"self":[{"href":"https:\/\/geobionatura.com\/pt-pt\/wp-json\/wp\/v2\/product\/14587","targetHints":{"allow":["GET"]}}],"collection":[{"href":"https:\/\/geobionatura.com\/pt-pt\/wp-json\/wp\/v2\/product"}],"about":[{"href":"https:\/\/geobionatura.com\/pt-pt\/wp-json\/wp\/v2\/types\/product"}],"wp:featuredmedia":[{"embeddable":true,"href":"https:\/\/geobionatura.com\/pt-pt\/wp-json\/wp\/v2\/media\/648"}],"wp:attachment":[{"href":"https:\/\/geobionatura.com\/pt-pt\/wp-json\/wp\/v2\/media?parent=14587"}],"wp:term":[{"taxonomy":"product_brand","embeddable":true,"href":"https:\/\/geobionatura.com\/pt-pt\/wp-json\/wp\/v2\/product_brand?post=14587"},{"taxonomy":"product_cat","embeddable":true,"href":"https:\/\/geobionatura.com\/pt-pt\/wp-json\/wp\/v2\/product_cat?post=14587"},{"taxonomy":"product_tag","embeddable":true,"href":"https:\/\/geobionatura.com\/pt-pt\/wp-json\/wp\/v2\/product_tag?post=14587"}],"curies":[{"name":"wp","href":"https:\/\/api.w.org\/{rel}","templated":true}]}}