{"id":14586,"date":"2024-04-10T09:51:03","date_gmt":"2024-04-10T07:51:03","guid":{"rendered":"https:\/\/geobionatura.com\/producto\/exito-no-tratamento-da-dor-cronica\/"},"modified":"2024-05-29T18:11:00","modified_gmt":"2024-05-29T16:11:00","slug":"exito-no-tratamento-da-dor-cronica","status":"publish","type":"product","link":"https:\/\/geobionatura.com\/pt-pt\/producto\/exito-no-tratamento-da-dor-cronica\/","title":{"rendered":"\u00caxito tratamento da dor cr\u00f3nica"},"content":{"rendered":"<p>Um livro sobre a Biorresson\u00e2ncia de Paul Schmidt e o sucesso demonstrado no tratamento da dor cr\u00f3nica com essa t\u00e9cnica, revelado no recente ensaio cl\u00ednico prospectivo, randomizado e duplo-cego realizado em pacientes com cervicalgia. Esta \u00e9 a 1\u00aa edi\u00e7\u00e3o sobre esse ensaio cl\u00ednico publicada em abril de 2020 pela Rayonex Biomedical GmbH 57368 Lennestadt (Alemanha). O livro cont\u00e9m 51 p\u00e1ginas com os resultados do ensaio na redu\u00e7\u00e3o da dor, na melhora da qualidade de vida dos pacientes e na aus\u00eancia de efeitos secundarios desta t\u00e9cnica.Dispon\u00edvel em castelhano. ISBN 978-3-948896-03-4 <\/p>\n","protected":false},"excerpt":{"rendered":"<p>Sucesso no tratamento da dor cr\u00f4nica. Ensaio cl\u00ednico prospetivo, aleat\u00f3rio, em dupla oculta\u00e7\u00e3o, em doentes com dores no pesco\u00e7o<\/p>\n","protected":false},"featured_media":651,"template":"","meta":{"_acf_changed":false,"_joinchat":[]},"product_brand":[],"product_cat":[263],"product_tag":[282,301,302,284,303],"class_list":{"0":"post-14586","1":"product","2":"type-product","3":"status-publish","4":"has-post-thumbnail","6":"product_cat-livros","7":"product_tag-biorressonancia","8":"product_tag-livros","9":"product_tag-manual","10":"product_tag-paul-schmidt-pt-pt","11":"product_tag-testes-clinicos","13":"first","14":"instock","15":"taxable","16":"shipping-taxable","17":"purchasable","18":"product-type-simple"},"acf":[],"yoast_head":"<!-- This site is optimized with the Yoast SEO plugin v27.3 - https:\/\/yoast.com\/product\/yoast-seo-wordpress\/ -->\n<title>Livros de Biorresson\u00e2ncia | Tratamento dor cr\u00f3nica | Geobionatura<\/title>\n<meta name=\"description\" content=\"Sucesso no tratamento da dor cr\u00f4nica. Ensaio cl\u00ednico prospectivo, randomizado, duplo-cego em pacientes com cervicalgia. Compre este livro de biorreson\u00e2ncia agora!\" \/>\n<meta name=\"robots\" content=\"index, follow, max-snippet:-1, max-image-preview:large, max-video-preview:-1\" \/>\n<link rel=\"canonical\" href=\"https:\/\/geobionatura.com\/pt-pt\/producto\/exito-no-tratamento-da-dor-cronica\/\" \/>\n<meta property=\"og:locale\" content=\"pt_PT\" \/>\n<meta property=\"og:type\" content=\"article\" \/>\n<meta property=\"og:title\" content=\"Livros de Biorresson\u00e2ncia | Tratamento dor cr\u00f3nica | Geobionatura\" \/>\n<meta property=\"og:description\" content=\"Sucesso no tratamento da dor cr\u00f4nica. Ensaio cl\u00ednico prospectivo, randomizado, duplo-cego em pacientes com cervicalgia. Compre este livro de biorreson\u00e2ncia agora!\" \/>\n<meta property=\"og:url\" content=\"https:\/\/geobionatura.com\/pt-pt\/producto\/exito-no-tratamento-da-dor-cronica\/\" \/>\n<meta property=\"og:site_name\" content=\"Geobionatura\" \/>\n<meta property=\"article:publisher\" content=\"https:\/\/www.facebook.com\/Geobionatura\/\" \/>\n<meta property=\"article:modified_time\" content=\"2024-05-29T16:11:00+00:00\" \/>\n<meta property=\"og:image\" content=\"https:\/\/geobionatura.com\/wp-content\/uploads\/2024\/03\/27-Exito-en-el-tratamiento-del-dolor-cronico-scaled.jpg\" \/>\n\t<meta property=\"og:image:width\" content=\"1920\" \/>\n\t<meta property=\"og:image:height\" content=\"2560\" \/>\n\t<meta property=\"og:image:type\" content=\"image\/jpeg\" \/>\n<meta name=\"twitter:card\" content=\"summary_large_image\" \/>\n<meta name=\"twitter:label1\" content=\"Tempo estimado de leitura\" \/>\n\t<meta name=\"twitter:data1\" content=\"1 minuto\" \/>\n<script type=\"application\/ld+json\" class=\"yoast-schema-graph\">{\"@context\":\"https:\\\/\\\/schema.org\",\"@graph\":[{\"@type\":\"WebPage\",\"@id\":\"https:\\\/\\\/geobionatura.com\\\/pt-pt\\\/producto\\\/exito-no-tratamento-da-dor-cronica\\\/\",\"url\":\"https:\\\/\\\/geobionatura.com\\\/pt-pt\\\/producto\\\/exito-no-tratamento-da-dor-cronica\\\/\",\"name\":\"Livros de Biorresson\u00e2ncia | Tratamento dor cr\u00f3nica | Geobionatura\",\"isPartOf\":{\"@id\":\"https:\\\/\\\/geobionatura.com\\\/pt-pt\\\/#website\"},\"primaryImageOfPage\":{\"@id\":\"https:\\\/\\\/geobionatura.com\\\/pt-pt\\\/producto\\\/exito-no-tratamento-da-dor-cronica\\\/#primaryimage\"},\"image\":{\"@id\":\"https:\\\/\\\/geobionatura.com\\\/pt-pt\\\/producto\\\/exito-no-tratamento-da-dor-cronica\\\/#primaryimage\"},\"thumbnailUrl\":\"https:\\\/\\\/geobionatura.com\\\/wp-content\\\/uploads\\\/2024\\\/03\\\/27-Exito-en-el-tratamiento-del-dolor-cronico-scaled.jpg\",\"datePublished\":\"2024-04-10T07:51:03+00:00\",\"dateModified\":\"2024-05-29T16:11:00+00:00\",\"description\":\"Sucesso no tratamento da dor cr\u00f4nica. Ensaio cl\u00ednico prospectivo, randomizado, duplo-cego em pacientes com cervicalgia. Compre este livro de biorreson\u00e2ncia agora!\",\"breadcrumb\":{\"@id\":\"https:\\\/\\\/geobionatura.com\\\/pt-pt\\\/producto\\\/exito-no-tratamento-da-dor-cronica\\\/#breadcrumb\"},\"inLanguage\":\"pt-PT\",\"potentialAction\":[{\"@type\":\"ReadAction\",\"target\":[\"https:\\\/\\\/geobionatura.com\\\/pt-pt\\\/producto\\\/exito-no-tratamento-da-dor-cronica\\\/\"]}]},{\"@type\":\"ImageObject\",\"inLanguage\":\"pt-PT\",\"@id\":\"https:\\\/\\\/geobionatura.com\\\/pt-pt\\\/producto\\\/exito-no-tratamento-da-dor-cronica\\\/#primaryimage\",\"url\":\"https:\\\/\\\/geobionatura.com\\\/wp-content\\\/uploads\\\/2024\\\/03\\\/27-Exito-en-el-tratamiento-del-dolor-cronico-scaled.jpg\",\"contentUrl\":\"https:\\\/\\\/geobionatura.com\\\/wp-content\\\/uploads\\\/2024\\\/03\\\/27-Exito-en-el-tratamiento-del-dolor-cronico-scaled.jpg\",\"width\":1920,\"height\":2560},{\"@type\":\"BreadcrumbList\",\"@id\":\"https:\\\/\\\/geobionatura.com\\\/pt-pt\\\/producto\\\/exito-no-tratamento-da-dor-cronica\\\/#breadcrumb\",\"itemListElement\":[{\"@type\":\"ListItem\",\"position\":1,\"name\":\"Portada\",\"item\":\"https:\\\/\\\/geobionatura.com\\\/\"},{\"@type\":\"ListItem\",\"position\":2,\"name\":\"Loja\",\"item\":\"https:\\\/\\\/geobionatura.com\\\/tienda\\\/\"},{\"@type\":\"ListItem\",\"position\":3,\"name\":\"\u00caxito tratamento da dor cr\u00f3nica\"}]},{\"@type\":\"WebSite\",\"@id\":\"https:\\\/\\\/geobionatura.com\\\/pt-pt\\\/#website\",\"url\":\"https:\\\/\\\/geobionatura.com\\\/pt-pt\\\/\",\"name\":\"geobionatura\",\"description\":\"Tu tienda Online\",\"publisher\":{\"@id\":\"https:\\\/\\\/geobionatura.com\\\/pt-pt\\\/#organization\"},\"potentialAction\":[{\"@type\":\"SearchAction\",\"target\":{\"@type\":\"EntryPoint\",\"urlTemplate\":\"https:\\\/\\\/geobionatura.com\\\/pt-pt\\\/?s={search_term_string}\"},\"query-input\":{\"@type\":\"PropertyValueSpecification\",\"valueRequired\":true,\"valueName\":\"search_term_string\"}}],\"inLanguage\":\"pt-PT\"},{\"@type\":\"Organization\",\"@id\":\"https:\\\/\\\/geobionatura.com\\\/pt-pt\\\/#organization\",\"name\":\"geobionatura\",\"url\":\"https:\\\/\\\/geobionatura.com\\\/pt-pt\\\/\",\"logo\":{\"@type\":\"ImageObject\",\"inLanguage\":\"pt-PT\",\"@id\":\"https:\\\/\\\/geobionatura.com\\\/pt-pt\\\/#\\\/schema\\\/logo\\\/image\\\/\",\"url\":\"https:\\\/\\\/geobionatura.com\\\/wp-content\\\/uploads\\\/2024\\\/02\\\/logo-biogeonatura.png\",\"contentUrl\":\"https:\\\/\\\/geobionatura.com\\\/wp-content\\\/uploads\\\/2024\\\/02\\\/logo-biogeonatura.png\",\"width\":256,\"height\":183,\"caption\":\"geobionatura\"},\"image\":{\"@id\":\"https:\\\/\\\/geobionatura.com\\\/pt-pt\\\/#\\\/schema\\\/logo\\\/image\\\/\"},\"sameAs\":[\"https:\\\/\\\/www.facebook.com\\\/Geobionatura\\\/\",\"https:\\\/\\\/www.linkedin.com\\\/company\\\/geobionatura\\\/\",\"https:\\\/\\\/www.youtube.com\\\/user\\\/Geobionatura\"]}]}<\/script>\n<!-- \/ Yoast SEO plugin. -->","yoast_head_json":{"title":"Livros de Biorresson\u00e2ncia | Tratamento dor cr\u00f3nica | Geobionatura","description":"Sucesso no tratamento da dor cr\u00f4nica. Ensaio cl\u00ednico prospectivo, randomizado, duplo-cego em pacientes com cervicalgia. Compre este livro de biorreson\u00e2ncia agora!","robots":{"index":"index","follow":"follow","max-snippet":"max-snippet:-1","max-image-preview":"max-image-preview:large","max-video-preview":"max-video-preview:-1"},"canonical":"https:\/\/geobionatura.com\/pt-pt\/producto\/exito-no-tratamento-da-dor-cronica\/","og_locale":"pt_PT","og_type":"article","og_title":"Livros de Biorresson\u00e2ncia | Tratamento dor cr\u00f3nica | Geobionatura","og_description":"Sucesso no tratamento da dor cr\u00f4nica. Ensaio cl\u00ednico prospectivo, randomizado, duplo-cego em pacientes com cervicalgia. Compre este livro de biorreson\u00e2ncia agora!","og_url":"https:\/\/geobionatura.com\/pt-pt\/producto\/exito-no-tratamento-da-dor-cronica\/","og_site_name":"Geobionatura","article_publisher":"https:\/\/www.facebook.com\/Geobionatura\/","article_modified_time":"2024-05-29T16:11:00+00:00","og_image":[{"width":1920,"height":2560,"url":"https:\/\/geobionatura.com\/wp-content\/uploads\/2024\/03\/27-Exito-en-el-tratamiento-del-dolor-cronico-scaled.jpg","type":"image\/jpeg"}],"twitter_card":"summary_large_image","twitter_misc":{"Tempo estimado de leitura":"1 minuto"},"schema":{"@context":"https:\/\/schema.org","@graph":[{"@type":"WebPage","@id":"https:\/\/geobionatura.com\/pt-pt\/producto\/exito-no-tratamento-da-dor-cronica\/","url":"https:\/\/geobionatura.com\/pt-pt\/producto\/exito-no-tratamento-da-dor-cronica\/","name":"Livros de Biorresson\u00e2ncia | Tratamento dor cr\u00f3nica | Geobionatura","isPartOf":{"@id":"https:\/\/geobionatura.com\/pt-pt\/#website"},"primaryImageOfPage":{"@id":"https:\/\/geobionatura.com\/pt-pt\/producto\/exito-no-tratamento-da-dor-cronica\/#primaryimage"},"image":{"@id":"https:\/\/geobionatura.com\/pt-pt\/producto\/exito-no-tratamento-da-dor-cronica\/#primaryimage"},"thumbnailUrl":"https:\/\/geobionatura.com\/wp-content\/uploads\/2024\/03\/27-Exito-en-el-tratamiento-del-dolor-cronico-scaled.jpg","datePublished":"2024-04-10T07:51:03+00:00","dateModified":"2024-05-29T16:11:00+00:00","description":"Sucesso no tratamento da dor cr\u00f4nica. Ensaio cl\u00ednico prospectivo, randomizado, duplo-cego em pacientes com cervicalgia. Compre este livro de biorreson\u00e2ncia agora!","breadcrumb":{"@id":"https:\/\/geobionatura.com\/pt-pt\/producto\/exito-no-tratamento-da-dor-cronica\/#breadcrumb"},"inLanguage":"pt-PT","potentialAction":[{"@type":"ReadAction","target":["https:\/\/geobionatura.com\/pt-pt\/producto\/exito-no-tratamento-da-dor-cronica\/"]}]},{"@type":"ImageObject","inLanguage":"pt-PT","@id":"https:\/\/geobionatura.com\/pt-pt\/producto\/exito-no-tratamento-da-dor-cronica\/#primaryimage","url":"https:\/\/geobionatura.com\/wp-content\/uploads\/2024\/03\/27-Exito-en-el-tratamiento-del-dolor-cronico-scaled.jpg","contentUrl":"https:\/\/geobionatura.com\/wp-content\/uploads\/2024\/03\/27-Exito-en-el-tratamiento-del-dolor-cronico-scaled.jpg","width":1920,"height":2560},{"@type":"BreadcrumbList","@id":"https:\/\/geobionatura.com\/pt-pt\/producto\/exito-no-tratamento-da-dor-cronica\/#breadcrumb","itemListElement":[{"@type":"ListItem","position":1,"name":"Portada","item":"https:\/\/geobionatura.com\/"},{"@type":"ListItem","position":2,"name":"Loja","item":"https:\/\/geobionatura.com\/tienda\/"},{"@type":"ListItem","position":3,"name":"\u00caxito tratamento da dor cr\u00f3nica"}]},{"@type":"WebSite","@id":"https:\/\/geobionatura.com\/pt-pt\/#website","url":"https:\/\/geobionatura.com\/pt-pt\/","name":"geobionatura","description":"Tu tienda Online","publisher":{"@id":"https:\/\/geobionatura.com\/pt-pt\/#organization"},"potentialAction":[{"@type":"SearchAction","target":{"@type":"EntryPoint","urlTemplate":"https:\/\/geobionatura.com\/pt-pt\/?s={search_term_string}"},"query-input":{"@type":"PropertyValueSpecification","valueRequired":true,"valueName":"search_term_string"}}],"inLanguage":"pt-PT"},{"@type":"Organization","@id":"https:\/\/geobionatura.com\/pt-pt\/#organization","name":"geobionatura","url":"https:\/\/geobionatura.com\/pt-pt\/","logo":{"@type":"ImageObject","inLanguage":"pt-PT","@id":"https:\/\/geobionatura.com\/pt-pt\/#\/schema\/logo\/image\/","url":"https:\/\/geobionatura.com\/wp-content\/uploads\/2024\/02\/logo-biogeonatura.png","contentUrl":"https:\/\/geobionatura.com\/wp-content\/uploads\/2024\/02\/logo-biogeonatura.png","width":256,"height":183,"caption":"geobionatura"},"image":{"@id":"https:\/\/geobionatura.com\/pt-pt\/#\/schema\/logo\/image\/"},"sameAs":["https:\/\/www.facebook.com\/Geobionatura\/","https:\/\/www.linkedin.com\/company\/geobionatura\/","https:\/\/www.youtube.com\/user\/Geobionatura"]}]}},"_links":{"self":[{"href":"https:\/\/geobionatura.com\/pt-pt\/wp-json\/wp\/v2\/product\/14586","targetHints":{"allow":["GET"]}}],"collection":[{"href":"https:\/\/geobionatura.com\/pt-pt\/wp-json\/wp\/v2\/product"}],"about":[{"href":"https:\/\/geobionatura.com\/pt-pt\/wp-json\/wp\/v2\/types\/product"}],"wp:featuredmedia":[{"embeddable":true,"href":"https:\/\/geobionatura.com\/pt-pt\/wp-json\/wp\/v2\/media\/651"}],"wp:attachment":[{"href":"https:\/\/geobionatura.com\/pt-pt\/wp-json\/wp\/v2\/media?parent=14586"}],"wp:term":[{"taxonomy":"product_brand","embeddable":true,"href":"https:\/\/geobionatura.com\/pt-pt\/wp-json\/wp\/v2\/product_brand?post=14586"},{"taxonomy":"product_cat","embeddable":true,"href":"https:\/\/geobionatura.com\/pt-pt\/wp-json\/wp\/v2\/product_cat?post=14586"},{"taxonomy":"product_tag","embeddable":true,"href":"https:\/\/geobionatura.com\/pt-pt\/wp-json\/wp\/v2\/product_tag?post=14586"}],"curies":[{"name":"wp","href":"https:\/\/api.w.org\/{rel}","templated":true}]}}