{"id":14584,"date":"2024-04-10T09:51:03","date_gmt":"2024-04-10T07:51:03","guid":{"rendered":"https:\/\/geobionatura.com\/producto\/a-biorressonancia-de-paul-schmidt-fundamentos-teoricos-e-aplicacoes\/"},"modified":"2024-05-29T18:15:31","modified_gmt":"2024-05-29T16:15:31","slug":"a-biorressonancia-de-paul-schmidt-fundamentos-teoricos-e-aplicacoes","status":"publish","type":"product","link":"https:\/\/geobionatura.com\/pt-pt\/producto\/a-biorressonancia-de-paul-schmidt-fundamentos-teoricos-e-aplicacoes\/","title":{"rendered":"Bioresson\u00e2ncia segundo Paul Schmidt; fundamentos te\u00f3ricos e aplica\u00e7\u00f5es."},"content":{"rendered":"<p><span style=\"font-weight: 400;\">Livro \u201cLa Biorresonancia seg\u00fan Paul Schmidt; fundamentos te\u00f3ricos y aplicaciones\u201d. Tese\/Trabalho de fim do mestrado \u201cEstudios Biol\u00f3gico-Naturop\u00e1ticos,\u201d Universidade Europeia Miguel de Cervantes de Valladolid (Area de sa\u00fade). Autor: Jorge Boente Represas. Edi\u00e7\u00e3o: 2012, Madrid,em castelhano. Cont\u00e9m 170 p\u00e1ginas e mais de 50 ilustra\u00e7\u00f5es. Inclui 14 estudos de caso. <\/span><\/p>\n<p><span style=\"font-weight: 400;\">\u00datil para quem deseje explorar as bases cient\u00edficas da Biorresson\u00e2ncia at\u00e9 hoje, conhecer as aplica\u00e7\u00f5es do m\u00e9todo em harmoniza\u00e7\u00e3o e testagem, avaliar as diferen\u00e7as em rela\u00e7\u00e3o a outros m\u00e9todos existentes e analisar os resultados dos 14 estudos de casos inclu\u00eddos. Tamb\u00e9m dispon\u00edvel em formato eBook para download.<\/span><\/p>\n","protected":false},"excerpt":{"rendered":"<p>Bioresson\u00e2ncia segundo Paul Schmidt; fundamentos te\u00f3ricos e aplica\u00e7\u00f5es.<\/p>\n","protected":false},"featured_media":877,"template":"","meta":{"_acf_changed":false,"_joinchat":[]},"product_brand":[],"product_cat":[263],"product_tag":[282,301,302,284,303],"class_list":{"0":"post-14584","1":"product","2":"type-product","3":"status-publish","4":"has-post-thumbnail","6":"product_cat-livros","7":"product_tag-biorressonancia","8":"product_tag-livros","9":"product_tag-manual","10":"product_tag-paul-schmidt-pt-pt","11":"product_tag-testes-clinicos","13":"first","14":"instock","15":"taxable","16":"shipping-taxable","17":"purchasable","18":"product-type-simple"},"acf":[],"yoast_head":"<!-- This site is optimized with the Yoast SEO plugin v27.4 - https:\/\/yoast.com\/product\/yoast-seo-wordpress\/ -->\n<title>Biorresson\u00e2ncia Paul Schmidt | Tese sobre o m\u00e9todo | Geobionatura<\/title>\n<meta name=\"description\" content=\"Aprenda sobre os fundamentos te\u00f3ricos e aplica\u00e7\u00f5es pr\u00e1ticas da biorresson\u00e2ncia de Paul Schmidt. Descubra como isso pode melhorar sua sa\u00fade. Envio gr\u00e1tis!\" \/>\n<meta name=\"robots\" content=\"index, follow, max-snippet:-1, max-image-preview:large, max-video-preview:-1\" \/>\n<link rel=\"canonical\" href=\"https:\/\/geobionatura.com\/pt-pt\/producto\/a-biorressonancia-de-paul-schmidt-fundamentos-teoricos-e-aplicacoes\/\" \/>\n<meta property=\"og:locale\" content=\"pt_PT\" \/>\n<meta property=\"og:type\" content=\"article\" \/>\n<meta property=\"og:title\" content=\"Biorresson\u00e2ncia Paul Schmidt | Tese sobre o m\u00e9todo | Geobionatura\" \/>\n<meta property=\"og:description\" content=\"Aprenda sobre os fundamentos te\u00f3ricos e aplica\u00e7\u00f5es pr\u00e1ticas da biorresson\u00e2ncia de Paul Schmidt. Descubra como isso pode melhorar sua sa\u00fade. Envio gr\u00e1tis!\" \/>\n<meta property=\"og:url\" content=\"https:\/\/geobionatura.com\/pt-pt\/producto\/a-biorressonancia-de-paul-schmidt-fundamentos-teoricos-e-aplicacoes\/\" \/>\n<meta property=\"og:site_name\" content=\"Geobionatura\" \/>\n<meta property=\"article:publisher\" content=\"https:\/\/www.facebook.com\/Geobionatura\/\" \/>\n<meta property=\"article:modified_time\" content=\"2024-05-29T16:15:31+00:00\" \/>\n<meta property=\"og:image\" content=\"https:\/\/geobionatura.com\/wp-content\/uploads\/2024\/03\/29-La-Biorresonancia-segun-Paul-Schmidt_-fundamentos-teoricos-y-aplicaiones-1.png\" \/>\n\t<meta property=\"og:image:width\" content=\"500\" \/>\n\t<meta property=\"og:image:height\" content=\"589\" \/>\n\t<meta property=\"og:image:type\" content=\"image\/png\" \/>\n<meta name=\"twitter:card\" content=\"summary_large_image\" \/>\n<meta name=\"twitter:label1\" content=\"Tempo estimado de leitura\" \/>\n\t<meta name=\"twitter:data1\" content=\"1 minuto\" \/>\n<script type=\"application\/ld+json\" class=\"yoast-schema-graph\">{\"@context\":\"https:\\\/\\\/schema.org\",\"@graph\":[{\"@type\":\"WebPage\",\"@id\":\"https:\\\/\\\/geobionatura.com\\\/pt-pt\\\/producto\\\/a-biorressonancia-de-paul-schmidt-fundamentos-teoricos-e-aplicacoes\\\/\",\"url\":\"https:\\\/\\\/geobionatura.com\\\/pt-pt\\\/producto\\\/a-biorressonancia-de-paul-schmidt-fundamentos-teoricos-e-aplicacoes\\\/\",\"name\":\"Biorresson\u00e2ncia Paul Schmidt | Tese sobre o m\u00e9todo | Geobionatura\",\"isPartOf\":{\"@id\":\"https:\\\/\\\/geobionatura.com\\\/pt-pt\\\/#website\"},\"primaryImageOfPage\":{\"@id\":\"https:\\\/\\\/geobionatura.com\\\/pt-pt\\\/producto\\\/a-biorressonancia-de-paul-schmidt-fundamentos-teoricos-e-aplicacoes\\\/#primaryimage\"},\"image\":{\"@id\":\"https:\\\/\\\/geobionatura.com\\\/pt-pt\\\/producto\\\/a-biorressonancia-de-paul-schmidt-fundamentos-teoricos-e-aplicacoes\\\/#primaryimage\"},\"thumbnailUrl\":\"https:\\\/\\\/geobionatura.com\\\/wp-content\\\/uploads\\\/2024\\\/03\\\/29-La-Biorresonancia-segun-Paul-Schmidt_-fundamentos-teoricos-y-aplicaiones-1.png\",\"datePublished\":\"2024-04-10T07:51:03+00:00\",\"dateModified\":\"2024-05-29T16:15:31+00:00\",\"description\":\"Aprenda sobre os fundamentos te\u00f3ricos e aplica\u00e7\u00f5es pr\u00e1ticas da biorresson\u00e2ncia de Paul Schmidt. Descubra como isso pode melhorar sua sa\u00fade. Envio gr\u00e1tis!\",\"breadcrumb\":{\"@id\":\"https:\\\/\\\/geobionatura.com\\\/pt-pt\\\/producto\\\/a-biorressonancia-de-paul-schmidt-fundamentos-teoricos-e-aplicacoes\\\/#breadcrumb\"},\"inLanguage\":\"pt-PT\",\"potentialAction\":[{\"@type\":\"ReadAction\",\"target\":[\"https:\\\/\\\/geobionatura.com\\\/pt-pt\\\/producto\\\/a-biorressonancia-de-paul-schmidt-fundamentos-teoricos-e-aplicacoes\\\/\"]}]},{\"@type\":\"ImageObject\",\"inLanguage\":\"pt-PT\",\"@id\":\"https:\\\/\\\/geobionatura.com\\\/pt-pt\\\/producto\\\/a-biorressonancia-de-paul-schmidt-fundamentos-teoricos-e-aplicacoes\\\/#primaryimage\",\"url\":\"https:\\\/\\\/geobionatura.com\\\/wp-content\\\/uploads\\\/2024\\\/03\\\/29-La-Biorresonancia-segun-Paul-Schmidt_-fundamentos-teoricos-y-aplicaiones-1.png\",\"contentUrl\":\"https:\\\/\\\/geobionatura.com\\\/wp-content\\\/uploads\\\/2024\\\/03\\\/29-La-Biorresonancia-segun-Paul-Schmidt_-fundamentos-teoricos-y-aplicaiones-1.png\",\"width\":500,\"height\":589},{\"@type\":\"BreadcrumbList\",\"@id\":\"https:\\\/\\\/geobionatura.com\\\/pt-pt\\\/producto\\\/a-biorressonancia-de-paul-schmidt-fundamentos-teoricos-e-aplicacoes\\\/#breadcrumb\",\"itemListElement\":[{\"@type\":\"ListItem\",\"position\":1,\"name\":\"Portada\",\"item\":\"https:\\\/\\\/geobionatura.com\\\/\"},{\"@type\":\"ListItem\",\"position\":2,\"name\":\"Loja\",\"item\":\"https:\\\/\\\/geobionatura.com\\\/tienda\\\/\"},{\"@type\":\"ListItem\",\"position\":3,\"name\":\"Bioresson\u00e2ncia segundo Paul Schmidt; fundamentos te\u00f3ricos e aplica\u00e7\u00f5es.\"}]},{\"@type\":\"WebSite\",\"@id\":\"https:\\\/\\\/geobionatura.com\\\/pt-pt\\\/#website\",\"url\":\"https:\\\/\\\/geobionatura.com\\\/pt-pt\\\/\",\"name\":\"geobionatura\",\"description\":\"Tu tienda Online\",\"publisher\":{\"@id\":\"https:\\\/\\\/geobionatura.com\\\/pt-pt\\\/#organization\"},\"potentialAction\":[{\"@type\":\"SearchAction\",\"target\":{\"@type\":\"EntryPoint\",\"urlTemplate\":\"https:\\\/\\\/geobionatura.com\\\/pt-pt\\\/?s={search_term_string}\"},\"query-input\":{\"@type\":\"PropertyValueSpecification\",\"valueRequired\":true,\"valueName\":\"search_term_string\"}}],\"inLanguage\":\"pt-PT\"},{\"@type\":\"Organization\",\"@id\":\"https:\\\/\\\/geobionatura.com\\\/pt-pt\\\/#organization\",\"name\":\"geobionatura\",\"url\":\"https:\\\/\\\/geobionatura.com\\\/pt-pt\\\/\",\"logo\":{\"@type\":\"ImageObject\",\"inLanguage\":\"pt-PT\",\"@id\":\"https:\\\/\\\/geobionatura.com\\\/pt-pt\\\/#\\\/schema\\\/logo\\\/image\\\/\",\"url\":\"https:\\\/\\\/geobionatura.com\\\/wp-content\\\/uploads\\\/2024\\\/02\\\/logo-biogeonatura.png\",\"contentUrl\":\"https:\\\/\\\/geobionatura.com\\\/wp-content\\\/uploads\\\/2024\\\/02\\\/logo-biogeonatura.png\",\"width\":256,\"height\":183,\"caption\":\"geobionatura\"},\"image\":{\"@id\":\"https:\\\/\\\/geobionatura.com\\\/pt-pt\\\/#\\\/schema\\\/logo\\\/image\\\/\"},\"sameAs\":[\"https:\\\/\\\/www.facebook.com\\\/Geobionatura\\\/\",\"https:\\\/\\\/www.linkedin.com\\\/company\\\/geobionatura\\\/\",\"https:\\\/\\\/www.youtube.com\\\/user\\\/Geobionatura\"]}]}<\/script>\n<!-- \/ Yoast SEO plugin. -->","yoast_head_json":{"title":"Biorresson\u00e2ncia Paul Schmidt | Tese sobre o m\u00e9todo | Geobionatura","description":"Aprenda sobre os fundamentos te\u00f3ricos e aplica\u00e7\u00f5es pr\u00e1ticas da biorresson\u00e2ncia de Paul Schmidt. Descubra como isso pode melhorar sua sa\u00fade. Envio gr\u00e1tis!","robots":{"index":"index","follow":"follow","max-snippet":"max-snippet:-1","max-image-preview":"max-image-preview:large","max-video-preview":"max-video-preview:-1"},"canonical":"https:\/\/geobionatura.com\/pt-pt\/producto\/a-biorressonancia-de-paul-schmidt-fundamentos-teoricos-e-aplicacoes\/","og_locale":"pt_PT","og_type":"article","og_title":"Biorresson\u00e2ncia Paul Schmidt | Tese sobre o m\u00e9todo | Geobionatura","og_description":"Aprenda sobre os fundamentos te\u00f3ricos e aplica\u00e7\u00f5es pr\u00e1ticas da biorresson\u00e2ncia de Paul Schmidt. Descubra como isso pode melhorar sua sa\u00fade. Envio gr\u00e1tis!","og_url":"https:\/\/geobionatura.com\/pt-pt\/producto\/a-biorressonancia-de-paul-schmidt-fundamentos-teoricos-e-aplicacoes\/","og_site_name":"Geobionatura","article_publisher":"https:\/\/www.facebook.com\/Geobionatura\/","article_modified_time":"2024-05-29T16:15:31+00:00","og_image":[{"width":500,"height":589,"url":"https:\/\/geobionatura.com\/wp-content\/uploads\/2024\/03\/29-La-Biorresonancia-segun-Paul-Schmidt_-fundamentos-teoricos-y-aplicaiones-1.png","type":"image\/png"}],"twitter_card":"summary_large_image","twitter_misc":{"Tempo estimado de leitura":"1 minuto"},"schema":{"@context":"https:\/\/schema.org","@graph":[{"@type":"WebPage","@id":"https:\/\/geobionatura.com\/pt-pt\/producto\/a-biorressonancia-de-paul-schmidt-fundamentos-teoricos-e-aplicacoes\/","url":"https:\/\/geobionatura.com\/pt-pt\/producto\/a-biorressonancia-de-paul-schmidt-fundamentos-teoricos-e-aplicacoes\/","name":"Biorresson\u00e2ncia Paul Schmidt | Tese sobre o m\u00e9todo | Geobionatura","isPartOf":{"@id":"https:\/\/geobionatura.com\/pt-pt\/#website"},"primaryImageOfPage":{"@id":"https:\/\/geobionatura.com\/pt-pt\/producto\/a-biorressonancia-de-paul-schmidt-fundamentos-teoricos-e-aplicacoes\/#primaryimage"},"image":{"@id":"https:\/\/geobionatura.com\/pt-pt\/producto\/a-biorressonancia-de-paul-schmidt-fundamentos-teoricos-e-aplicacoes\/#primaryimage"},"thumbnailUrl":"https:\/\/geobionatura.com\/wp-content\/uploads\/2024\/03\/29-La-Biorresonancia-segun-Paul-Schmidt_-fundamentos-teoricos-y-aplicaiones-1.png","datePublished":"2024-04-10T07:51:03+00:00","dateModified":"2024-05-29T16:15:31+00:00","description":"Aprenda sobre os fundamentos te\u00f3ricos e aplica\u00e7\u00f5es pr\u00e1ticas da biorresson\u00e2ncia de Paul Schmidt. Descubra como isso pode melhorar sua sa\u00fade. Envio gr\u00e1tis!","breadcrumb":{"@id":"https:\/\/geobionatura.com\/pt-pt\/producto\/a-biorressonancia-de-paul-schmidt-fundamentos-teoricos-e-aplicacoes\/#breadcrumb"},"inLanguage":"pt-PT","potentialAction":[{"@type":"ReadAction","target":["https:\/\/geobionatura.com\/pt-pt\/producto\/a-biorressonancia-de-paul-schmidt-fundamentos-teoricos-e-aplicacoes\/"]}]},{"@type":"ImageObject","inLanguage":"pt-PT","@id":"https:\/\/geobionatura.com\/pt-pt\/producto\/a-biorressonancia-de-paul-schmidt-fundamentos-teoricos-e-aplicacoes\/#primaryimage","url":"https:\/\/geobionatura.com\/wp-content\/uploads\/2024\/03\/29-La-Biorresonancia-segun-Paul-Schmidt_-fundamentos-teoricos-y-aplicaiones-1.png","contentUrl":"https:\/\/geobionatura.com\/wp-content\/uploads\/2024\/03\/29-La-Biorresonancia-segun-Paul-Schmidt_-fundamentos-teoricos-y-aplicaiones-1.png","width":500,"height":589},{"@type":"BreadcrumbList","@id":"https:\/\/geobionatura.com\/pt-pt\/producto\/a-biorressonancia-de-paul-schmidt-fundamentos-teoricos-e-aplicacoes\/#breadcrumb","itemListElement":[{"@type":"ListItem","position":1,"name":"Portada","item":"https:\/\/geobionatura.com\/"},{"@type":"ListItem","position":2,"name":"Loja","item":"https:\/\/geobionatura.com\/tienda\/"},{"@type":"ListItem","position":3,"name":"Bioresson\u00e2ncia segundo Paul Schmidt; fundamentos te\u00f3ricos e aplica\u00e7\u00f5es."}]},{"@type":"WebSite","@id":"https:\/\/geobionatura.com\/pt-pt\/#website","url":"https:\/\/geobionatura.com\/pt-pt\/","name":"geobionatura","description":"Tu tienda Online","publisher":{"@id":"https:\/\/geobionatura.com\/pt-pt\/#organization"},"potentialAction":[{"@type":"SearchAction","target":{"@type":"EntryPoint","urlTemplate":"https:\/\/geobionatura.com\/pt-pt\/?s={search_term_string}"},"query-input":{"@type":"PropertyValueSpecification","valueRequired":true,"valueName":"search_term_string"}}],"inLanguage":"pt-PT"},{"@type":"Organization","@id":"https:\/\/geobionatura.com\/pt-pt\/#organization","name":"geobionatura","url":"https:\/\/geobionatura.com\/pt-pt\/","logo":{"@type":"ImageObject","inLanguage":"pt-PT","@id":"https:\/\/geobionatura.com\/pt-pt\/#\/schema\/logo\/image\/","url":"https:\/\/geobionatura.com\/wp-content\/uploads\/2024\/02\/logo-biogeonatura.png","contentUrl":"https:\/\/geobionatura.com\/wp-content\/uploads\/2024\/02\/logo-biogeonatura.png","width":256,"height":183,"caption":"geobionatura"},"image":{"@id":"https:\/\/geobionatura.com\/pt-pt\/#\/schema\/logo\/image\/"},"sameAs":["https:\/\/www.facebook.com\/Geobionatura\/","https:\/\/www.linkedin.com\/company\/geobionatura\/","https:\/\/www.youtube.com\/user\/Geobionatura"]}]}},"_links":{"self":[{"href":"https:\/\/geobionatura.com\/pt-pt\/wp-json\/wp\/v2\/product\/14584","targetHints":{"allow":["GET"]}}],"collection":[{"href":"https:\/\/geobionatura.com\/pt-pt\/wp-json\/wp\/v2\/product"}],"about":[{"href":"https:\/\/geobionatura.com\/pt-pt\/wp-json\/wp\/v2\/types\/product"}],"wp:featuredmedia":[{"embeddable":true,"href":"https:\/\/geobionatura.com\/pt-pt\/wp-json\/wp\/v2\/media\/877"}],"wp:attachment":[{"href":"https:\/\/geobionatura.com\/pt-pt\/wp-json\/wp\/v2\/media?parent=14584"}],"wp:term":[{"taxonomy":"product_brand","embeddable":true,"href":"https:\/\/geobionatura.com\/pt-pt\/wp-json\/wp\/v2\/product_brand?post=14584"},{"taxonomy":"product_cat","embeddable":true,"href":"https:\/\/geobionatura.com\/pt-pt\/wp-json\/wp\/v2\/product_cat?post=14584"},{"taxonomy":"product_tag","embeddable":true,"href":"https:\/\/geobionatura.com\/pt-pt\/wp-json\/wp\/v2\/product_tag?post=14584"}],"curies":[{"name":"wp","href":"https:\/\/api.w.org\/{rel}","templated":true}]}}