{"id":14576,"date":"2024-04-10T09:51:02","date_gmt":"2024-04-10T07:51:02","guid":{"rendered":"https:\/\/geobionatura.com\/producto\/rayocomp-ps10-med-e-acessorios\/"},"modified":"2025-10-20T11:02:04","modified_gmt":"2025-10-20T09:02:04","slug":"rayocomp-ps10-med-e-acessorios","status":"publish","type":"product","link":"https:\/\/geobionatura.com\/pt-pt\/producto\/rayocomp-ps10-med\/","title":{"rendered":"Rayocomp PS10 Med"},"content":{"rendered":"<p>Equipamento de Biorresson\u00e2ncia Rayocomp PS10 M10 MED port\u00e1til, com o software RAH M10 para uso SEMI-PROFISSIONAL, para testagem e harmoniza\u00e7\u00e3o e certificado UE para uso m\u00e9dico (tipo IIa).<\/p>\n<p>Indicado para uso port\u00e1til e semi-profissional, com a mesma efic\u00e1cia e rapidez na testagem e na harmoniza\u00e7\u00e3o que o equipamento profissional mas com todas as vantagens de um equipamento de peso reduzido e com uma bateria de grande autonomia.<\/p>\n<p>Sugerimos adquira o seu equipamento m\u00e9dico\u00a0<strong>Rayocomp PS 10 MED\u00a0<\/strong>com os seguintes acess\u00f3rios: 6 aplicadores + 5 cart\u00f5es de memoria + 2 travessas para produtos + acess\u00f3rio para testagem (o pre\u00e7o indicado \u00e9 para o conjunto sugerido). Interface com cart\u00e3o de memoriae cart\u00e3o SD.<\/p>\n<p>Softwares opcionais: BaPS (m\u00f3dulo de frequ\u00eancias incluido Acupunctura), programas integrados do Dr Ulrich, programas integrados BAT, M\u00f3dulo Veterin\u00e1ria, M\u00f3dulo Celular y M\u00f3dulo Global Test (para an\u00e1lise e harmoniza\u00e7\u00e3o de Intoler\u00e2ncias e Al\u00e9rgenos) para a \u00e1rea humana (900 programas) ou para a \u00e1rea VET (mais de 90 programas).<\/p>\n","protected":false},"excerpt":{"rendered":"<p>Equipamento de Biorresson\u00e2ncia port\u00e1til gama m\u00e9dica, pack<\/p>\n","protected":false},"featured_media":17799,"template":"","meta":{"_acf_changed":false,"_joinchat":[]},"product_brand":[],"product_cat":[261],"product_tag":[283,282,295,284,285,292,286,287,296],"class_list":{"0":"post-14576","1":"product","2":"type-product","3":"status-publish","4":"has-post-thumbnail","6":"product_cat-equipamentos-de-bioresonancia-de-uso-medico","7":"product_tag-biofeedback-pt-pt","8":"product_tag-biorressonancia","9":"product_tag-certificado-ue-pt-pt","10":"product_tag-paul-schmidt-pt-pt","11":"product_tag-portatil-pt-pt","12":"product_tag-profesional-pt-pt","13":"product_tag-rayocomp-pt-pt","14":"product_tag-rayonex-biomedical-pt-pt","15":"product_tag-uso-medico-pt-pt","17":"first","18":"instock","19":"taxable","20":"shipping-taxable","21":"purchasable","22":"product-type-simple"},"acf":[],"yoast_head":"<!-- This site is optimized with the Yoast SEO plugin v27.4 - https:\/\/yoast.com\/product\/yoast-seo-wordpress\/ -->\n<title>Rayocomp PS10 Med<\/title>\n<meta name=\"description\" content=\"Equipamento de biorresson\u00e2ncia port\u00e1til Rayocomp PS10 Med certificado para uso m\u00e9dico (IIa). Software RAH M10 para testagem e harmoniza\u00e7\u00e3o.\" \/>\n<meta name=\"robots\" content=\"index, follow, max-snippet:-1, max-image-preview:large, max-video-preview:-1\" \/>\n<link rel=\"canonical\" href=\"https:\/\/geobionatura.com\/pt-pt\/producto\/rayocomp-ps10-med\/\" \/>\n<meta property=\"og:locale\" content=\"pt_PT\" \/>\n<meta property=\"og:type\" content=\"article\" \/>\n<meta property=\"og:title\" content=\"Rayocomp PS10 Med\" \/>\n<meta property=\"og:description\" content=\"Equipamento de biorresson\u00e2ncia port\u00e1til Rayocomp PS10 Med certificado para uso m\u00e9dico (IIa). Software RAH M10 para testagem e harmoniza\u00e7\u00e3o.\" \/>\n<meta property=\"og:url\" content=\"https:\/\/geobionatura.com\/pt-pt\/producto\/rayocomp-ps10-med\/\" \/>\n<meta property=\"og:site_name\" content=\"Geobionatura\" \/>\n<meta property=\"article:publisher\" content=\"https:\/\/www.facebook.com\/Geobionatura\/\" \/>\n<meta property=\"article:modified_time\" content=\"2025-10-20T09:02:04+00:00\" \/>\n<meta property=\"og:image\" content=\"https:\/\/geobionatura.com\/wp-content\/uploads\/2024\/04\/producto-rayocomp-ps10-med.jpg\" \/>\n\t<meta property=\"og:image:width\" content=\"1500\" \/>\n\t<meta property=\"og:image:height\" content=\"1386\" \/>\n\t<meta property=\"og:image:type\" content=\"image\/jpeg\" \/>\n<meta name=\"twitter:card\" content=\"summary_large_image\" \/>\n<meta name=\"twitter:label1\" content=\"Tempo estimado de leitura\" \/>\n\t<meta name=\"twitter:data1\" content=\"1 minuto\" \/>\n<script type=\"application\/ld+json\" class=\"yoast-schema-graph\">{\"@context\":\"https:\\\/\\\/schema.org\",\"@graph\":[{\"@type\":\"WebPage\",\"@id\":\"https:\\\/\\\/geobionatura.com\\\/pt-pt\\\/producto\\\/rayocomp-ps10-med\\\/\",\"url\":\"https:\\\/\\\/geobionatura.com\\\/pt-pt\\\/producto\\\/rayocomp-ps10-med\\\/\",\"name\":\"Rayocomp PS10 Med\",\"isPartOf\":{\"@id\":\"https:\\\/\\\/geobionatura.com\\\/pt-pt\\\/#website\"},\"primaryImageOfPage\":{\"@id\":\"https:\\\/\\\/geobionatura.com\\\/pt-pt\\\/producto\\\/rayocomp-ps10-med\\\/#primaryimage\"},\"image\":{\"@id\":\"https:\\\/\\\/geobionatura.com\\\/pt-pt\\\/producto\\\/rayocomp-ps10-med\\\/#primaryimage\"},\"thumbnailUrl\":\"https:\\\/\\\/geobionatura.com\\\/wp-content\\\/uploads\\\/2024\\\/04\\\/producto-rayocomp-ps10-med.jpg\",\"datePublished\":\"2024-04-10T07:51:02+00:00\",\"dateModified\":\"2025-10-20T09:02:04+00:00\",\"description\":\"Equipamento de biorresson\u00e2ncia port\u00e1til Rayocomp PS10 Med certificado para uso m\u00e9dico (IIa). Software RAH M10 para testagem e harmoniza\u00e7\u00e3o.\",\"breadcrumb\":{\"@id\":\"https:\\\/\\\/geobionatura.com\\\/pt-pt\\\/producto\\\/rayocomp-ps10-med\\\/#breadcrumb\"},\"inLanguage\":\"pt-PT\",\"potentialAction\":[{\"@type\":\"ReadAction\",\"target\":[\"https:\\\/\\\/geobionatura.com\\\/pt-pt\\\/producto\\\/rayocomp-ps10-med\\\/\"]}]},{\"@type\":\"ImageObject\",\"inLanguage\":\"pt-PT\",\"@id\":\"https:\\\/\\\/geobionatura.com\\\/pt-pt\\\/producto\\\/rayocomp-ps10-med\\\/#primaryimage\",\"url\":\"https:\\\/\\\/geobionatura.com\\\/wp-content\\\/uploads\\\/2024\\\/04\\\/producto-rayocomp-ps10-med.jpg\",\"contentUrl\":\"https:\\\/\\\/geobionatura.com\\\/wp-content\\\/uploads\\\/2024\\\/04\\\/producto-rayocomp-ps10-med.jpg\",\"width\":1500,\"height\":1386,\"caption\":\"producto rayocomp ps10 med\"},{\"@type\":\"BreadcrumbList\",\"@id\":\"https:\\\/\\\/geobionatura.com\\\/pt-pt\\\/producto\\\/rayocomp-ps10-med\\\/#breadcrumb\",\"itemListElement\":[{\"@type\":\"ListItem\",\"position\":1,\"name\":\"Portada\",\"item\":\"https:\\\/\\\/geobionatura.com\\\/\"},{\"@type\":\"ListItem\",\"position\":2,\"name\":\"Loja\",\"item\":\"https:\\\/\\\/geobionatura.com\\\/tienda\\\/\"},{\"@type\":\"ListItem\",\"position\":3,\"name\":\"Rayocomp PS10 Med\"}]},{\"@type\":\"WebSite\",\"@id\":\"https:\\\/\\\/geobionatura.com\\\/pt-pt\\\/#website\",\"url\":\"https:\\\/\\\/geobionatura.com\\\/pt-pt\\\/\",\"name\":\"geobionatura\",\"description\":\"Tu tienda Online\",\"publisher\":{\"@id\":\"https:\\\/\\\/geobionatura.com\\\/pt-pt\\\/#organization\"},\"potentialAction\":[{\"@type\":\"SearchAction\",\"target\":{\"@type\":\"EntryPoint\",\"urlTemplate\":\"https:\\\/\\\/geobionatura.com\\\/pt-pt\\\/?s={search_term_string}\"},\"query-input\":{\"@type\":\"PropertyValueSpecification\",\"valueRequired\":true,\"valueName\":\"search_term_string\"}}],\"inLanguage\":\"pt-PT\"},{\"@type\":\"Organization\",\"@id\":\"https:\\\/\\\/geobionatura.com\\\/pt-pt\\\/#organization\",\"name\":\"geobionatura\",\"url\":\"https:\\\/\\\/geobionatura.com\\\/pt-pt\\\/\",\"logo\":{\"@type\":\"ImageObject\",\"inLanguage\":\"pt-PT\",\"@id\":\"https:\\\/\\\/geobionatura.com\\\/pt-pt\\\/#\\\/schema\\\/logo\\\/image\\\/\",\"url\":\"https:\\\/\\\/geobionatura.com\\\/wp-content\\\/uploads\\\/2024\\\/02\\\/logo-biogeonatura.png\",\"contentUrl\":\"https:\\\/\\\/geobionatura.com\\\/wp-content\\\/uploads\\\/2024\\\/02\\\/logo-biogeonatura.png\",\"width\":256,\"height\":183,\"caption\":\"geobionatura\"},\"image\":{\"@id\":\"https:\\\/\\\/geobionatura.com\\\/pt-pt\\\/#\\\/schema\\\/logo\\\/image\\\/\"},\"sameAs\":[\"https:\\\/\\\/www.facebook.com\\\/Geobionatura\\\/\",\"https:\\\/\\\/www.linkedin.com\\\/company\\\/geobionatura\\\/\",\"https:\\\/\\\/www.youtube.com\\\/user\\\/Geobionatura\"]}]}<\/script>\n<!-- \/ Yoast SEO plugin. -->","yoast_head_json":{"title":"Rayocomp PS10 Med","description":"Equipamento de biorresson\u00e2ncia port\u00e1til Rayocomp PS10 Med certificado para uso m\u00e9dico (IIa). Software RAH M10 para testagem e harmoniza\u00e7\u00e3o.","robots":{"index":"index","follow":"follow","max-snippet":"max-snippet:-1","max-image-preview":"max-image-preview:large","max-video-preview":"max-video-preview:-1"},"canonical":"https:\/\/geobionatura.com\/pt-pt\/producto\/rayocomp-ps10-med\/","og_locale":"pt_PT","og_type":"article","og_title":"Rayocomp PS10 Med","og_description":"Equipamento de biorresson\u00e2ncia port\u00e1til Rayocomp PS10 Med certificado para uso m\u00e9dico (IIa). Software RAH M10 para testagem e harmoniza\u00e7\u00e3o.","og_url":"https:\/\/geobionatura.com\/pt-pt\/producto\/rayocomp-ps10-med\/","og_site_name":"Geobionatura","article_publisher":"https:\/\/www.facebook.com\/Geobionatura\/","article_modified_time":"2025-10-20T09:02:04+00:00","og_image":[{"width":1500,"height":1386,"url":"https:\/\/geobionatura.com\/wp-content\/uploads\/2024\/04\/producto-rayocomp-ps10-med.jpg","type":"image\/jpeg"}],"twitter_card":"summary_large_image","twitter_misc":{"Tempo estimado de leitura":"1 minuto"},"schema":{"@context":"https:\/\/schema.org","@graph":[{"@type":"WebPage","@id":"https:\/\/geobionatura.com\/pt-pt\/producto\/rayocomp-ps10-med\/","url":"https:\/\/geobionatura.com\/pt-pt\/producto\/rayocomp-ps10-med\/","name":"Rayocomp PS10 Med","isPartOf":{"@id":"https:\/\/geobionatura.com\/pt-pt\/#website"},"primaryImageOfPage":{"@id":"https:\/\/geobionatura.com\/pt-pt\/producto\/rayocomp-ps10-med\/#primaryimage"},"image":{"@id":"https:\/\/geobionatura.com\/pt-pt\/producto\/rayocomp-ps10-med\/#primaryimage"},"thumbnailUrl":"https:\/\/geobionatura.com\/wp-content\/uploads\/2024\/04\/producto-rayocomp-ps10-med.jpg","datePublished":"2024-04-10T07:51:02+00:00","dateModified":"2025-10-20T09:02:04+00:00","description":"Equipamento de biorresson\u00e2ncia port\u00e1til Rayocomp PS10 Med certificado para uso m\u00e9dico (IIa). Software RAH M10 para testagem e harmoniza\u00e7\u00e3o.","breadcrumb":{"@id":"https:\/\/geobionatura.com\/pt-pt\/producto\/rayocomp-ps10-med\/#breadcrumb"},"inLanguage":"pt-PT","potentialAction":[{"@type":"ReadAction","target":["https:\/\/geobionatura.com\/pt-pt\/producto\/rayocomp-ps10-med\/"]}]},{"@type":"ImageObject","inLanguage":"pt-PT","@id":"https:\/\/geobionatura.com\/pt-pt\/producto\/rayocomp-ps10-med\/#primaryimage","url":"https:\/\/geobionatura.com\/wp-content\/uploads\/2024\/04\/producto-rayocomp-ps10-med.jpg","contentUrl":"https:\/\/geobionatura.com\/wp-content\/uploads\/2024\/04\/producto-rayocomp-ps10-med.jpg","width":1500,"height":1386,"caption":"producto rayocomp ps10 med"},{"@type":"BreadcrumbList","@id":"https:\/\/geobionatura.com\/pt-pt\/producto\/rayocomp-ps10-med\/#breadcrumb","itemListElement":[{"@type":"ListItem","position":1,"name":"Portada","item":"https:\/\/geobionatura.com\/"},{"@type":"ListItem","position":2,"name":"Loja","item":"https:\/\/geobionatura.com\/tienda\/"},{"@type":"ListItem","position":3,"name":"Rayocomp PS10 Med"}]},{"@type":"WebSite","@id":"https:\/\/geobionatura.com\/pt-pt\/#website","url":"https:\/\/geobionatura.com\/pt-pt\/","name":"geobionatura","description":"Tu tienda Online","publisher":{"@id":"https:\/\/geobionatura.com\/pt-pt\/#organization"},"potentialAction":[{"@type":"SearchAction","target":{"@type":"EntryPoint","urlTemplate":"https:\/\/geobionatura.com\/pt-pt\/?s={search_term_string}"},"query-input":{"@type":"PropertyValueSpecification","valueRequired":true,"valueName":"search_term_string"}}],"inLanguage":"pt-PT"},{"@type":"Organization","@id":"https:\/\/geobionatura.com\/pt-pt\/#organization","name":"geobionatura","url":"https:\/\/geobionatura.com\/pt-pt\/","logo":{"@type":"ImageObject","inLanguage":"pt-PT","@id":"https:\/\/geobionatura.com\/pt-pt\/#\/schema\/logo\/image\/","url":"https:\/\/geobionatura.com\/wp-content\/uploads\/2024\/02\/logo-biogeonatura.png","contentUrl":"https:\/\/geobionatura.com\/wp-content\/uploads\/2024\/02\/logo-biogeonatura.png","width":256,"height":183,"caption":"geobionatura"},"image":{"@id":"https:\/\/geobionatura.com\/pt-pt\/#\/schema\/logo\/image\/"},"sameAs":["https:\/\/www.facebook.com\/Geobionatura\/","https:\/\/www.linkedin.com\/company\/geobionatura\/","https:\/\/www.youtube.com\/user\/Geobionatura"]}]}},"_links":{"self":[{"href":"https:\/\/geobionatura.com\/pt-pt\/wp-json\/wp\/v2\/product\/14576","targetHints":{"allow":["GET"]}}],"collection":[{"href":"https:\/\/geobionatura.com\/pt-pt\/wp-json\/wp\/v2\/product"}],"about":[{"href":"https:\/\/geobionatura.com\/pt-pt\/wp-json\/wp\/v2\/types\/product"}],"wp:featuredmedia":[{"embeddable":true,"href":"https:\/\/geobionatura.com\/pt-pt\/wp-json\/wp\/v2\/media\/17799"}],"wp:attachment":[{"href":"https:\/\/geobionatura.com\/pt-pt\/wp-json\/wp\/v2\/media?parent=14576"}],"wp:term":[{"taxonomy":"product_brand","embeddable":true,"href":"https:\/\/geobionatura.com\/pt-pt\/wp-json\/wp\/v2\/product_brand?post=14576"},{"taxonomy":"product_cat","embeddable":true,"href":"https:\/\/geobionatura.com\/pt-pt\/wp-json\/wp\/v2\/product_cat?post=14576"},{"taxonomy":"product_tag","embeddable":true,"href":"https:\/\/geobionatura.com\/pt-pt\/wp-json\/wp\/v2\/product_tag?post=14576"}],"curies":[{"name":"wp","href":"https:\/\/api.w.org\/{rel}","templated":true}]}}