{"id":14571,"date":"2024-04-10T09:51:01","date_gmt":"2024-04-10T07:51:01","guid":{"rendered":"https:\/\/geobionatura.com\/producto\/rayocomp-polar-1000-4-0-e-acessorios\/"},"modified":"2025-05-22T11:28:16","modified_gmt":"2025-05-22T09:28:16","slug":"rayocomp-polar-1000-4-0-e-acessorios","status":"publish","type":"product","link":"https:\/\/geobionatura.com\/pt-pt\/producto\/rayocomp-polar-1000-4-0-e-acessorios\/","title":{"rendered":"Rayocomp Polar 1000 4.0 e acess\u00f3rios"},"content":{"rendered":"<p>Equipamento de Biorresson\u00e2ncia Rayocomp Polar 1000 4.0 para uso profissional mas sem certifica\u00e7\u00e3o UE para uso m\u00e9dico, para aplica\u00e7\u00e3o tanto na testagem como na harmoniza\u00e7\u00e3o. O pack de compra inclui os seguintes acess\u00f3rios: 6 aplicadores + 1 cart\u00e3o de mem\u00f3ria + 2 bandejas para subst\u00e2ncias + acess\u00f3rio de testagem e o software para testagem autom\u00e1tica Rayoscan com base na tecnolog\u00eda ECG. Capacidade de cadastro de at\u00e9 1000 clientes no banco de dados. Interface com impressora, monitor ou televis\u00e3o, pen-drive (formato PDF) e cart\u00e3o de mem\u00f3ria. Conex\u00e3o WIFI para manuten\u00e7\u00e3o e atualiza\u00e7\u00e3o remotas do software. Ecr\u00e3 t\u00e1til, a cores e multil\u00edngue. Softwares opcionais: M\u00f3dulo de acupuntura, programas integrados do Dr. Ulrich, programas integrados BAT do Dr Denecke, M\u00f3dulo VET (c\u00e3es, gatos e cavalos), M\u00f3dulo Celular e M\u00f3dulo Global Test (para an\u00e1lise e dessensibiliza\u00e7\u00e3o de intoler\u00e2ncias e al\u00e9rgenos).<\/p>\n","protected":false},"excerpt":{"rendered":"<p>Equipamento profissional de bioresson\u00e2ncia, embalagem<\/p>\n","protected":false},"featured_media":835,"template":"","meta":{"_acf_changed":false,"_joinchat":[]},"product_brand":[],"product_cat":[260],"product_tag":[283,282,284,285,292,286,287],"class_list":{"0":"post-14571","1":"product","2":"type-product","3":"status-publish","4":"has-post-thumbnail","6":"product_cat-equipamentos-de-bioresonancia","7":"product_tag-biofeedback-pt-pt","8":"product_tag-biorressonancia","9":"product_tag-paul-schmidt-pt-pt","10":"product_tag-portatil-pt-pt","11":"product_tag-profesional-pt-pt","12":"product_tag-rayocomp-pt-pt","13":"product_tag-rayonex-biomedical-pt-pt","15":"first","16":"instock","17":"taxable","18":"shipping-taxable","19":"purchasable","20":"product-type-simple"},"acf":[],"yoast_head":"<!-- This site is optimized with the Yoast SEO plugin v27.4 - https:\/\/yoast.com\/product\/yoast-seo-wordpress\/ -->\n<title>Equipamentos Biorresson\u00e2ncia | Rayocomp Polar 1000 | Geobionatura<\/title>\n<meta name=\"description\" content=\"Equipamento Rayocomp Polar 1000 4.0 de Bioresson\u00e2ncia (testagem e harmoniza\u00e7\u00e3o) de uso profissional (n\u00e3o m\u00e9dico). Inclui acess\u00f3rios. Aproveite as nossas ofertas!\" \/>\n<meta name=\"robots\" content=\"index, follow, max-snippet:-1, max-image-preview:large, max-video-preview:-1\" \/>\n<link rel=\"canonical\" href=\"https:\/\/geobionatura.com\/pt-pt\/producto\/rayocomp-polar-1000-4-0-e-acessorios\/\" \/>\n<meta property=\"og:locale\" content=\"pt_PT\" \/>\n<meta property=\"og:type\" content=\"article\" \/>\n<meta property=\"og:title\" content=\"Equipamentos Biorresson\u00e2ncia | Rayocomp Polar 1000 | Geobionatura\" \/>\n<meta property=\"og:description\" content=\"Equipamento Rayocomp Polar 1000 4.0 de Bioresson\u00e2ncia (testagem e harmoniza\u00e7\u00e3o) de uso profissional (n\u00e3o m\u00e9dico). Inclui acess\u00f3rios. Aproveite as nossas ofertas!\" \/>\n<meta property=\"og:url\" content=\"https:\/\/geobionatura.com\/pt-pt\/producto\/rayocomp-polar-1000-4-0-e-acessorios\/\" \/>\n<meta property=\"og:site_name\" content=\"Geobionatura\" \/>\n<meta property=\"article:publisher\" content=\"https:\/\/www.facebook.com\/Geobionatura\/\" \/>\n<meta property=\"article:modified_time\" content=\"2025-05-22T09:28:16+00:00\" \/>\n<meta property=\"og:image\" content=\"https:\/\/geobionatura.com\/wp-content\/uploads\/2024\/03\/19-Rayocomp-Polar-1000-4.0-Wellness.jpg\" \/>\n\t<meta property=\"og:image:width\" content=\"1535\" \/>\n\t<meta property=\"og:image:height\" content=\"1041\" \/>\n\t<meta property=\"og:image:type\" content=\"image\/jpeg\" \/>\n<meta name=\"twitter:card\" content=\"summary_large_image\" \/>\n<meta name=\"twitter:label1\" content=\"Tempo estimado de leitura\" \/>\n\t<meta name=\"twitter:data1\" content=\"1 minuto\" \/>\n<script type=\"application\/ld+json\" class=\"yoast-schema-graph\">{\"@context\":\"https:\\\/\\\/schema.org\",\"@graph\":[{\"@type\":\"WebPage\",\"@id\":\"https:\\\/\\\/geobionatura.com\\\/pt-pt\\\/producto\\\/rayocomp-polar-1000-4-0-e-acessorios\\\/\",\"url\":\"https:\\\/\\\/geobionatura.com\\\/pt-pt\\\/producto\\\/rayocomp-polar-1000-4-0-e-acessorios\\\/\",\"name\":\"Equipamentos Biorresson\u00e2ncia | Rayocomp Polar 1000 | Geobionatura\",\"isPartOf\":{\"@id\":\"https:\\\/\\\/geobionatura.com\\\/pt-pt\\\/#website\"},\"primaryImageOfPage\":{\"@id\":\"https:\\\/\\\/geobionatura.com\\\/pt-pt\\\/producto\\\/rayocomp-polar-1000-4-0-e-acessorios\\\/#primaryimage\"},\"image\":{\"@id\":\"https:\\\/\\\/geobionatura.com\\\/pt-pt\\\/producto\\\/rayocomp-polar-1000-4-0-e-acessorios\\\/#primaryimage\"},\"thumbnailUrl\":\"https:\\\/\\\/geobionatura.com\\\/wp-content\\\/uploads\\\/2024\\\/03\\\/19-Rayocomp-Polar-1000-4.0-Wellness.jpg\",\"datePublished\":\"2024-04-10T07:51:01+00:00\",\"dateModified\":\"2025-05-22T09:28:16+00:00\",\"description\":\"Equipamento Rayocomp Polar 1000 4.0 de Bioresson\u00e2ncia (testagem e harmoniza\u00e7\u00e3o) de uso profissional (n\u00e3o m\u00e9dico). Inclui acess\u00f3rios. Aproveite as nossas ofertas!\",\"breadcrumb\":{\"@id\":\"https:\\\/\\\/geobionatura.com\\\/pt-pt\\\/producto\\\/rayocomp-polar-1000-4-0-e-acessorios\\\/#breadcrumb\"},\"inLanguage\":\"pt-PT\",\"potentialAction\":[{\"@type\":\"ReadAction\",\"target\":[\"https:\\\/\\\/geobionatura.com\\\/pt-pt\\\/producto\\\/rayocomp-polar-1000-4-0-e-acessorios\\\/\"]}]},{\"@type\":\"ImageObject\",\"inLanguage\":\"pt-PT\",\"@id\":\"https:\\\/\\\/geobionatura.com\\\/pt-pt\\\/producto\\\/rayocomp-polar-1000-4-0-e-acessorios\\\/#primaryimage\",\"url\":\"https:\\\/\\\/geobionatura.com\\\/wp-content\\\/uploads\\\/2024\\\/03\\\/19-Rayocomp-Polar-1000-4.0-Wellness.jpg\",\"contentUrl\":\"https:\\\/\\\/geobionatura.com\\\/wp-content\\\/uploads\\\/2024\\\/03\\\/19-Rayocomp-Polar-1000-4.0-Wellness.jpg\",\"width\":1535,\"height\":1041},{\"@type\":\"BreadcrumbList\",\"@id\":\"https:\\\/\\\/geobionatura.com\\\/pt-pt\\\/producto\\\/rayocomp-polar-1000-4-0-e-acessorios\\\/#breadcrumb\",\"itemListElement\":[{\"@type\":\"ListItem\",\"position\":1,\"name\":\"Portada\",\"item\":\"https:\\\/\\\/geobionatura.com\\\/\"},{\"@type\":\"ListItem\",\"position\":2,\"name\":\"Loja\",\"item\":\"https:\\\/\\\/geobionatura.com\\\/tienda\\\/\"},{\"@type\":\"ListItem\",\"position\":3,\"name\":\"Rayocomp Polar 1000 4.0 e acess\u00f3rios\"}]},{\"@type\":\"WebSite\",\"@id\":\"https:\\\/\\\/geobionatura.com\\\/pt-pt\\\/#website\",\"url\":\"https:\\\/\\\/geobionatura.com\\\/pt-pt\\\/\",\"name\":\"geobionatura\",\"description\":\"Tu tienda Online\",\"publisher\":{\"@id\":\"https:\\\/\\\/geobionatura.com\\\/pt-pt\\\/#organization\"},\"potentialAction\":[{\"@type\":\"SearchAction\",\"target\":{\"@type\":\"EntryPoint\",\"urlTemplate\":\"https:\\\/\\\/geobionatura.com\\\/pt-pt\\\/?s={search_term_string}\"},\"query-input\":{\"@type\":\"PropertyValueSpecification\",\"valueRequired\":true,\"valueName\":\"search_term_string\"}}],\"inLanguage\":\"pt-PT\"},{\"@type\":\"Organization\",\"@id\":\"https:\\\/\\\/geobionatura.com\\\/pt-pt\\\/#organization\",\"name\":\"geobionatura\",\"url\":\"https:\\\/\\\/geobionatura.com\\\/pt-pt\\\/\",\"logo\":{\"@type\":\"ImageObject\",\"inLanguage\":\"pt-PT\",\"@id\":\"https:\\\/\\\/geobionatura.com\\\/pt-pt\\\/#\\\/schema\\\/logo\\\/image\\\/\",\"url\":\"https:\\\/\\\/geobionatura.com\\\/wp-content\\\/uploads\\\/2024\\\/02\\\/logo-biogeonatura.png\",\"contentUrl\":\"https:\\\/\\\/geobionatura.com\\\/wp-content\\\/uploads\\\/2024\\\/02\\\/logo-biogeonatura.png\",\"width\":256,\"height\":183,\"caption\":\"geobionatura\"},\"image\":{\"@id\":\"https:\\\/\\\/geobionatura.com\\\/pt-pt\\\/#\\\/schema\\\/logo\\\/image\\\/\"},\"sameAs\":[\"https:\\\/\\\/www.facebook.com\\\/Geobionatura\\\/\",\"https:\\\/\\\/www.linkedin.com\\\/company\\\/geobionatura\\\/\",\"https:\\\/\\\/www.youtube.com\\\/user\\\/Geobionatura\"]}]}<\/script>\n<!-- \/ Yoast SEO plugin. -->","yoast_head_json":{"title":"Equipamentos Biorresson\u00e2ncia | Rayocomp Polar 1000 | Geobionatura","description":"Equipamento Rayocomp Polar 1000 4.0 de Bioresson\u00e2ncia (testagem e harmoniza\u00e7\u00e3o) de uso profissional (n\u00e3o m\u00e9dico). Inclui acess\u00f3rios. Aproveite as nossas ofertas!","robots":{"index":"index","follow":"follow","max-snippet":"max-snippet:-1","max-image-preview":"max-image-preview:large","max-video-preview":"max-video-preview:-1"},"canonical":"https:\/\/geobionatura.com\/pt-pt\/producto\/rayocomp-polar-1000-4-0-e-acessorios\/","og_locale":"pt_PT","og_type":"article","og_title":"Equipamentos Biorresson\u00e2ncia | Rayocomp Polar 1000 | Geobionatura","og_description":"Equipamento Rayocomp Polar 1000 4.0 de Bioresson\u00e2ncia (testagem e harmoniza\u00e7\u00e3o) de uso profissional (n\u00e3o m\u00e9dico). Inclui acess\u00f3rios. Aproveite as nossas ofertas!","og_url":"https:\/\/geobionatura.com\/pt-pt\/producto\/rayocomp-polar-1000-4-0-e-acessorios\/","og_site_name":"Geobionatura","article_publisher":"https:\/\/www.facebook.com\/Geobionatura\/","article_modified_time":"2025-05-22T09:28:16+00:00","og_image":[{"width":1535,"height":1041,"url":"https:\/\/geobionatura.com\/wp-content\/uploads\/2024\/03\/19-Rayocomp-Polar-1000-4.0-Wellness.jpg","type":"image\/jpeg"}],"twitter_card":"summary_large_image","twitter_misc":{"Tempo estimado de leitura":"1 minuto"},"schema":{"@context":"https:\/\/schema.org","@graph":[{"@type":"WebPage","@id":"https:\/\/geobionatura.com\/pt-pt\/producto\/rayocomp-polar-1000-4-0-e-acessorios\/","url":"https:\/\/geobionatura.com\/pt-pt\/producto\/rayocomp-polar-1000-4-0-e-acessorios\/","name":"Equipamentos Biorresson\u00e2ncia | Rayocomp Polar 1000 | Geobionatura","isPartOf":{"@id":"https:\/\/geobionatura.com\/pt-pt\/#website"},"primaryImageOfPage":{"@id":"https:\/\/geobionatura.com\/pt-pt\/producto\/rayocomp-polar-1000-4-0-e-acessorios\/#primaryimage"},"image":{"@id":"https:\/\/geobionatura.com\/pt-pt\/producto\/rayocomp-polar-1000-4-0-e-acessorios\/#primaryimage"},"thumbnailUrl":"https:\/\/geobionatura.com\/wp-content\/uploads\/2024\/03\/19-Rayocomp-Polar-1000-4.0-Wellness.jpg","datePublished":"2024-04-10T07:51:01+00:00","dateModified":"2025-05-22T09:28:16+00:00","description":"Equipamento Rayocomp Polar 1000 4.0 de Bioresson\u00e2ncia (testagem e harmoniza\u00e7\u00e3o) de uso profissional (n\u00e3o m\u00e9dico). Inclui acess\u00f3rios. Aproveite as nossas ofertas!","breadcrumb":{"@id":"https:\/\/geobionatura.com\/pt-pt\/producto\/rayocomp-polar-1000-4-0-e-acessorios\/#breadcrumb"},"inLanguage":"pt-PT","potentialAction":[{"@type":"ReadAction","target":["https:\/\/geobionatura.com\/pt-pt\/producto\/rayocomp-polar-1000-4-0-e-acessorios\/"]}]},{"@type":"ImageObject","inLanguage":"pt-PT","@id":"https:\/\/geobionatura.com\/pt-pt\/producto\/rayocomp-polar-1000-4-0-e-acessorios\/#primaryimage","url":"https:\/\/geobionatura.com\/wp-content\/uploads\/2024\/03\/19-Rayocomp-Polar-1000-4.0-Wellness.jpg","contentUrl":"https:\/\/geobionatura.com\/wp-content\/uploads\/2024\/03\/19-Rayocomp-Polar-1000-4.0-Wellness.jpg","width":1535,"height":1041},{"@type":"BreadcrumbList","@id":"https:\/\/geobionatura.com\/pt-pt\/producto\/rayocomp-polar-1000-4-0-e-acessorios\/#breadcrumb","itemListElement":[{"@type":"ListItem","position":1,"name":"Portada","item":"https:\/\/geobionatura.com\/"},{"@type":"ListItem","position":2,"name":"Loja","item":"https:\/\/geobionatura.com\/tienda\/"},{"@type":"ListItem","position":3,"name":"Rayocomp Polar 1000 4.0 e acess\u00f3rios"}]},{"@type":"WebSite","@id":"https:\/\/geobionatura.com\/pt-pt\/#website","url":"https:\/\/geobionatura.com\/pt-pt\/","name":"geobionatura","description":"Tu tienda Online","publisher":{"@id":"https:\/\/geobionatura.com\/pt-pt\/#organization"},"potentialAction":[{"@type":"SearchAction","target":{"@type":"EntryPoint","urlTemplate":"https:\/\/geobionatura.com\/pt-pt\/?s={search_term_string}"},"query-input":{"@type":"PropertyValueSpecification","valueRequired":true,"valueName":"search_term_string"}}],"inLanguage":"pt-PT"},{"@type":"Organization","@id":"https:\/\/geobionatura.com\/pt-pt\/#organization","name":"geobionatura","url":"https:\/\/geobionatura.com\/pt-pt\/","logo":{"@type":"ImageObject","inLanguage":"pt-PT","@id":"https:\/\/geobionatura.com\/pt-pt\/#\/schema\/logo\/image\/","url":"https:\/\/geobionatura.com\/wp-content\/uploads\/2024\/02\/logo-biogeonatura.png","contentUrl":"https:\/\/geobionatura.com\/wp-content\/uploads\/2024\/02\/logo-biogeonatura.png","width":256,"height":183,"caption":"geobionatura"},"image":{"@id":"https:\/\/geobionatura.com\/pt-pt\/#\/schema\/logo\/image\/"},"sameAs":["https:\/\/www.facebook.com\/Geobionatura\/","https:\/\/www.linkedin.com\/company\/geobionatura\/","https:\/\/www.youtube.com\/user\/Geobionatura"]}]}},"_links":{"self":[{"href":"https:\/\/geobionatura.com\/pt-pt\/wp-json\/wp\/v2\/product\/14571","targetHints":{"allow":["GET"]}}],"collection":[{"href":"https:\/\/geobionatura.com\/pt-pt\/wp-json\/wp\/v2\/product"}],"about":[{"href":"https:\/\/geobionatura.com\/pt-pt\/wp-json\/wp\/v2\/types\/product"}],"wp:featuredmedia":[{"embeddable":true,"href":"https:\/\/geobionatura.com\/pt-pt\/wp-json\/wp\/v2\/media\/835"}],"wp:attachment":[{"href":"https:\/\/geobionatura.com\/pt-pt\/wp-json\/wp\/v2\/media?parent=14571"}],"wp:term":[{"taxonomy":"product_brand","embeddable":true,"href":"https:\/\/geobionatura.com\/pt-pt\/wp-json\/wp\/v2\/product_brand?post=14571"},{"taxonomy":"product_cat","embeddable":true,"href":"https:\/\/geobionatura.com\/pt-pt\/wp-json\/wp\/v2\/product_cat?post=14571"},{"taxonomy":"product_tag","embeddable":true,"href":"https:\/\/geobionatura.com\/pt-pt\/wp-json\/wp\/v2\/product_tag?post=14571"}],"curies":[{"name":"wp","href":"https:\/\/api.w.org\/{rel}","templated":true}]}}