{"id":14568,"date":"2024-04-10T09:51:02","date_gmt":"2024-04-10T07:51:02","guid":{"rendered":"https:\/\/geobionatura.com\/producto\/rayocomp-ps10-semiprofesional-software-m10-e-acessorios\/"},"modified":"2025-10-20T11:21:00","modified_gmt":"2025-10-20T09:21:00","slug":"rayocomp-ps10-semiprofesional-software-m10-e-acessorios","status":"publish","type":"product","link":"https:\/\/geobionatura.com\/pt-pt\/producto\/rayocomp-ps10-semiprofesional-software-m10-e-acessorios\/","title":{"rendered":"Rayocomp PS10 SEMIPROFESIONAL (software M10 e acess\u00f3rios)"},"content":{"rendered":"<p>Equipamento de Biorresson\u00e2ncia Rayocomp PS10 M10 port\u00e1til, com o software RAH M10 para uso SEMI-PROFISSIONAL, para testagem e harmoniza\u00e7\u00e3o. Indicado para uso port\u00e1til e semi-profissional, com a mesma efic\u00e1cia e rapidez na testagem e na harmoniza\u00e7\u00e3o que o equipamento profissional mas com todas as vantagens de um equipamento de peso reduzido e com uma bateria de grande autonomia. Inclui os seguintes acess\u00f3rios: 6 aplicadores + 5 cart\u00f5es de memoria + 2 travessas para produtos + acess\u00f3rio para testagem. Interface com cart\u00e3o de memoria. Softwares opcionais: BaPS\/Acupunctura, programas integrados do Dr Ulrich, programas integrados BAT, m\u00f3dulo Veterin\u00e1ria, m\u00f3dulo Celular y m\u00f3dulo Global test (para an\u00e1lise e harmoniza\u00e7\u00e3o de Intoler\u00e2ncias e Al\u00e9rgenos).<\/p>\n","protected":false},"excerpt":{"rendered":"<p>Equipamento port\u00e1til para testes e harmoniza\u00e7\u00e3o de bioresson\u00e2ncia, embalagem<\/p>\n","protected":false},"featured_media":17800,"template":"","meta":{"_acf_changed":false,"_joinchat":[]},"product_brand":[],"product_cat":[260],"product_tag":[283,282,284,285,292,286,287],"class_list":{"0":"post-14568","1":"product","2":"type-product","3":"status-publish","4":"has-post-thumbnail","6":"product_cat-equipamentos-de-bioresonancia","7":"product_tag-biofeedback-pt-pt","8":"product_tag-biorressonancia","9":"product_tag-paul-schmidt-pt-pt","10":"product_tag-portatil-pt-pt","11":"product_tag-profesional-pt-pt","12":"product_tag-rayocomp-pt-pt","13":"product_tag-rayonex-biomedical-pt-pt","15":"first","16":"instock","17":"taxable","18":"shipping-taxable","19":"purchasable","20":"product-type-simple"},"acf":[],"yoast_head":"<!-- This site is optimized with the Yoast SEO plugin v27.4 - https:\/\/yoast.com\/product\/yoast-seo-wordpress\/ -->\n<title>Equipamentos Biorresson\u00e2ncia | Rayocomp PS10 M10<\/title>\n<meta name=\"description\" content=\"Descubra o poderoso sistema de biorresson\u00e2ncia do Rayocomp PS10 M10 e melhore a sua sa\u00fade. Compre j\u00e1 na Geobionatura e aproveite os nossos descontos!\" \/>\n<meta name=\"robots\" content=\"index, follow, max-snippet:-1, max-image-preview:large, max-video-preview:-1\" \/>\n<link rel=\"canonical\" href=\"https:\/\/geobionatura.com\/pt-pt\/producto\/rayocomp-ps10-semiprofesional-software-m10-e-acessorios\/\" \/>\n<meta property=\"og:locale\" content=\"pt_PT\" \/>\n<meta property=\"og:type\" content=\"article\" \/>\n<meta property=\"og:title\" content=\"Equipamentos Biorresson\u00e2ncia | Rayocomp PS10 M10\" \/>\n<meta property=\"og:description\" content=\"Descubra o poderoso sistema de biorresson\u00e2ncia do Rayocomp PS10 M10 e melhore a sua sa\u00fade. Compre j\u00e1 na Geobionatura e aproveite os nossos descontos!\" \/>\n<meta property=\"og:url\" content=\"https:\/\/geobionatura.com\/pt-pt\/producto\/rayocomp-ps10-semiprofesional-software-m10-e-acessorios\/\" \/>\n<meta property=\"og:site_name\" content=\"Geobionatura\" \/>\n<meta property=\"article:publisher\" content=\"https:\/\/www.facebook.com\/Geobionatura\/\" \/>\n<meta property=\"article:modified_time\" content=\"2025-10-20T09:21:00+00:00\" \/>\n<meta property=\"og:image\" content=\"https:\/\/geobionatura.com\/wp-content\/uploads\/2024\/04\/21145.jpg\" \/>\n\t<meta property=\"og:image:width\" content=\"1500\" \/>\n\t<meta property=\"og:image:height\" content=\"1386\" \/>\n\t<meta property=\"og:image:type\" content=\"image\/jpeg\" \/>\n<meta name=\"twitter:card\" content=\"summary_large_image\" \/>\n<meta name=\"twitter:label1\" content=\"Tempo estimado de leitura\" \/>\n\t<meta name=\"twitter:data1\" content=\"1 minuto\" \/>\n<script type=\"application\/ld+json\" class=\"yoast-schema-graph\">{\"@context\":\"https:\\\/\\\/schema.org\",\"@graph\":[{\"@type\":\"WebPage\",\"@id\":\"https:\\\/\\\/geobionatura.com\\\/pt-pt\\\/producto\\\/rayocomp-ps10-semiprofesional-software-m10-e-acessorios\\\/\",\"url\":\"https:\\\/\\\/geobionatura.com\\\/pt-pt\\\/producto\\\/rayocomp-ps10-semiprofesional-software-m10-e-acessorios\\\/\",\"name\":\"Equipamentos Biorresson\u00e2ncia | Rayocomp PS10 M10\",\"isPartOf\":{\"@id\":\"https:\\\/\\\/geobionatura.com\\\/pt-pt\\\/#website\"},\"primaryImageOfPage\":{\"@id\":\"https:\\\/\\\/geobionatura.com\\\/pt-pt\\\/producto\\\/rayocomp-ps10-semiprofesional-software-m10-e-acessorios\\\/#primaryimage\"},\"image\":{\"@id\":\"https:\\\/\\\/geobionatura.com\\\/pt-pt\\\/producto\\\/rayocomp-ps10-semiprofesional-software-m10-e-acessorios\\\/#primaryimage\"},\"thumbnailUrl\":\"https:\\\/\\\/geobionatura.com\\\/wp-content\\\/uploads\\\/2024\\\/04\\\/21145.jpg\",\"datePublished\":\"2024-04-10T07:51:02+00:00\",\"dateModified\":\"2025-10-20T09:21:00+00:00\",\"description\":\"Descubra o poderoso sistema de biorresson\u00e2ncia do Rayocomp PS10 M10 e melhore a sua sa\u00fade. Compre j\u00e1 na Geobionatura e aproveite os nossos descontos!\",\"breadcrumb\":{\"@id\":\"https:\\\/\\\/geobionatura.com\\\/pt-pt\\\/producto\\\/rayocomp-ps10-semiprofesional-software-m10-e-acessorios\\\/#breadcrumb\"},\"inLanguage\":\"pt-PT\",\"potentialAction\":[{\"@type\":\"ReadAction\",\"target\":[\"https:\\\/\\\/geobionatura.com\\\/pt-pt\\\/producto\\\/rayocomp-ps10-semiprofesional-software-m10-e-acessorios\\\/\"]}]},{\"@type\":\"ImageObject\",\"inLanguage\":\"pt-PT\",\"@id\":\"https:\\\/\\\/geobionatura.com\\\/pt-pt\\\/producto\\\/rayocomp-ps10-semiprofesional-software-m10-e-acessorios\\\/#primaryimage\",\"url\":\"https:\\\/\\\/geobionatura.com\\\/wp-content\\\/uploads\\\/2024\\\/04\\\/21145.jpg\",\"contentUrl\":\"https:\\\/\\\/geobionatura.com\\\/wp-content\\\/uploads\\\/2024\\\/04\\\/21145.jpg\",\"width\":1500,\"height\":1386,\"caption\":\"Rayocomp PS10 SEMIPROFESIONAL software M10 y accesorios\"},{\"@type\":\"BreadcrumbList\",\"@id\":\"https:\\\/\\\/geobionatura.com\\\/pt-pt\\\/producto\\\/rayocomp-ps10-semiprofesional-software-m10-e-acessorios\\\/#breadcrumb\",\"itemListElement\":[{\"@type\":\"ListItem\",\"position\":1,\"name\":\"Portada\",\"item\":\"https:\\\/\\\/geobionatura.com\\\/\"},{\"@type\":\"ListItem\",\"position\":2,\"name\":\"Loja\",\"item\":\"https:\\\/\\\/geobionatura.com\\\/tienda\\\/\"},{\"@type\":\"ListItem\",\"position\":3,\"name\":\"Rayocomp PS10 SEMIPROFESIONAL (software M10 e acess\u00f3rios)\"}]},{\"@type\":\"WebSite\",\"@id\":\"https:\\\/\\\/geobionatura.com\\\/pt-pt\\\/#website\",\"url\":\"https:\\\/\\\/geobionatura.com\\\/pt-pt\\\/\",\"name\":\"geobionatura\",\"description\":\"Tu tienda Online\",\"publisher\":{\"@id\":\"https:\\\/\\\/geobionatura.com\\\/pt-pt\\\/#organization\"},\"potentialAction\":[{\"@type\":\"SearchAction\",\"target\":{\"@type\":\"EntryPoint\",\"urlTemplate\":\"https:\\\/\\\/geobionatura.com\\\/pt-pt\\\/?s={search_term_string}\"},\"query-input\":{\"@type\":\"PropertyValueSpecification\",\"valueRequired\":true,\"valueName\":\"search_term_string\"}}],\"inLanguage\":\"pt-PT\"},{\"@type\":\"Organization\",\"@id\":\"https:\\\/\\\/geobionatura.com\\\/pt-pt\\\/#organization\",\"name\":\"geobionatura\",\"url\":\"https:\\\/\\\/geobionatura.com\\\/pt-pt\\\/\",\"logo\":{\"@type\":\"ImageObject\",\"inLanguage\":\"pt-PT\",\"@id\":\"https:\\\/\\\/geobionatura.com\\\/pt-pt\\\/#\\\/schema\\\/logo\\\/image\\\/\",\"url\":\"https:\\\/\\\/geobionatura.com\\\/wp-content\\\/uploads\\\/2024\\\/02\\\/logo-biogeonatura.png\",\"contentUrl\":\"https:\\\/\\\/geobionatura.com\\\/wp-content\\\/uploads\\\/2024\\\/02\\\/logo-biogeonatura.png\",\"width\":256,\"height\":183,\"caption\":\"geobionatura\"},\"image\":{\"@id\":\"https:\\\/\\\/geobionatura.com\\\/pt-pt\\\/#\\\/schema\\\/logo\\\/image\\\/\"},\"sameAs\":[\"https:\\\/\\\/www.facebook.com\\\/Geobionatura\\\/\",\"https:\\\/\\\/www.linkedin.com\\\/company\\\/geobionatura\\\/\",\"https:\\\/\\\/www.youtube.com\\\/user\\\/Geobionatura\"]}]}<\/script>\n<!-- \/ Yoast SEO plugin. -->","yoast_head_json":{"title":"Equipamentos Biorresson\u00e2ncia | Rayocomp PS10 M10","description":"Descubra o poderoso sistema de biorresson\u00e2ncia do Rayocomp PS10 M10 e melhore a sua sa\u00fade. Compre j\u00e1 na Geobionatura e aproveite os nossos descontos!","robots":{"index":"index","follow":"follow","max-snippet":"max-snippet:-1","max-image-preview":"max-image-preview:large","max-video-preview":"max-video-preview:-1"},"canonical":"https:\/\/geobionatura.com\/pt-pt\/producto\/rayocomp-ps10-semiprofesional-software-m10-e-acessorios\/","og_locale":"pt_PT","og_type":"article","og_title":"Equipamentos Biorresson\u00e2ncia | Rayocomp PS10 M10","og_description":"Descubra o poderoso sistema de biorresson\u00e2ncia do Rayocomp PS10 M10 e melhore a sua sa\u00fade. Compre j\u00e1 na Geobionatura e aproveite os nossos descontos!","og_url":"https:\/\/geobionatura.com\/pt-pt\/producto\/rayocomp-ps10-semiprofesional-software-m10-e-acessorios\/","og_site_name":"Geobionatura","article_publisher":"https:\/\/www.facebook.com\/Geobionatura\/","article_modified_time":"2025-10-20T09:21:00+00:00","og_image":[{"width":1500,"height":1386,"url":"https:\/\/geobionatura.com\/wp-content\/uploads\/2024\/04\/21145.jpg","type":"image\/jpeg"}],"twitter_card":"summary_large_image","twitter_misc":{"Tempo estimado de leitura":"1 minuto"},"schema":{"@context":"https:\/\/schema.org","@graph":[{"@type":"WebPage","@id":"https:\/\/geobionatura.com\/pt-pt\/producto\/rayocomp-ps10-semiprofesional-software-m10-e-acessorios\/","url":"https:\/\/geobionatura.com\/pt-pt\/producto\/rayocomp-ps10-semiprofesional-software-m10-e-acessorios\/","name":"Equipamentos Biorresson\u00e2ncia | Rayocomp PS10 M10","isPartOf":{"@id":"https:\/\/geobionatura.com\/pt-pt\/#website"},"primaryImageOfPage":{"@id":"https:\/\/geobionatura.com\/pt-pt\/producto\/rayocomp-ps10-semiprofesional-software-m10-e-acessorios\/#primaryimage"},"image":{"@id":"https:\/\/geobionatura.com\/pt-pt\/producto\/rayocomp-ps10-semiprofesional-software-m10-e-acessorios\/#primaryimage"},"thumbnailUrl":"https:\/\/geobionatura.com\/wp-content\/uploads\/2024\/04\/21145.jpg","datePublished":"2024-04-10T07:51:02+00:00","dateModified":"2025-10-20T09:21:00+00:00","description":"Descubra o poderoso sistema de biorresson\u00e2ncia do Rayocomp PS10 M10 e melhore a sua sa\u00fade. Compre j\u00e1 na Geobionatura e aproveite os nossos descontos!","breadcrumb":{"@id":"https:\/\/geobionatura.com\/pt-pt\/producto\/rayocomp-ps10-semiprofesional-software-m10-e-acessorios\/#breadcrumb"},"inLanguage":"pt-PT","potentialAction":[{"@type":"ReadAction","target":["https:\/\/geobionatura.com\/pt-pt\/producto\/rayocomp-ps10-semiprofesional-software-m10-e-acessorios\/"]}]},{"@type":"ImageObject","inLanguage":"pt-PT","@id":"https:\/\/geobionatura.com\/pt-pt\/producto\/rayocomp-ps10-semiprofesional-software-m10-e-acessorios\/#primaryimage","url":"https:\/\/geobionatura.com\/wp-content\/uploads\/2024\/04\/21145.jpg","contentUrl":"https:\/\/geobionatura.com\/wp-content\/uploads\/2024\/04\/21145.jpg","width":1500,"height":1386,"caption":"Rayocomp PS10 SEMIPROFESIONAL software M10 y accesorios"},{"@type":"BreadcrumbList","@id":"https:\/\/geobionatura.com\/pt-pt\/producto\/rayocomp-ps10-semiprofesional-software-m10-e-acessorios\/#breadcrumb","itemListElement":[{"@type":"ListItem","position":1,"name":"Portada","item":"https:\/\/geobionatura.com\/"},{"@type":"ListItem","position":2,"name":"Loja","item":"https:\/\/geobionatura.com\/tienda\/"},{"@type":"ListItem","position":3,"name":"Rayocomp PS10 SEMIPROFESIONAL (software M10 e acess\u00f3rios)"}]},{"@type":"WebSite","@id":"https:\/\/geobionatura.com\/pt-pt\/#website","url":"https:\/\/geobionatura.com\/pt-pt\/","name":"geobionatura","description":"Tu tienda Online","publisher":{"@id":"https:\/\/geobionatura.com\/pt-pt\/#organization"},"potentialAction":[{"@type":"SearchAction","target":{"@type":"EntryPoint","urlTemplate":"https:\/\/geobionatura.com\/pt-pt\/?s={search_term_string}"},"query-input":{"@type":"PropertyValueSpecification","valueRequired":true,"valueName":"search_term_string"}}],"inLanguage":"pt-PT"},{"@type":"Organization","@id":"https:\/\/geobionatura.com\/pt-pt\/#organization","name":"geobionatura","url":"https:\/\/geobionatura.com\/pt-pt\/","logo":{"@type":"ImageObject","inLanguage":"pt-PT","@id":"https:\/\/geobionatura.com\/pt-pt\/#\/schema\/logo\/image\/","url":"https:\/\/geobionatura.com\/wp-content\/uploads\/2024\/02\/logo-biogeonatura.png","contentUrl":"https:\/\/geobionatura.com\/wp-content\/uploads\/2024\/02\/logo-biogeonatura.png","width":256,"height":183,"caption":"geobionatura"},"image":{"@id":"https:\/\/geobionatura.com\/pt-pt\/#\/schema\/logo\/image\/"},"sameAs":["https:\/\/www.facebook.com\/Geobionatura\/","https:\/\/www.linkedin.com\/company\/geobionatura\/","https:\/\/www.youtube.com\/user\/Geobionatura"]}]}},"_links":{"self":[{"href":"https:\/\/geobionatura.com\/pt-pt\/wp-json\/wp\/v2\/product\/14568","targetHints":{"allow":["GET"]}}],"collection":[{"href":"https:\/\/geobionatura.com\/pt-pt\/wp-json\/wp\/v2\/product"}],"about":[{"href":"https:\/\/geobionatura.com\/pt-pt\/wp-json\/wp\/v2\/types\/product"}],"wp:featuredmedia":[{"embeddable":true,"href":"https:\/\/geobionatura.com\/pt-pt\/wp-json\/wp\/v2\/media\/17800"}],"wp:attachment":[{"href":"https:\/\/geobionatura.com\/pt-pt\/wp-json\/wp\/v2\/media?parent=14568"}],"wp:term":[{"taxonomy":"product_brand","embeddable":true,"href":"https:\/\/geobionatura.com\/pt-pt\/wp-json\/wp\/v2\/product_brand?post=14568"},{"taxonomy":"product_cat","embeddable":true,"href":"https:\/\/geobionatura.com\/pt-pt\/wp-json\/wp\/v2\/product_cat?post=14568"},{"taxonomy":"product_tag","embeddable":true,"href":"https:\/\/geobionatura.com\/pt-pt\/wp-json\/wp\/v2\/product_tag?post=14568"}],"curies":[{"name":"wp","href":"https:\/\/api.w.org\/{rel}","templated":true}]}}