{"id":14567,"date":"2024-04-10T09:51:02","date_gmt":"2024-04-10T07:51:02","guid":{"rendered":"https:\/\/geobionatura.com\/producto\/rayocomp-ps10-light\/"},"modified":"2024-05-29T18:50:47","modified_gmt":"2024-05-29T16:50:47","slug":"rayocomp-ps10-light","status":"publish","type":"product","link":"https:\/\/geobionatura.com\/pt-pt\/producto\/rayocomp-ps10-light\/","title":{"rendered":"Rayocomp PS10 LIGHT"},"content":{"rendered":"<p>O equipamento de Biorresson\u00e2ncia Rayocomp PS10 LIGHT \u00e9 um equipamento port\u00e1til com o software RAH M8 j\u00e1 inclu\u00eddo para a harmoniza\u00e7\u00e3o em casa e de muito f\u00e1cil uso. Inclui os principais Programas Compactos, ou sequ\u00eancias de harmoniza\u00e7\u00e3o j\u00e1 pre-programadas, para o bem-estar humano e veterin\u00e1rio. Indicado para uso por particulares, tem 63 sequ\u00eancias de harmoniza\u00e7\u00e3o pr\u00e9-configuradas para uso humano e 103 para uso veterin\u00e1rio (c\u00e3es, gatos e cavalos). O pack tamb\u00e9m inclui 1 detetor de tecido para a aplica\u00e7\u00e3o dos programas. S\u00f3 tem de acender o equipamento, selecionar o programa desejado e pode come\u00e7ar j\u00e1 a harmoniza\u00e7\u00e3o durante o seu tempo de leitura, sesta ou \u00e0 noite enquanto dorme. O software \u00e9 atualiz\u00e1vel em qualquer momento \u00e0s vers\u00f5es FAMILIAR ou SEMI-PROFISSIONAL. <\/p>\n","protected":false},"excerpt":{"rendered":"<p>Equipamento port\u00e1til de bioresson\u00e2ncia com programas b\u00e1sicos para harmoniza\u00e7\u00e3o, embalagem<\/p>\n","protected":false},"featured_media":994,"template":"","meta":{"_acf_changed":false,"_joinchat":[]},"product_brand":[],"product_cat":[260],"product_tag":[289,283,282,290,284,285,286,291,287,288],"class_list":{"0":"post-14567","1":"product","2":"type-product","3":"status-publish","4":"has-post-thumbnail","6":"product_cat-equipamentos-de-bioresonancia","7":"product_tag-bem-estar-familiar-e-veterinario","8":"product_tag-biofeedback-pt-pt","9":"product_tag-biorressonancia","10":"product_tag-familiar-pt-pt","11":"product_tag-paul-schmidt-pt-pt","12":"product_tag-portatil-pt-pt","13":"product_tag-rayocomp-pt-pt","14":"product_tag-rayocomp-ps10-pt-pt","15":"product_tag-rayonex-biomedical-pt-pt","16":"product_tag-uso-domestico-pt-pt","18":"first","19":"instock","20":"taxable","21":"shipping-taxable","22":"purchasable","23":"product-type-simple"},"acf":[],"yoast_head":"<!-- This site is optimized with the Yoast SEO plugin v27.4 - https:\/\/yoast.com\/product\/yoast-seo-wordpress\/ -->\n<title>Equipamentos biorresson\u00e2ncia | Rayocomp PS10 Light | Geobionatura<\/title>\n<meta name=\"description\" content=\"Equipamento de Bioresson\u00e2ncia Rayocomp PS Light para uso familiar ou dom\u00e9stico. Aproveite todas as nossas ofertas!\" \/>\n<meta name=\"robots\" content=\"index, follow, max-snippet:-1, max-image-preview:large, max-video-preview:-1\" \/>\n<link rel=\"canonical\" href=\"https:\/\/geobionatura.com\/pt-pt\/producto\/rayocomp-ps10-light\/\" \/>\n<meta property=\"og:locale\" content=\"pt_PT\" \/>\n<meta property=\"og:type\" content=\"article\" \/>\n<meta property=\"og:title\" content=\"Equipamentos biorresson\u00e2ncia | Rayocomp PS10 Light | Geobionatura\" \/>\n<meta property=\"og:description\" content=\"Equipamento de Bioresson\u00e2ncia Rayocomp PS Light para uso familiar ou dom\u00e9stico. Aproveite todas as nossas ofertas!\" \/>\n<meta property=\"og:url\" content=\"https:\/\/geobionatura.com\/pt-pt\/producto\/rayocomp-ps10-light\/\" \/>\n<meta property=\"og:site_name\" content=\"Geobionatura\" \/>\n<meta property=\"article:publisher\" content=\"https:\/\/www.facebook.com\/Geobionatura\/\" \/>\n<meta property=\"article:modified_time\" content=\"2024-05-29T16:50:47+00:00\" \/>\n<meta property=\"og:image\" content=\"https:\/\/geobionatura.com\/wp-content\/uploads\/2024\/03\/Foto-Rayocompo-PS10-Light.png\" \/>\n\t<meta property=\"og:image:width\" content=\"934\" \/>\n\t<meta property=\"og:image:height\" content=\"766\" \/>\n\t<meta property=\"og:image:type\" content=\"image\/png\" \/>\n<meta name=\"twitter:card\" content=\"summary_large_image\" \/>\n<meta name=\"twitter:label1\" content=\"Tempo estimado de leitura\" \/>\n\t<meta name=\"twitter:data1\" content=\"1 minuto\" \/>\n<script type=\"application\/ld+json\" class=\"yoast-schema-graph\">{\"@context\":\"https:\\\/\\\/schema.org\",\"@graph\":[{\"@type\":\"WebPage\",\"@id\":\"https:\\\/\\\/geobionatura.com\\\/pt-pt\\\/producto\\\/rayocomp-ps10-light\\\/\",\"url\":\"https:\\\/\\\/geobionatura.com\\\/pt-pt\\\/producto\\\/rayocomp-ps10-light\\\/\",\"name\":\"Equipamentos biorresson\u00e2ncia | Rayocomp PS10 Light | Geobionatura\",\"isPartOf\":{\"@id\":\"https:\\\/\\\/geobionatura.com\\\/pt-pt\\\/#website\"},\"primaryImageOfPage\":{\"@id\":\"https:\\\/\\\/geobionatura.com\\\/pt-pt\\\/producto\\\/rayocomp-ps10-light\\\/#primaryimage\"},\"image\":{\"@id\":\"https:\\\/\\\/geobionatura.com\\\/pt-pt\\\/producto\\\/rayocomp-ps10-light\\\/#primaryimage\"},\"thumbnailUrl\":\"https:\\\/\\\/geobionatura.com\\\/wp-content\\\/uploads\\\/2024\\\/03\\\/Foto-Rayocompo-PS10-Light.png\",\"datePublished\":\"2024-04-10T07:51:02+00:00\",\"dateModified\":\"2024-05-29T16:50:47+00:00\",\"description\":\"Equipamento de Bioresson\u00e2ncia Rayocomp PS Light para uso familiar ou dom\u00e9stico. Aproveite todas as nossas ofertas!\",\"breadcrumb\":{\"@id\":\"https:\\\/\\\/geobionatura.com\\\/pt-pt\\\/producto\\\/rayocomp-ps10-light\\\/#breadcrumb\"},\"inLanguage\":\"pt-PT\",\"potentialAction\":[{\"@type\":\"ReadAction\",\"target\":[\"https:\\\/\\\/geobionatura.com\\\/pt-pt\\\/producto\\\/rayocomp-ps10-light\\\/\"]}]},{\"@type\":\"ImageObject\",\"inLanguage\":\"pt-PT\",\"@id\":\"https:\\\/\\\/geobionatura.com\\\/pt-pt\\\/producto\\\/rayocomp-ps10-light\\\/#primaryimage\",\"url\":\"https:\\\/\\\/geobionatura.com\\\/wp-content\\\/uploads\\\/2024\\\/03\\\/Foto-Rayocompo-PS10-Light.png\",\"contentUrl\":\"https:\\\/\\\/geobionatura.com\\\/wp-content\\\/uploads\\\/2024\\\/03\\\/Foto-Rayocompo-PS10-Light.png\",\"width\":934,\"height\":766},{\"@type\":\"BreadcrumbList\",\"@id\":\"https:\\\/\\\/geobionatura.com\\\/pt-pt\\\/producto\\\/rayocomp-ps10-light\\\/#breadcrumb\",\"itemListElement\":[{\"@type\":\"ListItem\",\"position\":1,\"name\":\"Portada\",\"item\":\"https:\\\/\\\/geobionatura.com\\\/\"},{\"@type\":\"ListItem\",\"position\":2,\"name\":\"Loja\",\"item\":\"https:\\\/\\\/geobionatura.com\\\/tienda\\\/\"},{\"@type\":\"ListItem\",\"position\":3,\"name\":\"Rayocomp PS10 LIGHT\"}]},{\"@type\":\"WebSite\",\"@id\":\"https:\\\/\\\/geobionatura.com\\\/pt-pt\\\/#website\",\"url\":\"https:\\\/\\\/geobionatura.com\\\/pt-pt\\\/\",\"name\":\"geobionatura\",\"description\":\"Tu tienda Online\",\"publisher\":{\"@id\":\"https:\\\/\\\/geobionatura.com\\\/pt-pt\\\/#organization\"},\"potentialAction\":[{\"@type\":\"SearchAction\",\"target\":{\"@type\":\"EntryPoint\",\"urlTemplate\":\"https:\\\/\\\/geobionatura.com\\\/pt-pt\\\/?s={search_term_string}\"},\"query-input\":{\"@type\":\"PropertyValueSpecification\",\"valueRequired\":true,\"valueName\":\"search_term_string\"}}],\"inLanguage\":\"pt-PT\"},{\"@type\":\"Organization\",\"@id\":\"https:\\\/\\\/geobionatura.com\\\/pt-pt\\\/#organization\",\"name\":\"geobionatura\",\"url\":\"https:\\\/\\\/geobionatura.com\\\/pt-pt\\\/\",\"logo\":{\"@type\":\"ImageObject\",\"inLanguage\":\"pt-PT\",\"@id\":\"https:\\\/\\\/geobionatura.com\\\/pt-pt\\\/#\\\/schema\\\/logo\\\/image\\\/\",\"url\":\"https:\\\/\\\/geobionatura.com\\\/wp-content\\\/uploads\\\/2024\\\/02\\\/logo-biogeonatura.png\",\"contentUrl\":\"https:\\\/\\\/geobionatura.com\\\/wp-content\\\/uploads\\\/2024\\\/02\\\/logo-biogeonatura.png\",\"width\":256,\"height\":183,\"caption\":\"geobionatura\"},\"image\":{\"@id\":\"https:\\\/\\\/geobionatura.com\\\/pt-pt\\\/#\\\/schema\\\/logo\\\/image\\\/\"},\"sameAs\":[\"https:\\\/\\\/www.facebook.com\\\/Geobionatura\\\/\",\"https:\\\/\\\/www.linkedin.com\\\/company\\\/geobionatura\\\/\",\"https:\\\/\\\/www.youtube.com\\\/user\\\/Geobionatura\"]}]}<\/script>\n<!-- \/ Yoast SEO plugin. -->","yoast_head_json":{"title":"Equipamentos biorresson\u00e2ncia | Rayocomp PS10 Light | Geobionatura","description":"Equipamento de Bioresson\u00e2ncia Rayocomp PS Light para uso familiar ou dom\u00e9stico. Aproveite todas as nossas ofertas!","robots":{"index":"index","follow":"follow","max-snippet":"max-snippet:-1","max-image-preview":"max-image-preview:large","max-video-preview":"max-video-preview:-1"},"canonical":"https:\/\/geobionatura.com\/pt-pt\/producto\/rayocomp-ps10-light\/","og_locale":"pt_PT","og_type":"article","og_title":"Equipamentos biorresson\u00e2ncia | Rayocomp PS10 Light | Geobionatura","og_description":"Equipamento de Bioresson\u00e2ncia Rayocomp PS Light para uso familiar ou dom\u00e9stico. Aproveite todas as nossas ofertas!","og_url":"https:\/\/geobionatura.com\/pt-pt\/producto\/rayocomp-ps10-light\/","og_site_name":"Geobionatura","article_publisher":"https:\/\/www.facebook.com\/Geobionatura\/","article_modified_time":"2024-05-29T16:50:47+00:00","og_image":[{"width":934,"height":766,"url":"https:\/\/geobionatura.com\/wp-content\/uploads\/2024\/03\/Foto-Rayocompo-PS10-Light.png","type":"image\/png"}],"twitter_card":"summary_large_image","twitter_misc":{"Tempo estimado de leitura":"1 minuto"},"schema":{"@context":"https:\/\/schema.org","@graph":[{"@type":"WebPage","@id":"https:\/\/geobionatura.com\/pt-pt\/producto\/rayocomp-ps10-light\/","url":"https:\/\/geobionatura.com\/pt-pt\/producto\/rayocomp-ps10-light\/","name":"Equipamentos biorresson\u00e2ncia | Rayocomp PS10 Light | Geobionatura","isPartOf":{"@id":"https:\/\/geobionatura.com\/pt-pt\/#website"},"primaryImageOfPage":{"@id":"https:\/\/geobionatura.com\/pt-pt\/producto\/rayocomp-ps10-light\/#primaryimage"},"image":{"@id":"https:\/\/geobionatura.com\/pt-pt\/producto\/rayocomp-ps10-light\/#primaryimage"},"thumbnailUrl":"https:\/\/geobionatura.com\/wp-content\/uploads\/2024\/03\/Foto-Rayocompo-PS10-Light.png","datePublished":"2024-04-10T07:51:02+00:00","dateModified":"2024-05-29T16:50:47+00:00","description":"Equipamento de Bioresson\u00e2ncia Rayocomp PS Light para uso familiar ou dom\u00e9stico. Aproveite todas as nossas ofertas!","breadcrumb":{"@id":"https:\/\/geobionatura.com\/pt-pt\/producto\/rayocomp-ps10-light\/#breadcrumb"},"inLanguage":"pt-PT","potentialAction":[{"@type":"ReadAction","target":["https:\/\/geobionatura.com\/pt-pt\/producto\/rayocomp-ps10-light\/"]}]},{"@type":"ImageObject","inLanguage":"pt-PT","@id":"https:\/\/geobionatura.com\/pt-pt\/producto\/rayocomp-ps10-light\/#primaryimage","url":"https:\/\/geobionatura.com\/wp-content\/uploads\/2024\/03\/Foto-Rayocompo-PS10-Light.png","contentUrl":"https:\/\/geobionatura.com\/wp-content\/uploads\/2024\/03\/Foto-Rayocompo-PS10-Light.png","width":934,"height":766},{"@type":"BreadcrumbList","@id":"https:\/\/geobionatura.com\/pt-pt\/producto\/rayocomp-ps10-light\/#breadcrumb","itemListElement":[{"@type":"ListItem","position":1,"name":"Portada","item":"https:\/\/geobionatura.com\/"},{"@type":"ListItem","position":2,"name":"Loja","item":"https:\/\/geobionatura.com\/tienda\/"},{"@type":"ListItem","position":3,"name":"Rayocomp PS10 LIGHT"}]},{"@type":"WebSite","@id":"https:\/\/geobionatura.com\/pt-pt\/#website","url":"https:\/\/geobionatura.com\/pt-pt\/","name":"geobionatura","description":"Tu tienda Online","publisher":{"@id":"https:\/\/geobionatura.com\/pt-pt\/#organization"},"potentialAction":[{"@type":"SearchAction","target":{"@type":"EntryPoint","urlTemplate":"https:\/\/geobionatura.com\/pt-pt\/?s={search_term_string}"},"query-input":{"@type":"PropertyValueSpecification","valueRequired":true,"valueName":"search_term_string"}}],"inLanguage":"pt-PT"},{"@type":"Organization","@id":"https:\/\/geobionatura.com\/pt-pt\/#organization","name":"geobionatura","url":"https:\/\/geobionatura.com\/pt-pt\/","logo":{"@type":"ImageObject","inLanguage":"pt-PT","@id":"https:\/\/geobionatura.com\/pt-pt\/#\/schema\/logo\/image\/","url":"https:\/\/geobionatura.com\/wp-content\/uploads\/2024\/02\/logo-biogeonatura.png","contentUrl":"https:\/\/geobionatura.com\/wp-content\/uploads\/2024\/02\/logo-biogeonatura.png","width":256,"height":183,"caption":"geobionatura"},"image":{"@id":"https:\/\/geobionatura.com\/pt-pt\/#\/schema\/logo\/image\/"},"sameAs":["https:\/\/www.facebook.com\/Geobionatura\/","https:\/\/www.linkedin.com\/company\/geobionatura\/","https:\/\/www.youtube.com\/user\/Geobionatura"]}]}},"_links":{"self":[{"href":"https:\/\/geobionatura.com\/pt-pt\/wp-json\/wp\/v2\/product\/14567","targetHints":{"allow":["GET"]}}],"collection":[{"href":"https:\/\/geobionatura.com\/pt-pt\/wp-json\/wp\/v2\/product"}],"about":[{"href":"https:\/\/geobionatura.com\/pt-pt\/wp-json\/wp\/v2\/types\/product"}],"wp:featuredmedia":[{"embeddable":true,"href":"https:\/\/geobionatura.com\/pt-pt\/wp-json\/wp\/v2\/media\/994"}],"wp:attachment":[{"href":"https:\/\/geobionatura.com\/pt-pt\/wp-json\/wp\/v2\/media?parent=14567"}],"wp:term":[{"taxonomy":"product_brand","embeddable":true,"href":"https:\/\/geobionatura.com\/pt-pt\/wp-json\/wp\/v2\/product_brand?post=14567"},{"taxonomy":"product_cat","embeddable":true,"href":"https:\/\/geobionatura.com\/pt-pt\/wp-json\/wp\/v2\/product_cat?post=14567"},{"taxonomy":"product_tag","embeddable":true,"href":"https:\/\/geobionatura.com\/pt-pt\/wp-json\/wp\/v2\/product_tag?post=14567"}],"curies":[{"name":"wp","href":"https:\/\/api.w.org\/{rel}","templated":true}]}}