{"id":14482,"date":"2024-03-01T11:52:20","date_gmt":"2024-03-01T10:52:20","guid":{"rendered":"https:\/\/geobionatura.com\/sobre-nos\/rayonex-biomedical\/"},"modified":"2024-05-30T18:19:40","modified_gmt":"2024-05-30T16:19:40","slug":"rayonex-biomedical","status":"publish","type":"page","link":"https:\/\/geobionatura.com\/pt-pt\/rayonex-biomedical\/","title":{"rendered":"Rayonex Biomedical"},"content":{"rendered":"\t\t<div data-elementor-type=\"wp-page\" data-elementor-id=\"14482\" class=\"elementor elementor-14482 elementor-1015\" data-elementor-post-type=\"page\">\n\t\t\t\t<div class=\"elementor-element elementor-element-47f3a1d e-con-full e-flex e-con e-parent\" data-id=\"47f3a1d\" data-element_type=\"container\" data-e-type=\"container\" data-settings=\"{&quot;background_background&quot;:&quot;classic&quot;}\">\n\t\t\t\t<div class=\"elementor-element elementor-element-6b8e6db elementor-widget elementor-widget-heading\" data-id=\"6b8e6db\" data-element_type=\"widget\" data-e-type=\"widget\" data-widget_type=\"heading.default\">\n\t\t\t\t<div class=\"elementor-widget-container\">\n\t\t\t\t\t<h1 class=\"elementor-heading-title elementor-size-default\">Rayonex Biomedical<\/h1>\t\t\t\t<\/div>\n\t\t\t\t<\/div>\n\t\t\t\t<\/div>\n\t\t<div class=\"elementor-element elementor-element-fa9fc74 e-flex e-con-boxed e-con e-parent\" data-id=\"fa9fc74\" data-element_type=\"container\" data-e-type=\"container\">\n\t\t\t\t\t<div class=\"e-con-inner\">\n\t\t\t\t<div class=\"elementor-element elementor-element-7989a76 elementor-widget elementor-widget-heading\" data-id=\"7989a76\" data-element_type=\"widget\" data-e-type=\"widget\" data-widget_type=\"heading.default\">\n\t\t\t\t<div class=\"elementor-widget-container\">\n\t\t\t\t\t<h2 class=\"elementor-heading-title elementor-size-default\">A Biorresson\u00e2ncia de acordo com Paul Schmidt:<\/h2>\t\t\t\t<\/div>\n\t\t\t\t<\/div>\n\t\t\t\t<div class=\"elementor-element elementor-element-316c7b6 elementor-widget elementor-widget-text-editor\" data-id=\"316c7b6\" data-element_type=\"widget\" data-e-type=\"widget\" data-widget_type=\"text-editor.default\">\n\t\t\t\t<div class=\"elementor-widget-container\">\n\t\t\t\t\t\t\t\t\t<p style=\"text-align: left;\"><strong>A combina\u00e7\u00e3o \u00fanica de engenharia alem\u00e3 e conhecimento de uma forma alternativa de cuidar da sa\u00fade \u00e9 o que torna este m\u00e9todo e os seus equipamentos em algo de t\u00e3o especial. Este tratamento \u00e9 baseado num dos princ\u00edpios da natureza: a luz solar \u00e9, de facto, uma das formas mais conhecidas de Biorresson\u00e2ncia: quando a luz entra em contato com a nossa pele, esta escurece devido \u00e0 componente UV do espectro solar, com frequ\u00eancias da ordem dos Terahertz. <\/strong><\/p>\n<p style=\"text-align: left;\"><strong>Em 1975, <\/strong>o engenheiro alem\u00e3o Paul Schmidt descobriu que n\u00e3o s\u00f3 as frequ\u00eancias do espectro da luz solar, mas tamb\u00e9m outros espectros de frequ\u00eancias, podem ter um efeito ou <strong>influ\u00eancia positiva<\/strong> no mecanismo regulat\u00f3rio humano e que cada \u00f3rg\u00e3o, tecido ou agente patog\u00e9nico, por exemplo, tem a sua pr\u00f3pria frequ\u00eancia de vibra\u00e7\u00e3o. Isso marcou o nascimento da Biorresson\u00e2ncia de acordo com Paul Schmidt, tal como a conhecemos hoje em dia. Em resumo, baseia-se em estimular o corpo com o objetivo de o ajudar nos seus processos de autorregula\u00e7\u00e3o. Desde ent\u00e3o que a Rayonex Biomedical tem procurado ativamente os espectros de frequ\u00eancia que podem ser transmitidos aos pacientes, durante a harmoniza\u00e7\u00e3o com equipamentos modernos de Biorresson\u00e2ncia. Posteriormente, esses trabalhos foram alargados \u00e0 <strong>\u00e1rea veterin\u00e1ria, com o mapa de frequ\u00eancia de cavalos, c\u00e3es e gatos, ampliando muit\u00edssimo o seu campo de aplica\u00e7\u00e3o. <\/strong><\/p>\n\t\t\t\t\t\t\t\t<\/div>\n\t\t\t\t<\/div>\n\t\t\t\t<div class=\"elementor-element elementor-element-936351b elementor-widget elementor-widget-heading\" data-id=\"936351b\" data-element_type=\"widget\" data-e-type=\"widget\" data-widget_type=\"heading.default\">\n\t\t\t\t<div class=\"elementor-widget-container\">\n\t\t\t\t\t<h2 class=\"elementor-heading-title elementor-size-default\">Produzido localmente, usado internacionalmente:<\/h2>\t\t\t\t<\/div>\n\t\t\t\t<\/div>\n\t\t\t\t<div class=\"elementor-element elementor-element-dff5def elementor-widget elementor-widget-text-editor\" data-id=\"dff5def\" data-element_type=\"widget\" data-e-type=\"widget\" data-widget_type=\"text-editor.default\">\n\t\t\t\t<div class=\"elementor-widget-container\">\n\t\t\t\t\t\t\t\t\t<p>Atualmente, mais de 5.500 terapeutas usam a Biorresson\u00e2ncia de acordo com Paul Schmidt em todo o mundo. Isso faz da Rayonex o maior produtor mundial de dispositivos de harmoniza\u00e7\u00e3o com Biorresson\u00e2ncia e uma empresa consolidada de equipamentos m\u00e9dicos, presente em mais de 45 pa\u00edses. A Rayonex desenvolve e fabrica todos os seus produtos \u201cmade in Germany\u201d localmente a partir das impressionantes pir\u00e2mides de Lennestadt, na regi\u00e3o da Sauerland, onde tamb\u00e9m est\u00e1 localizada a sua sede.<\/p>\n<p>A Rayonex Biomedical orgulha-se dos seus processos de produ\u00e7\u00e3o neutros em carbono e do seu extraordin\u00e1rio n\u00edvel de automatiza\u00e7\u00e3o e rob\u00f3tica. Atualmente, a empresa est\u00e1 certificada para desenvolver, produzir e distribuir equipamentos m\u00e9dicos de acordo com as normas DIN EN ISO 13485: 2016 e \u00e9 auditada anualmente pelo grupo T\u00dcV.<\/p>\n\t\t\t\t\t\t\t\t<\/div>\n\t\t\t\t<\/div>\n\t\t\t\t<div class=\"elementor-element elementor-element-5312d23 elementor-widget elementor-widget-heading\" data-id=\"5312d23\" data-element_type=\"widget\" data-e-type=\"widget\" data-widget_type=\"heading.default\">\n\t\t\t\t<div class=\"elementor-widget-container\">\n\t\t\t\t\t<h2 class=\"elementor-heading-title elementor-size-default\">Efic\u00e1cia comprovada:<\/h2>\t\t\t\t<\/div>\n\t\t\t\t<\/div>\n\t\t\t\t<div class=\"elementor-element elementor-element-8f4aa60 elementor-widget elementor-widget-text-editor\" data-id=\"8f4aa60\" data-element_type=\"widget\" data-e-type=\"widget\" data-widget_type=\"text-editor.default\">\n\t\t\t\t<div class=\"elementor-widget-container\">\n\t\t\t\t\t\t\t\t\t<p>Ao longo dos \u00faltimos anos a Rayonex Biomedical realizou v\u00e1rios ensaios cl\u00ednicos sobre o tema Biorresson\u00e2ncia de Paul Schmidt. Como parte da avalia\u00e7\u00e3o cl\u00ednica de equipamentos m\u00e9dicos, para verificar ativamente a sua seguran\u00e7a e efic\u00e1cia, o mais significativo foi o mais recente estudo prospetivo, com dupla oculta\u00e7\u00e3o e aleatorizado, realizado sobre a redu\u00e7\u00e3o da dor em pacientes com s\u00edndrome cervical cr\u00f3nica. Este estudo demonstra que as ondas usadas na Biorresson\u00e2ncia de Paul Schmidt s\u00e3o verdadeiramente ondas de \u00absucesso\u00bb.<\/p>\n<p>Todos os par\u00e2metros analisados \u200b\u200bno estudo melhoraram significativamente, tais como dores no pesco\u00e7o, dores de cabe\u00e7a, dores nas costas ou tens\u00e3o muscular, enquanto os indiv\u00edduos tratados com placebo n\u00e3o notaram altera\u00e7\u00f5es significativas. Esses resultados v\u00eam confirmar o que os utilizadores do m\u00e9todo descrevem desde h\u00e1 muitos anos como um valioso al\u00edvio dos sintomas e uma clara ajuda para atingir uma sensa\u00e7\u00e3o de bem-estar.<\/p>\n\t\t\t\t\t\t\t\t<\/div>\n\t\t\t\t<\/div>\n\t\t\t\t<div class=\"elementor-element elementor-element-83b714b elementor-widget elementor-widget-heading\" data-id=\"83b714b\" data-element_type=\"widget\" data-e-type=\"widget\" data-widget_type=\"heading.default\">\n\t\t\t\t<div class=\"elementor-widget-container\">\n\t\t\t\t\t<h2 class=\"elementor-heading-title elementor-size-default\">Um centro inteiro dedicado \u00e0 Biorresson\u00e2ncia para al\u00e9m do fabrico:<\/h2>\t\t\t\t<\/div>\n\t\t\t\t<\/div>\n\t\t\t\t<div class=\"elementor-element elementor-element-f45d8df elementor-widget elementor-widget-text-editor\" data-id=\"f45d8df\" data-element_type=\"widget\" data-e-type=\"widget\" data-widget_type=\"text-editor.default\">\n\t\t\t\t<div class=\"elementor-widget-container\">\n\t\t\t\t\t\t\t\t\t<p style=\"text-align: left;\">Sob a \u00e9gide da Rayonex, a Associa\u00e7\u00e3o de Medicina Oscilat\u00f3ria (Vereinigung zur F\u00f6rderung der Schwingungsmedizin), criada para promover a utiliza\u00e7\u00e3o da medicina ondulat\u00f3ria, publica regularmente as \u00faltimas pesquisas sobre Biorresson\u00e2ncia segundo Paul Schmidt na sua revista e organiza um congresso anual com o mesmo objetivo. Os seus progressos acabam por integrar os programas de an\u00e1lise e harmoniza\u00e7\u00e3o dos equipamentos de Biorresson\u00e2ncia da Rayonex Biomedical, tornando este num sistema aberto.<\/p>\n<p style=\"text-align: left;\">Adicionalmente, junto \u00e0 Rayonex Biomedical tamb\u00e9m se encontra a Paul Schmidt Training Academy, com semin\u00e1rios online, cursos sobre os produtos e equipamentos da Rayonex Biomedical, forma\u00e7\u00e3o para geobi\u00f3logos com qualifica\u00e7\u00e3o adicional em Biorresson\u00e2ncia, certifica\u00e7\u00e3o oficial para naturopatas com o seu pr\u00f3prio centro de terapias e uma escola com conte\u00fados online gratuitos (Rayonex-Wiki).<\/p>\n\t\t\t\t\t\t\t\t<\/div>\n\t\t\t\t<\/div>\n\t\t\t\t\t<\/div>\n\t\t\t\t<\/div>\n\t\t\t\t<\/div>\n\t\t","protected":false},"excerpt":{"rendered":"<p>Rayonex Biomedical A Biorresson\u00e2ncia de acordo com Paul Schmidt: A combina\u00e7\u00e3o \u00fanica de engenharia alem\u00e3 e conhecimento de uma forma alternativa de cuidar da sa\u00fade \u00e9 o que torna este m\u00e9todo e os seus equipamentos em algo de t\u00e3o especial. Este tratamento \u00e9 baseado num dos princ\u00edpios da natureza: a luz solar \u00e9, de facto, [&hellip;]<\/p>\n","protected":false},"author":485,"featured_media":0,"parent":14473,"menu_order":0,"comment_status":"closed","ping_status":"closed","template":"","meta":{"_acf_changed":false,"_joinchat":[],"footnotes":""},"class_list":["post-14482","page","type-page","status-publish","hentry"],"acf":[],"yoast_head":"<!-- This site is optimized with the Yoast SEO plugin v27.3 - https:\/\/yoast.com\/product\/yoast-seo-wordpress\/ -->\n<title>Equipamentos de Biorresson\u00e2ncia Rayonex Biomedical | Geobionatura<\/title>\n<meta name=\"description\" content=\"Saiba tudo sobre Paul Schmidt e a Rayonex, o maior produtor mundial de dispositivos de tratamento de biorresson\u00e2ncia para o equil\u00edbrio do corpo e da mente.\" \/>\n<meta name=\"robots\" content=\"index, follow, max-snippet:-1, max-image-preview:large, max-video-preview:-1\" \/>\n<link rel=\"canonical\" href=\"https:\/\/geobionatura.com\/pt-pt\/rayonex-biomedical\/\" \/>\n<meta property=\"og:locale\" content=\"pt_PT\" \/>\n<meta property=\"og:type\" content=\"article\" \/>\n<meta property=\"og:title\" content=\"Equipamentos de Biorresson\u00e2ncia Rayonex Biomedical | Geobionatura\" \/>\n<meta property=\"og:description\" content=\"Saiba tudo sobre Paul Schmidt e a Rayonex, o maior produtor mundial de dispositivos de tratamento de biorresson\u00e2ncia para o equil\u00edbrio do corpo e da mente.\" \/>\n<meta property=\"og:url\" content=\"https:\/\/geobionatura.com\/pt-pt\/rayonex-biomedical\/\" \/>\n<meta property=\"og:site_name\" content=\"Geobionatura\" \/>\n<meta property=\"article:publisher\" content=\"https:\/\/www.facebook.com\/Geobionatura\/\" \/>\n<meta property=\"article:modified_time\" content=\"2024-05-30T16:19:40+00:00\" \/>\n<meta name=\"twitter:card\" content=\"summary_large_image\" \/>\n<meta name=\"twitter:label1\" content=\"Tempo estimado de leitura\" \/>\n\t<meta name=\"twitter:data1\" content=\"4 minutos\" \/>\n<script type=\"application\/ld+json\" class=\"yoast-schema-graph\">{\"@context\":\"https:\\\/\\\/schema.org\",\"@graph\":[{\"@type\":\"WebPage\",\"@id\":\"https:\\\/\\\/geobionatura.com\\\/pt-pt\\\/rayonex-biomedical\\\/\",\"url\":\"https:\\\/\\\/geobionatura.com\\\/pt-pt\\\/rayonex-biomedical\\\/\",\"name\":\"Equipamentos de Biorresson\u00e2ncia Rayonex Biomedical | Geobionatura\",\"isPartOf\":{\"@id\":\"https:\\\/\\\/geobionatura.com\\\/pt-pt\\\/#website\"},\"datePublished\":\"2024-03-01T10:52:20+00:00\",\"dateModified\":\"2024-05-30T16:19:40+00:00\",\"description\":\"Saiba tudo sobre Paul Schmidt e a Rayonex, o maior produtor mundial de dispositivos de tratamento de biorresson\u00e2ncia para o equil\u00edbrio do corpo e da mente.\",\"breadcrumb\":{\"@id\":\"https:\\\/\\\/geobionatura.com\\\/pt-pt\\\/rayonex-biomedical\\\/#breadcrumb\"},\"inLanguage\":\"pt-PT\",\"potentialAction\":[{\"@type\":\"ReadAction\",\"target\":[\"https:\\\/\\\/geobionatura.com\\\/pt-pt\\\/rayonex-biomedical\\\/\"]}]},{\"@type\":\"BreadcrumbList\",\"@id\":\"https:\\\/\\\/geobionatura.com\\\/pt-pt\\\/rayonex-biomedical\\\/#breadcrumb\",\"itemListElement\":[{\"@type\":\"ListItem\",\"position\":1,\"name\":\"Portada\",\"item\":\"https:\\\/\\\/geobionatura.com\\\/\"},{\"@type\":\"ListItem\",\"position\":2,\"name\":\"Sobre n\u00f3s\",\"item\":\"https:\\\/\\\/geobionatura.com\\\/sobre-nosotros\\\/\"},{\"@type\":\"ListItem\",\"position\":3,\"name\":\"Rayonex Biomedical\"}]},{\"@type\":\"WebSite\",\"@id\":\"https:\\\/\\\/geobionatura.com\\\/pt-pt\\\/#website\",\"url\":\"https:\\\/\\\/geobionatura.com\\\/pt-pt\\\/\",\"name\":\"geobionatura\",\"description\":\"Tu tienda Online\",\"publisher\":{\"@id\":\"https:\\\/\\\/geobionatura.com\\\/pt-pt\\\/#organization\"},\"potentialAction\":[{\"@type\":\"SearchAction\",\"target\":{\"@type\":\"EntryPoint\",\"urlTemplate\":\"https:\\\/\\\/geobionatura.com\\\/pt-pt\\\/?s={search_term_string}\"},\"query-input\":{\"@type\":\"PropertyValueSpecification\",\"valueRequired\":true,\"valueName\":\"search_term_string\"}}],\"inLanguage\":\"pt-PT\"},{\"@type\":\"Organization\",\"@id\":\"https:\\\/\\\/geobionatura.com\\\/pt-pt\\\/#organization\",\"name\":\"geobionatura\",\"url\":\"https:\\\/\\\/geobionatura.com\\\/pt-pt\\\/\",\"logo\":{\"@type\":\"ImageObject\",\"inLanguage\":\"pt-PT\",\"@id\":\"https:\\\/\\\/geobionatura.com\\\/pt-pt\\\/#\\\/schema\\\/logo\\\/image\\\/\",\"url\":\"https:\\\/\\\/geobionatura.com\\\/wp-content\\\/uploads\\\/2024\\\/02\\\/logo-biogeonatura.png\",\"contentUrl\":\"https:\\\/\\\/geobionatura.com\\\/wp-content\\\/uploads\\\/2024\\\/02\\\/logo-biogeonatura.png\",\"width\":256,\"height\":183,\"caption\":\"geobionatura\"},\"image\":{\"@id\":\"https:\\\/\\\/geobionatura.com\\\/pt-pt\\\/#\\\/schema\\\/logo\\\/image\\\/\"},\"sameAs\":[\"https:\\\/\\\/www.facebook.com\\\/Geobionatura\\\/\",\"https:\\\/\\\/www.linkedin.com\\\/company\\\/geobionatura\\\/\",\"https:\\\/\\\/www.youtube.com\\\/user\\\/Geobionatura\"]}]}<\/script>\n<!-- \/ Yoast SEO plugin. -->","yoast_head_json":{"title":"Equipamentos de Biorresson\u00e2ncia Rayonex Biomedical | Geobionatura","description":"Saiba tudo sobre Paul Schmidt e a Rayonex, o maior produtor mundial de dispositivos de tratamento de biorresson\u00e2ncia para o equil\u00edbrio do corpo e da mente.","robots":{"index":"index","follow":"follow","max-snippet":"max-snippet:-1","max-image-preview":"max-image-preview:large","max-video-preview":"max-video-preview:-1"},"canonical":"https:\/\/geobionatura.com\/pt-pt\/rayonex-biomedical\/","og_locale":"pt_PT","og_type":"article","og_title":"Equipamentos de Biorresson\u00e2ncia Rayonex Biomedical | Geobionatura","og_description":"Saiba tudo sobre Paul Schmidt e a Rayonex, o maior produtor mundial de dispositivos de tratamento de biorresson\u00e2ncia para o equil\u00edbrio do corpo e da mente.","og_url":"https:\/\/geobionatura.com\/pt-pt\/rayonex-biomedical\/","og_site_name":"Geobionatura","article_publisher":"https:\/\/www.facebook.com\/Geobionatura\/","article_modified_time":"2024-05-30T16:19:40+00:00","twitter_card":"summary_large_image","twitter_misc":{"Tempo estimado de leitura":"4 minutos"},"schema":{"@context":"https:\/\/schema.org","@graph":[{"@type":"WebPage","@id":"https:\/\/geobionatura.com\/pt-pt\/rayonex-biomedical\/","url":"https:\/\/geobionatura.com\/pt-pt\/rayonex-biomedical\/","name":"Equipamentos de Biorresson\u00e2ncia Rayonex Biomedical | Geobionatura","isPartOf":{"@id":"https:\/\/geobionatura.com\/pt-pt\/#website"},"datePublished":"2024-03-01T10:52:20+00:00","dateModified":"2024-05-30T16:19:40+00:00","description":"Saiba tudo sobre Paul Schmidt e a Rayonex, o maior produtor mundial de dispositivos de tratamento de biorresson\u00e2ncia para o equil\u00edbrio do corpo e da mente.","breadcrumb":{"@id":"https:\/\/geobionatura.com\/pt-pt\/rayonex-biomedical\/#breadcrumb"},"inLanguage":"pt-PT","potentialAction":[{"@type":"ReadAction","target":["https:\/\/geobionatura.com\/pt-pt\/rayonex-biomedical\/"]}]},{"@type":"BreadcrumbList","@id":"https:\/\/geobionatura.com\/pt-pt\/rayonex-biomedical\/#breadcrumb","itemListElement":[{"@type":"ListItem","position":1,"name":"Portada","item":"https:\/\/geobionatura.com\/"},{"@type":"ListItem","position":2,"name":"Sobre n\u00f3s","item":"https:\/\/geobionatura.com\/sobre-nosotros\/"},{"@type":"ListItem","position":3,"name":"Rayonex Biomedical"}]},{"@type":"WebSite","@id":"https:\/\/geobionatura.com\/pt-pt\/#website","url":"https:\/\/geobionatura.com\/pt-pt\/","name":"geobionatura","description":"Tu tienda Online","publisher":{"@id":"https:\/\/geobionatura.com\/pt-pt\/#organization"},"potentialAction":[{"@type":"SearchAction","target":{"@type":"EntryPoint","urlTemplate":"https:\/\/geobionatura.com\/pt-pt\/?s={search_term_string}"},"query-input":{"@type":"PropertyValueSpecification","valueRequired":true,"valueName":"search_term_string"}}],"inLanguage":"pt-PT"},{"@type":"Organization","@id":"https:\/\/geobionatura.com\/pt-pt\/#organization","name":"geobionatura","url":"https:\/\/geobionatura.com\/pt-pt\/","logo":{"@type":"ImageObject","inLanguage":"pt-PT","@id":"https:\/\/geobionatura.com\/pt-pt\/#\/schema\/logo\/image\/","url":"https:\/\/geobionatura.com\/wp-content\/uploads\/2024\/02\/logo-biogeonatura.png","contentUrl":"https:\/\/geobionatura.com\/wp-content\/uploads\/2024\/02\/logo-biogeonatura.png","width":256,"height":183,"caption":"geobionatura"},"image":{"@id":"https:\/\/geobionatura.com\/pt-pt\/#\/schema\/logo\/image\/"},"sameAs":["https:\/\/www.facebook.com\/Geobionatura\/","https:\/\/www.linkedin.com\/company\/geobionatura\/","https:\/\/www.youtube.com\/user\/Geobionatura"]}]}},"_links":{"self":[{"href":"https:\/\/geobionatura.com\/pt-pt\/wp-json\/wp\/v2\/pages\/14482","targetHints":{"allow":["GET"]}}],"collection":[{"href":"https:\/\/geobionatura.com\/pt-pt\/wp-json\/wp\/v2\/pages"}],"about":[{"href":"https:\/\/geobionatura.com\/pt-pt\/wp-json\/wp\/v2\/types\/page"}],"author":[{"embeddable":true,"href":"https:\/\/geobionatura.com\/pt-pt\/wp-json\/wp\/v2\/users\/485"}],"replies":[{"embeddable":true,"href":"https:\/\/geobionatura.com\/pt-pt\/wp-json\/wp\/v2\/comments?post=14482"}],"version-history":[{"count":11,"href":"https:\/\/geobionatura.com\/pt-pt\/wp-json\/wp\/v2\/pages\/14482\/revisions"}],"predecessor-version":[{"id":15747,"href":"https:\/\/geobionatura.com\/pt-pt\/wp-json\/wp\/v2\/pages\/14482\/revisions\/15747"}],"up":[{"embeddable":true,"href":"https:\/\/geobionatura.com\/pt-pt\/wp-json\/wp\/v2\/pages\/14473"}],"wp:attachment":[{"href":"https:\/\/geobionatura.com\/pt-pt\/wp-json\/wp\/v2\/media?parent=14482"}],"curies":[{"name":"wp","href":"https:\/\/api.w.org\/{rel}","templated":true}]}}