{"id":14478,"date":"2024-03-01T11:52:35","date_gmt":"2024-03-01T10:52:35","guid":{"rendered":"https:\/\/geobionatura.com\/sobre-nos\/contacto\/"},"modified":"2024-05-30T18:39:06","modified_gmt":"2024-05-30T16:39:06","slug":"contacto","status":"publish","type":"page","link":"https:\/\/geobionatura.com\/pt-pt\/contacto\/","title":{"rendered":"Contato"},"content":{"rendered":"\t\t<div data-elementor-type=\"wp-page\" data-elementor-id=\"14478\" class=\"elementor elementor-14478 elementor-1017\" data-elementor-post-type=\"page\">\n\t\t\t\t<div class=\"elementor-element elementor-element-b9e0750 e-flex e-con-boxed e-con e-parent\" data-id=\"b9e0750\" data-element_type=\"container\" data-e-type=\"container\" data-settings=\"{&quot;background_background&quot;:&quot;classic&quot;}\">\n\t\t\t\t\t<div class=\"e-con-inner\">\n\t\t\t\t<div class=\"elementor-element elementor-element-33eac7f elementor-widget elementor-widget-heading\" data-id=\"33eac7f\" data-element_type=\"widget\" data-e-type=\"widget\" data-widget_type=\"heading.default\">\n\t\t\t\t<div class=\"elementor-widget-container\">\n\t\t\t\t\t<h1 class=\"elementor-heading-title elementor-size-default\">Contato<\/h1>\t\t\t\t<\/div>\n\t\t\t\t<\/div>\n\t\t\t\t\t<\/div>\n\t\t\t\t<\/div>\n\t\t<div class=\"elementor-element elementor-element-872cd3f e-con-full e-flex e-con e-parent\" data-id=\"872cd3f\" data-element_type=\"container\" data-e-type=\"container\">\n\t\t<div class=\"elementor-element elementor-element-354da37 e-con-full e-flex e-con e-child\" data-id=\"354da37\" data-element_type=\"container\" data-e-type=\"container\">\n\t\t\t\t<div class=\"elementor-element elementor-element-d628af2 elementor-widget elementor-widget-text-editor\" data-id=\"d628af2\" data-element_type=\"widget\" data-e-type=\"widget\" data-widget_type=\"text-editor.default\">\n\t\t\t\t<div class=\"elementor-widget-container\">\n\t\t\t\t\t\t\t\t\t<p><strong>Email:<\/strong><\/p>\n<p>Para mais informa\u00e7\u00f5es sobre as nossas <strong>consultas de Naturopatia e Biorresson\u00e2ncia em Madrid ou os nossos servi\u00e7os de Geobiologia e Sa\u00fade Ambiental<\/strong>, escreva-nos para:<\/p>\n<p><a href=\"mailto:info@geobionatura.com\">info@geobionatura.com<\/a><\/p>\n<p>Para informa\u00e7\u00f5es sobre <strong>equipamentos de Biorresson\u00e2ncia<\/strong> ou <strong>equipamentos de prote\u00e7\u00e3o contra<\/strong> <strong>polui\u00e7\u00e3o eletromagn\u00e9tica<\/strong>, escreva-nos para:<\/p>\n<p><a href=\"mailto:rayonex@geobionatura.com\">rayonex@geobionatura.com<\/a><\/p>\n<p>Utilize o seguinte formul\u00e1rio para enviar as suas quest\u00f5es para a Geobionatura\u00ae. Certifique-se de escrever o seu endere\u00e7o de e-mail corretamente. Responderemos o mais rapidamente poss\u00edvel.<\/p>\n<p>Os campos assinalados com * s\u00e3o obrigat\u00f3rios. Indique CONCORDO na caixa referente \u00e0 pol\u00edtica de privacidade:<\/p>\n<p><strong>Telefone:<\/strong><\/p>\n<p>Se quiser ser contactado por telefone, indique-nos qual o seu hor\u00e1rio preferencial nos coment\u00e1rios do formul\u00e1rio de contato.<\/p>\n\t\t\t\t\t\t\t\t<\/div>\n\t\t\t\t<\/div>\n\t\t\t\t<\/div>\n\t\t<div class=\"elementor-element elementor-element-733b17f e-con-full e-flex e-con e-child\" data-id=\"733b17f\" data-element_type=\"container\" data-e-type=\"container\" data-settings=\"{&quot;background_background&quot;:&quot;classic&quot;}\">\n\t\t\t\t<div class=\"elementor-element elementor-element-9245e27 elementor-button-align-stretch elementor-widget elementor-widget-form\" data-id=\"9245e27\" data-element_type=\"widget\" data-e-type=\"widget\" data-settings=\"{&quot;step_next_label&quot;:&quot;Seguinte&quot;,&quot;step_previous_label&quot;:&quot;Anterior&quot;,&quot;button_width&quot;:&quot;100&quot;,&quot;step_type&quot;:&quot;number_text&quot;,&quot;step_icon_shape&quot;:&quot;circle&quot;}\" data-widget_type=\"form.default\">\n\t\t\t\t<div class=\"elementor-widget-container\">\n\t\t\t\t\t\t\t<form class=\"elementor-form\" method=\"post\" name=\"Formulario de contato\" aria-label=\"Formulario de contato\">\n\t\t\t<input type=\"hidden\" name=\"post_id\" value=\"14478\"\/>\n\t\t\t<input type=\"hidden\" name=\"form_id\" value=\"9245e27\"\/>\n\t\t\t<input type=\"hidden\" name=\"referer_title\" value=\"Geobionatura\" \/>\n\n\t\t\t\n\t\t\t<div class=\"elementor-form-fields-wrapper elementor-labels-above\">\n\t\t\t\t\t\t\t\t<div class=\"elementor-field-type-text elementor-field-group elementor-column elementor-field-group-name elementor-col-50 elementor-md-50 elementor-field-required elementor-mark-required\">\n\t\t\t\t\t\t\t\t\t\t\t\t<label for=\"form-field-name\" class=\"elementor-field-label\">\n\t\t\t\t\t\t\t\tNome e apellidos\t\t\t\t\t\t\t<\/label>\n\t\t\t\t\t\t\t\t\t\t\t\t\t\t<input size=\"1\" type=\"text\" name=\"form_fields[name]\" id=\"form-field-name\" class=\"elementor-field elementor-size-md  elementor-field-textual\" placeholder=\"Nome e apellidos\" required=\"required\">\n\t\t\t\t\t\t\t\t\t\t\t<\/div>\n\t\t\t\t\t\t\t\t<div class=\"elementor-field-type-text elementor-field-group elementor-column elementor-field-group-email elementor-col-50 elementor-md-50\">\n\t\t\t\t\t\t\t\t\t\t\t\t<label for=\"form-field-email\" class=\"elementor-field-label\">\n\t\t\t\t\t\t\t\tEmpresa\t\t\t\t\t\t\t<\/label>\n\t\t\t\t\t\t\t\t\t\t\t\t\t\t<input size=\"1\" type=\"text\" name=\"form_fields[email]\" id=\"form-field-email\" class=\"elementor-field elementor-size-md  elementor-field-textual\" placeholder=\"Empresa\">\n\t\t\t\t\t\t\t\t\t\t\t<\/div>\n\t\t\t\t\t\t\t\t<div class=\"elementor-field-type-text elementor-field-group elementor-column elementor-field-group-message elementor-col-100 elementor-md-100\">\n\t\t\t\t\t\t\t\t\t\t\t\t<label for=\"form-field-message\" class=\"elementor-field-label\">\n\t\t\t\t\t\t\t\tEndere\u00e7o\t\t\t\t\t\t\t<\/label>\n\t\t\t\t\t\t\t\t\t\t\t\t\t\t<input size=\"1\" type=\"text\" name=\"form_fields[message]\" id=\"form-field-message\" class=\"elementor-field elementor-size-md  elementor-field-textual\" placeholder=\"Endere\u00e7o\">\n\t\t\t\t\t\t\t\t\t\t\t<\/div>\n\t\t\t\t\t\t\t\t<div class=\"elementor-field-type-tel elementor-field-group elementor-column elementor-field-group-field_c44f1b6 elementor-col-50 elementor-md-50 elementor-field-required elementor-mark-required\">\n\t\t\t\t\t\t\t\t\t\t\t\t<label for=\"form-field-field_c44f1b6\" class=\"elementor-field-label\">\n\t\t\t\t\t\t\t\tTelefone\t\t\t\t\t\t\t<\/label>\n\t\t\t\t\t\t\t\t<input size=\"1\" type=\"tel\" name=\"form_fields[field_c44f1b6]\" id=\"form-field-field_c44f1b6\" class=\"elementor-field elementor-size-md  elementor-field-textual\" placeholder=\"Telefone\" required=\"required\" pattern=\"[0-9()#&amp;+*-=.]+\" title=\"Only numbers and phone characters (#, -, *, etc) are accepted.\">\n\n\t\t\t\t\t\t<\/div>\n\t\t\t\t\t\t\t\t<div class=\"elementor-field-type-time elementor-field-group elementor-column elementor-field-group-field_e9e7edb elementor-col-50 elementor-md-50 elementor-field-required elementor-mark-required\">\n\t\t\t\t\t\t\t\t\t\t\t\t<label for=\"form-field-field_e9e7edb\" class=\"elementor-field-label\">\n\t\t\t\t\t\t\t\tA que horas deseja ser contactado?\t\t\t\t\t\t\t<\/label>\n\t\t\t\t\t\t\t\t<input type=\"time\" name=\"form_fields[field_e9e7edb]\" id=\"form-field-field_e9e7edb\" class=\"elementor-field elementor-size-md  elementor-field-textual elementor-time-field\" placeholder=\"A que horas deseja ser contactado?\" required=\"required\">\n\t\t\t\t\t\t<\/div>\n\t\t\t\t\t\t\t\t<div class=\"elementor-field-type-text elementor-field-group elementor-column elementor-field-group-field_8d2f532 elementor-col-40 elementor-md-33 elementor-field-required elementor-mark-required\">\n\t\t\t\t\t\t\t\t\t\t\t\t<label for=\"form-field-field_8d2f532\" class=\"elementor-field-label\">\n\t\t\t\t\t\t\t\tCidade\t\t\t\t\t\t\t<\/label>\n\t\t\t\t\t\t\t\t\t\t\t\t\t\t<input size=\"1\" type=\"text\" name=\"form_fields[field_8d2f532]\" id=\"form-field-field_8d2f532\" class=\"elementor-field elementor-size-md  elementor-field-textual\" placeholder=\"Cidade\" required=\"required\">\n\t\t\t\t\t\t\t\t\t\t\t<\/div>\n\t\t\t\t\t\t\t\t<div class=\"elementor-field-type-number elementor-field-group elementor-column elementor-field-group-field_c8da8d5 elementor-col-30 elementor-md-33\">\n\t\t\t\t\t\t\t\t\t\t\t\t<label for=\"form-field-field_c8da8d5\" class=\"elementor-field-label\">\n\t\t\t\t\t\t\t\tCP\t\t\t\t\t\t\t<\/label>\n\t\t\t\t\t\t\t\t\t<input type=\"number\" name=\"form_fields[field_c8da8d5]\" id=\"form-field-field_c8da8d5\" class=\"elementor-field elementor-size-md  elementor-field-textual\" placeholder=\"CP\" min=\"\" max=\"\" >\n\t\t\t\t\t\t<\/div>\n\t\t\t\t\t\t\t\t<div class=\"elementor-field-type-text elementor-field-group elementor-column elementor-field-group-field_5eb73e3 elementor-col-30 elementor-md-33\">\n\t\t\t\t\t\t\t\t\t\t\t\t<label for=\"form-field-field_5eb73e3\" class=\"elementor-field-label\">\n\t\t\t\t\t\t\t\tDistrito\t\t\t\t\t\t\t<\/label>\n\t\t\t\t\t\t\t\t\t\t\t\t\t\t<input size=\"1\" type=\"text\" name=\"form_fields[field_5eb73e3]\" id=\"form-field-field_5eb73e3\" class=\"elementor-field elementor-size-md  elementor-field-textual\" placeholder=\"Distrito\">\n\t\t\t\t\t\t\t\t\t\t\t<\/div>\n\t\t\t\t\t\t\t\t<div class=\"elementor-field-type-textarea elementor-field-group elementor-column elementor-field-group-field_1b07dd9 elementor-col-100 elementor-md-100\">\n\t\t\t\t\t\t\t\t\t\t\t\t<label for=\"form-field-field_1b07dd9\" class=\"elementor-field-label\">\n\t\t\t\t\t\t\t\tComent\u00e1rios\t\t\t\t\t\t\t<\/label>\n\t\t\t\t\t\t<textarea class=\"elementor-field-textual elementor-field  elementor-size-md\" name=\"form_fields[field_1b07dd9]\" id=\"form-field-field_1b07dd9\" rows=\"4\" placeholder=\"Coment\u00e1rios\"><\/textarea>\t\t\t\t<\/div>\n\t\t\t\t\t\t\t\t<div class=\"elementor-field-type-checkbox elementor-field-group elementor-column elementor-field-group-field_e75356a elementor-col-100\">\n\t\t\t\t\t\t\t\t\t\t\t\t<label for=\"form-field-field_e75356a\" class=\"elementor-field-label\">\n\t\t\t\t\t\t\t\tMotivo do seu e-mail (pode escolher v\u00e1rias op\u00e7\u00f5es)\t\t\t\t\t\t\t<\/label>\n\t\t\t\t\t\t<div class=\"elementor-field-subgroup  \"><span class=\"elementor-field-option\"><input type=\"checkbox\" value=\"Equipamento de Biorresson\u00e2ncia\" id=\"form-field-field_e75356a-0\" name=\"form_fields[field_e75356a][]\"> <label for=\"form-field-field_e75356a-0\">Equipamento de Biorresson\u00e2ncia<\/label><\/span><span class=\"elementor-field-option\"><input type=\"checkbox\" value=\"Equipamentos de prote\u00e7\u00e3o contra contamina\u00e7\u00e3o eletromagn\u00e9tica\" id=\"form-field-field_e75356a-1\" name=\"form_fields[field_e75356a][]\"> <label for=\"form-field-field_e75356a-1\">Equipamentos de prote\u00e7\u00e3o contra contamina\u00e7\u00e3o eletromagn\u00e9tica<\/label><\/span><span class=\"elementor-field-option\"><input type=\"checkbox\" value=\"Equipamentos Bemer\" id=\"form-field-field_e75356a-2\" name=\"form_fields[field_e75356a][]\"> <label for=\"form-field-field_e75356a-2\">Equipamentos Bemer<\/label><\/span><span class=\"elementor-field-option\"><input type=\"checkbox\" value=\"Consultas de Naturopatia \/ Biorresson\u00e2ncia\" id=\"form-field-field_e75356a-3\" name=\"form_fields[field_e75356a][]\"> <label for=\"form-field-field_e75356a-3\">Consultas de Naturopatia \/ Biorresson\u00e2ncia<\/label><\/span><span class=\"elementor-field-option\"><input type=\"checkbox\" value=\"Servi\u00e7os de Geobiologia\/Sa\u00fade Ambiental\" id=\"form-field-field_e75356a-4\" name=\"form_fields[field_e75356a][]\"> <label for=\"form-field-field_e75356a-4\">Servi\u00e7os de Geobiologia\/Sa\u00fade Ambiental<\/label><\/span><span class=\"elementor-field-option\"><input type=\"checkbox\" value=\"Outras\" id=\"form-field-field_e75356a-5\" name=\"form_fields[field_e75356a][]\"> <label for=\"form-field-field_e75356a-5\">Outras<\/label><\/span><\/div>\t\t\t\t<\/div>\n\t\t\t\t\t\t\t\t<div class=\"elementor-field-type-checkbox elementor-field-group elementor-column elementor-field-group-field_3b3e098 elementor-col-100\">\n\t\t\t\t\t<div class=\"elementor-field-subgroup  \"><span class=\"elementor-field-option\"><input type=\"checkbox\" value=\"Indique que concorda com o envio de comunica\u00e7\u00f5es comerciais\" id=\"form-field-field_3b3e098-0\" name=\"form_fields[field_3b3e098][]\"> <label for=\"form-field-field_3b3e098-0\">Indique que concorda com o envio de comunica\u00e7\u00f5es comerciais<\/label><\/span><span class=\"elementor-field-option\"><input type=\"checkbox\" value=\"Confirme que leu e aceita a nossa &lt;a href=&quot;https:\/\/geobionatura.com\/politica-de-privacidad\/&quot;&gt;Pol\u00edtica de privacidade&lt;\/a&gt;\" id=\"form-field-field_3b3e098-1\" name=\"form_fields[field_3b3e098][]\"> <label for=\"form-field-field_3b3e098-1\">Confirme que leu e aceita a nossa <a href=\"https:\/\/geobionatura.com\/politica-de-privacidad\/\">Pol\u00edtica de privacidade<\/a><\/label><\/span><\/div>\t\t\t\t<\/div>\n\t\t\t\t\t\t\t\t<div class=\"elementor-field-type-recaptcha_v3 elementor-field-group elementor-column elementor-field-group-field_16b6a54 elementor-col-100 recaptcha_v3-bottomright\">\n\t\t\t\t\t<div class=\"elementor-field\" id=\"form-field-field_16b6a54\"><div class=\"elementor-g-recaptcha\" data-sitekey=\"6LetU0UqAAAAAGE8N9WyKovRTrJjic4VP7GQsn5r\" data-type=\"v3\" data-action=\"Form\" data-badge=\"bottomright\" data-size=\"invisible\"><\/div><\/div>\t\t\t\t<\/div>\n\t\t\t\t\t\t\t\t<div class=\"elementor-field-group elementor-column elementor-field-type-submit elementor-col-100 e-form__buttons\">\n\t\t\t\t\t<button class=\"elementor-button elementor-size-sm\" type=\"submit\">\n\t\t\t\t\t\t<span class=\"elementor-button-content-wrapper\">\n\t\t\t\t\t\t\t\t\t\t\t\t\t\t\t\t\t\t\t\t\t\t<span class=\"elementor-button-text\">Mandar<\/span>\n\t\t\t\t\t\t\t\t\t\t\t\t\t<\/span>\n\t\t\t\t\t<\/button>\n\t\t\t\t<\/div>\n\t\t\t<\/div>\n\t\t<\/form>\n\t\t\t\t\t\t<\/div>\n\t\t\t\t<\/div>\n\t\t\t\t<\/div>\n\t\t\t\t<\/div>\n\t\t\t\t<\/div>\n\t\t","protected":false},"excerpt":{"rendered":"<p>Contato Email: Para mais informa\u00e7\u00f5es sobre as nossas consultas de Naturopatia e Biorresson\u00e2ncia em Madrid ou os nossos servi\u00e7os de Geobiologia e Sa\u00fade Ambiental, escreva-nos para: info@geobionatura.com Para informa\u00e7\u00f5es sobre equipamentos de Biorresson\u00e2ncia ou equipamentos de prote\u00e7\u00e3o contra polui\u00e7\u00e3o eletromagn\u00e9tica, escreva-nos para: rayonex@geobionatura.com Utilize o seguinte formul\u00e1rio para enviar as suas quest\u00f5es para a Geobionatura\u00ae. [&hellip;]<\/p>\n","protected":false},"author":485,"featured_media":0,"parent":14473,"menu_order":0,"comment_status":"closed","ping_status":"closed","template":"","meta":{"_acf_changed":false,"_joinchat":[],"footnotes":""},"class_list":["post-14478","page","type-page","status-publish","hentry"],"acf":[],"yoast_head":"<!-- This site is optimized with the Yoast SEO plugin v27.4 - https:\/\/yoast.com\/product\/yoast-seo-wordpress\/ -->\n<title>Contato - Geobionatura<\/title>\n<meta name=\"description\" content=\"Para mais informa\u00e7\u00f5es sobre as nossas consultas de Naturopatia e Biorresson\u00e2ncia em Madrid, escreva-nos para: info@geobionatura.com\" \/>\n<meta name=\"robots\" content=\"index, follow, max-snippet:-1, max-image-preview:large, max-video-preview:-1\" \/>\n<link rel=\"canonical\" href=\"https:\/\/geobionatura.com\/pt-pt\/contacto\/\" \/>\n<meta property=\"og:locale\" content=\"pt_PT\" \/>\n<meta property=\"og:type\" content=\"article\" \/>\n<meta property=\"og:title\" content=\"Contato - Geobionatura\" \/>\n<meta property=\"og:description\" content=\"Para mais informa\u00e7\u00f5es sobre as nossas consultas de Naturopatia e Biorresson\u00e2ncia em Madrid, escreva-nos para: info@geobionatura.com\" \/>\n<meta property=\"og:url\" content=\"https:\/\/geobionatura.com\/pt-pt\/contacto\/\" \/>\n<meta property=\"og:site_name\" content=\"Geobionatura\" \/>\n<meta property=\"article:publisher\" content=\"https:\/\/www.facebook.com\/Geobionatura\/\" \/>\n<meta property=\"article:modified_time\" content=\"2024-05-30T16:39:06+00:00\" \/>\n<meta name=\"twitter:card\" content=\"summary_large_image\" \/>\n<meta name=\"twitter:label1\" content=\"Tempo estimado de leitura\" \/>\n\t<meta name=\"twitter:data1\" content=\"1 minuto\" \/>\n<script type=\"application\/ld+json\" class=\"yoast-schema-graph\">{\"@context\":\"https:\\\/\\\/schema.org\",\"@graph\":[{\"@type\":\"WebPage\",\"@id\":\"https:\\\/\\\/geobionatura.com\\\/pt-pt\\\/contacto\\\/\",\"url\":\"https:\\\/\\\/geobionatura.com\\\/pt-pt\\\/contacto\\\/\",\"name\":\"Contato - Geobionatura\",\"isPartOf\":{\"@id\":\"https:\\\/\\\/geobionatura.com\\\/pt-pt\\\/#website\"},\"datePublished\":\"2024-03-01T10:52:35+00:00\",\"dateModified\":\"2024-05-30T16:39:06+00:00\",\"description\":\"Para mais informa\u00e7\u00f5es sobre as nossas consultas de Naturopatia e Biorresson\u00e2ncia em Madrid, escreva-nos para: info@geobionatura.com\",\"breadcrumb\":{\"@id\":\"https:\\\/\\\/geobionatura.com\\\/pt-pt\\\/contacto\\\/#breadcrumb\"},\"inLanguage\":\"pt-PT\",\"potentialAction\":[{\"@type\":\"ReadAction\",\"target\":[\"https:\\\/\\\/geobionatura.com\\\/pt-pt\\\/contacto\\\/\"]}]},{\"@type\":\"BreadcrumbList\",\"@id\":\"https:\\\/\\\/geobionatura.com\\\/pt-pt\\\/contacto\\\/#breadcrumb\",\"itemListElement\":[{\"@type\":\"ListItem\",\"position\":1,\"name\":\"Portada\",\"item\":\"https:\\\/\\\/geobionatura.com\\\/\"},{\"@type\":\"ListItem\",\"position\":2,\"name\":\"Sobre n\u00f3s\",\"item\":\"https:\\\/\\\/geobionatura.com\\\/sobre-nosotros\\\/\"},{\"@type\":\"ListItem\",\"position\":3,\"name\":\"Contato\"}]},{\"@type\":\"WebSite\",\"@id\":\"https:\\\/\\\/geobionatura.com\\\/pt-pt\\\/#website\",\"url\":\"https:\\\/\\\/geobionatura.com\\\/pt-pt\\\/\",\"name\":\"geobionatura\",\"description\":\"Tu tienda Online\",\"publisher\":{\"@id\":\"https:\\\/\\\/geobionatura.com\\\/pt-pt\\\/#organization\"},\"potentialAction\":[{\"@type\":\"SearchAction\",\"target\":{\"@type\":\"EntryPoint\",\"urlTemplate\":\"https:\\\/\\\/geobionatura.com\\\/pt-pt\\\/?s={search_term_string}\"},\"query-input\":{\"@type\":\"PropertyValueSpecification\",\"valueRequired\":true,\"valueName\":\"search_term_string\"}}],\"inLanguage\":\"pt-PT\"},{\"@type\":\"Organization\",\"@id\":\"https:\\\/\\\/geobionatura.com\\\/pt-pt\\\/#organization\",\"name\":\"geobionatura\",\"url\":\"https:\\\/\\\/geobionatura.com\\\/pt-pt\\\/\",\"logo\":{\"@type\":\"ImageObject\",\"inLanguage\":\"pt-PT\",\"@id\":\"https:\\\/\\\/geobionatura.com\\\/pt-pt\\\/#\\\/schema\\\/logo\\\/image\\\/\",\"url\":\"https:\\\/\\\/geobionatura.com\\\/wp-content\\\/uploads\\\/2024\\\/02\\\/logo-biogeonatura.png\",\"contentUrl\":\"https:\\\/\\\/geobionatura.com\\\/wp-content\\\/uploads\\\/2024\\\/02\\\/logo-biogeonatura.png\",\"width\":256,\"height\":183,\"caption\":\"geobionatura\"},\"image\":{\"@id\":\"https:\\\/\\\/geobionatura.com\\\/pt-pt\\\/#\\\/schema\\\/logo\\\/image\\\/\"},\"sameAs\":[\"https:\\\/\\\/www.facebook.com\\\/Geobionatura\\\/\",\"https:\\\/\\\/www.linkedin.com\\\/company\\\/geobionatura\\\/\",\"https:\\\/\\\/www.youtube.com\\\/user\\\/Geobionatura\"]}]}<\/script>\n<!-- \/ Yoast SEO plugin. -->","yoast_head_json":{"title":"Contato - Geobionatura","description":"Para mais informa\u00e7\u00f5es sobre as nossas consultas de Naturopatia e Biorresson\u00e2ncia em Madrid, escreva-nos para: info@geobionatura.com","robots":{"index":"index","follow":"follow","max-snippet":"max-snippet:-1","max-image-preview":"max-image-preview:large","max-video-preview":"max-video-preview:-1"},"canonical":"https:\/\/geobionatura.com\/pt-pt\/contacto\/","og_locale":"pt_PT","og_type":"article","og_title":"Contato - Geobionatura","og_description":"Para mais informa\u00e7\u00f5es sobre as nossas consultas de Naturopatia e Biorresson\u00e2ncia em Madrid, escreva-nos para: info@geobionatura.com","og_url":"https:\/\/geobionatura.com\/pt-pt\/contacto\/","og_site_name":"Geobionatura","article_publisher":"https:\/\/www.facebook.com\/Geobionatura\/","article_modified_time":"2024-05-30T16:39:06+00:00","twitter_card":"summary_large_image","twitter_misc":{"Tempo estimado de leitura":"1 minuto"},"schema":{"@context":"https:\/\/schema.org","@graph":[{"@type":"WebPage","@id":"https:\/\/geobionatura.com\/pt-pt\/contacto\/","url":"https:\/\/geobionatura.com\/pt-pt\/contacto\/","name":"Contato - Geobionatura","isPartOf":{"@id":"https:\/\/geobionatura.com\/pt-pt\/#website"},"datePublished":"2024-03-01T10:52:35+00:00","dateModified":"2024-05-30T16:39:06+00:00","description":"Para mais informa\u00e7\u00f5es sobre as nossas consultas de Naturopatia e Biorresson\u00e2ncia em Madrid, escreva-nos para: info@geobionatura.com","breadcrumb":{"@id":"https:\/\/geobionatura.com\/pt-pt\/contacto\/#breadcrumb"},"inLanguage":"pt-PT","potentialAction":[{"@type":"ReadAction","target":["https:\/\/geobionatura.com\/pt-pt\/contacto\/"]}]},{"@type":"BreadcrumbList","@id":"https:\/\/geobionatura.com\/pt-pt\/contacto\/#breadcrumb","itemListElement":[{"@type":"ListItem","position":1,"name":"Portada","item":"https:\/\/geobionatura.com\/"},{"@type":"ListItem","position":2,"name":"Sobre n\u00f3s","item":"https:\/\/geobionatura.com\/sobre-nosotros\/"},{"@type":"ListItem","position":3,"name":"Contato"}]},{"@type":"WebSite","@id":"https:\/\/geobionatura.com\/pt-pt\/#website","url":"https:\/\/geobionatura.com\/pt-pt\/","name":"geobionatura","description":"Tu tienda Online","publisher":{"@id":"https:\/\/geobionatura.com\/pt-pt\/#organization"},"potentialAction":[{"@type":"SearchAction","target":{"@type":"EntryPoint","urlTemplate":"https:\/\/geobionatura.com\/pt-pt\/?s={search_term_string}"},"query-input":{"@type":"PropertyValueSpecification","valueRequired":true,"valueName":"search_term_string"}}],"inLanguage":"pt-PT"},{"@type":"Organization","@id":"https:\/\/geobionatura.com\/pt-pt\/#organization","name":"geobionatura","url":"https:\/\/geobionatura.com\/pt-pt\/","logo":{"@type":"ImageObject","inLanguage":"pt-PT","@id":"https:\/\/geobionatura.com\/pt-pt\/#\/schema\/logo\/image\/","url":"https:\/\/geobionatura.com\/wp-content\/uploads\/2024\/02\/logo-biogeonatura.png","contentUrl":"https:\/\/geobionatura.com\/wp-content\/uploads\/2024\/02\/logo-biogeonatura.png","width":256,"height":183,"caption":"geobionatura"},"image":{"@id":"https:\/\/geobionatura.com\/pt-pt\/#\/schema\/logo\/image\/"},"sameAs":["https:\/\/www.facebook.com\/Geobionatura\/","https:\/\/www.linkedin.com\/company\/geobionatura\/","https:\/\/www.youtube.com\/user\/Geobionatura"]}]}},"_links":{"self":[{"href":"https:\/\/geobionatura.com\/pt-pt\/wp-json\/wp\/v2\/pages\/14478","targetHints":{"allow":["GET"]}}],"collection":[{"href":"https:\/\/geobionatura.com\/pt-pt\/wp-json\/wp\/v2\/pages"}],"about":[{"href":"https:\/\/geobionatura.com\/pt-pt\/wp-json\/wp\/v2\/types\/page"}],"author":[{"embeddable":true,"href":"https:\/\/geobionatura.com\/pt-pt\/wp-json\/wp\/v2\/users\/485"}],"replies":[{"embeddable":true,"href":"https:\/\/geobionatura.com\/pt-pt\/wp-json\/wp\/v2\/comments?post=14478"}],"version-history":[{"count":7,"href":"https:\/\/geobionatura.com\/pt-pt\/wp-json\/wp\/v2\/pages\/14478\/revisions"}],"predecessor-version":[{"id":15757,"href":"https:\/\/geobionatura.com\/pt-pt\/wp-json\/wp\/v2\/pages\/14478\/revisions\/15757"}],"up":[{"embeddable":true,"href":"https:\/\/geobionatura.com\/pt-pt\/wp-json\/wp\/v2\/pages\/14473"}],"wp:attachment":[{"href":"https:\/\/geobionatura.com\/pt-pt\/wp-json\/wp\/v2\/media?parent=14478"}],"curies":[{"name":"wp","href":"https:\/\/api.w.org\/{rel}","templated":true}]}}