{"id":14474,"date":"2024-03-01T11:51:58","date_gmt":"2024-03-01T10:51:58","guid":{"rendered":"https:\/\/geobionatura.com\/sobre-nos\/quem-somos\/"},"modified":"2024-05-25T22:23:51","modified_gmt":"2024-05-25T20:23:51","slug":"quem-somos","status":"publish","type":"page","link":"https:\/\/geobionatura.com\/pt-pt\/quem-somos\/","title":{"rendered":"Quem somos?"},"content":{"rendered":"\t\t<div data-elementor-type=\"wp-page\" data-elementor-id=\"14474\" class=\"elementor elementor-14474 elementor-1013\" data-elementor-post-type=\"page\">\n\t\t\t\t<div class=\"elementor-element elementor-element-0d06de2 e-flex e-con-boxed e-con e-parent\" data-id=\"0d06de2\" data-element_type=\"container\" data-e-type=\"container\" data-settings=\"{&quot;background_background&quot;:&quot;classic&quot;}\">\n\t\t\t\t\t<div class=\"e-con-inner\">\n\t\t\t\t<div class=\"elementor-element elementor-element-75b7ce9 elementor-widget elementor-widget-heading\" data-id=\"75b7ce9\" data-element_type=\"widget\" data-e-type=\"widget\" data-widget_type=\"heading.default\">\n\t\t\t\t<div class=\"elementor-widget-container\">\n\t\t\t\t\t<h1 class=\"elementor-heading-title elementor-size-default\">Quem somos?<\/h1>\t\t\t\t<\/div>\n\t\t\t\t<\/div>\n\t\t\t\t\t<\/div>\n\t\t\t\t<\/div>\n\t\t<div class=\"elementor-element elementor-element-2c77ea8 e-flex e-con-boxed e-con e-parent\" data-id=\"2c77ea8\" data-element_type=\"container\" data-e-type=\"container\">\n\t\t\t\t\t<div class=\"e-con-inner\">\n\t\t\t\t<div class=\"elementor-element elementor-element-a12f78e elementor-widget elementor-widget-image\" data-id=\"a12f78e\" data-element_type=\"widget\" data-e-type=\"widget\" data-widget_type=\"image.default\">\n\t\t\t\t<div class=\"elementor-widget-container\">\n\t\t\t\t\t\t\t\t\t\t\t\t\t\t\t<img decoding=\"async\" width=\"256\" height=\"183\" src=\"https:\/\/geobionatura.com\/wp-content\/uploads\/2024\/02\/logo-biogeonatura.png\" class=\"attachment-full size-full wp-image-73\" alt=\"Logo Biogeonatura\" \/>\t\t\t\t\t\t\t\t\t\t\t\t\t\t\t<\/div>\n\t\t\t\t<\/div>\n\t\t\t\t\t<\/div>\n\t\t\t\t<\/div>\n\t\t<div class=\"elementor-element elementor-element-fa9a78a e-flex e-con-boxed e-con e-parent\" data-id=\"fa9a78a\" data-element_type=\"container\" data-e-type=\"container\">\n\t\t\t\t\t<div class=\"e-con-inner\">\n\t\t\t\t<div class=\"elementor-element elementor-element-04701f4 elementor-widget__width-initial elementor-widget elementor-widget-image\" data-id=\"04701f4\" data-element_type=\"widget\" data-e-type=\"widget\" data-widget_type=\"image.default\">\n\t\t\t\t<div class=\"elementor-widget-container\">\n\t\t\t\t\t\t\t\t\t\t\t\t\t\t\t<img fetchpriority=\"high\" decoding=\"async\" width=\"2102\" height=\"1475\" src=\"https:\/\/geobionatura.com\/wp-content\/uploads\/2024\/02\/Consultas-de-Naturopatia.jpg\" class=\"attachment-full size-full wp-image-162\" alt=\"Consultas de naturopatia\" srcset=\"https:\/\/geobionatura.com\/wp-content\/uploads\/2024\/02\/Consultas-de-Naturopatia.jpg 2102w, https:\/\/geobionatura.com\/wp-content\/uploads\/2024\/02\/Consultas-de-Naturopatia-600x421.jpg 600w, https:\/\/geobionatura.com\/wp-content\/uploads\/2024\/02\/Consultas-de-Naturopatia-300x211.jpg 300w, https:\/\/geobionatura.com\/wp-content\/uploads\/2024\/02\/Consultas-de-Naturopatia-1024x719.jpg 1024w, https:\/\/geobionatura.com\/wp-content\/uploads\/2024\/02\/Consultas-de-Naturopatia-768x539.jpg 768w, https:\/\/geobionatura.com\/wp-content\/uploads\/2024\/02\/Consultas-de-Naturopatia-1536x1078.jpg 1536w, https:\/\/geobionatura.com\/wp-content\/uploads\/2024\/02\/Consultas-de-Naturopatia-2048x1437.jpg 2048w\" sizes=\"(max-width: 2102px) 100vw, 2102px\" \/>\t\t\t\t\t\t\t\t\t\t\t\t\t\t\t<\/div>\n\t\t\t\t<\/div>\n\t\t\t\t<div class=\"elementor-element elementor-element-6aa2560 elementor-widget elementor-widget-text-editor\" data-id=\"6aa2560\" data-element_type=\"widget\" data-e-type=\"widget\" data-widget_type=\"text-editor.default\">\n\t\t\t\t<div class=\"elementor-widget-container\">\n\t\t\t\t\t\t\t\t\t<p>A <strong>Geobionatura<\/strong> \u00e9 um gabinete de t\u00e9cnicas naturop\u00e1ticas, especializado em <strong>Naturopatia, Biorresson\u00e2ncia, Nutri\u00e7\u00e3o e Microcircula\u00e7\u00e3o<\/strong>. Realizamos uma avalia\u00e7\u00e3o e recomendamos solu\u00e7\u00f5es totalmente personalizadas para a promo\u00e7\u00e3o da sa\u00fade. Consultas em Madrid e profissionais associados em toda a Espanha e Portugal.<br \/>Somos o distribuidor autorizado exclusivo para Portugal e Espanha do grupo Rayonex Biomedical GmbH (Alemanha). A Geobionatura\u00ae e a Rayonex oferecem aos clientes da Pen\u00ednsula Ib\u00e9rica uma vasta gama de produtos e equipamentos:<br \/><strong>1. Equipamentos m\u00e9dicos certificados pela UE tipo IIa <\/strong> para a an\u00e1lise e harmoniza\u00e7\u00e3o com Biorresson\u00e2ncia para uso por <strong> profissionais de medicina humana.<\/strong> Pode escolher entre o equipamento para utiliza\u00e7\u00e3o em cl\u00ednica \u00abRayocomp PS 1000 Polar 4.0 MED\u00bb ou o port\u00e1til \u00abRayocomp PS 10 MED\u00bb, ambos dispon\u00edveis para compra ou aluguer.<br \/><strong>2. Equipamentos n\u00e3o m\u00e9dicos para testagem e harmoniza\u00e7\u00e3o com Biorresson\u00e2ncia<\/strong> para o para o bem-estar em casa ou para utiliza\u00e7\u00e3o por profissionais naturopatas (gama Wellness) ou por profissionais de outras \u00e1reas: \u00c1rea Veterin\u00e1ria (gama VET), Acupuntura e MTC (gama TCM) ou Geobiologia (Biologia da Constru\u00e7\u00e3o \u2013 gama BB): \u00abRayocomp PS 1000 Polar 4.0\u00bb ou \u00abRayocomp PS 10\u00bb.<br \/>3. Aparelhos de <strong>prote\u00e7\u00e3o contra a polui\u00e7\u00e3o eletromagn\u00e9tica natural e artificial.<\/strong><br \/>Como <strong>parceiro Bemer<\/strong>, somos distribuidores de equipamentos de <a href=\"https:\/\/geobionatura.bemergroup.com\/es\"><strong>t\u00e9cnica f\u00edsico-vascular de microcircula\u00e7\u00e3o Bemer\u00ae<\/strong><\/a>, para uso domiciliar ou para profissionais de sa\u00fade.<\/p>\n\t\t\t\t\t\t\t\t<\/div>\n\t\t\t\t<\/div>\n\t\t\t\t\t<\/div>\n\t\t\t\t<\/div>\n\t\t<div class=\"elementor-element elementor-element-a5f7531 e-flex e-con-boxed e-con e-parent\" data-id=\"a5f7531\" data-element_type=\"container\" data-e-type=\"container\">\n\t\t\t\t\t<div class=\"e-con-inner\">\n\t\t\t\t<div class=\"elementor-element elementor-element-47ef257 elementor-widget elementor-widget-heading\" data-id=\"47ef257\" data-element_type=\"widget\" data-e-type=\"widget\" data-widget_type=\"heading.default\">\n\t\t\t\t<div class=\"elementor-widget-container\">\n\t\t\t\t\t<span class=\"elementor-heading-title elementor-size-default\">Links confi\u00e1veis<\/span>\t\t\t\t<\/div>\n\t\t\t\t<\/div>\n\t\t\t\t\t<\/div>\n\t\t\t\t<\/div>\n\t\t<div class=\"elementor-element elementor-element-2617090 e-grid e-con-boxed e-con e-parent\" data-id=\"2617090\" data-element_type=\"container\" data-e-type=\"container\">\n\t\t\t\t\t<div class=\"e-con-inner\">\n\t\t\t\t<div class=\"elementor-element elementor-element-faa03a8 elementor-widget elementor-widget-image\" data-id=\"faa03a8\" data-element_type=\"widget\" data-e-type=\"widget\" data-widget_type=\"image.default\">\n\t\t\t\t<div class=\"elementor-widget-container\">\n\t\t\t\t\t\t\t\t\t\t\t\t\t\t\t\t<a href=\"https:\/\/www.rayonex.de\/\">\n\t\t\t\t\t\t\t<img decoding=\"async\" width=\"335\" height=\"112\" src=\"https:\/\/geobionatura.com\/wp-content\/uploads\/2024\/02\/Logo-Rayonex.jpg\" class=\"elementor-animation-grow attachment-full size-full wp-image-194\" alt=\"\" srcset=\"https:\/\/geobionatura.com\/wp-content\/uploads\/2024\/02\/Logo-Rayonex.jpg 335w, https:\/\/geobionatura.com\/wp-content\/uploads\/2024\/02\/Logo-Rayonex-300x100.jpg 300w\" sizes=\"(max-width: 335px) 100vw, 335px\" \/>\t\t\t\t\t\t\t\t<\/a>\n\t\t\t\t\t\t\t\t\t\t\t\t\t\t\t<\/div>\n\t\t\t\t<\/div>\n\t\t\t\t<div class=\"elementor-element elementor-element-fe3cd3f elementor-widget elementor-widget-image\" data-id=\"fe3cd3f\" data-element_type=\"widget\" data-e-type=\"widget\" data-widget_type=\"image.default\">\n\t\t\t\t<div class=\"elementor-widget-container\">\n\t\t\t\t\t\t\t\t\t\t\t\t\t\t\t\t<a href=\"https:\/\/bioresonance.com\/\">\n\t\t\t\t\t\t\t<img loading=\"lazy\" decoding=\"async\" width=\"300\" height=\"300\" src=\"https:\/\/geobionatura.com\/wp-content\/uploads\/2024\/02\/BIORESONANCE.COM_.png\" class=\"elementor-animation-grow attachment-full size-full wp-image-197\" alt=\"\" srcset=\"https:\/\/geobionatura.com\/wp-content\/uploads\/2024\/02\/BIORESONANCE.COM_.png 300w, https:\/\/geobionatura.com\/wp-content\/uploads\/2024\/02\/BIORESONANCE.COM_-100x100.png 100w, https:\/\/geobionatura.com\/wp-content\/uploads\/2024\/02\/BIORESONANCE.COM_-150x150.png 150w\" sizes=\"(max-width: 300px) 100vw, 300px\" \/>\t\t\t\t\t\t\t\t<\/a>\n\t\t\t\t\t\t\t\t\t\t\t\t\t\t\t<\/div>\n\t\t\t\t<\/div>\n\t\t\t\t<div class=\"elementor-element elementor-element-130d982 elementor-widget elementor-widget-image\" data-id=\"130d982\" data-element_type=\"widget\" data-e-type=\"widget\" data-widget_type=\"image.default\">\n\t\t\t\t<div class=\"elementor-widget-container\">\n\t\t\t\t\t\t\t\t\t\t\t\t\t\t\t\t<a href=\"https:\/\/www.colegionaturopatas.es\/\">\n\t\t\t\t\t\t\t<img loading=\"lazy\" decoding=\"async\" width=\"150\" height=\"150\" src=\"https:\/\/geobionatura.com\/wp-content\/uploads\/2024\/02\/Fenacol-Organizacion-Colegial-Naturopatica.png\" class=\"elementor-animation-grow attachment-full size-full wp-image-200\" alt=\"\" srcset=\"https:\/\/geobionatura.com\/wp-content\/uploads\/2024\/02\/Fenacol-Organizacion-Colegial-Naturopatica.png 150w, https:\/\/geobionatura.com\/wp-content\/uploads\/2024\/02\/Fenacol-Organizacion-Colegial-Naturopatica-100x100.png 100w\" sizes=\"(max-width: 150px) 100vw, 150px\" \/>\t\t\t\t\t\t\t\t<\/a>\n\t\t\t\t\t\t\t\t\t\t\t\t\t\t\t<\/div>\n\t\t\t\t<\/div>\n\t\t\t\t<div class=\"elementor-element elementor-element-f39c763 elementor-widget elementor-widget-image\" data-id=\"f39c763\" data-element_type=\"widget\" data-e-type=\"widget\" data-widget_type=\"image.default\">\n\t\t\t\t<div class=\"elementor-widget-container\">\n\t\t\t\t\t\t\t\t\t\t\t\t\t\t\t\t<a href=\"https:\/\/www.saludterapia.com\/terapeutas\/t\/f\/827-jorge-boente.html\">\n\t\t\t\t\t\t\t<img loading=\"lazy\" decoding=\"async\" width=\"90\" height=\"90\" src=\"https:\/\/geobionatura.com\/wp-content\/uploads\/2024\/02\/Comunidad-profesores-Naturoterapia.png\" class=\"elementor-animation-grow attachment-full size-full wp-image-203\" alt=\"\" \/>\t\t\t\t\t\t\t\t<\/a>\n\t\t\t\t\t\t\t\t\t\t\t\t\t\t\t<\/div>\n\t\t\t\t<\/div>\n\t\t\t\t<div class=\"elementor-element elementor-element-560a316 elementor-widget-mobile__width-inherit elementor-widget elementor-widget-image\" data-id=\"560a316\" data-element_type=\"widget\" data-e-type=\"widget\" data-widget_type=\"image.default\">\n\t\t\t\t<div class=\"elementor-widget-container\">\n\t\t\t\t\t\t\t\t\t\t\t\t\t\t\t\t<a href=\"http:\/\/www.econat.es\/\">\n\t\t\t\t\t\t\t<img loading=\"lazy\" decoding=\"async\" width=\"85\" height=\"36\" src=\"https:\/\/geobionatura.com\/wp-content\/uploads\/2024\/02\/Eco-Nat.png\" class=\"elementor-animation-grow attachment-full size-full wp-image-212\" alt=\"\" \/>\t\t\t\t\t\t\t\t<\/a>\n\t\t\t\t\t\t\t\t\t\t\t\t\t\t\t<\/div>\n\t\t\t\t<\/div>\n\t\t\t\t<div class=\"elementor-element elementor-element-9644146 elementor-widget elementor-widget-image\" data-id=\"9644146\" data-element_type=\"widget\" data-e-type=\"widget\" data-widget_type=\"image.default\">\n\t\t\t\t<div class=\"elementor-widget-container\">\n\t\t\t\t\t\t\t\t\t\t\t\t\t\t\t\t<a href=\"https:\/\/www.biocultura.org\/\">\n\t\t\t\t\t\t\t<img loading=\"lazy\" decoding=\"async\" width=\"210\" height=\"71\" src=\"https:\/\/geobionatura.com\/wp-content\/uploads\/2024\/02\/Logo-Biocultura.png\" class=\"elementor-animation-grow attachment-full size-full wp-image-209\" alt=\"\" \/>\t\t\t\t\t\t\t\t<\/a>\n\t\t\t\t\t\t\t\t\t\t\t\t\t\t\t<\/div>\n\t\t\t\t<\/div>\n\t\t\t\t<div class=\"elementor-element elementor-element-772cab6 elementor-hidden-mobile elementor-widget elementor-widget-image\" data-id=\"772cab6\" data-element_type=\"widget\" data-e-type=\"widget\" data-widget_type=\"image.default\">\n\t\t\t\t<div class=\"elementor-widget-container\">\n\t\t\t\t\t\t\t\t\t\t\t\t\t\t\t\t<a href=\"https:\/\/www.geobios.com\/\">\n\t\t\t\t\t\t\t<img loading=\"lazy\" decoding=\"async\" width=\"184\" height=\"157\" src=\"https:\/\/geobionatura.com\/wp-content\/uploads\/2024\/02\/Gebios.png\" class=\"elementor-animation-grow attachment-full size-full wp-image-206\" alt=\"\" \/>\t\t\t\t\t\t\t\t<\/a>\n\t\t\t\t\t\t\t\t\t\t\t\t\t\t\t<\/div>\n\t\t\t\t<\/div>\n\t\t\t\t\t<\/div>\n\t\t\t\t<\/div>\n\t\t<div class=\"elementor-element elementor-element-a18b40b elementor-hidden-desktop elementor-hidden-laptop elementor-hidden-tablet e-flex e-con-boxed e-con e-parent\" data-id=\"a18b40b\" data-element_type=\"container\" data-e-type=\"container\">\n\t\t\t\t\t<div class=\"e-con-inner\">\n\t\t\t\t<div class=\"elementor-element elementor-element-084c45b elementor-widget elementor-widget-image\" data-id=\"084c45b\" data-element_type=\"widget\" data-e-type=\"widget\" data-widget_type=\"image.default\">\n\t\t\t\t<div class=\"elementor-widget-container\">\n\t\t\t\t\t\t\t\t\t\t\t\t\t\t\t\t<a href=\"https:\/\/www.geobios.com\/\">\n\t\t\t\t\t\t\t<img loading=\"lazy\" decoding=\"async\" width=\"184\" height=\"157\" src=\"https:\/\/geobionatura.com\/wp-content\/uploads\/2024\/02\/Gebios.png\" class=\"elementor-animation-grow attachment-full size-full wp-image-206\" alt=\"\" \/>\t\t\t\t\t\t\t\t<\/a>\n\t\t\t\t\t\t\t\t\t\t\t\t\t\t\t<\/div>\n\t\t\t\t<\/div>\n\t\t\t\t\t<\/div>\n\t\t\t\t<\/div>\n\t\t\t\t<\/div>\n\t\t","protected":false},"excerpt":{"rendered":"<p>Quem somos? A Geobionatura \u00e9 um gabinete de t\u00e9cnicas naturop\u00e1ticas, especializado em Naturopatia, Biorresson\u00e2ncia, Nutri\u00e7\u00e3o e Microcircula\u00e7\u00e3o. Realizamos uma avalia\u00e7\u00e3o e recomendamos solu\u00e7\u00f5es totalmente personalizadas para a promo\u00e7\u00e3o da sa\u00fade. Consultas em Madrid e profissionais associados em toda a Espanha e Portugal.Somos o distribuidor autorizado exclusivo para Portugal e Espanha do grupo Rayonex Biomedical GmbH [&hellip;]<\/p>\n","protected":false},"author":485,"featured_media":0,"parent":14473,"menu_order":0,"comment_status":"closed","ping_status":"closed","template":"","meta":{"_acf_changed":false,"_joinchat":[],"footnotes":""},"class_list":["post-14474","page","type-page","status-publish","hentry"],"acf":[],"yoast_head":"<!-- This site is optimized with the Yoast SEO plugin v27.4 - https:\/\/yoast.com\/product\/yoast-seo-wordpress\/ -->\n<title>Quem somos? | Geobionatura<\/title>\n<meta name=\"description\" content=\"A Geobionatura \u00e9 um gabinete de t\u00e9cnicas naturopatas especializado em Naturopatia, Bioresson\u00e2ncia, Nutri\u00e7\u00e3o e Microcircula\u00e7\u00e3o. Conhe\u00e7a a nossa equipe!\" \/>\n<meta name=\"robots\" content=\"index, follow, max-snippet:-1, max-image-preview:large, max-video-preview:-1\" \/>\n<link rel=\"canonical\" href=\"https:\/\/geobionatura.com\/pt-pt\/quem-somos\/\" \/>\n<meta property=\"og:locale\" content=\"pt_PT\" \/>\n<meta property=\"og:type\" content=\"article\" \/>\n<meta property=\"og:title\" content=\"Quem somos? | Geobionatura\" \/>\n<meta property=\"og:description\" content=\"A Geobionatura \u00e9 um gabinete de t\u00e9cnicas naturopatas especializado em Naturopatia, Bioresson\u00e2ncia, Nutri\u00e7\u00e3o e Microcircula\u00e7\u00e3o. Conhe\u00e7a a nossa equipe!\" \/>\n<meta property=\"og:url\" content=\"https:\/\/geobionatura.com\/pt-pt\/quem-somos\/\" \/>\n<meta property=\"og:site_name\" content=\"Geobionatura\" \/>\n<meta property=\"article:publisher\" content=\"https:\/\/www.facebook.com\/Geobionatura\/\" \/>\n<meta property=\"article:modified_time\" content=\"2024-05-25T20:23:51+00:00\" \/>\n<meta property=\"og:image\" content=\"https:\/\/geobionatura.com\/wp-content\/uploads\/2024\/02\/logo-biogeonatura.png\" \/>\n<meta name=\"twitter:card\" content=\"summary_large_image\" \/>\n<meta name=\"twitter:label1\" content=\"Tempo estimado de leitura\" \/>\n\t<meta name=\"twitter:data1\" content=\"3 minutos\" \/>\n<script type=\"application\/ld+json\" class=\"yoast-schema-graph\">{\"@context\":\"https:\\\/\\\/schema.org\",\"@graph\":[{\"@type\":\"WebPage\",\"@id\":\"https:\\\/\\\/geobionatura.com\\\/pt-pt\\\/quem-somos\\\/\",\"url\":\"https:\\\/\\\/geobionatura.com\\\/pt-pt\\\/quem-somos\\\/\",\"name\":\"Quem somos? | Geobionatura\",\"isPartOf\":{\"@id\":\"https:\\\/\\\/geobionatura.com\\\/pt-pt\\\/#website\"},\"primaryImageOfPage\":{\"@id\":\"https:\\\/\\\/geobionatura.com\\\/pt-pt\\\/quem-somos\\\/#primaryimage\"},\"image\":{\"@id\":\"https:\\\/\\\/geobionatura.com\\\/pt-pt\\\/quem-somos\\\/#primaryimage\"},\"thumbnailUrl\":\"https:\\\/\\\/geobionatura.com\\\/wp-content\\\/uploads\\\/2024\\\/02\\\/logo-biogeonatura.png\",\"datePublished\":\"2024-03-01T10:51:58+00:00\",\"dateModified\":\"2024-05-25T20:23:51+00:00\",\"description\":\"A Geobionatura \u00e9 um gabinete de t\u00e9cnicas naturopatas especializado em Naturopatia, Bioresson\u00e2ncia, Nutri\u00e7\u00e3o e Microcircula\u00e7\u00e3o. Conhe\u00e7a a nossa equipe!\",\"breadcrumb\":{\"@id\":\"https:\\\/\\\/geobionatura.com\\\/pt-pt\\\/quem-somos\\\/#breadcrumb\"},\"inLanguage\":\"pt-PT\",\"potentialAction\":[{\"@type\":\"ReadAction\",\"target\":[\"https:\\\/\\\/geobionatura.com\\\/pt-pt\\\/quem-somos\\\/\"]}]},{\"@type\":\"ImageObject\",\"inLanguage\":\"pt-PT\",\"@id\":\"https:\\\/\\\/geobionatura.com\\\/pt-pt\\\/quem-somos\\\/#primaryimage\",\"url\":\"https:\\\/\\\/geobionatura.com\\\/wp-content\\\/uploads\\\/2024\\\/02\\\/logo-biogeonatura.png\",\"contentUrl\":\"https:\\\/\\\/geobionatura.com\\\/wp-content\\\/uploads\\\/2024\\\/02\\\/logo-biogeonatura.png\"},{\"@type\":\"BreadcrumbList\",\"@id\":\"https:\\\/\\\/geobionatura.com\\\/pt-pt\\\/quem-somos\\\/#breadcrumb\",\"itemListElement\":[{\"@type\":\"ListItem\",\"position\":1,\"name\":\"Portada\",\"item\":\"https:\\\/\\\/geobionatura.com\\\/\"},{\"@type\":\"ListItem\",\"position\":2,\"name\":\"Sobre n\u00f3s\",\"item\":\"https:\\\/\\\/geobionatura.com\\\/sobre-nosotros\\\/\"},{\"@type\":\"ListItem\",\"position\":3,\"name\":\"Quem somos?\"}]},{\"@type\":\"WebSite\",\"@id\":\"https:\\\/\\\/geobionatura.com\\\/pt-pt\\\/#website\",\"url\":\"https:\\\/\\\/geobionatura.com\\\/pt-pt\\\/\",\"name\":\"geobionatura\",\"description\":\"Tu tienda Online\",\"publisher\":{\"@id\":\"https:\\\/\\\/geobionatura.com\\\/pt-pt\\\/#organization\"},\"potentialAction\":[{\"@type\":\"SearchAction\",\"target\":{\"@type\":\"EntryPoint\",\"urlTemplate\":\"https:\\\/\\\/geobionatura.com\\\/pt-pt\\\/?s={search_term_string}\"},\"query-input\":{\"@type\":\"PropertyValueSpecification\",\"valueRequired\":true,\"valueName\":\"search_term_string\"}}],\"inLanguage\":\"pt-PT\"},{\"@type\":\"Organization\",\"@id\":\"https:\\\/\\\/geobionatura.com\\\/pt-pt\\\/#organization\",\"name\":\"geobionatura\",\"url\":\"https:\\\/\\\/geobionatura.com\\\/pt-pt\\\/\",\"logo\":{\"@type\":\"ImageObject\",\"inLanguage\":\"pt-PT\",\"@id\":\"https:\\\/\\\/geobionatura.com\\\/pt-pt\\\/#\\\/schema\\\/logo\\\/image\\\/\",\"url\":\"https:\\\/\\\/geobionatura.com\\\/wp-content\\\/uploads\\\/2024\\\/02\\\/logo-biogeonatura.png\",\"contentUrl\":\"https:\\\/\\\/geobionatura.com\\\/wp-content\\\/uploads\\\/2024\\\/02\\\/logo-biogeonatura.png\",\"width\":256,\"height\":183,\"caption\":\"geobionatura\"},\"image\":{\"@id\":\"https:\\\/\\\/geobionatura.com\\\/pt-pt\\\/#\\\/schema\\\/logo\\\/image\\\/\"},\"sameAs\":[\"https:\\\/\\\/www.facebook.com\\\/Geobionatura\\\/\",\"https:\\\/\\\/www.linkedin.com\\\/company\\\/geobionatura\\\/\",\"https:\\\/\\\/www.youtube.com\\\/user\\\/Geobionatura\"]}]}<\/script>\n<!-- \/ Yoast SEO plugin. -->","yoast_head_json":{"title":"Quem somos? | Geobionatura","description":"A Geobionatura \u00e9 um gabinete de t\u00e9cnicas naturopatas especializado em Naturopatia, Bioresson\u00e2ncia, Nutri\u00e7\u00e3o e Microcircula\u00e7\u00e3o. Conhe\u00e7a a nossa equipe!","robots":{"index":"index","follow":"follow","max-snippet":"max-snippet:-1","max-image-preview":"max-image-preview:large","max-video-preview":"max-video-preview:-1"},"canonical":"https:\/\/geobionatura.com\/pt-pt\/quem-somos\/","og_locale":"pt_PT","og_type":"article","og_title":"Quem somos? | Geobionatura","og_description":"A Geobionatura \u00e9 um gabinete de t\u00e9cnicas naturopatas especializado em Naturopatia, Bioresson\u00e2ncia, Nutri\u00e7\u00e3o e Microcircula\u00e7\u00e3o. Conhe\u00e7a a nossa equipe!","og_url":"https:\/\/geobionatura.com\/pt-pt\/quem-somos\/","og_site_name":"Geobionatura","article_publisher":"https:\/\/www.facebook.com\/Geobionatura\/","article_modified_time":"2024-05-25T20:23:51+00:00","og_image":[{"url":"https:\/\/geobionatura.com\/wp-content\/uploads\/2024\/02\/logo-biogeonatura.png","type":"","width":"","height":""}],"twitter_card":"summary_large_image","twitter_misc":{"Tempo estimado de leitura":"3 minutos"},"schema":{"@context":"https:\/\/schema.org","@graph":[{"@type":"WebPage","@id":"https:\/\/geobionatura.com\/pt-pt\/quem-somos\/","url":"https:\/\/geobionatura.com\/pt-pt\/quem-somos\/","name":"Quem somos? | Geobionatura","isPartOf":{"@id":"https:\/\/geobionatura.com\/pt-pt\/#website"},"primaryImageOfPage":{"@id":"https:\/\/geobionatura.com\/pt-pt\/quem-somos\/#primaryimage"},"image":{"@id":"https:\/\/geobionatura.com\/pt-pt\/quem-somos\/#primaryimage"},"thumbnailUrl":"https:\/\/geobionatura.com\/wp-content\/uploads\/2024\/02\/logo-biogeonatura.png","datePublished":"2024-03-01T10:51:58+00:00","dateModified":"2024-05-25T20:23:51+00:00","description":"A Geobionatura \u00e9 um gabinete de t\u00e9cnicas naturopatas especializado em Naturopatia, Bioresson\u00e2ncia, Nutri\u00e7\u00e3o e Microcircula\u00e7\u00e3o. Conhe\u00e7a a nossa equipe!","breadcrumb":{"@id":"https:\/\/geobionatura.com\/pt-pt\/quem-somos\/#breadcrumb"},"inLanguage":"pt-PT","potentialAction":[{"@type":"ReadAction","target":["https:\/\/geobionatura.com\/pt-pt\/quem-somos\/"]}]},{"@type":"ImageObject","inLanguage":"pt-PT","@id":"https:\/\/geobionatura.com\/pt-pt\/quem-somos\/#primaryimage","url":"https:\/\/geobionatura.com\/wp-content\/uploads\/2024\/02\/logo-biogeonatura.png","contentUrl":"https:\/\/geobionatura.com\/wp-content\/uploads\/2024\/02\/logo-biogeonatura.png"},{"@type":"BreadcrumbList","@id":"https:\/\/geobionatura.com\/pt-pt\/quem-somos\/#breadcrumb","itemListElement":[{"@type":"ListItem","position":1,"name":"Portada","item":"https:\/\/geobionatura.com\/"},{"@type":"ListItem","position":2,"name":"Sobre n\u00f3s","item":"https:\/\/geobionatura.com\/sobre-nosotros\/"},{"@type":"ListItem","position":3,"name":"Quem somos?"}]},{"@type":"WebSite","@id":"https:\/\/geobionatura.com\/pt-pt\/#website","url":"https:\/\/geobionatura.com\/pt-pt\/","name":"geobionatura","description":"Tu tienda Online","publisher":{"@id":"https:\/\/geobionatura.com\/pt-pt\/#organization"},"potentialAction":[{"@type":"SearchAction","target":{"@type":"EntryPoint","urlTemplate":"https:\/\/geobionatura.com\/pt-pt\/?s={search_term_string}"},"query-input":{"@type":"PropertyValueSpecification","valueRequired":true,"valueName":"search_term_string"}}],"inLanguage":"pt-PT"},{"@type":"Organization","@id":"https:\/\/geobionatura.com\/pt-pt\/#organization","name":"geobionatura","url":"https:\/\/geobionatura.com\/pt-pt\/","logo":{"@type":"ImageObject","inLanguage":"pt-PT","@id":"https:\/\/geobionatura.com\/pt-pt\/#\/schema\/logo\/image\/","url":"https:\/\/geobionatura.com\/wp-content\/uploads\/2024\/02\/logo-biogeonatura.png","contentUrl":"https:\/\/geobionatura.com\/wp-content\/uploads\/2024\/02\/logo-biogeonatura.png","width":256,"height":183,"caption":"geobionatura"},"image":{"@id":"https:\/\/geobionatura.com\/pt-pt\/#\/schema\/logo\/image\/"},"sameAs":["https:\/\/www.facebook.com\/Geobionatura\/","https:\/\/www.linkedin.com\/company\/geobionatura\/","https:\/\/www.youtube.com\/user\/Geobionatura"]}]}},"_links":{"self":[{"href":"https:\/\/geobionatura.com\/pt-pt\/wp-json\/wp\/v2\/pages\/14474","targetHints":{"allow":["GET"]}}],"collection":[{"href":"https:\/\/geobionatura.com\/pt-pt\/wp-json\/wp\/v2\/pages"}],"about":[{"href":"https:\/\/geobionatura.com\/pt-pt\/wp-json\/wp\/v2\/types\/page"}],"author":[{"embeddable":true,"href":"https:\/\/geobionatura.com\/pt-pt\/wp-json\/wp\/v2\/users\/485"}],"replies":[{"embeddable":true,"href":"https:\/\/geobionatura.com\/pt-pt\/wp-json\/wp\/v2\/comments?post=14474"}],"version-history":[{"count":3,"href":"https:\/\/geobionatura.com\/pt-pt\/wp-json\/wp\/v2\/pages\/14474\/revisions"}],"predecessor-version":[{"id":14477,"href":"https:\/\/geobionatura.com\/pt-pt\/wp-json\/wp\/v2\/pages\/14474\/revisions\/14477"}],"up":[{"embeddable":true,"href":"https:\/\/geobionatura.com\/pt-pt\/wp-json\/wp\/v2\/pages\/14473"}],"wp:attachment":[{"href":"https:\/\/geobionatura.com\/pt-pt\/wp-json\/wp\/v2\/media?parent=14474"}],"curies":[{"name":"wp","href":"https:\/\/api.w.org\/{rel}","templated":true}]}}