{"id":14467,"date":"2024-03-01T11:50:30","date_gmt":"2024-03-01T10:50:30","guid":{"rendered":"https:\/\/geobionatura.com\/servicos\/consultas-bioressonancia-madrid\/"},"modified":"2024-09-18T14:23:50","modified_gmt":"2024-09-18T12:23:50","slug":"consultas-bioressonancia-madrid","status":"publish","type":"page","link":"https:\/\/geobionatura.com\/pt-pt\/consultas-bioressonancia-madrid\/","title":{"rendered":"Consultas Bioresson\u00e2ncia Madrid"},"content":{"rendered":"\t\t<div data-elementor-type=\"wp-page\" data-elementor-id=\"14467\" class=\"elementor elementor-14467 elementor-1009\" data-elementor-post-type=\"page\">\n\t\t\t\t<div class=\"elementor-element elementor-element-f743ca2 e-flex e-con-boxed e-con e-parent\" data-id=\"f743ca2\" data-element_type=\"container\" data-e-type=\"container\" data-settings=\"{&quot;background_background&quot;:&quot;classic&quot;}\">\n\t\t\t\t\t<div class=\"e-con-inner\">\n\t\t\t\t<div class=\"elementor-element elementor-element-239e091 elementor-widget elementor-widget-heading\" data-id=\"239e091\" data-element_type=\"widget\" data-e-type=\"widget\" data-widget_type=\"heading.default\">\n\t\t\t\t<div class=\"elementor-widget-container\">\n\t\t\t\t\t<h1 class=\"elementor-heading-title elementor-size-default\">Consultas Biorresson\u00e2ncia em Madrid<\/h1>\t\t\t\t<\/div>\n\t\t\t\t<\/div>\n\t\t\t\t\t<\/div>\n\t\t\t\t<\/div>\n\t\t<div class=\"elementor-element elementor-element-7941849 e-flex e-con-boxed e-con e-parent\" data-id=\"7941849\" data-element_type=\"container\" data-e-type=\"container\">\n\t\t\t\t\t<div class=\"e-con-inner\">\n\t\t\t\t<div class=\"elementor-element elementor-element-718cd7e elementor-widget-mobile__width-initial elementor-widget elementor-widget-image\" data-id=\"718cd7e\" data-element_type=\"widget\" data-e-type=\"widget\" data-widget_type=\"image.default\">\n\t\t\t\t<div class=\"elementor-widget-container\">\n\t\t\t\t\t\t\t\t\t\t\t\t\t\t\t<img decoding=\"async\" width=\"256\" height=\"183\" src=\"https:\/\/geobionatura.com\/wp-content\/uploads\/2024\/02\/logo-biogeonatura.png\" class=\"attachment-full size-full wp-image-73\" alt=\"Logo Biogeonatura\" \/>\t\t\t\t\t\t\t\t\t\t\t\t\t\t\t<\/div>\n\t\t\t\t<\/div>\n\t\t\t\t\t<\/div>\n\t\t\t\t<\/div>\n\t\t<div class=\"elementor-element elementor-element-44e2ca6 e-flex e-con-boxed e-con e-parent\" data-id=\"44e2ca6\" data-element_type=\"container\" data-e-type=\"container\">\n\t\t\t\t\t<div class=\"e-con-inner\">\n\t\t\t\t<div class=\"elementor-element elementor-element-b7bd27c elementor-widget elementor-widget-text-editor\" data-id=\"b7bd27c\" data-element_type=\"widget\" data-e-type=\"widget\" data-widget_type=\"text-editor.default\">\n\t\t\t\t<div class=\"elementor-widget-container\">\n\t\t\t\t\t\t\t\t\t<p style=\"font-weight: 400;\"><span style=\"color: var( --e-global-color-text ); font-family: var( --e-global-typography-text-font-family ), Sans-serif; font-weight: var( --e-global-typography-text-font-weight ); text-align: var(--text-align); font-size: 1rem;\">Com mais de 12 anos de experi\u00eancia, forma\u00e7\u00e3o acad\u00eamica em Farm\u00e1cia &#8211; especialidade em Bioqu\u00edmica e Nutri\u00e7\u00e3o e mestrado em Estudos Biol\u00f3gico-Naturistas, utilizo disciplinas naturop\u00e1ticas como a Fitoterapia e a Aromaterapia, a Oligoterapia, a Dietoterapia, os Florais e certamente tamb\u00e9m a Bioresson\u00e2ncia, para promover a sa\u00fade em \u00e1reas como alergias e intoler\u00e2ncias alimentares, dist\u00farbios digestivos e metab\u00f3licos, dor, estresse e ins\u00f3nia, desintoxica\u00e7\u00e3o, regenera\u00e7\u00e3o e antienvelhecimento, problemas de concentra\u00e7\u00e3o e depress\u00e3o, desabitua\u00e7\u00f5es, etc.<\/span><\/p>\n<p>Estamos especializados em Biorresson\u00e2ncia, t\u00e9cnica que a trav\u00e9s de campos eletromagn\u00e9ticos de baixas frequ\u00eancias e no nosso m\u00e9todo concreto de natureza semelhante \u00e0s fisiol\u00f3gicas, nos ajuda a harmonizar estados alterados do organismo e aumentar a sua capacidade de autorregula\u00e7\u00e3o.<\/p><p><br><\/p>\n<p>Participar dos 7 princ\u00edpios b\u00e1sicos da medicina hipocr\u00e1tica:<\/p>\n<p>1\u00ba) o poder curativo da natureza<\/p>\n<p>2\u00ba) A primeira coisa \u00e9 n\u00e3o prejudicar<\/p>\n<p>3\u00ba) Abordar a globalidade<\/p><p>4\u00ba) Identificar e abordar as causas<\/p><p>5\u00ba) Priorizar a preven\u00e7\u00e3o<\/p><p>6\u00ba) ensinar para melhorar as boas pr\u00e1ticas, e<\/p><p>7\u00ba) a utiliza\u00e7\u00e3o de m\u00e9todos suaves e n\u00e3o invasivos, pelo que acreditamos que o nosso m\u00e9todo de Biorresson\u00e2ncia se enquadra perfeitamente como uma t\u00e9cnica 100% naturop\u00e1tica.<\/p>\n<p><br><\/p>\n<p>Ajudamos os nossos clientes a se alimentarem e a se sentirem melhor, personalizando sua dieta de acordo com sua composi\u00e7\u00e3o corporal, as suas necessidades nutricionais e as condi\u00e7\u00f5es fisiol\u00f3gicas e patol\u00f3gicas espec\u00edficas.<\/p>\n<p style=\"font-weight: 400;\"><br><\/p>\t\t\t\t\t\t\t\t<\/div>\n\t\t\t\t<\/div>\n\t\t\t\t\t<\/div>\n\t\t\t\t<\/div>\n\t\t<div class=\"elementor-element elementor-element-fe53472 e-flex e-con-boxed e-con e-parent\" data-id=\"fe53472\" data-element_type=\"container\" data-e-type=\"container\">\n\t\t\t\t\t<div class=\"e-con-inner\">\n\t\t<div class=\"elementor-element elementor-element-02a0f4e e-con-full e-flex e-con e-child\" data-id=\"02a0f4e\" data-element_type=\"container\" data-e-type=\"container\">\n\t\t\t\t<div class=\"elementor-element elementor-element-cbbcedb elementor-widget elementor-widget-heading\" data-id=\"cbbcedb\" data-element_type=\"widget\" data-e-type=\"widget\" data-widget_type=\"heading.default\">\n\t\t\t\t<div class=\"elementor-widget-container\">\n\t\t\t\t\t<p class=\"elementor-heading-title elementor-size-default\">Jorge Boente Represas<\/p>\t\t\t\t<\/div>\n\t\t\t\t<\/div>\n\t\t\t\t<div class=\"elementor-element elementor-element-cbb7daa elementor-widget__width-inherit elementor-widget elementor-widget-image\" data-id=\"cbb7daa\" data-element_type=\"widget\" data-e-type=\"widget\" data-widget_type=\"image.default\">\n\t\t\t\t<div class=\"elementor-widget-container\">\n\t\t\t\t\t\t\t\t\t\t\t\t\t\t\t<img decoding=\"async\" width=\"256\" height=\"183\" src=\"https:\/\/geobionatura.com\/wp-content\/uploads\/2024\/02\/logo-biogeonatura.png\" class=\"attachment-full size-full wp-image-73\" alt=\"Logo Biogeonatura\" \/>\t\t\t\t\t\t\t\t\t\t\t\t\t\t\t<\/div>\n\t\t\t\t<\/div>\n\t\t\t\t<div class=\"elementor-element elementor-element-39aed3d elementor-hidden-mobile elementor-widget elementor-widget-text-editor\" data-id=\"39aed3d\" data-element_type=\"widget\" data-e-type=\"widget\" data-widget_type=\"text-editor.default\">\n\t\t\t\t<div class=\"elementor-widget-container\">\n\t\t\t\t\t\t\t\t\t<p><strong>Tel.:<\/strong> 629156478<\/p>\n<p><strong>Email:<\/strong> info@geobionatura.com<\/p>\n\t\t\t\t\t\t\t\t<\/div>\n\t\t\t\t<\/div>\n\t\t\t\t<\/div>\n\t\t<div class=\"elementor-element elementor-element-e03efe3 e-con-full e-flex e-con e-child\" data-id=\"e03efe3\" data-element_type=\"container\" data-e-type=\"container\">\n\t\t\t\t<div class=\"elementor-element elementor-element-7ffb2a6 elementor-widget-tablet__width-inherit elementor-widget elementor-widget-image\" data-id=\"7ffb2a6\" data-element_type=\"widget\" data-e-type=\"widget\" data-widget_type=\"image.default\">\n\t\t\t\t<div class=\"elementor-widget-container\">\n\t\t\t\t\t\t\t\t\t\t\t\t\t\t\t<img fetchpriority=\"high\" decoding=\"async\" width=\"2560\" height=\"1464\" src=\"https:\/\/geobionatura.com\/wp-content\/uploads\/2024\/03\/49-Servicios-Biorresonancia-scaled-1.jpg\" class=\"attachment-full size-full wp-image-1257\" alt=\"\" srcset=\"https:\/\/geobionatura.com\/wp-content\/uploads\/2024\/03\/49-Servicios-Biorresonancia-scaled-1.jpg 2560w, https:\/\/geobionatura.com\/wp-content\/uploads\/2024\/03\/49-Servicios-Biorresonancia-scaled-1-300x172.jpg 300w, https:\/\/geobionatura.com\/wp-content\/uploads\/2024\/03\/49-Servicios-Biorresonancia-scaled-1-1024x586.jpg 1024w, https:\/\/geobionatura.com\/wp-content\/uploads\/2024\/03\/49-Servicios-Biorresonancia-scaled-1-768x439.jpg 768w, https:\/\/geobionatura.com\/wp-content\/uploads\/2024\/03\/49-Servicios-Biorresonancia-scaled-1-1536x878.jpg 1536w, https:\/\/geobionatura.com\/wp-content\/uploads\/2024\/03\/49-Servicios-Biorresonancia-scaled-1-2048x1171.jpg 2048w, https:\/\/geobionatura.com\/wp-content\/uploads\/2024\/03\/49-Servicios-Biorresonancia-scaled-1-600x343.jpg 600w\" sizes=\"(max-width: 2560px) 100vw, 2560px\" \/>\t\t\t\t\t\t\t\t\t\t\t\t\t\t\t<\/div>\n\t\t\t\t<\/div>\n\t\t\t\t<div class=\"elementor-element elementor-element-9dc7691 elementor-hidden-desktop elementor-hidden-laptop elementor-hidden-tablet elementor-widget elementor-widget-text-editor\" data-id=\"9dc7691\" data-element_type=\"widget\" data-e-type=\"widget\" data-widget_type=\"text-editor.default\">\n\t\t\t\t<div class=\"elementor-widget-container\">\n\t\t\t\t\t\t\t\t\t<p><strong>Tel.:<\/strong> <a href=\"tel:629156478\">629156478<\/a><\/p>\n<p><strong>Email:<\/strong> <a href=\"mailto:info@geobionatura.com\">info@geobionatura.com<\/a><\/p>\n\t\t\t\t\t\t\t\t<\/div>\n\t\t\t\t<\/div>\n\t\t\t\t<\/div>\n\t\t\t\t\t<\/div>\n\t\t\t\t<\/div>\n\t\t\t\t<\/div>\n\t\t","protected":false},"excerpt":{"rendered":"<p>Consultas Biorresson\u00e2ncia em Madrid Com mais de 12 anos de experi\u00eancia, forma\u00e7\u00e3o acad\u00eamica em Farm\u00e1cia &#8211; especialidade em Bioqu\u00edmica e Nutri\u00e7\u00e3o e mestrado em Estudos Biol\u00f3gico-Naturistas, utilizo disciplinas naturop\u00e1ticas como a Fitoterapia e a Aromaterapia, a Oligoterapia, a Dietoterapia, os Florais e certamente tamb\u00e9m a Bioresson\u00e2ncia, para promover a sa\u00fade em \u00e1reas como alergias e [&hellip;]<\/p>\n","protected":false},"author":485,"featured_media":0,"parent":0,"menu_order":0,"comment_status":"closed","ping_status":"closed","template":"","meta":{"_acf_changed":false,"_joinchat":[],"footnotes":""},"class_list":["post-14467","page","type-page","status-publish","hentry"],"acf":[],"yoast_head":"<!-- This site is optimized with the Yoast SEO plugin v27.3 - https:\/\/yoast.com\/product\/yoast-seo-wordpress\/ -->\n<title>Consultas de naturopat\u00eda em Madrid | Geobionatura<\/title>\n<meta name=\"description\" content=\"Est\u00e1 \u00e0 procura duma terapia alternativa e natural para as suas doen\u00e7as? Na Geobionatura oferecemos consultas de bioressonanci em Madrid\" \/>\n<meta name=\"robots\" content=\"index, follow, max-snippet:-1, max-image-preview:large, max-video-preview:-1\" \/>\n<link rel=\"canonical\" href=\"https:\/\/geobionatura.com\/pt-pt\/consultas-bioressonancia-madrid\/\" \/>\n<meta property=\"og:locale\" content=\"pt_PT\" \/>\n<meta property=\"og:type\" content=\"article\" \/>\n<meta property=\"og:title\" content=\"Consultas de naturopat\u00eda em Madrid | Geobionatura\" \/>\n<meta property=\"og:description\" content=\"Est\u00e1 \u00e0 procura duma terapia alternativa e natural para as suas doen\u00e7as? Na Geobionatura oferecemos consultas de bioressonanci em Madrid\" \/>\n<meta property=\"og:url\" content=\"https:\/\/geobionatura.com\/pt-pt\/consultas-bioressonancia-madrid\/\" \/>\n<meta property=\"og:site_name\" content=\"Geobionatura\" \/>\n<meta property=\"article:publisher\" content=\"https:\/\/www.facebook.com\/Geobionatura\/\" \/>\n<meta property=\"article:modified_time\" content=\"2024-09-18T12:23:50+00:00\" \/>\n<meta property=\"og:image\" content=\"https:\/\/geobionatura.com\/wp-content\/uploads\/2024\/02\/logo-biogeonatura.png\" \/>\n<meta name=\"twitter:card\" content=\"summary_large_image\" \/>\n<meta name=\"twitter:label1\" content=\"Tempo estimado de leitura\" \/>\n\t<meta name=\"twitter:data1\" content=\"2 minutos\" \/>\n<script type=\"application\/ld+json\" class=\"yoast-schema-graph\">{\"@context\":\"https:\\\/\\\/schema.org\",\"@graph\":[{\"@type\":\"WebPage\",\"@id\":\"https:\\\/\\\/geobionatura.com\\\/pt-pt\\\/consultas-bioressonancia-madrid\\\/\",\"url\":\"https:\\\/\\\/geobionatura.com\\\/pt-pt\\\/consultas-bioressonancia-madrid\\\/\",\"name\":\"Consultas de naturopat\u00eda em Madrid | Geobionatura\",\"isPartOf\":{\"@id\":\"https:\\\/\\\/geobionatura.com\\\/pt-pt\\\/#website\"},\"primaryImageOfPage\":{\"@id\":\"https:\\\/\\\/geobionatura.com\\\/pt-pt\\\/consultas-bioressonancia-madrid\\\/#primaryimage\"},\"image\":{\"@id\":\"https:\\\/\\\/geobionatura.com\\\/pt-pt\\\/consultas-bioressonancia-madrid\\\/#primaryimage\"},\"thumbnailUrl\":\"https:\\\/\\\/geobionatura.com\\\/wp-content\\\/uploads\\\/2024\\\/02\\\/logo-biogeonatura.png\",\"datePublished\":\"2024-03-01T10:50:30+00:00\",\"dateModified\":\"2024-09-18T12:23:50+00:00\",\"description\":\"Est\u00e1 \u00e0 procura duma terapia alternativa e natural para as suas doen\u00e7as? Na Geobionatura oferecemos consultas de bioressonanci em Madrid\",\"breadcrumb\":{\"@id\":\"https:\\\/\\\/geobionatura.com\\\/pt-pt\\\/consultas-bioressonancia-madrid\\\/#breadcrumb\"},\"inLanguage\":\"pt-PT\",\"potentialAction\":[{\"@type\":\"ReadAction\",\"target\":[\"https:\\\/\\\/geobionatura.com\\\/pt-pt\\\/consultas-bioressonancia-madrid\\\/\"]}]},{\"@type\":\"ImageObject\",\"inLanguage\":\"pt-PT\",\"@id\":\"https:\\\/\\\/geobionatura.com\\\/pt-pt\\\/consultas-bioressonancia-madrid\\\/#primaryimage\",\"url\":\"https:\\\/\\\/geobionatura.com\\\/wp-content\\\/uploads\\\/2024\\\/02\\\/logo-biogeonatura.png\",\"contentUrl\":\"https:\\\/\\\/geobionatura.com\\\/wp-content\\\/uploads\\\/2024\\\/02\\\/logo-biogeonatura.png\"},{\"@type\":\"BreadcrumbList\",\"@id\":\"https:\\\/\\\/geobionatura.com\\\/pt-pt\\\/consultas-bioressonancia-madrid\\\/#breadcrumb\",\"itemListElement\":[{\"@type\":\"ListItem\",\"position\":1,\"name\":\"Portada\",\"item\":\"https:\\\/\\\/geobionatura.com\\\/\"},{\"@type\":\"ListItem\",\"position\":2,\"name\":\"Consultas Bioresson\u00e2ncia Madrid\"}]},{\"@type\":\"WebSite\",\"@id\":\"https:\\\/\\\/geobionatura.com\\\/pt-pt\\\/#website\",\"url\":\"https:\\\/\\\/geobionatura.com\\\/pt-pt\\\/\",\"name\":\"geobionatura\",\"description\":\"Tu tienda Online\",\"publisher\":{\"@id\":\"https:\\\/\\\/geobionatura.com\\\/pt-pt\\\/#organization\"},\"potentialAction\":[{\"@type\":\"SearchAction\",\"target\":{\"@type\":\"EntryPoint\",\"urlTemplate\":\"https:\\\/\\\/geobionatura.com\\\/pt-pt\\\/?s={search_term_string}\"},\"query-input\":{\"@type\":\"PropertyValueSpecification\",\"valueRequired\":true,\"valueName\":\"search_term_string\"}}],\"inLanguage\":\"pt-PT\"},{\"@type\":\"Organization\",\"@id\":\"https:\\\/\\\/geobionatura.com\\\/pt-pt\\\/#organization\",\"name\":\"geobionatura\",\"url\":\"https:\\\/\\\/geobionatura.com\\\/pt-pt\\\/\",\"logo\":{\"@type\":\"ImageObject\",\"inLanguage\":\"pt-PT\",\"@id\":\"https:\\\/\\\/geobionatura.com\\\/pt-pt\\\/#\\\/schema\\\/logo\\\/image\\\/\",\"url\":\"https:\\\/\\\/geobionatura.com\\\/wp-content\\\/uploads\\\/2024\\\/02\\\/logo-biogeonatura.png\",\"contentUrl\":\"https:\\\/\\\/geobionatura.com\\\/wp-content\\\/uploads\\\/2024\\\/02\\\/logo-biogeonatura.png\",\"width\":256,\"height\":183,\"caption\":\"geobionatura\"},\"image\":{\"@id\":\"https:\\\/\\\/geobionatura.com\\\/pt-pt\\\/#\\\/schema\\\/logo\\\/image\\\/\"},\"sameAs\":[\"https:\\\/\\\/www.facebook.com\\\/Geobionatura\\\/\",\"https:\\\/\\\/www.linkedin.com\\\/company\\\/geobionatura\\\/\",\"https:\\\/\\\/www.youtube.com\\\/user\\\/Geobionatura\"]}]}<\/script>\n<!-- \/ Yoast SEO plugin. -->","yoast_head_json":{"title":"Consultas de naturopat\u00eda em Madrid | Geobionatura","description":"Est\u00e1 \u00e0 procura duma terapia alternativa e natural para as suas doen\u00e7as? Na Geobionatura oferecemos consultas de bioressonanci em Madrid","robots":{"index":"index","follow":"follow","max-snippet":"max-snippet:-1","max-image-preview":"max-image-preview:large","max-video-preview":"max-video-preview:-1"},"canonical":"https:\/\/geobionatura.com\/pt-pt\/consultas-bioressonancia-madrid\/","og_locale":"pt_PT","og_type":"article","og_title":"Consultas de naturopat\u00eda em Madrid | Geobionatura","og_description":"Est\u00e1 \u00e0 procura duma terapia alternativa e natural para as suas doen\u00e7as? Na Geobionatura oferecemos consultas de bioressonanci em Madrid","og_url":"https:\/\/geobionatura.com\/pt-pt\/consultas-bioressonancia-madrid\/","og_site_name":"Geobionatura","article_publisher":"https:\/\/www.facebook.com\/Geobionatura\/","article_modified_time":"2024-09-18T12:23:50+00:00","og_image":[{"url":"https:\/\/geobionatura.com\/wp-content\/uploads\/2024\/02\/logo-biogeonatura.png","type":"","width":"","height":""}],"twitter_card":"summary_large_image","twitter_misc":{"Tempo estimado de leitura":"2 minutos"},"schema":{"@context":"https:\/\/schema.org","@graph":[{"@type":"WebPage","@id":"https:\/\/geobionatura.com\/pt-pt\/consultas-bioressonancia-madrid\/","url":"https:\/\/geobionatura.com\/pt-pt\/consultas-bioressonancia-madrid\/","name":"Consultas de naturopat\u00eda em Madrid | Geobionatura","isPartOf":{"@id":"https:\/\/geobionatura.com\/pt-pt\/#website"},"primaryImageOfPage":{"@id":"https:\/\/geobionatura.com\/pt-pt\/consultas-bioressonancia-madrid\/#primaryimage"},"image":{"@id":"https:\/\/geobionatura.com\/pt-pt\/consultas-bioressonancia-madrid\/#primaryimage"},"thumbnailUrl":"https:\/\/geobionatura.com\/wp-content\/uploads\/2024\/02\/logo-biogeonatura.png","datePublished":"2024-03-01T10:50:30+00:00","dateModified":"2024-09-18T12:23:50+00:00","description":"Est\u00e1 \u00e0 procura duma terapia alternativa e natural para as suas doen\u00e7as? Na Geobionatura oferecemos consultas de bioressonanci em Madrid","breadcrumb":{"@id":"https:\/\/geobionatura.com\/pt-pt\/consultas-bioressonancia-madrid\/#breadcrumb"},"inLanguage":"pt-PT","potentialAction":[{"@type":"ReadAction","target":["https:\/\/geobionatura.com\/pt-pt\/consultas-bioressonancia-madrid\/"]}]},{"@type":"ImageObject","inLanguage":"pt-PT","@id":"https:\/\/geobionatura.com\/pt-pt\/consultas-bioressonancia-madrid\/#primaryimage","url":"https:\/\/geobionatura.com\/wp-content\/uploads\/2024\/02\/logo-biogeonatura.png","contentUrl":"https:\/\/geobionatura.com\/wp-content\/uploads\/2024\/02\/logo-biogeonatura.png"},{"@type":"BreadcrumbList","@id":"https:\/\/geobionatura.com\/pt-pt\/consultas-bioressonancia-madrid\/#breadcrumb","itemListElement":[{"@type":"ListItem","position":1,"name":"Portada","item":"https:\/\/geobionatura.com\/"},{"@type":"ListItem","position":2,"name":"Consultas Bioresson\u00e2ncia Madrid"}]},{"@type":"WebSite","@id":"https:\/\/geobionatura.com\/pt-pt\/#website","url":"https:\/\/geobionatura.com\/pt-pt\/","name":"geobionatura","description":"Tu tienda Online","publisher":{"@id":"https:\/\/geobionatura.com\/pt-pt\/#organization"},"potentialAction":[{"@type":"SearchAction","target":{"@type":"EntryPoint","urlTemplate":"https:\/\/geobionatura.com\/pt-pt\/?s={search_term_string}"},"query-input":{"@type":"PropertyValueSpecification","valueRequired":true,"valueName":"search_term_string"}}],"inLanguage":"pt-PT"},{"@type":"Organization","@id":"https:\/\/geobionatura.com\/pt-pt\/#organization","name":"geobionatura","url":"https:\/\/geobionatura.com\/pt-pt\/","logo":{"@type":"ImageObject","inLanguage":"pt-PT","@id":"https:\/\/geobionatura.com\/pt-pt\/#\/schema\/logo\/image\/","url":"https:\/\/geobionatura.com\/wp-content\/uploads\/2024\/02\/logo-biogeonatura.png","contentUrl":"https:\/\/geobionatura.com\/wp-content\/uploads\/2024\/02\/logo-biogeonatura.png","width":256,"height":183,"caption":"geobionatura"},"image":{"@id":"https:\/\/geobionatura.com\/pt-pt\/#\/schema\/logo\/image\/"},"sameAs":["https:\/\/www.facebook.com\/Geobionatura\/","https:\/\/www.linkedin.com\/company\/geobionatura\/","https:\/\/www.youtube.com\/user\/Geobionatura"]}]}},"_links":{"self":[{"href":"https:\/\/geobionatura.com\/pt-pt\/wp-json\/wp\/v2\/pages\/14467","targetHints":{"allow":["GET"]}}],"collection":[{"href":"https:\/\/geobionatura.com\/pt-pt\/wp-json\/wp\/v2\/pages"}],"about":[{"href":"https:\/\/geobionatura.com\/pt-pt\/wp-json\/wp\/v2\/types\/page"}],"author":[{"embeddable":true,"href":"https:\/\/geobionatura.com\/pt-pt\/wp-json\/wp\/v2\/users\/485"}],"replies":[{"embeddable":true,"href":"https:\/\/geobionatura.com\/pt-pt\/wp-json\/wp\/v2\/comments?post=14467"}],"version-history":[{"count":6,"href":"https:\/\/geobionatura.com\/pt-pt\/wp-json\/wp\/v2\/pages\/14467\/revisions"}],"predecessor-version":[{"id":17296,"href":"https:\/\/geobionatura.com\/pt-pt\/wp-json\/wp\/v2\/pages\/14467\/revisions\/17296"}],"wp:attachment":[{"href":"https:\/\/geobionatura.com\/pt-pt\/wp-json\/wp\/v2\/media?parent=14467"}],"curies":[{"name":"wp","href":"https:\/\/api.w.org\/{rel}","templated":true}]}}