{"id":14448,"date":"2024-03-05T14:24:31","date_gmt":"2024-03-05T13:24:31","guid":{"rendered":"https:\/\/geobionatura.com\/formacao\/"},"modified":"2024-05-25T21:37:11","modified_gmt":"2024-05-25T19:37:11","slug":"formacao","status":"publish","type":"page","link":"https:\/\/geobionatura.com\/pt-pt\/formacao\/","title":{"rendered":"Forma\u00e7\u00e3o"},"content":{"rendered":"\t\t<div data-elementor-type=\"wp-page\" data-elementor-id=\"14448\" class=\"elementor elementor-14448 elementor-12090\" data-elementor-post-type=\"page\">\n\t\t\t\t<div class=\"elementor-element elementor-element-0eb3201 e-flex e-con-boxed e-con e-parent\" data-id=\"0eb3201\" data-element_type=\"container\" data-e-type=\"container\" data-settings=\"{&quot;background_background&quot;:&quot;classic&quot;}\">\n\t\t\t\t\t<div class=\"e-con-inner\">\n\t\t\t\t<div class=\"elementor-element elementor-element-4bb3aa0 elementor-widget elementor-widget-heading\" data-id=\"4bb3aa0\" data-element_type=\"widget\" data-e-type=\"widget\" data-widget_type=\"heading.default\">\n\t\t\t\t<div class=\"elementor-widget-container\">\n\t\t\t\t\t<h1 class=\"elementor-heading-title elementor-size-default\">Certificado de Forma\u00e7\u00e3o em Biorresson\u00e2ncia de Paul Schmidt<\/h1>\t\t\t\t<\/div>\n\t\t\t\t<\/div>\n\t\t\t\t\t<\/div>\n\t\t\t\t<\/div>\n\t\t<div class=\"elementor-element elementor-element-8750c3b e-flex e-con-boxed e-con e-parent\" data-id=\"8750c3b\" data-element_type=\"container\" data-e-type=\"container\">\n\t\t\t\t\t<div class=\"e-con-inner\">\n\t\t<div class=\"elementor-element elementor-element-4ef0a12 e-con-full e-flex e-con e-child\" data-id=\"4ef0a12\" data-element_type=\"container\" data-e-type=\"container\">\n\t\t\t\t<div class=\"elementor-element elementor-element-34817d7 elementor-widget__width-initial elementor-widget-tablet__width-inherit elementor-widget elementor-widget-image\" data-id=\"34817d7\" data-element_type=\"widget\" data-e-type=\"widget\" data-widget_type=\"image.default\">\n\t\t\t\t<div class=\"elementor-widget-container\">\n\t\t\t\t\t\t\t\t\t\t\t\t\t\t\t<img fetchpriority=\"high\" decoding=\"async\" width=\"422\" height=\"260\" src=\"https:\/\/geobionatura.com\/wp-content\/uploads\/2024\/03\/Rayonex-Biomedical-Certificate-on-Biorresonance-according-to-Paul-Schmidt_.png\" class=\"attachment-full size-full wp-image-714\" alt=\"\" srcset=\"https:\/\/geobionatura.com\/wp-content\/uploads\/2024\/03\/Rayonex-Biomedical-Certificate-on-Biorresonance-according-to-Paul-Schmidt_.png 422w, https:\/\/geobionatura.com\/wp-content\/uploads\/2024\/03\/Rayonex-Biomedical-Certificate-on-Biorresonance-according-to-Paul-Schmidt_-300x185.png 300w\" sizes=\"(max-width: 422px) 100vw, 422px\" \/>\t\t\t\t\t\t\t\t\t\t\t\t\t\t\t<\/div>\n\t\t\t\t<\/div>\n\t\t\t\t<\/div>\n\t\t<div class=\"elementor-element elementor-element-d0c0d63 e-con-full e-flex e-con e-child\" data-id=\"d0c0d63\" data-element_type=\"container\" data-e-type=\"container\">\n\t\t\t\t<div class=\"elementor-element elementor-element-efe4549 elementor-widget elementor-widget-heading\" data-id=\"efe4549\" data-element_type=\"widget\" data-e-type=\"widget\" data-widget_type=\"heading.default\">\n\t\t\t\t<div class=\"elementor-widget-container\">\n\t\t\t\t\t<span class=\"elementor-heading-title elementor-size-default\">Conte\u00fados:<\/span>\t\t\t\t<\/div>\n\t\t\t\t<\/div>\n\t\t\t\t<div class=\"elementor-element elementor-element-87c20e1 elementor-widget elementor-widget-text-editor\" data-id=\"87c20e1\" data-element_type=\"widget\" data-e-type=\"widget\" data-widget_type=\"text-editor.default\">\n\t\t\t\t<div class=\"elementor-widget-container\">\n\t\t\t\t\t\t\t\t\t<ul>\n<li style=\"font-weight: 400;\" aria-level=\"1\"><span style=\"font-weight: 400;\">15 m\u00f3dulos de conte\u00fados em Bioresson\u00e2ncia segundo Paul Schmidt.<\/span><\/li>\n<li style=\"font-weight: 400;\" aria-level=\"1\"><span style=\"font-weight: 400;\">Mais de 20 v\u00eddeos em espanhol.<\/span><\/li>\n<li style=\"font-weight: 400;\" aria-level=\"1\"><span style=\"font-weight: 400;\">Materiais impressos em portugu\u00eas.<\/span><\/li>\n<li style=\"font-weight: 400;\" aria-level=\"1\"><span style=\"font-weight: 400;\">10 horas de contacto para revis\u00e3o e consultas com o formador.<\/span><\/li>\n<li style=\"font-weight: 400;\" aria-level=\"1\"><span style=\"font-weight: 400;\">Fundamentos cient\u00edficos, m\u00e9todo Paul Schmidt, uso dos equipamentos, introdu\u00e7\u00e3o a todos os m\u00f3dulos de software.<\/span><\/li>\n<li style=\"font-weight: 400;\" aria-level=\"1\"><span style=\"font-weight: 400;\">Exame de escolha m\u00faltipla para obten\u00e7\u00e3o do certificado.<\/span><\/li>\n<\/ul>\n\t\t\t\t\t\t\t\t<\/div>\n\t\t\t\t<\/div>\n\t\t\t\t<\/div>\n\t\t\t\t\t<\/div>\n\t\t\t\t<\/div>\n\t\t<div class=\"elementor-element elementor-element-04873c8 e-flex e-con-boxed e-con e-parent\" data-id=\"04873c8\" data-element_type=\"container\" data-e-type=\"container\">\n\t\t\t\t\t<div class=\"e-con-inner\">\n\t\t<div class=\"elementor-element elementor-element-40ab189 e-con-full e-flex e-con e-child\" data-id=\"40ab189\" data-element_type=\"container\" data-e-type=\"container\">\n\t\t\t\t<div class=\"elementor-element elementor-element-ddc96f2 elementor-widget elementor-widget-heading\" data-id=\"ddc96f2\" data-element_type=\"widget\" data-e-type=\"widget\" data-widget_type=\"heading.default\">\n\t\t\t\t<div class=\"elementor-widget-container\">\n\t\t\t\t\t<span class=\"elementor-heading-title elementor-size-default\">DATAS:<\/span>\t\t\t\t<\/div>\n\t\t\t\t<\/div>\n\t\t\t\t<div class=\"elementor-element elementor-element-53b5495 elementor-widget elementor-widget-text-editor\" data-id=\"53b5495\" data-element_type=\"widget\" data-e-type=\"widget\" data-widget_type=\"text-editor.default\">\n\t\t\t\t<div class=\"elementor-widget-container\">\n\t\t\t\t\t\t\t\t\t<ul>\n<li style=\"font-weight: 400;\" aria-level=\"1\"><span class=\"TextRun SCXW116224969 BCX0\" lang=\"ES-ES\" xml:lang=\"ES-ES\" data-contrast=\"auto\"><span class=\"NormalTextRun SCXW116224969 BCX0\">Acesso gratuito aos v\u00eddeos de 1<\/span><span class=\"NormalTextRun SCXW116224969 BCX0\">0<\/span> <span class=\"NormalTextRun SCXW116224969 BCX0\"> a 2<\/span><span class=\"NormalTextRun SCXW116224969 BCX0\">1<\/span> <span class=\"NormalTextRun SCXW116224969 BCX0\">de<\/span> <span class=\"NormalTextRun SCXW116224969 BCX0\"> junho\/2024<\/span>.<span class=\"NormalTextRun SCXW116224969 BCX0\"><\/span><\/span><span class=\"EOP SCXW116224969 BCX0\" data-ccp-props=\"{\"134233117\":true,\"134233118\":true}\"> <\/span><\/li>\n<li style=\"font-weight: 400;\" aria-level=\"1\"><span class=\"TextRun SCXW47031954 BCX0\" lang=\"ES-ES\" xml:lang=\"ES-ES\" data-contrast=\"auto\"><span class=\"NormalTextRun SCXW47031954 BCX0\">10 sess\u00f5es de 1 hora para consulta com o formador de 1<\/span><span class=\"NormalTextRun SCXW47031954 BCX0\">7<\/span><span class=\"NormalTextRun SCXW47031954 BCX0\"> a 2<\/span><span class=\"NormalTextRun SCXW47031954 BCX0\">4<\/span><span class=\"NormalTextRun SCXW47031954 BCX0\"> de <\/span><span class=\"NormalTextRun SCXW47031954 BCX0\">junho\/2024<\/span><span class=\"NormalTextRun SCXW47031954 BCX0\">.<\/span><\/span><span class=\"EOP SCXW47031954 BCX0\" data-ccp-props=\"{\"134233117\":true,\"134233118\":true}\"> <\/span><\/li>\n<li style=\"font-weight: 400;\" aria-level=\"1\"><span style=\"font-weight: 400;\">Exame online no final deste per\u00edodo.<\/span><\/li>\n<li style=\"font-weight: 400;\" aria-level=\"1\"><span class=\"TextRun SCXW140924056 BCX0\" lang=\"ES-ES\" xml:lang=\"ES-ES\" data-contrast=\"auto\"><span class=\"NormalTextRun SCXW140924056 BCX0\">Reservas at\u00e9 3<\/span><span class=\"NormalTextRun SCXW140924056 BCX0\"> de <\/span><span class=\"NormalTextRun SCXW140924056 BCX0\">junho\/2024 <\/span><span class=\"NormalTextRun SCXW140924056 BCX0\">por telefone ou email.<\/span><\/span><span class=\"EOP SCXW140924056 BCX0\" data-ccp-props=\"{\"134233117\":true,\"134233118\":true}\"> <\/span><\/li>\n<\/ul>\n\t\t\t\t\t\t\t\t<\/div>\n\t\t\t\t<\/div>\n\t\t\t\t<\/div>\n\t\t<div class=\"elementor-element elementor-element-0a94069 e-con-full e-flex e-con e-child\" data-id=\"0a94069\" data-element_type=\"container\" data-e-type=\"container\">\n\t\t\t\t<div class=\"elementor-element elementor-element-979d676 elementor-widget elementor-widget-heading\" data-id=\"979d676\" data-element_type=\"widget\" data-e-type=\"widget\" data-widget_type=\"heading.default\">\n\t\t\t\t<div class=\"elementor-widget-container\">\n\t\t\t\t\t<span class=\"elementor-heading-title elementor-size-default\">PRE\u00c7OS:<\/span>\t\t\t\t<\/div>\n\t\t\t\t<\/div>\n\t\t\t\t<div class=\"elementor-element elementor-element-7ca49e4 elementor-widget elementor-widget-text-editor\" data-id=\"7ca49e4\" data-element_type=\"widget\" data-e-type=\"widget\" data-widget_type=\"text-editor.default\">\n\t\t\t\t<div class=\"elementor-widget-container\">\n\t\t\t\t\t\t\t\t\t<ul>\n<li style=\"font-weight: 400;\" aria-level=\"1\"><span style=\"font-weight: 400;\">Para clientes que j\u00e1 utilizam o equipamento e receberam forma\u00e7\u00e3o pr\u00e9via: 200\u20ac<\/span><\/li>\n<li style=\"font-weight: 400;\" aria-level=\"1\"><span style=\"font-weight: 400;\">Para n\u00e3o clientes que pretendam formar-se no m\u00e9todo: 600\u20ac<\/span><\/li>\n<li style=\"font-weight: 400;\" aria-level=\"1\"><span style=\"font-weight: 400;\">Para os ainda n\u00e3o clientes que adquiram posteriormente o equipamento: desconto na fatura de compra de 400\u20ac<\/span><\/li>\n<\/ul>\n\t\t\t\t\t\t\t\t<\/div>\n\t\t\t\t<\/div>\n\t\t\t\t<\/div>\n\t\t<div class=\"elementor-element elementor-element-f5d5437 e-con-full e-flex e-con e-child\" data-id=\"f5d5437\" data-element_type=\"container\" data-e-type=\"container\">\n\t\t\t\t<div class=\"elementor-element elementor-element-b59bf20 elementor-widget elementor-widget-text-editor\" data-id=\"b59bf20\" data-element_type=\"widget\" data-e-type=\"widget\" data-widget_type=\"text-editor.default\">\n\t\t\t\t<div class=\"elementor-widget-container\">\n\t\t\t\t\t\t\t\t\t<p><strong>Obs.: A forma\u00e7\u00e3o de 14 horas com a compra de qualquer equipamento continua a ser gratuita, de acordo com o nosso compromisso de excel\u00eancia com os nossos clientes (forma\u00e7\u00e3o + atualiza\u00e7\u00f5es + servi\u00e7o p\u00f3s-venda).<\/strong><\/p>\n\t\t\t\t\t\t\t\t<\/div>\n\t\t\t\t<\/div>\n\t\t\t\t<\/div>\n\t\t\t\t\t<\/div>\n\t\t\t\t<\/div>\n\t\t<div class=\"elementor-element elementor-element-d0b2238 e-flex e-con-boxed e-con e-parent\" data-id=\"d0b2238\" data-element_type=\"container\" data-e-type=\"container\">\n\t\t\t\t\t<div class=\"e-con-inner\">\n\t\t<div class=\"elementor-element elementor-element-13b75ad e-con-full e-flex e-con e-child\" data-id=\"13b75ad\" data-element_type=\"container\" data-e-type=\"container\" data-settings=\"{&quot;background_background&quot;:&quot;classic&quot;}\">\n\t\t\t\t<div class=\"elementor-element elementor-element-a7b9f65 elementor-widget elementor-widget-heading\" data-id=\"a7b9f65\" data-element_type=\"widget\" data-e-type=\"widget\" data-widget_type=\"heading.default\">\n\t\t\t\t<div class=\"elementor-widget-container\">\n\t\t\t\t\t<h2 class=\"elementor-heading-title elementor-size-default\">WORKSHOP ONLINE DE INTRODU\u00c7\u00c3O \u00c0 BIORRESSON\u00c2NCIA - M\u00c9TODO RAYONEX BIOMEDICAL<\/h2>\t\t\t\t<\/div>\n\t\t\t\t<\/div>\n\t\t\t\t<div class=\"elementor-element elementor-element-e8260fd elementor-widget elementor-widget-text-editor\" data-id=\"e8260fd\" data-element_type=\"widget\" data-e-type=\"widget\" data-widget_type=\"text-editor.default\">\n\t\t\t\t<div class=\"elementor-widget-container\">\n\t\t\t\t\t\t\t\t\t<p>FUNDAMENTOS, TECNOLOGIA E APLICA\u00c7\u00d5ES<\/p>\n\t\t\t\t\t\t\t\t<\/div>\n\t\t\t\t<\/div>\n\t\t\t\t<div class=\"elementor-element elementor-element-d0443ec elementor-widget elementor-widget-text-editor\" data-id=\"d0443ec\" data-element_type=\"widget\" data-e-type=\"widget\" data-widget_type=\"text-editor.default\">\n\t\t\t\t<div class=\"elementor-widget-container\">\n\t\t\t\t\t\t\t\t\t<ul>\n<li><span style=\"font-weight: 400;\">Em espanhol.<\/span><\/li>\n<li style=\"font-weight: 400;\" aria-level=\"1\">S\u00e1bado, 11\/05\/24, \u00e0s 9h30 \u00e0s 13h00 (hor\u00e1rio de Portugal continental).<\/li>\n<li style=\"font-weight: 400;\" aria-level=\"1\">Pre\u00e7o 5\u20ac. <strong>Inscri\u00e7\u00f5es at\u00e9 03\/05\/24.<\/strong><\/li>\n<li aria-level=\"1\">Inscri\u00e7\u00f5es <a href=\"mailto:rayonex@geobionatura.com\">aqu\u00ed<\/a>.<\/li>\n<\/ul>\n\t\t\t\t\t\t\t\t<\/div>\n\t\t\t\t<\/div>\n\t\t\t\t<\/div>\n\t\t\t\t\t<\/div>\n\t\t\t\t<\/div>\n\t\t\t\t<\/div>\n\t\t","protected":false},"excerpt":{"rendered":"<p>Certificado de Forma\u00e7\u00e3o em Biorresson\u00e2ncia de Paul Schmidt Conte\u00fados: 15 m\u00f3dulos de conte\u00fados em Bioresson\u00e2ncia segundo Paul Schmidt. Mais de 20 v\u00eddeos em espanhol. Materiais impressos em portugu\u00eas. 10 horas de contacto para revis\u00e3o e consultas com o formador. Fundamentos cient\u00edficos, m\u00e9todo Paul Schmidt, uso dos equipamentos, introdu\u00e7\u00e3o a todos os m\u00f3dulos de software. Exame [&hellip;]<\/p>\n","protected":false},"author":485,"featured_media":0,"parent":0,"menu_order":0,"comment_status":"closed","ping_status":"closed","template":"","meta":{"_acf_changed":false,"_joinchat":[],"footnotes":""},"class_list":["post-14448","page","type-page","status-publish","hentry"],"acf":[],"yoast_head":"<!-- This site is optimized with the Yoast SEO plugin v27.4 - https:\/\/yoast.com\/product\/yoast-seo-wordpress\/ -->\n<title>Forma\u00e7\u00e3o - Geobionatura<\/title>\n<meta name=\"robots\" content=\"index, follow, max-snippet:-1, max-image-preview:large, max-video-preview:-1\" \/>\n<link rel=\"canonical\" href=\"https:\/\/geobionatura.com\/pt-pt\/formacao\/\" \/>\n<meta property=\"og:locale\" content=\"pt_PT\" \/>\n<meta property=\"og:type\" content=\"article\" \/>\n<meta property=\"og:title\" content=\"Forma\u00e7\u00e3o - Geobionatura\" \/>\n<meta property=\"og:description\" content=\"Certificado de Forma\u00e7\u00e3o em Biorresson\u00e2ncia de Paul Schmidt Conte\u00fados: 15 m\u00f3dulos de conte\u00fados em Bioresson\u00e2ncia segundo Paul Schmidt. Mais de 20 v\u00eddeos em espanhol. Materiais impressos em portugu\u00eas. 10 horas de contacto para revis\u00e3o e consultas com o formador. Fundamentos cient\u00edficos, m\u00e9todo Paul Schmidt, uso dos equipamentos, introdu\u00e7\u00e3o a todos os m\u00f3dulos de software. Exame [&hellip;]\" \/>\n<meta property=\"og:url\" content=\"https:\/\/geobionatura.com\/pt-pt\/formacao\/\" \/>\n<meta property=\"og:site_name\" content=\"Geobionatura\" \/>\n<meta property=\"article:publisher\" content=\"https:\/\/www.facebook.com\/Geobionatura\/\" \/>\n<meta property=\"article:modified_time\" content=\"2024-05-25T19:37:11+00:00\" \/>\n<meta property=\"og:image\" content=\"https:\/\/geobionatura.com\/wp-content\/uploads\/2024\/03\/Rayonex-Biomedical-Certificate-on-Biorresonance-according-to-Paul-Schmidt_.png\" \/>\n<meta name=\"twitter:card\" content=\"summary_large_image\" \/>\n<meta name=\"twitter:label1\" content=\"Tempo estimado de leitura\" \/>\n\t<meta name=\"twitter:data1\" content=\"1 minuto\" \/>\n<script type=\"application\/ld+json\" class=\"yoast-schema-graph\">{\"@context\":\"https:\\\/\\\/schema.org\",\"@graph\":[{\"@type\":\"WebPage\",\"@id\":\"https:\\\/\\\/geobionatura.com\\\/pt-pt\\\/formacao\\\/\",\"url\":\"https:\\\/\\\/geobionatura.com\\\/pt-pt\\\/formacao\\\/\",\"name\":\"Forma\u00e7\u00e3o - Geobionatura\",\"isPartOf\":{\"@id\":\"https:\\\/\\\/geobionatura.com\\\/pt-pt\\\/#website\"},\"primaryImageOfPage\":{\"@id\":\"https:\\\/\\\/geobionatura.com\\\/pt-pt\\\/formacao\\\/#primaryimage\"},\"image\":{\"@id\":\"https:\\\/\\\/geobionatura.com\\\/pt-pt\\\/formacao\\\/#primaryimage\"},\"thumbnailUrl\":\"https:\\\/\\\/geobionatura.com\\\/wp-content\\\/uploads\\\/2024\\\/03\\\/Rayonex-Biomedical-Certificate-on-Biorresonance-according-to-Paul-Schmidt_.png\",\"datePublished\":\"2024-03-05T13:24:31+00:00\",\"dateModified\":\"2024-05-25T19:37:11+00:00\",\"breadcrumb\":{\"@id\":\"https:\\\/\\\/geobionatura.com\\\/pt-pt\\\/formacao\\\/#breadcrumb\"},\"inLanguage\":\"pt-PT\",\"potentialAction\":[{\"@type\":\"ReadAction\",\"target\":[\"https:\\\/\\\/geobionatura.com\\\/pt-pt\\\/formacao\\\/\"]}]},{\"@type\":\"ImageObject\",\"inLanguage\":\"pt-PT\",\"@id\":\"https:\\\/\\\/geobionatura.com\\\/pt-pt\\\/formacao\\\/#primaryimage\",\"url\":\"https:\\\/\\\/geobionatura.com\\\/wp-content\\\/uploads\\\/2024\\\/03\\\/Rayonex-Biomedical-Certificate-on-Biorresonance-according-to-Paul-Schmidt_.png\",\"contentUrl\":\"https:\\\/\\\/geobionatura.com\\\/wp-content\\\/uploads\\\/2024\\\/03\\\/Rayonex-Biomedical-Certificate-on-Biorresonance-according-to-Paul-Schmidt_.png\"},{\"@type\":\"BreadcrumbList\",\"@id\":\"https:\\\/\\\/geobionatura.com\\\/pt-pt\\\/formacao\\\/#breadcrumb\",\"itemListElement\":[{\"@type\":\"ListItem\",\"position\":1,\"name\":\"Portada\",\"item\":\"https:\\\/\\\/geobionatura.com\\\/\"},{\"@type\":\"ListItem\",\"position\":2,\"name\":\"Forma\u00e7\u00e3o\"}]},{\"@type\":\"WebSite\",\"@id\":\"https:\\\/\\\/geobionatura.com\\\/pt-pt\\\/#website\",\"url\":\"https:\\\/\\\/geobionatura.com\\\/pt-pt\\\/\",\"name\":\"geobionatura\",\"description\":\"Tu tienda Online\",\"publisher\":{\"@id\":\"https:\\\/\\\/geobionatura.com\\\/pt-pt\\\/#organization\"},\"potentialAction\":[{\"@type\":\"SearchAction\",\"target\":{\"@type\":\"EntryPoint\",\"urlTemplate\":\"https:\\\/\\\/geobionatura.com\\\/pt-pt\\\/?s={search_term_string}\"},\"query-input\":{\"@type\":\"PropertyValueSpecification\",\"valueRequired\":true,\"valueName\":\"search_term_string\"}}],\"inLanguage\":\"pt-PT\"},{\"@type\":\"Organization\",\"@id\":\"https:\\\/\\\/geobionatura.com\\\/pt-pt\\\/#organization\",\"name\":\"geobionatura\",\"url\":\"https:\\\/\\\/geobionatura.com\\\/pt-pt\\\/\",\"logo\":{\"@type\":\"ImageObject\",\"inLanguage\":\"pt-PT\",\"@id\":\"https:\\\/\\\/geobionatura.com\\\/pt-pt\\\/#\\\/schema\\\/logo\\\/image\\\/\",\"url\":\"https:\\\/\\\/geobionatura.com\\\/wp-content\\\/uploads\\\/2024\\\/02\\\/logo-biogeonatura.png\",\"contentUrl\":\"https:\\\/\\\/geobionatura.com\\\/wp-content\\\/uploads\\\/2024\\\/02\\\/logo-biogeonatura.png\",\"width\":256,\"height\":183,\"caption\":\"geobionatura\"},\"image\":{\"@id\":\"https:\\\/\\\/geobionatura.com\\\/pt-pt\\\/#\\\/schema\\\/logo\\\/image\\\/\"},\"sameAs\":[\"https:\\\/\\\/www.facebook.com\\\/Geobionatura\\\/\",\"https:\\\/\\\/www.linkedin.com\\\/company\\\/geobionatura\\\/\",\"https:\\\/\\\/www.youtube.com\\\/user\\\/Geobionatura\"]}]}<\/script>\n<!-- \/ Yoast SEO plugin. -->","yoast_head_json":{"title":"Forma\u00e7\u00e3o - Geobionatura","robots":{"index":"index","follow":"follow","max-snippet":"max-snippet:-1","max-image-preview":"max-image-preview:large","max-video-preview":"max-video-preview:-1"},"canonical":"https:\/\/geobionatura.com\/pt-pt\/formacao\/","og_locale":"pt_PT","og_type":"article","og_title":"Forma\u00e7\u00e3o - Geobionatura","og_description":"Certificado de Forma\u00e7\u00e3o em Biorresson\u00e2ncia de Paul Schmidt Conte\u00fados: 15 m\u00f3dulos de conte\u00fados em Bioresson\u00e2ncia segundo Paul Schmidt. Mais de 20 v\u00eddeos em espanhol. Materiais impressos em portugu\u00eas. 10 horas de contacto para revis\u00e3o e consultas com o formador. Fundamentos cient\u00edficos, m\u00e9todo Paul Schmidt, uso dos equipamentos, introdu\u00e7\u00e3o a todos os m\u00f3dulos de software. Exame [&hellip;]","og_url":"https:\/\/geobionatura.com\/pt-pt\/formacao\/","og_site_name":"Geobionatura","article_publisher":"https:\/\/www.facebook.com\/Geobionatura\/","article_modified_time":"2024-05-25T19:37:11+00:00","og_image":[{"url":"https:\/\/geobionatura.com\/wp-content\/uploads\/2024\/03\/Rayonex-Biomedical-Certificate-on-Biorresonance-according-to-Paul-Schmidt_.png","type":"","width":"","height":""}],"twitter_card":"summary_large_image","twitter_misc":{"Tempo estimado de leitura":"1 minuto"},"schema":{"@context":"https:\/\/schema.org","@graph":[{"@type":"WebPage","@id":"https:\/\/geobionatura.com\/pt-pt\/formacao\/","url":"https:\/\/geobionatura.com\/pt-pt\/formacao\/","name":"Forma\u00e7\u00e3o - Geobionatura","isPartOf":{"@id":"https:\/\/geobionatura.com\/pt-pt\/#website"},"primaryImageOfPage":{"@id":"https:\/\/geobionatura.com\/pt-pt\/formacao\/#primaryimage"},"image":{"@id":"https:\/\/geobionatura.com\/pt-pt\/formacao\/#primaryimage"},"thumbnailUrl":"https:\/\/geobionatura.com\/wp-content\/uploads\/2024\/03\/Rayonex-Biomedical-Certificate-on-Biorresonance-according-to-Paul-Schmidt_.png","datePublished":"2024-03-05T13:24:31+00:00","dateModified":"2024-05-25T19:37:11+00:00","breadcrumb":{"@id":"https:\/\/geobionatura.com\/pt-pt\/formacao\/#breadcrumb"},"inLanguage":"pt-PT","potentialAction":[{"@type":"ReadAction","target":["https:\/\/geobionatura.com\/pt-pt\/formacao\/"]}]},{"@type":"ImageObject","inLanguage":"pt-PT","@id":"https:\/\/geobionatura.com\/pt-pt\/formacao\/#primaryimage","url":"https:\/\/geobionatura.com\/wp-content\/uploads\/2024\/03\/Rayonex-Biomedical-Certificate-on-Biorresonance-according-to-Paul-Schmidt_.png","contentUrl":"https:\/\/geobionatura.com\/wp-content\/uploads\/2024\/03\/Rayonex-Biomedical-Certificate-on-Biorresonance-according-to-Paul-Schmidt_.png"},{"@type":"BreadcrumbList","@id":"https:\/\/geobionatura.com\/pt-pt\/formacao\/#breadcrumb","itemListElement":[{"@type":"ListItem","position":1,"name":"Portada","item":"https:\/\/geobionatura.com\/"},{"@type":"ListItem","position":2,"name":"Forma\u00e7\u00e3o"}]},{"@type":"WebSite","@id":"https:\/\/geobionatura.com\/pt-pt\/#website","url":"https:\/\/geobionatura.com\/pt-pt\/","name":"geobionatura","description":"Tu tienda Online","publisher":{"@id":"https:\/\/geobionatura.com\/pt-pt\/#organization"},"potentialAction":[{"@type":"SearchAction","target":{"@type":"EntryPoint","urlTemplate":"https:\/\/geobionatura.com\/pt-pt\/?s={search_term_string}"},"query-input":{"@type":"PropertyValueSpecification","valueRequired":true,"valueName":"search_term_string"}}],"inLanguage":"pt-PT"},{"@type":"Organization","@id":"https:\/\/geobionatura.com\/pt-pt\/#organization","name":"geobionatura","url":"https:\/\/geobionatura.com\/pt-pt\/","logo":{"@type":"ImageObject","inLanguage":"pt-PT","@id":"https:\/\/geobionatura.com\/pt-pt\/#\/schema\/logo\/image\/","url":"https:\/\/geobionatura.com\/wp-content\/uploads\/2024\/02\/logo-biogeonatura.png","contentUrl":"https:\/\/geobionatura.com\/wp-content\/uploads\/2024\/02\/logo-biogeonatura.png","width":256,"height":183,"caption":"geobionatura"},"image":{"@id":"https:\/\/geobionatura.com\/pt-pt\/#\/schema\/logo\/image\/"},"sameAs":["https:\/\/www.facebook.com\/Geobionatura\/","https:\/\/www.linkedin.com\/company\/geobionatura\/","https:\/\/www.youtube.com\/user\/Geobionatura"]}]}},"_links":{"self":[{"href":"https:\/\/geobionatura.com\/pt-pt\/wp-json\/wp\/v2\/pages\/14448","targetHints":{"allow":["GET"]}}],"collection":[{"href":"https:\/\/geobionatura.com\/pt-pt\/wp-json\/wp\/v2\/pages"}],"about":[{"href":"https:\/\/geobionatura.com\/pt-pt\/wp-json\/wp\/v2\/types\/page"}],"author":[{"embeddable":true,"href":"https:\/\/geobionatura.com\/pt-pt\/wp-json\/wp\/v2\/users\/485"}],"replies":[{"embeddable":true,"href":"https:\/\/geobionatura.com\/pt-pt\/wp-json\/wp\/v2\/comments?post=14448"}],"version-history":[{"count":2,"href":"https:\/\/geobionatura.com\/pt-pt\/wp-json\/wp\/v2\/pages\/14448\/revisions"}],"predecessor-version":[{"id":14697,"href":"https:\/\/geobionatura.com\/pt-pt\/wp-json\/wp\/v2\/pages\/14448\/revisions\/14697"}],"wp:attachment":[{"href":"https:\/\/geobionatura.com\/pt-pt\/wp-json\/wp\/v2\/media?parent=14448"}],"curies":[{"name":"wp","href":"https:\/\/api.w.org\/{rel}","templated":true}]}}